{"id":27309,"date":"2024-05-28T11:41:21","date_gmt":"2024-05-28T11:41:21","guid":{"rendered":"https:\/\/tlk.ee\/product\/oppepadrun-kaliiber-45acp\/"},"modified":"2025-04-12T18:36:52","modified_gmt":"2025-04-12T18:36:52","slug":"oppepadrun-kaliiber-45acp","status":"publish","type":"product","link":"https:\/\/tlk.ee\/ru\/e-pood\/oppepadrun-kaliiber-45acp\/","title":{"rendered":"\u00d5ppepadrun kaliiber .45ACP"},"content":{"rendered":"<p>\u00d5ppepadrun aitab l\u00f6\u00f6kn\u00f5ela mitte kulutada t\u00fchilasu tegemisel. Lisaks saab turvaliselt harjutada padruni pessa t\u00f5mbamist ja relva t\u00fchjakslaadimist.<\/p>\n","protected":false},"excerpt":{"rendered":"<h3>Kaliiber: .45ACP<\/h3>\n","protected":false},"featured_media":31973,"comment_status":"closed","ping_status":"closed","template":"","meta":[],"product_brand":[],"product_cat":[316,294],"product_tag":[],"class_list":{"0":"post-27309","1":"product","2":"type-product","3":"status-publish","4":"has-post-thumbnail","6":"product_cat-316","7":"product_cat-294","8":"pa_kaliiber-45acp-ru","10":"first","11":"instock","12":"taxable","13":"shipping-taxable","14":"purchasable","15":"product-type-simple"},"yoast_head":"<!-- This site is optimized with the Yoast SEO plugin v27.0 - https:\/\/yoast.com\/product\/yoast-seo-wordpress\/ -->\n<title>\u00d5ppepadrun kaliiber .45ACP - Taktikalise Laskmise Keskus<\/title>\n<meta name=\"robots\" content=\"index, follow, max-snippet:-1, max-image-preview:large, max-video-preview:-1\" \/>\n<link rel=\"canonical\" href=\"https:\/\/tlk.ee\/ru\/e-pood\/oppepadrun-kaliiber-45acp\/\" \/>\n<meta property=\"og:locale\" content=\"ru_RU\" \/>\n<meta property=\"og:type\" content=\"article\" \/>\n<meta property=\"og:title\" content=\"\u00d5ppepadrun kaliiber .45ACP - Taktikalise Laskmise Keskus\" \/>\n<meta property=\"og:description\" content=\"Kaliiber: .45ACP\" \/>\n<meta property=\"og:url\" content=\"https:\/\/tlk.ee\/ru\/e-pood\/oppepadrun-kaliiber-45acp\/\" \/>\n<meta property=\"og:site_name\" content=\"Taktikalise Laskmise Keskus\" \/>\n<meta property=\"article:publisher\" content=\"https:\/\/www.facebook.com\/Taktikaliselaskmisekeskus\" \/>\n<meta property=\"article:modified_time\" content=\"2025-04-12T18:36:52+00:00\" \/>\n<meta property=\"og:image\" content=\"https:\/\/tlk.ee\/wp-content\/uploads\/2024\/05\/Klik-padrun-.45acp.jpg\" \/>\n\t<meta property=\"og:image:width\" content=\"1100\" \/>\n\t<meta property=\"og:image:height\" content=\"1422\" \/>\n\t<meta property=\"og:image:type\" content=\"image\/jpeg\" \/>\n<meta name=\"twitter:card\" content=\"summary_large_image\" \/>\n<script type=\"application\/ld+json\" class=\"yoast-schema-graph\">{\"@context\":\"https:\/\/schema.org\",\"@graph\":[{\"@type\":\"WebPage\",\"@id\":\"https:\/\/tlk.ee\/ru\/e-pood\/oppepadrun-kaliiber-45acp\/\",\"url\":\"https:\/\/tlk.ee\/ru\/e-pood\/oppepadrun-kaliiber-45acp\/\",\"name\":\"\u00d5ppepadrun kaliiber .45ACP - Taktikalise Laskmise Keskus\",\"isPartOf\":{\"@id\":\"https:\/\/tlk.ee\/ru\/#website\"},\"primaryImageOfPage\":{\"@id\":\"https:\/\/tlk.ee\/ru\/e-pood\/oppepadrun-kaliiber-45acp\/#primaryimage\"},\"image\":{\"@id\":\"https:\/\/tlk.ee\/ru\/e-pood\/oppepadrun-kaliiber-45acp\/#primaryimage\"},\"thumbnailUrl\":\"https:\/\/tlk.ee\/wp-content\/uploads\/2024\/05\/Klik-padrun-.45acp.jpg\",\"datePublished\":\"2024-05-28T11:41:21+00:00\",\"dateModified\":\"2025-04-12T18:36:52+00:00\",\"breadcrumb\":{\"@id\":\"https:\/\/tlk.ee\/ru\/e-pood\/oppepadrun-kaliiber-45acp\/#breadcrumb\"},\"inLanguage\":\"ru-RU\",\"potentialAction\":[{\"@type\":\"ReadAction\",\"target\":[\"https:\/\/tlk.ee\/ru\/e-pood\/oppepadrun-kaliiber-45acp\/\"]}]},{\"@type\":\"ImageObject\",\"inLanguage\":\"ru-RU\",\"@id\":\"https:\/\/tlk.ee\/ru\/e-pood\/oppepadrun-kaliiber-45acp\/#primaryimage\",\"url\":\"https:\/\/tlk.ee\/wp-content\/uploads\/2024\/05\/Klik-padrun-.45acp.jpg\",\"contentUrl\":\"https:\/\/tlk.ee\/wp-content\/uploads\/2024\/05\/Klik-padrun-.45acp.jpg\",\"width\":1100,\"height\":1422},{\"@type\":\"BreadcrumbList\",\"@id\":\"https:\/\/tlk.ee\/ru\/e-pood\/oppepadrun-kaliiber-45acp\/#breadcrumb\",\"itemListElement\":[{\"@type\":\"ListItem\",\"position\":1,\"name\":\"Home\",\"item\":\"https:\/\/tlk.ee\/ru\/\"},{\"@type\":\"ListItem\",\"position\":2,\"name\":\"\u042d-\u043c\u0430\u0433\u0430\u0437\u0438\u043d\",\"item\":\"https:\/\/tlk.ee\/e-pood\/\"},{\"@type\":\"ListItem\",\"position\":3,\"name\":\"\u00d5ppepadrun kaliiber .45ACP\"}]},{\"@type\":\"WebSite\",\"@id\":\"https:\/\/tlk.ee\/ru\/#website\",\"url\":\"https:\/\/tlk.ee\/ru\/\",\"name\":\"Taktikalise Laskmise Keskus\",\"description\":\"Parima varustusega lasketiir Euroopas\",\"publisher\":{\"@id\":\"https:\/\/tlk.ee\/ru\/#organization\"},\"alternateName\":\"TLK - lasketiir\",\"potentialAction\":[{\"@type\":\"SearchAction\",\"target\":{\"@type\":\"EntryPoint\",\"urlTemplate\":\"https:\/\/tlk.ee\/ru\/?s={search_term_string}\"},\"query-input\":{\"@type\":\"PropertyValueSpecification\",\"valueRequired\":true,\"valueName\":\"search_term_string\"}}],\"inLanguage\":\"ru-RU\"},{\"@type\":\"Organization\",\"@id\":\"https:\/\/tlk.ee\/ru\/#organization\",\"name\":\"Taktikalise Laskmise Keskus\",\"url\":\"https:\/\/tlk.ee\/ru\/\",\"logo\":{\"@type\":\"ImageObject\",\"inLanguage\":\"ru-RU\",\"@id\":\"https:\/\/tlk.ee\/ru\/#\/schema\/logo\/image\/\",\"url\":\"https:\/\/tlk.ee\/wp-content\/uploads\/2024\/08\/logo-wide-TLK-EE.png\",\"contentUrl\":\"https:\/\/tlk.ee\/wp-content\/uploads\/2024\/08\/logo-wide-TLK-EE.png\",\"width\":800,\"height\":400,\"caption\":\"Taktikalise Laskmise Keskus\"},\"image\":{\"@id\":\"https:\/\/tlk.ee\/ru\/#\/schema\/logo\/image\/\"},\"sameAs\":[\"https:\/\/www.facebook.com\/Taktikaliselaskmisekeskus\"]}]}<\/script>\n<!-- \/ Yoast SEO plugin. -->","yoast_head_json":{"title":"\u00d5ppepadrun kaliiber .45ACP - Taktikalise Laskmise Keskus","robots":{"index":"index","follow":"follow","max-snippet":"max-snippet:-1","max-image-preview":"max-image-preview:large","max-video-preview":"max-video-preview:-1"},"canonical":"https:\/\/tlk.ee\/ru\/e-pood\/oppepadrun-kaliiber-45acp\/","og_locale":"ru_RU","og_type":"article","og_title":"\u00d5ppepadrun kaliiber .45ACP - Taktikalise Laskmise Keskus","og_description":"Kaliiber: .45ACP","og_url":"https:\/\/tlk.ee\/ru\/e-pood\/oppepadrun-kaliiber-45acp\/","og_site_name":"Taktikalise Laskmise Keskus","article_publisher":"https:\/\/www.facebook.com\/Taktikaliselaskmisekeskus","article_modified_time":"2025-04-12T18:36:52+00:00","og_image":[{"width":1100,"height":1422,"url":"https:\/\/tlk.ee\/wp-content\/uploads\/2024\/05\/Klik-padrun-.45acp.jpg","type":"image\/jpeg"}],"twitter_card":"summary_large_image","schema":{"@context":"https:\/\/schema.org","@graph":[{"@type":"WebPage","@id":"https:\/\/tlk.ee\/ru\/e-pood\/oppepadrun-kaliiber-45acp\/","url":"https:\/\/tlk.ee\/ru\/e-pood\/oppepadrun-kaliiber-45acp\/","name":"\u00d5ppepadrun kaliiber .45ACP - Taktikalise Laskmise Keskus","isPartOf":{"@id":"https:\/\/tlk.ee\/ru\/#website"},"primaryImageOfPage":{"@id":"https:\/\/tlk.ee\/ru\/e-pood\/oppepadrun-kaliiber-45acp\/#primaryimage"},"image":{"@id":"https:\/\/tlk.ee\/ru\/e-pood\/oppepadrun-kaliiber-45acp\/#primaryimage"},"thumbnailUrl":"https:\/\/tlk.ee\/wp-content\/uploads\/2024\/05\/Klik-padrun-.45acp.jpg","datePublished":"2024-05-28T11:41:21+00:00","dateModified":"2025-04-12T18:36:52+00:00","breadcrumb":{"@id":"https:\/\/tlk.ee\/ru\/e-pood\/oppepadrun-kaliiber-45acp\/#breadcrumb"},"inLanguage":"ru-RU","potentialAction":[{"@type":"ReadAction","target":["https:\/\/tlk.ee\/ru\/e-pood\/oppepadrun-kaliiber-45acp\/"]}]},{"@type":"ImageObject","inLanguage":"ru-RU","@id":"https:\/\/tlk.ee\/ru\/e-pood\/oppepadrun-kaliiber-45acp\/#primaryimage","url":"https:\/\/tlk.ee\/wp-content\/uploads\/2024\/05\/Klik-padrun-.45acp.jpg","contentUrl":"https:\/\/tlk.ee\/wp-content\/uploads\/2024\/05\/Klik-padrun-.45acp.jpg","width":1100,"height":1422},{"@type":"BreadcrumbList","@id":"https:\/\/tlk.ee\/ru\/e-pood\/oppepadrun-kaliiber-45acp\/#breadcrumb","itemListElement":[{"@type":"ListItem","position":1,"name":"Home","item":"https:\/\/tlk.ee\/ru\/"},{"@type":"ListItem","position":2,"name":"\u042d-\u043c\u0430\u0433\u0430\u0437\u0438\u043d","item":"https:\/\/tlk.ee\/e-pood\/"},{"@type":"ListItem","position":3,"name":"\u00d5ppepadrun kaliiber .45ACP"}]},{"@type":"WebSite","@id":"https:\/\/tlk.ee\/ru\/#website","url":"https:\/\/tlk.ee\/ru\/","name":"Taktikalise Laskmise Keskus","description":"Parima varustusega lasketiir Euroopas","publisher":{"@id":"https:\/\/tlk.ee\/ru\/#organization"},"alternateName":"TLK - lasketiir","potentialAction":[{"@type":"SearchAction","target":{"@type":"EntryPoint","urlTemplate":"https:\/\/tlk.ee\/ru\/?s={search_term_string}"},"query-input":{"@type":"PropertyValueSpecification","valueRequired":true,"valueName":"search_term_string"}}],"inLanguage":"ru-RU"},{"@type":"Organization","@id":"https:\/\/tlk.ee\/ru\/#organization","name":"Taktikalise Laskmise Keskus","url":"https:\/\/tlk.ee\/ru\/","logo":{"@type":"ImageObject","inLanguage":"ru-RU","@id":"https:\/\/tlk.ee\/ru\/#\/schema\/logo\/image\/","url":"https:\/\/tlk.ee\/wp-content\/uploads\/2024\/08\/logo-wide-TLK-EE.png","contentUrl":"https:\/\/tlk.ee\/wp-content\/uploads\/2024\/08\/logo-wide-TLK-EE.png","width":800,"height":400,"caption":"Taktikalise Laskmise Keskus"},"image":{"@id":"https:\/\/tlk.ee\/ru\/#\/schema\/logo\/image\/"},"sameAs":["https:\/\/www.facebook.com\/Taktikaliselaskmisekeskus"]}]}},"_links":{"self":[{"href":"https:\/\/tlk.ee\/ru\/wp-json\/wp\/v2\/product\/27309","targetHints":{"allow":["GET"]}}],"collection":[{"href":"https:\/\/tlk.ee\/ru\/wp-json\/wp\/v2\/product"}],"about":[{"href":"https:\/\/tlk.ee\/ru\/wp-json\/wp\/v2\/types\/product"}],"replies":[{"embeddable":true,"href":"https:\/\/tlk.ee\/ru\/wp-json\/wp\/v2\/comments?post=27309"}],"wp:featuredmedia":[{"embeddable":true,"href":"https:\/\/tlk.ee\/ru\/wp-json\/wp\/v2\/media\/31973"}],"wp:attachment":[{"href":"https:\/\/tlk.ee\/ru\/wp-json\/wp\/v2\/media?parent=27309"}],"wp:term":[{"taxonomy":"product_brand","embeddable":true,"href":"https:\/\/tlk.ee\/ru\/wp-json\/wp\/v2\/product_brand?post=27309"},{"taxonomy":"product_cat","embeddable":true,"href":"https:\/\/tlk.ee\/ru\/wp-json\/wp\/v2\/product_cat?post=27309"},{"taxonomy":"product_tag","embeddable":true,"href":"https:\/\/tlk.ee\/ru\/wp-json\/wp\/v2\/product_tag?post=27309"}],"curies":[{"name":"wp","href":"https:\/\/api.w.org\/{rel}","templated":true}]}}