{"id":28577,"date":"2024-08-05T20:30:55","date_gmt":"2024-08-05T20:30:55","guid":{"rendered":"https:\/\/tlk.ee\/%d0%be%d0%b1%d1%83%d1%87%d0%b5%d0%bd%d0%b8%d0%b5-%d0%bd%d0%b0-%d1%80%d0%b0%d0%b7%d1%80%d0%b5%d1%88%d0%b5%d0%bd%d0%b8%d0%b5-%d0%bd%d0%b0-%d0%be%d1%80%d1%83%d0%b6%d0%b8%d0%b5\/"},"modified":"2024-08-07T16:11:49","modified_gmt":"2024-08-07T16:11:49","slug":"%d0%be%d0%b1%d1%83%d1%87%d0%b5%d0%bd%d0%b8%d0%b5-%d0%bd%d0%b0-%d1%80%d0%b0%d0%b7%d1%80%d0%b5%d1%88%d0%b5%d0%bd%d0%b8%d0%b5-%d0%bd%d0%b0-%d0%be%d1%80%d1%83%d0%b6%d0%b8%d0%b5","status":"publish","type":"page","link":"https:\/\/tlk.ee\/ru\/%d0%be%d0%b1%d1%83%d1%87%d0%b5%d0%bd%d0%b8%d0%b5-%d0%bd%d0%b0-%d1%80%d0%b0%d0%b7%d1%80%d0%b5%d1%88%d0%b5%d0%bd%d0%b8%d0%b5-%d0%bd%d0%b0-%d0%be%d1%80%d1%83%d0%b6%d0%b8%d0%b5\/","title":{"rendered":"\u041e\u0431\u0443\u0447\u0435\u043d\u0438\u0435 \u043d\u0430 \u0440\u0430\u0437\u0440\u0435\u0448\u0435\u043d\u0438\u0435 \u043d\u0430 \u043e\u0440\u0443\u0436\u0438\u0435"},"content":{"rendered":"<div class=\"wpb-content-wrapper\">[vc_row et_full_width=&#187;true&#187; et_row_padding=&#187;true&#187; full_height=&#187;yes&#187; columns_placement=&#187;stretch&#187; equal_height=&#187;yes&#187; content_placement=&#187;middle&#187; thb_column_padding=&#187;true&#187; css=&#187;.vc_custom_1722945221538{padding-top: 40px !important;padding-bottom: 40px !important;padding-left: 40px !important;background-image: url(https:\/\/tlk.ee\/wp-content\/uploads\/2024\/08\/relvaloakoolitus_2.jpg?id=28454) !important;background-position: center !important;background-repeat: no-repeat !important;background-size: cover !important;}&#187; el_class=&#187;video-bg-row&#187;][vc_column][vc_row_inner et_max_width=&#187;&#187; equal_height=&#187;yes&#187; content_placement=&#187;middle&#187; css=&#187;.vc_custom_1562734895463{background-position: center !important;background-repeat: no-repeat !important;background-size: cover !important;}&#187;][vc_column_inner width=&#187;1\/2&#8243; css=&#187;.vc_custom_1722945185018{padding-top: 20% !important;padding-right: 20% !important;padding-bottom: 20% !important;padding-left: 20% !important;background-color: #ffffff !important;}&#187;][vc_column_text css=&#187;.vc_custom_1722945446989{margin-top: 30px !important;}&#187; animation=&#187;animation bottom-to-top&#187;]\n<h1 style=\"text-align: center;\">Relvaloakoolitus<\/h1>\n<blockquote>\n<p style=\"text-align: center;\">&#171;Relvaloa taotlejatele, kes soovivad ettevalmistust politsei relvaeksamiks, pakume vastavat erikursust mis sisaldab nii teoreetilise kui praktilise osa.&#187;<\/p>\n<\/blockquote>\n[\/vc_column_text][\/vc_column_inner][\/vc_row_inner][\/vc_column][\/vc_row][vc_row thb_column_padding=&#187;true&#187; thb_shape_divider=&#187;true&#187; divider_shape=&#187;tilt_v2&#8243; thb_divider_color=&#187;#242651&#8243; thb_divider_height=&#187;100&#8243; css=&#187;.vc_custom_1722890052807{padding-top: 20px !important;padding-bottom: 20px !important;}&#187;][vc_column css=&#187;.vc_custom_1722889954167{padding-top: 10% !important;padding-right: 10% !important;padding-bottom: 10% !important;padding-left: 10% !important;}&#187;][vc_column_text css=&#187;&#187;]<strong>Taktikalise Laskmise Keskus (TLK) pakub spetsiaalset koolitust politsei relvaeksamiks valmistujatele, mis h\u00f5lmab nii teooriat kui ka praktikat. Teooriaosa keskendub relvaseadusele ja praktilistele juhtumitele, kestab umbes 5-6 tundi ning toimub kord kuus Tallinnas ja Tartus. <\/strong>[\/vc_column_text][vc_column_text]<strong>Relvaloa kursus<\/strong><\/p>\n<p>Meie relvaloa kursuse teooria\u00f5pe h\u00f5lmab p\u00f5hjalikku seadusandlust, sealhulgas Relvaseadust ja Karistusseadustikku, ning sisaldab praktilisi juhtumianal\u00fc\u00fcse ja kohtulahendite n\u00e4iteid. Koolituse kestus on umbes 5-6 tundi.<\/p>\n<p>Oluline on r\u00f5hutada, et meie teooria\u00f5pe ei l\u00f5ppe koolituse p\u00e4evaga. Koolitaja <strong>T\u00f5nu Adrik<\/strong> pakub individuaalset konsultatsiooni ja juhendamist lisatasuta ka edaspidi, kuni relvaloa v\u00e4ljastamiseni. Samuti oleme valmis Teid edaspidi abistama k\u00f5ikides relvaomanikuks olemise praktilistes k\u00fcsimustes.<\/p>\n<p>&nbsp;<\/p>\n<p><strong>Koolituse Ajakava<\/strong><\/p>\n<ul>\n<li><strong>Tallinn:<\/strong> Teooria\u00f5pe toimub \u00fcks kord kuus teisip\u00e4eviti N\u00f5lva 9 Keskuses algusega kell 16:00. Koolitus kestab umbes kella 21:00-21:30-ni. T\u00e4psema info koolituskuup\u00e4evade kohta leiate meie kodulehelt ja Facebooki lehelt.<\/li>\n<li><strong>Tartu:<\/strong> Koolitus toimub kord kuus laup\u00e4eviti Teguri 28a Keskuses algusega kell 10:00. Koolitus kestab kogu p\u00e4eva ning j\u00e4rgib samu p\u00f5him\u00f5tteid &#8212; individuaalne konsultatsioon ja abi kuni relvaloa saamiseni.<\/li>\n<\/ul>\n<p>&nbsp;<\/p>\n<p><strong>Relva\u00f5pe<\/strong><\/p>\n<p>Relva\u00f5pe h\u00f5lmab ohutustehnika, relvaliikide tehnilise poole ja korrektse k\u00e4sitlemise \u00f5ppimist ning praktilist lasketreeningut. See koosneb kolmest 45-minutilisest \u00f5ppetunnist instruktoriga, mis toimub individuaaltreeninguna eelkokkuleppe alusel. Lasketreeningu osi saab kasutada aasta jooksul alates teooriakoolituse toimumise p\u00e4evast. Kasutamata praktilise laskekoolituse aega ei saa hiljem kasutada teiste teenuste tasuta broneerimiseks lasketiirus.<\/p>\n<p>&nbsp;<\/p>\n<p><strong>Lisateenused ja Soodustused<\/strong><\/p>\n<p>Pakume soodustingimustel lisalaskemoona. K\u00f5ik relvaloakoolituse osalejad saavad Glock p\u00fcstolile <strong>15% soodustust<\/strong> tavahinnast.<\/p>\n<p>&nbsp;<\/p>\n<p><strong>Registreerimine ja Hind<\/strong><\/p>\n<p>Koolitusele registreerimiseks palume saata oma nimi, telefoninumber, aadress ja koolituse eest maksja andmed e-posti aadressile <a href=\"mailto:info@tacticalshooting.ee\">info@tacticalshooting.ee<\/a>.<\/p>\n<p>Relvaeksami ettevalmistuse paketi hind on <strong>290 eurot (sis. KM 22%)<\/strong>, mis sisaldab k\u00f5iki koolitusega seotud kulusid: materjalid, instruktori ja lasketiiru rent, relva rent ja 50 padrunit. Koolitusest loobumise korral maksame raha tagasi j\u00e4rgmiste tingimuste alusel: teavitades v\u00e4hemalt 5 p\u00e4eva ette, tagastame 100%; 3 p\u00e4eva ette teavitamisel 50%; kohale ilmumata j\u00e4tmisel ja teavitamata ei tagastata koolitustasu.<\/p>\n<p>&nbsp;<\/p>\n<p><strong>Erandid Relvaeksamist<\/strong><\/p>\n<p>Relvaseaduse \u00a7 35 lg 7 kohaselt ei pea f\u00fc\u00fcsilise isikuna relvaloa saamiseks relvaeksamit sooritama politseiametnikud, vanglaametnikud, tegevv\u00e4elased, abipolitseinikud ning Kaitseliidu tegevliikmed, kellel on teenistus- v\u00f5i s\u00f5jav\u00e4erelva kandmise \u00f5igus ja kes vastavad teenistuses esitatavatele tervisen\u00f5uetele.<\/p>\n<p>&nbsp;<\/p>\n<p><strong>Kvaliteetne ettevalmistus ja individuaalne l\u00e4henemine<\/strong><\/p>\n<p>Pakume Eestis parimat ettevalmistust politsei relvaeksamiks, mida kinnitavad meie kursusel osalejad oma edukate sooritustega. Meie tugevuseks on individuaalne l\u00e4henemine ning v\u00e4ikesed \u00f5ppegrupid, mis v\u00f5imaldavad vahetut kontakti instruktori ja osalejate vahel. Praktilised treeningud toimuvad 1:1-le koolitatava ja instruktori vahel, tagades parima v\u00f5imaliku tulemuse ja oskuste-teadmiste efektiivse kinnistumise.[\/vc_column_text][\/vc_column][\/vc_row]\n<\/div>","protected":false},"excerpt":{"rendered":"<p>[vc_row et_full_width=&#187;true&#187; et_row_padding=&#187;true&#187; full_height=&#187;yes&#187; columns_placement=&#187;stretch&#187; equal_height=&#187;yes&#187; content_placement=&#187;middle&#187; thb_column_padding=&#187;true&#187; css=&#187;.vc_custom_1722945221538{padding-top: 40px !important;padding-bottom: 40px !important;padding-left: 40px !important;background-image: url(https:\/\/tlk.ee\/wp-content\/uploads\/2024\/08\/relvaloakoolitus_2.jpg?id=28454) !important;background-position: center !important;background-repeat: no-repeat !important;background-size: cover !important;}&#187; el_class=&#187;video-bg-row&#187;][vc_column][vc_row_inner et_max_width=&#187;&#187; equal_height=&#187;yes&#187; content_placement=&#187;middle&#187; css=&#187;.vc_custom_1562734895463{background-position: center !important;background-repeat: no-repeat !important;background-size: cover !important;}&#187;][vc_column_inner width=&#187;1\/2&#8243; css=&#187;.vc_custom_1722945185018{padding-top: 20% !important;padding-right: 20% !important;padding-bottom: 20% !important;padding-left: 20% !important;background-color: #ffffff !important;}&#187;][vc_column_text css=&#187;.vc_custom_1722945446989{margin-top: 30px !important;}&#187; animation=&#187;animation [&hellip;]<\/p>\n","protected":false},"author":1,"featured_media":0,"parent":0,"menu_order":0,"comment_status":"closed","ping_status":"closed","template":"","meta":{"footnotes":""},"class_list":["post-28577","page","type-page","status-publish","hentry"],"yoast_head":"<!-- This site is optimized with the Yoast SEO plugin v27.0 - https:\/\/yoast.com\/product\/yoast-seo-wordpress\/ -->\n<title>\u041e\u0431\u0443\u0447\u0435\u043d\u0438\u0435 \u043d\u0430 \u0440\u0430\u0437\u0440\u0435\u0448\u0435\u043d\u0438\u0435 \u043d\u0430 \u043e\u0440\u0443\u0436\u0438\u0435 - Taktikalise Laskmise Keskus<\/title>\n<meta name=\"robots\" content=\"index, follow, max-snippet:-1, max-image-preview:large, max-video-preview:-1\" \/>\n<link rel=\"canonical\" href=\"https:\/\/tlk.ee\/ru\/%d0%be%d0%b1%d1%83%d1%87%d0%b5%d0%bd%d0%b8%d0%b5-%d0%bd%d0%b0-%d1%80%d0%b0%d0%b7%d1%80%d0%b5%d1%88%d0%b5%d0%bd%d0%b8%d0%b5-%d0%bd%d0%b0-%d0%be%d1%80%d1%83%d0%b6%d0%b8%d0%b5\/\" \/>\n<meta property=\"og:locale\" content=\"ru_RU\" \/>\n<meta property=\"og:type\" content=\"article\" \/>\n<meta property=\"og:title\" content=\"\u041e\u0431\u0443\u0447\u0435\u043d\u0438\u0435 \u043d\u0430 \u0440\u0430\u0437\u0440\u0435\u0448\u0435\u043d\u0438\u0435 \u043d\u0430 \u043e\u0440\u0443\u0436\u0438\u0435 - Taktikalise Laskmise Keskus\" \/>\n<meta property=\"og:description\" content=\"[vc_row et_full_width=&#187;true&#187; et_row_padding=&#187;true&#187; full_height=&#187;yes&#187; columns_placement=&#187;stretch&#187; equal_height=&#187;yes&#187; content_placement=&#187;middle&#187; thb_column_padding=&#187;true&#187; css=&#187;.vc_custom_1722945221538{padding-top: 40px !important;padding-bottom: 40px !important;padding-left: 40px !important;background-image: url(https:\/\/tlk.ee\/wp-content\/uploads\/2024\/08\/relvaloakoolitus_2.jpg?id=28454) !important;background-position: center !important;background-repeat: no-repeat !important;background-size: cover !important;}&#187; el_class=&#187;video-bg-row&#187;][vc_column][vc_row_inner et_max_width=&#187;&#187; equal_height=&#187;yes&#187; content_placement=&#187;middle&#187; css=&#187;.vc_custom_1562734895463{background-position: center !important;background-repeat: no-repeat !important;background-size: cover !important;}&#187;][vc_column_inner width=&#187;1\/2&#8243; css=&#187;.vc_custom_1722945185018{padding-top: 20% !important;padding-right: 20% !important;padding-bottom: 20% !important;padding-left: 20% !important;background-color: #ffffff !important;}&#187;][vc_column_text css=&#187;.vc_custom_1722945446989{margin-top: 30px !important;}&#187; animation=&#187;animation [&hellip;]\" \/>\n<meta property=\"og:url\" content=\"https:\/\/tlk.ee\/ru\/%d0%be%d0%b1%d1%83%d1%87%d0%b5%d0%bd%d0%b8%d0%b5-%d0%bd%d0%b0-%d1%80%d0%b0%d0%b7%d1%80%d0%b5%d1%88%d0%b5%d0%bd%d0%b8%d0%b5-%d0%bd%d0%b0-%d0%be%d1%80%d1%83%d0%b6%d0%b8%d0%b5\/\" \/>\n<meta property=\"og:site_name\" content=\"Taktikalise Laskmise Keskus\" \/>\n<meta property=\"article:publisher\" content=\"https:\/\/www.facebook.com\/Taktikaliselaskmisekeskus\" \/>\n<meta property=\"article:modified_time\" content=\"2024-08-07T16:11:49+00:00\" \/>\n<meta property=\"og:image\" content=\"https:\/\/tlk.ee\/wp-content\/uploads\/2024\/08\/badass_instruktor.jpg\" \/>\n\t<meta property=\"og:image:width\" content=\"1500\" \/>\n\t<meta property=\"og:image:height\" content=\"700\" \/>\n\t<meta property=\"og:image:type\" content=\"image\/jpeg\" \/>\n<meta name=\"twitter:card\" content=\"summary_large_image\" \/>\n<meta name=\"twitter:label1\" content=\"\u041f\u0440\u0438\u043c\u0435\u0440\u043d\u043e\u0435 \u0432\u0440\u0435\u043c\u044f \u0434\u043b\u044f \u0447\u0442\u0435\u043d\u0438\u044f\" \/>\n\t<meta name=\"twitter:data1\" content=\"3 \u043c\u0438\u043d\u0443\u0442\u044b\" \/>\n<script type=\"application\/ld+json\" class=\"yoast-schema-graph\">{\"@context\":\"https:\/\/schema.org\",\"@graph\":[{\"@type\":\"WebPage\",\"@id\":\"https:\/\/tlk.ee\/ru\/%d0%be%d0%b1%d1%83%d1%87%d0%b5%d0%bd%d0%b8%d0%b5-%d0%bd%d0%b0-%d1%80%d0%b0%d0%b7%d1%80%d0%b5%d1%88%d0%b5%d0%bd%d0%b8%d0%b5-%d0%bd%d0%b0-%d0%be%d1%80%d1%83%d0%b6%d0%b8%d0%b5\/\",\"url\":\"https:\/\/tlk.ee\/ru\/%d0%be%d0%b1%d1%83%d1%87%d0%b5%d0%bd%d0%b8%d0%b5-%d0%bd%d0%b0-%d1%80%d0%b0%d0%b7%d1%80%d0%b5%d1%88%d0%b5%d0%bd%d0%b8%d0%b5-%d0%bd%d0%b0-%d0%be%d1%80%d1%83%d0%b6%d0%b8%d0%b5\/\",\"name\":\"\u041e\u0431\u0443\u0447\u0435\u043d\u0438\u0435 \u043d\u0430 \u0440\u0430\u0437\u0440\u0435\u0448\u0435\u043d\u0438\u0435 \u043d\u0430 \u043e\u0440\u0443\u0436\u0438\u0435 - Taktikalise Laskmise Keskus\",\"isPartOf\":{\"@id\":\"https:\/\/tlk.ee\/ru\/#website\"},\"datePublished\":\"2024-08-05T20:30:55+00:00\",\"dateModified\":\"2024-08-07T16:11:49+00:00\",\"breadcrumb\":{\"@id\":\"https:\/\/tlk.ee\/ru\/%d0%be%d0%b1%d1%83%d1%87%d0%b5%d0%bd%d0%b8%d0%b5-%d0%bd%d0%b0-%d1%80%d0%b0%d0%b7%d1%80%d0%b5%d1%88%d0%b5%d0%bd%d0%b8%d0%b5-%d0%bd%d0%b0-%d0%be%d1%80%d1%83%d0%b6%d0%b8%d0%b5\/#breadcrumb\"},\"inLanguage\":\"ru-RU\",\"potentialAction\":[{\"@type\":\"ReadAction\",\"target\":[\"https:\/\/tlk.ee\/ru\/%d0%be%d0%b1%d1%83%d1%87%d0%b5%d0%bd%d0%b8%d0%b5-%d0%bd%d0%b0-%d1%80%d0%b0%d0%b7%d1%80%d0%b5%d1%88%d0%b5%d0%bd%d0%b8%d0%b5-%d0%bd%d0%b0-%d0%be%d1%80%d1%83%d0%b6%d0%b8%d0%b5\/\"]}]},{\"@type\":\"BreadcrumbList\",\"@id\":\"https:\/\/tlk.ee\/ru\/%d0%be%d0%b1%d1%83%d1%87%d0%b5%d0%bd%d0%b8%d0%b5-%d0%bd%d0%b0-%d1%80%d0%b0%d0%b7%d1%80%d0%b5%d1%88%d0%b5%d0%bd%d0%b8%d0%b5-%d0%bd%d0%b0-%d0%be%d1%80%d1%83%d0%b6%d0%b8%d0%b5\/#breadcrumb\",\"itemListElement\":[{\"@type\":\"ListItem\",\"position\":1,\"name\":\"Home\",\"item\":\"https:\/\/tlk.ee\/ru\/\"},{\"@type\":\"ListItem\",\"position\":2,\"name\":\"\u041e\u0431\u0443\u0447\u0435\u043d\u0438\u0435 \u043d\u0430 \u0440\u0430\u0437\u0440\u0435\u0448\u0435\u043d\u0438\u0435 \u043d\u0430 \u043e\u0440\u0443\u0436\u0438\u0435\"}]},{\"@type\":\"WebSite\",\"@id\":\"https:\/\/tlk.ee\/ru\/#website\",\"url\":\"https:\/\/tlk.ee\/ru\/\",\"name\":\"Taktikalise Laskmise Keskus\",\"description\":\"Parima varustusega lasketiir Euroopas\",\"publisher\":{\"@id\":\"https:\/\/tlk.ee\/ru\/#organization\"},\"alternateName\":\"TLK - lasketiir\",\"potentialAction\":[{\"@type\":\"SearchAction\",\"target\":{\"@type\":\"EntryPoint\",\"urlTemplate\":\"https:\/\/tlk.ee\/ru\/?s={search_term_string}\"},\"query-input\":{\"@type\":\"PropertyValueSpecification\",\"valueRequired\":true,\"valueName\":\"search_term_string\"}}],\"inLanguage\":\"ru-RU\"},{\"@type\":\"Organization\",\"@id\":\"https:\/\/tlk.ee\/ru\/#organization\",\"name\":\"Taktikalise Laskmise Keskus\",\"url\":\"https:\/\/tlk.ee\/ru\/\",\"logo\":{\"@type\":\"ImageObject\",\"inLanguage\":\"ru-RU\",\"@id\":\"https:\/\/tlk.ee\/ru\/#\/schema\/logo\/image\/\",\"url\":\"https:\/\/tlk.ee\/wp-content\/uploads\/2024\/08\/logo-wide-TLK-EE.png\",\"contentUrl\":\"https:\/\/tlk.ee\/wp-content\/uploads\/2024\/08\/logo-wide-TLK-EE.png\",\"width\":800,\"height\":400,\"caption\":\"Taktikalise Laskmise Keskus\"},\"image\":{\"@id\":\"https:\/\/tlk.ee\/ru\/#\/schema\/logo\/image\/\"},\"sameAs\":[\"https:\/\/www.facebook.com\/Taktikaliselaskmisekeskus\"]}]}<\/script>\n<!-- \/ Yoast SEO plugin. -->","yoast_head_json":{"title":"\u041e\u0431\u0443\u0447\u0435\u043d\u0438\u0435 \u043d\u0430 \u0440\u0430\u0437\u0440\u0435\u0448\u0435\u043d\u0438\u0435 \u043d\u0430 \u043e\u0440\u0443\u0436\u0438\u0435 - Taktikalise Laskmise Keskus","robots":{"index":"index","follow":"follow","max-snippet":"max-snippet:-1","max-image-preview":"max-image-preview:large","max-video-preview":"max-video-preview:-1"},"canonical":"https:\/\/tlk.ee\/ru\/%d0%be%d0%b1%d1%83%d1%87%d0%b5%d0%bd%d0%b8%d0%b5-%d0%bd%d0%b0-%d1%80%d0%b0%d0%b7%d1%80%d0%b5%d1%88%d0%b5%d0%bd%d0%b8%d0%b5-%d0%bd%d0%b0-%d0%be%d1%80%d1%83%d0%b6%d0%b8%d0%b5\/","og_locale":"ru_RU","og_type":"article","og_title":"\u041e\u0431\u0443\u0447\u0435\u043d\u0438\u0435 \u043d\u0430 \u0440\u0430\u0437\u0440\u0435\u0448\u0435\u043d\u0438\u0435 \u043d\u0430 \u043e\u0440\u0443\u0436\u0438\u0435 - Taktikalise Laskmise Keskus","og_description":"[vc_row et_full_width=&#187;true&#187; et_row_padding=&#187;true&#187; full_height=&#187;yes&#187; columns_placement=&#187;stretch&#187; equal_height=&#187;yes&#187; content_placement=&#187;middle&#187; thb_column_padding=&#187;true&#187; css=&#187;.vc_custom_1722945221538{padding-top: 40px !important;padding-bottom: 40px !important;padding-left: 40px !important;background-image: url(https:\/\/tlk.ee\/wp-content\/uploads\/2024\/08\/relvaloakoolitus_2.jpg?id=28454) !important;background-position: center !important;background-repeat: no-repeat !important;background-size: cover !important;}&#187; el_class=&#187;video-bg-row&#187;][vc_column][vc_row_inner et_max_width=&#187;&#187; equal_height=&#187;yes&#187; content_placement=&#187;middle&#187; css=&#187;.vc_custom_1562734895463{background-position: center !important;background-repeat: no-repeat !important;background-size: cover !important;}&#187;][vc_column_inner width=&#187;1\/2&#8243; css=&#187;.vc_custom_1722945185018{padding-top: 20% !important;padding-right: 20% !important;padding-bottom: 20% !important;padding-left: 20% !important;background-color: #ffffff !important;}&#187;][vc_column_text css=&#187;.vc_custom_1722945446989{margin-top: 30px !important;}&#187; animation=&#187;animation [&hellip;]","og_url":"https:\/\/tlk.ee\/ru\/%d0%be%d0%b1%d1%83%d1%87%d0%b5%d0%bd%d0%b8%d0%b5-%d0%bd%d0%b0-%d1%80%d0%b0%d0%b7%d1%80%d0%b5%d1%88%d0%b5%d0%bd%d0%b8%d0%b5-%d0%bd%d0%b0-%d0%be%d1%80%d1%83%d0%b6%d0%b8%d0%b5\/","og_site_name":"Taktikalise Laskmise Keskus","article_publisher":"https:\/\/www.facebook.com\/Taktikaliselaskmisekeskus","article_modified_time":"2024-08-07T16:11:49+00:00","og_image":[{"width":1500,"height":700,"url":"https:\/\/tlk.ee\/wp-content\/uploads\/2024\/08\/badass_instruktor.jpg","type":"image\/jpeg"}],"twitter_card":"summary_large_image","twitter_misc":{"\u041f\u0440\u0438\u043c\u0435\u0440\u043d\u043e\u0435 \u0432\u0440\u0435\u043c\u044f \u0434\u043b\u044f \u0447\u0442\u0435\u043d\u0438\u044f":"3 \u043c\u0438\u043d\u0443\u0442\u044b"},"schema":{"@context":"https:\/\/schema.org","@graph":[{"@type":"WebPage","@id":"https:\/\/tlk.ee\/ru\/%d0%be%d0%b1%d1%83%d1%87%d0%b5%d0%bd%d0%b8%d0%b5-%d0%bd%d0%b0-%d1%80%d0%b0%d0%b7%d1%80%d0%b5%d1%88%d0%b5%d0%bd%d0%b8%d0%b5-%d0%bd%d0%b0-%d0%be%d1%80%d1%83%d0%b6%d0%b8%d0%b5\/","url":"https:\/\/tlk.ee\/ru\/%d0%be%d0%b1%d1%83%d1%87%d0%b5%d0%bd%d0%b8%d0%b5-%d0%bd%d0%b0-%d1%80%d0%b0%d0%b7%d1%80%d0%b5%d1%88%d0%b5%d0%bd%d0%b8%d0%b5-%d0%bd%d0%b0-%d0%be%d1%80%d1%83%d0%b6%d0%b8%d0%b5\/","name":"\u041e\u0431\u0443\u0447\u0435\u043d\u0438\u0435 \u043d\u0430 \u0440\u0430\u0437\u0440\u0435\u0448\u0435\u043d\u0438\u0435 \u043d\u0430 \u043e\u0440\u0443\u0436\u0438\u0435 - Taktikalise Laskmise Keskus","isPartOf":{"@id":"https:\/\/tlk.ee\/ru\/#website"},"datePublished":"2024-08-05T20:30:55+00:00","dateModified":"2024-08-07T16:11:49+00:00","breadcrumb":{"@id":"https:\/\/tlk.ee\/ru\/%d0%be%d0%b1%d1%83%d1%87%d0%b5%d0%bd%d0%b8%d0%b5-%d0%bd%d0%b0-%d1%80%d0%b0%d0%b7%d1%80%d0%b5%d1%88%d0%b5%d0%bd%d0%b8%d0%b5-%d0%bd%d0%b0-%d0%be%d1%80%d1%83%d0%b6%d0%b8%d0%b5\/#breadcrumb"},"inLanguage":"ru-RU","potentialAction":[{"@type":"ReadAction","target":["https:\/\/tlk.ee\/ru\/%d0%be%d0%b1%d1%83%d1%87%d0%b5%d0%bd%d0%b8%d0%b5-%d0%bd%d0%b0-%d1%80%d0%b0%d0%b7%d1%80%d0%b5%d1%88%d0%b5%d0%bd%d0%b8%d0%b5-%d0%bd%d0%b0-%d0%be%d1%80%d1%83%d0%b6%d0%b8%d0%b5\/"]}]},{"@type":"BreadcrumbList","@id":"https:\/\/tlk.ee\/ru\/%d0%be%d0%b1%d1%83%d1%87%d0%b5%d0%bd%d0%b8%d0%b5-%d0%bd%d0%b0-%d1%80%d0%b0%d0%b7%d1%80%d0%b5%d1%88%d0%b5%d0%bd%d0%b8%d0%b5-%d0%bd%d0%b0-%d0%be%d1%80%d1%83%d0%b6%d0%b8%d0%b5\/#breadcrumb","itemListElement":[{"@type":"ListItem","position":1,"name":"Home","item":"https:\/\/tlk.ee\/ru\/"},{"@type":"ListItem","position":2,"name":"\u041e\u0431\u0443\u0447\u0435\u043d\u0438\u0435 \u043d\u0430 \u0440\u0430\u0437\u0440\u0435\u0448\u0435\u043d\u0438\u0435 \u043d\u0430 \u043e\u0440\u0443\u0436\u0438\u0435"}]},{"@type":"WebSite","@id":"https:\/\/tlk.ee\/ru\/#website","url":"https:\/\/tlk.ee\/ru\/","name":"Taktikalise Laskmise Keskus","description":"Parima varustusega lasketiir Euroopas","publisher":{"@id":"https:\/\/tlk.ee\/ru\/#organization"},"alternateName":"TLK - lasketiir","potentialAction":[{"@type":"SearchAction","target":{"@type":"EntryPoint","urlTemplate":"https:\/\/tlk.ee\/ru\/?s={search_term_string}"},"query-input":{"@type":"PropertyValueSpecification","valueRequired":true,"valueName":"search_term_string"}}],"inLanguage":"ru-RU"},{"@type":"Organization","@id":"https:\/\/tlk.ee\/ru\/#organization","name":"Taktikalise Laskmise Keskus","url":"https:\/\/tlk.ee\/ru\/","logo":{"@type":"ImageObject","inLanguage":"ru-RU","@id":"https:\/\/tlk.ee\/ru\/#\/schema\/logo\/image\/","url":"https:\/\/tlk.ee\/wp-content\/uploads\/2024\/08\/logo-wide-TLK-EE.png","contentUrl":"https:\/\/tlk.ee\/wp-content\/uploads\/2024\/08\/logo-wide-TLK-EE.png","width":800,"height":400,"caption":"Taktikalise Laskmise Keskus"},"image":{"@id":"https:\/\/tlk.ee\/ru\/#\/schema\/logo\/image\/"},"sameAs":["https:\/\/www.facebook.com\/Taktikaliselaskmisekeskus"]}]}},"_links":{"self":[{"href":"https:\/\/tlk.ee\/ru\/wp-json\/wp\/v2\/pages\/28577","targetHints":{"allow":["GET"]}}],"collection":[{"href":"https:\/\/tlk.ee\/ru\/wp-json\/wp\/v2\/pages"}],"about":[{"href":"https:\/\/tlk.ee\/ru\/wp-json\/wp\/v2\/types\/page"}],"author":[{"embeddable":true,"href":"https:\/\/tlk.ee\/ru\/wp-json\/wp\/v2\/users\/1"}],"replies":[{"embeddable":true,"href":"https:\/\/tlk.ee\/ru\/wp-json\/wp\/v2\/comments?post=28577"}],"version-history":[{"count":2,"href":"https:\/\/tlk.ee\/ru\/wp-json\/wp\/v2\/pages\/28577\/revisions"}],"predecessor-version":[{"id":28640,"href":"https:\/\/tlk.ee\/ru\/wp-json\/wp\/v2\/pages\/28577\/revisions\/28640"}],"wp:attachment":[{"href":"https:\/\/tlk.ee\/ru\/wp-json\/wp\/v2\/media?parent=28577"}],"curies":[{"name":"wp","href":"https:\/\/api.w.org\/{rel}","templated":true}]}}