{"id":7205,"date":"2024-05-28T11:45:15","date_gmt":"2024-05-28T11:45:15","guid":{"rendered":"https:\/\/tlk.ee\/?post_type=product&#038;p=7205"},"modified":"2025-06-18T09:53:48","modified_gmt":"2025-06-18T09:53:48","slug":"sig-sauer-p320-xfull","status":"publish","type":"product","link":"https:\/\/tlk.ee\/en\/webstore\/sig-sauer-p320-xfull\/","title":{"rendered":"Sig Sauer P320 XFULL"},"content":{"rendered":"<ul>\n<li><strong>Kaliiber<\/strong>\u00a09\u00d719<\/li>\n<li><strong>Salvemaht:\u00a0<\/strong>17\u00a0padrunit<\/li>\n<li><strong>2 tk. salve<\/strong><\/li>\n<\/ul>\n<p><strong>The new P320XFULL rounds out the XSeries with an entry full-size model.\u00a0 \u00a0The 4.7\u201d slide and barrel offer unparalleled accuracy and comfort without sacrificing the ability to\u00a0<a class=\"gls gls-34\" href=\"https:\/\/www.sigsauer.com\/glossary\/carry\/\" target=\"_blank\" rel=\"noopener\" data-tlite=\"Carry generally refers to transporting a firearm in such a way that it can be used at a moment\u2019s notice\u2014typically in self-defense situations.\">carry<\/a>\u00a0concealed.\u00a0 The grip module is compatible with the removable\u00a0<a class=\"gls gls-125\" href=\"https:\/\/www.sigsauer.com\/glossary\/magwell\/\" target=\"_blank\" rel=\"noopener\" data-tlite=\"The magwell is the part of a semi-automatic firearm that houses a removable ammunition magazine. On handguns, the magwell is usually inside the pistol\u2019s grip.\">magwell<\/a>\u00a0and grip weight and is designed with an extended beavertail and deep undercut for a high grip and better\u00a0<a class=\"gls gls-172\" href=\"https:\/\/www.sigsauer.com\/glossary\/recoil\/\" target=\"_blank\" rel=\"noopener\" data-tlite=\"A firearm\u2019s recoil is the rearward force of a firearm that\u2019s the direct result of firing a round.\">recoil<\/a>\u00a0control.\u00a0 The XRay3 day\/night sights offer high visibility in all lighting conditions, and the rear sight plate assembly allows the direct mounting of the new Romeo1PRO\u00a0<a class=\"gls gls-149\" href=\"https:\/\/www.sigsauer.com\/glossary\/optic\/\" target=\"_blank\" rel=\"noopener\" data-tlite=\"An optic is a sighting device typically used on a rifle or handgun.\">optic<\/a>, as well as the popular Delta Point Pro.\u00a0 \u00a0 Each P320 XFULL comes standard with two (2) 17rd mags.\u00a0<\/strong><\/p>\n<p>Loe l\u00e4hemalt siit: <a href=\"https:\/\/www.sigsauer.com\/p320-xfull-size.html\">https:\/\/www.sigsauer.com\/p320-xfull-size.html<\/a><\/p>\n<p>&nbsp;<\/p>\n<p>Sig Sauer P320 Full-Size on 9mm kaliibriga poolautomaatne p\u00fcstol, mis on loodud nii sihtm\u00e4rklaskmiseks kui ka kodukaitseks.<\/p>\n<p>P320 Full-Size pakub siledat, t\u00e4pset p\u00e4\u00e4stikut, mis muudab iga laskuri t\u00e4psemaks. See on modulaarne, l\u00f6\u00f6givabalt vallandatav p\u00fcstol, mis sobib igale laskurile ja igale olukorrale. P\u00fcstoli t\u00e4issuuruses raam on ideaalne sihtm\u00e4rklaskmiseks, kodukaitseks ja igas olukorras, kus laskmine ja sihitud t\u00e4psus on k\u00f5ige olulisemad.<\/p>\n<p>Sig Sauer P320 Full-Size on revolutsiooniline relv, mis seab uued standardid t\u00e4issuuruses p\u00fcstolitele.<\/p>\n<p>&nbsp;<\/p>\n","protected":false},"excerpt":{"rendered":"<p><strong>!!!V\u00f5imalik ka tellida Tartu esindusse!!!<\/strong><\/p>\n","protected":false},"featured_media":26966,"comment_status":"closed","ping_status":"closed","template":"","meta":[],"product_brand":[],"product_cat":[81,64],"product_tag":[],"class_list":{"0":"post-7205","1":"product","2":"type-product","3":"status-publish","4":"has-post-thumbnail","6":"product_cat-pustolid","7":"product_cat-tulirelvad","8":"pa_kaliiber-9x19","9":"pa_mudel-sig-p320","10":"pa_tootja-sig-sauer","12":"first","13":"instock","14":"sale","15":"taxable","16":"shipping-taxable","17":"product-type-simple"},"yoast_head":"<!-- This site is optimized with the Yoast SEO plugin v27.4 - https:\/\/yoast.com\/product\/yoast-seo-wordpress\/ -->\n<title>Sig Sauer P320 XFULL - Taktikalise Laskmise Keskus<\/title>\n<meta name=\"robots\" content=\"index, follow, max-snippet:-1, max-image-preview:large, max-video-preview:-1\" \/>\n<link rel=\"canonical\" href=\"https:\/\/tlk.ee\/en\/webstore\/sig-sauer-p320-xfull\/\" \/>\n<meta property=\"og:locale\" content=\"en_US\" \/>\n<meta property=\"og:type\" content=\"article\" \/>\n<meta property=\"og:title\" content=\"Sig Sauer P320 XFULL - Taktikalise Laskmise Keskus\" \/>\n<meta property=\"og:description\" content=\"!!!V\u00f5imalik ka tellida Tartu esindusse!!!\" \/>\n<meta property=\"og:url\" content=\"https:\/\/tlk.ee\/en\/webstore\/sig-sauer-p320-xfull\/\" \/>\n<meta property=\"og:site_name\" content=\"Taktikalise Laskmise Keskus\" \/>\n<meta property=\"article:publisher\" content=\"https:\/\/www.facebook.com\/Taktikaliselaskmisekeskus\" \/>\n<meta property=\"article:modified_time\" content=\"2025-06-18T09:53:48+00:00\" \/>\n<meta property=\"og:image\" content=\"https:\/\/tlk.ee\/wp-content\/uploads\/2024\/05\/Sig-Sauer-p320-full-TLK-1.png\" \/>\n\t<meta property=\"og:image:width\" content=\"1200\" \/>\n\t<meta property=\"og:image:height\" content=\"1200\" \/>\n\t<meta property=\"og:image:type\" content=\"image\/png\" \/>\n<meta name=\"twitter:card\" content=\"summary_large_image\" \/>\n<meta name=\"twitter:label1\" content=\"Est. reading time\" \/>\n\t<meta name=\"twitter:data1\" content=\"2 minutes\" \/>\n<script type=\"application\/ld+json\" class=\"yoast-schema-graph\">{\"@context\":\"https:\\\/\\\/schema.org\",\"@graph\":[{\"@type\":\"WebPage\",\"@id\":\"https:\\\/\\\/tlk.ee\\\/en\\\/webstore\\\/sig-sauer-p320-xfull\\\/\",\"url\":\"https:\\\/\\\/tlk.ee\\\/en\\\/webstore\\\/sig-sauer-p320-xfull\\\/\",\"name\":\"Sig Sauer P320 XFULL - Taktikalise Laskmise Keskus\",\"isPartOf\":{\"@id\":\"https:\\\/\\\/tlk.ee\\\/en\\\/#website\"},\"primaryImageOfPage\":{\"@id\":\"https:\\\/\\\/tlk.ee\\\/en\\\/webstore\\\/sig-sauer-p320-xfull\\\/#primaryimage\"},\"image\":{\"@id\":\"https:\\\/\\\/tlk.ee\\\/en\\\/webstore\\\/sig-sauer-p320-xfull\\\/#primaryimage\"},\"thumbnailUrl\":\"https:\\\/\\\/tlk.ee\\\/wp-content\\\/uploads\\\/2024\\\/05\\\/Sig-Sauer-p320-full-TLK-1.png\",\"datePublished\":\"2024-05-28T11:45:15+00:00\",\"dateModified\":\"2025-06-18T09:53:48+00:00\",\"breadcrumb\":{\"@id\":\"https:\\\/\\\/tlk.ee\\\/en\\\/webstore\\\/sig-sauer-p320-xfull\\\/#breadcrumb\"},\"inLanguage\":\"en-US\",\"potentialAction\":[{\"@type\":\"ReadAction\",\"target\":[\"https:\\\/\\\/tlk.ee\\\/en\\\/webstore\\\/sig-sauer-p320-xfull\\\/\"]}]},{\"@type\":\"ImageObject\",\"inLanguage\":\"en-US\",\"@id\":\"https:\\\/\\\/tlk.ee\\\/en\\\/webstore\\\/sig-sauer-p320-xfull\\\/#primaryimage\",\"url\":\"https:\\\/\\\/tlk.ee\\\/wp-content\\\/uploads\\\/2024\\\/05\\\/Sig-Sauer-p320-full-TLK-1.png\",\"contentUrl\":\"https:\\\/\\\/tlk.ee\\\/wp-content\\\/uploads\\\/2024\\\/05\\\/Sig-Sauer-p320-full-TLK-1.png\",\"width\":1200,\"height\":1200},{\"@type\":\"BreadcrumbList\",\"@id\":\"https:\\\/\\\/tlk.ee\\\/en\\\/webstore\\\/sig-sauer-p320-xfull\\\/#breadcrumb\",\"itemListElement\":[{\"@type\":\"ListItem\",\"position\":1,\"name\":\"Home\",\"item\":\"https:\\\/\\\/tlk.ee\\\/en\\\/\"},{\"@type\":\"ListItem\",\"position\":2,\"name\":\"E-shop\",\"item\":\"https:\\\/\\\/tlk.ee\\\/e-pood\\\/\"},{\"@type\":\"ListItem\",\"position\":3,\"name\":\"Sig Sauer P320 XFULL\"}]},{\"@type\":\"WebSite\",\"@id\":\"https:\\\/\\\/tlk.ee\\\/en\\\/#website\",\"url\":\"https:\\\/\\\/tlk.ee\\\/en\\\/\",\"name\":\"Taktikalise Laskmise Keskus\",\"description\":\"Parima varustusega lasketiir Euroopas\",\"publisher\":{\"@id\":\"https:\\\/\\\/tlk.ee\\\/en\\\/#organization\"},\"alternateName\":\"TLK - lasketiir\",\"potentialAction\":[{\"@type\":\"SearchAction\",\"target\":{\"@type\":\"EntryPoint\",\"urlTemplate\":\"https:\\\/\\\/tlk.ee\\\/en\\\/?s={search_term_string}\"},\"query-input\":{\"@type\":\"PropertyValueSpecification\",\"valueRequired\":true,\"valueName\":\"search_term_string\"}}],\"inLanguage\":\"en-US\"},{\"@type\":\"Organization\",\"@id\":\"https:\\\/\\\/tlk.ee\\\/en\\\/#organization\",\"name\":\"Taktikalise Laskmise Keskus\",\"url\":\"https:\\\/\\\/tlk.ee\\\/en\\\/\",\"logo\":{\"@type\":\"ImageObject\",\"inLanguage\":\"en-US\",\"@id\":\"https:\\\/\\\/tlk.ee\\\/en\\\/#\\\/schema\\\/logo\\\/image\\\/\",\"url\":\"https:\\\/\\\/tlk.ee\\\/wp-content\\\/uploads\\\/2024\\\/08\\\/logo-wide-TLK-EE.png\",\"contentUrl\":\"https:\\\/\\\/tlk.ee\\\/wp-content\\\/uploads\\\/2024\\\/08\\\/logo-wide-TLK-EE.png\",\"width\":800,\"height\":400,\"caption\":\"Taktikalise Laskmise Keskus\"},\"image\":{\"@id\":\"https:\\\/\\\/tlk.ee\\\/en\\\/#\\\/schema\\\/logo\\\/image\\\/\"},\"sameAs\":[\"https:\\\/\\\/www.facebook.com\\\/Taktikaliselaskmisekeskus\"]}]}<\/script>\n<!-- \/ Yoast SEO plugin. -->","yoast_head_json":{"title":"Sig Sauer P320 XFULL - Taktikalise Laskmise Keskus","robots":{"index":"index","follow":"follow","max-snippet":"max-snippet:-1","max-image-preview":"max-image-preview:large","max-video-preview":"max-video-preview:-1"},"canonical":"https:\/\/tlk.ee\/en\/webstore\/sig-sauer-p320-xfull\/","og_locale":"en_US","og_type":"article","og_title":"Sig Sauer P320 XFULL - Taktikalise Laskmise Keskus","og_description":"!!!V\u00f5imalik ka tellida Tartu esindusse!!!","og_url":"https:\/\/tlk.ee\/en\/webstore\/sig-sauer-p320-xfull\/","og_site_name":"Taktikalise Laskmise Keskus","article_publisher":"https:\/\/www.facebook.com\/Taktikaliselaskmisekeskus","article_modified_time":"2025-06-18T09:53:48+00:00","og_image":[{"width":1200,"height":1200,"url":"https:\/\/tlk.ee\/wp-content\/uploads\/2024\/05\/Sig-Sauer-p320-full-TLK-1.png","type":"image\/png"}],"twitter_card":"summary_large_image","twitter_misc":{"Est. reading time":"2 minutes"},"schema":{"@context":"https:\/\/schema.org","@graph":[{"@type":"WebPage","@id":"https:\/\/tlk.ee\/en\/webstore\/sig-sauer-p320-xfull\/","url":"https:\/\/tlk.ee\/en\/webstore\/sig-sauer-p320-xfull\/","name":"Sig Sauer P320 XFULL - Taktikalise Laskmise Keskus","isPartOf":{"@id":"https:\/\/tlk.ee\/en\/#website"},"primaryImageOfPage":{"@id":"https:\/\/tlk.ee\/en\/webstore\/sig-sauer-p320-xfull\/#primaryimage"},"image":{"@id":"https:\/\/tlk.ee\/en\/webstore\/sig-sauer-p320-xfull\/#primaryimage"},"thumbnailUrl":"https:\/\/tlk.ee\/wp-content\/uploads\/2024\/05\/Sig-Sauer-p320-full-TLK-1.png","datePublished":"2024-05-28T11:45:15+00:00","dateModified":"2025-06-18T09:53:48+00:00","breadcrumb":{"@id":"https:\/\/tlk.ee\/en\/webstore\/sig-sauer-p320-xfull\/#breadcrumb"},"inLanguage":"en-US","potentialAction":[{"@type":"ReadAction","target":["https:\/\/tlk.ee\/en\/webstore\/sig-sauer-p320-xfull\/"]}]},{"@type":"ImageObject","inLanguage":"en-US","@id":"https:\/\/tlk.ee\/en\/webstore\/sig-sauer-p320-xfull\/#primaryimage","url":"https:\/\/tlk.ee\/wp-content\/uploads\/2024\/05\/Sig-Sauer-p320-full-TLK-1.png","contentUrl":"https:\/\/tlk.ee\/wp-content\/uploads\/2024\/05\/Sig-Sauer-p320-full-TLK-1.png","width":1200,"height":1200},{"@type":"BreadcrumbList","@id":"https:\/\/tlk.ee\/en\/webstore\/sig-sauer-p320-xfull\/#breadcrumb","itemListElement":[{"@type":"ListItem","position":1,"name":"Home","item":"https:\/\/tlk.ee\/en\/"},{"@type":"ListItem","position":2,"name":"E-shop","item":"https:\/\/tlk.ee\/e-pood\/"},{"@type":"ListItem","position":3,"name":"Sig Sauer P320 XFULL"}]},{"@type":"WebSite","@id":"https:\/\/tlk.ee\/en\/#website","url":"https:\/\/tlk.ee\/en\/","name":"Taktikalise Laskmise Keskus","description":"Parima varustusega lasketiir Euroopas","publisher":{"@id":"https:\/\/tlk.ee\/en\/#organization"},"alternateName":"TLK - lasketiir","potentialAction":[{"@type":"SearchAction","target":{"@type":"EntryPoint","urlTemplate":"https:\/\/tlk.ee\/en\/?s={search_term_string}"},"query-input":{"@type":"PropertyValueSpecification","valueRequired":true,"valueName":"search_term_string"}}],"inLanguage":"en-US"},{"@type":"Organization","@id":"https:\/\/tlk.ee\/en\/#organization","name":"Taktikalise Laskmise Keskus","url":"https:\/\/tlk.ee\/en\/","logo":{"@type":"ImageObject","inLanguage":"en-US","@id":"https:\/\/tlk.ee\/en\/#\/schema\/logo\/image\/","url":"https:\/\/tlk.ee\/wp-content\/uploads\/2024\/08\/logo-wide-TLK-EE.png","contentUrl":"https:\/\/tlk.ee\/wp-content\/uploads\/2024\/08\/logo-wide-TLK-EE.png","width":800,"height":400,"caption":"Taktikalise Laskmise Keskus"},"image":{"@id":"https:\/\/tlk.ee\/en\/#\/schema\/logo\/image\/"},"sameAs":["https:\/\/www.facebook.com\/Taktikaliselaskmisekeskus"]}]}},"_links":{"self":[{"href":"https:\/\/tlk.ee\/en\/wp-json\/wp\/v2\/product\/7205","targetHints":{"allow":["GET"]}}],"collection":[{"href":"https:\/\/tlk.ee\/en\/wp-json\/wp\/v2\/product"}],"about":[{"href":"https:\/\/tlk.ee\/en\/wp-json\/wp\/v2\/types\/product"}],"replies":[{"embeddable":true,"href":"https:\/\/tlk.ee\/en\/wp-json\/wp\/v2\/comments?post=7205"}],"wp:featuredmedia":[{"embeddable":true,"href":"https:\/\/tlk.ee\/en\/wp-json\/wp\/v2\/media\/26966"}],"wp:attachment":[{"href":"https:\/\/tlk.ee\/en\/wp-json\/wp\/v2\/media?parent=7205"}],"wp:term":[{"taxonomy":"product_brand","embeddable":true,"href":"https:\/\/tlk.ee\/en\/wp-json\/wp\/v2\/product_brand?post=7205"},{"taxonomy":"product_cat","embeddable":true,"href":"https:\/\/tlk.ee\/en\/wp-json\/wp\/v2\/product_cat?post=7205"},{"taxonomy":"product_tag","embeddable":true,"href":"https:\/\/tlk.ee\/en\/wp-json\/wp\/v2\/product_tag?post=7205"}],"curies":[{"name":"wp","href":"https:\/\/api.w.org\/{rel}","templated":true}]}}