{"id":7201,"date":"2024-05-28T11:45:14","date_gmt":"2024-05-28T11:45:14","guid":{"rendered":"https:\/\/tlk.ee\/?post_type=product&#038;p=7201"},"modified":"2025-06-18T11:25:36","modified_gmt":"2025-06-18T11:25:36","slug":"sig-sauer-p320-spectre-comp-blackout","status":"publish","type":"product","link":"https:\/\/tlk.ee\/en\/Webstore\/sig-sauer-p320-spectre-comp-blackout\/","title":{"rendered":"Sig Sauer P320 Spectre Comp Blackout"},"content":{"rendered":"<p>Erinevate kaliibrite valikuga P320 SPECTRE COMP BLACKOUT v\u00f5imaldab laskuritel valida oma eelistatud laskemoona, sobides nii professionaalsetele turvameestele kui ka kogenud entusiastidele, kes hindavad usaldusv\u00e4\u00e4rsust ja innovatsiooni relva valikul.<\/p>\n<ul>\n<li><strong>Kaliiber<\/strong>\u00a09\u00d719<\/li>\n<li><strong>Salvemaht:\u00a0<\/strong>17\u00a0padrunit<\/li>\n<li><strong>2 tk. salve<\/strong><\/li>\n<\/ul>\n<p>&nbsp;<\/p>\n<div class=\"flex-shrink-0 flex flex-col relative items-end\">\n<div>\n<div class=\"pt-0.5 juice:pt-0\">\n<div class=\"gizmo-bot-avatar flex h-6 w-6 items-center justify-center overflow-hidden rounded-full juice:h-8 juice:w-8\">\n<div class=\"relative p-1 rounded-sm flex items-center justify-center bg-token-main-surface-primary text-token-text-primary h-8 w-8\">Sig Sauer P320 Spectre Comp Blackout toob turule uue stiili \u00fche mitmek\u00fclgseima P320 p\u00fcstoli ajaloos.<\/div>\n<\/div>\n<\/div>\n<\/div>\n<\/div>\n<div class=\"group\/conversation-turn relative flex w-full min-w-0 flex-col agent-turn\">\n<div class=\"flex-col gap-1 md:gap-3\">\n<div class=\"flex flex-grow flex-col max-w-full\">\n<div class=\"min-h-[20px] text-message flex flex-col items-start whitespace-pre-wrap break-words [.text-message+&amp;]:mt-5 juice:w-full juice:items-end overflow-x-auto gap-2\" dir=\"auto\" data-message-author-role=\"assistant\" data-message-id=\"e97b2778-7b11-45bf-b015-f06064e876cd\">\n<div class=\"flex w-full flex-col gap-1 juice:empty:hidden juice:first:pt-[3px]\">\n<div class=\"markdown prose w-full break-words dark:prose-invert light\">\n<ul>\n<li>Lasergraveeritud LXG Tungsten XSeries k\u00e4epideme moodul mustas Cerakote viimistluses<\/li>\n<li>Custom Works Spectre optikavalmis slaid<\/li>\n<li>Keermestatud toru \u00fche porta kompensaatoriga<\/li>\n<li>XSeries lame skeleti p\u00e4\u00e4stik<\/li>\n<li>XRay3 p\u00e4ev\/\u00f6\u00f6 n\u00e4gemissihtid<\/li>\n<\/ul>\n<p>&nbsp;<\/p>\n<\/div>\n<\/div>\n<\/div>\n<\/div>\n<\/div>\n<\/div>\n<p>Loe l\u00e4hemalt siit: <a href=\"https:\/\/www.sigsauer.com\/p320-spectre-comp-blackout.html\">https:\/\/www.sigsauer.com\/p320-spectre-comp-blackout.html\u00a0<\/a><\/p>\n<p>Sig Sauer P320 SPECTRE COMP BLACKOUT on edasij\u00f5udnud poolautomaatne p\u00fcstol, mis \u00fchendab Sig Sauer&#8217;i tipptasemel tehnoloogia unikaalse disainiga. SPECTRE COMP BLACKOUT variant on loodud n\u00f5udlike laskurite jaoks, pakkudes t\u00e4iustatud omadusi ja esteetikat.<\/p>\n<p>P320 SPECTRE COMP BLACKOUT p\u00fcstolil on kompaktne ja ergonoomiline raam, mis on m\u00f5eldud mugavaks kandmiseks ja kiireks kasutuselev\u00f5tuks. See sisaldab spetsiaalseid t\u00e4iustusi nagu optimeeritud libisemisstruktuur ja parandatud laskemehhanism, tagades suurep\u00e4rase t\u00e4psuse ja kontrolli laskmise ajal.<\/p>\n","protected":false},"excerpt":{"rendered":"<p><strong>!!!V\u00f5imalik ka tellida Tartu esindusse!!!<\/strong><\/p>\n","protected":false},"featured_media":27037,"comment_status":"closed","ping_status":"closed","template":"","meta":[],"product_brand":[],"product_cat":[81,64],"product_tag":[285],"class_list":{"0":"post-7201","1":"product","2":"type-product","3":"status-publish","4":"has-post-thumbnail","6":"product_cat-pustolid","7":"product_cat-tulirelvad","8":"product_tag-sig-sauer","9":"pa_kaliiber-9x19","10":"pa_mudel-sig-p320","11":"pa_tootja-sig-sauer","13":"first","14":"instock","15":"sale","16":"taxable","17":"shipping-taxable","18":"product-type-simple"},"yoast_head":"<!-- This site is optimized with the Yoast SEO plugin v27.0 - https:\/\/yoast.com\/product\/yoast-seo-wordpress\/ -->\n<title>Sig Sauer P320 Spectre Comp Blackout - Taktikalise Laskmise Keskus<\/title>\n<meta name=\"robots\" content=\"index, follow, max-snippet:-1, max-image-preview:large, max-video-preview:-1\" \/>\n<link rel=\"canonical\" href=\"https:\/\/tlk.ee\/en\/Webstore\/sig-sauer-p320-spectre-comp-blackout\/\" \/>\n<meta property=\"og:locale\" content=\"en_US\" \/>\n<meta property=\"og:type\" content=\"article\" \/>\n<meta property=\"og:title\" content=\"Sig Sauer P320 Spectre Comp Blackout - Taktikalise Laskmise Keskus\" \/>\n<meta property=\"og:description\" content=\"!!!V\u00f5imalik ka tellida Tartu esindusse!!!\" \/>\n<meta property=\"og:url\" content=\"https:\/\/tlk.ee\/en\/Webstore\/sig-sauer-p320-spectre-comp-blackout\/\" \/>\n<meta property=\"og:site_name\" content=\"Taktikalise Laskmise Keskus\" \/>\n<meta property=\"article:publisher\" content=\"https:\/\/www.facebook.com\/Taktikaliselaskmisekeskus\" \/>\n<meta property=\"article:modified_time\" content=\"2025-06-18T11:25:36+00:00\" \/>\n<meta property=\"og:image\" content=\"https:\/\/tlk.ee\/wp-content\/uploads\/2024\/05\/SigSauer-P320-Spectre-comp-blackout-TLK-1.jpg\" \/>\n\t<meta property=\"og:image:width\" content=\"1200\" \/>\n\t<meta property=\"og:image:height\" content=\"1200\" \/>\n\t<meta property=\"og:image:type\" content=\"image\/jpeg\" \/>\n<meta name=\"twitter:card\" content=\"summary_large_image\" \/>\n<meta name=\"twitter:label1\" content=\"Est. reading time\" \/>\n\t<meta name=\"twitter:data1\" content=\"2 minutes\" \/>\n<script type=\"application\/ld+json\" class=\"yoast-schema-graph\">{\"@context\":\"https:\/\/schema.org\",\"@graph\":[{\"@type\":\"WebPage\",\"@id\":\"https:\/\/tlk.ee\/en\/Webstore\/sig-sauer-p320-spectre-comp-blackout\/\",\"url\":\"https:\/\/tlk.ee\/en\/Webstore\/sig-sauer-p320-spectre-comp-blackout\/\",\"name\":\"Sig Sauer P320 Spectre Comp Blackout - Taktikalise Laskmise Keskus\",\"isPartOf\":{\"@id\":\"https:\/\/tlk.ee\/en\/#website\"},\"primaryImageOfPage\":{\"@id\":\"https:\/\/tlk.ee\/en\/Webstore\/sig-sauer-p320-spectre-comp-blackout\/#primaryimage\"},\"image\":{\"@id\":\"https:\/\/tlk.ee\/en\/Webstore\/sig-sauer-p320-spectre-comp-blackout\/#primaryimage\"},\"thumbnailUrl\":\"https:\/\/tlk.ee\/wp-content\/uploads\/2024\/05\/SigSauer-P320-Spectre-comp-blackout-TLK-1.jpg\",\"datePublished\":\"2024-05-28T11:45:14+00:00\",\"dateModified\":\"2025-06-18T11:25:36+00:00\",\"breadcrumb\":{\"@id\":\"https:\/\/tlk.ee\/en\/Webstore\/sig-sauer-p320-spectre-comp-blackout\/#breadcrumb\"},\"inLanguage\":\"en-US\",\"potentialAction\":[{\"@type\":\"ReadAction\",\"target\":[\"https:\/\/tlk.ee\/en\/Webstore\/sig-sauer-p320-spectre-comp-blackout\/\"]}]},{\"@type\":\"ImageObject\",\"inLanguage\":\"en-US\",\"@id\":\"https:\/\/tlk.ee\/en\/Webstore\/sig-sauer-p320-spectre-comp-blackout\/#primaryimage\",\"url\":\"https:\/\/tlk.ee\/wp-content\/uploads\/2024\/05\/SigSauer-P320-Spectre-comp-blackout-TLK-1.jpg\",\"contentUrl\":\"https:\/\/tlk.ee\/wp-content\/uploads\/2024\/05\/SigSauer-P320-Spectre-comp-blackout-TLK-1.jpg\",\"width\":1200,\"height\":1200},{\"@type\":\"BreadcrumbList\",\"@id\":\"https:\/\/tlk.ee\/en\/Webstore\/sig-sauer-p320-spectre-comp-blackout\/#breadcrumb\",\"itemListElement\":[{\"@type\":\"ListItem\",\"position\":1,\"name\":\"Home\",\"item\":\"https:\/\/tlk.ee\/en\/\"},{\"@type\":\"ListItem\",\"position\":2,\"name\":\"E-shop\",\"item\":\"https:\/\/tlk.ee\/e-pood\/\"},{\"@type\":\"ListItem\",\"position\":3,\"name\":\"Sig Sauer P320 Spectre Comp Blackout\"}]},{\"@type\":\"WebSite\",\"@id\":\"https:\/\/tlk.ee\/en\/#website\",\"url\":\"https:\/\/tlk.ee\/en\/\",\"name\":\"Taktikalise Laskmise Keskus\",\"description\":\"Parima varustusega lasketiir Euroopas\",\"publisher\":{\"@id\":\"https:\/\/tlk.ee\/en\/#organization\"},\"alternateName\":\"TLK - lasketiir\",\"potentialAction\":[{\"@type\":\"SearchAction\",\"target\":{\"@type\":\"EntryPoint\",\"urlTemplate\":\"https:\/\/tlk.ee\/en\/?s={search_term_string}\"},\"query-input\":{\"@type\":\"PropertyValueSpecification\",\"valueRequired\":true,\"valueName\":\"search_term_string\"}}],\"inLanguage\":\"en-US\"},{\"@type\":\"Organization\",\"@id\":\"https:\/\/tlk.ee\/en\/#organization\",\"name\":\"Taktikalise Laskmise Keskus\",\"url\":\"https:\/\/tlk.ee\/en\/\",\"logo\":{\"@type\":\"ImageObject\",\"inLanguage\":\"en-US\",\"@id\":\"https:\/\/tlk.ee\/en\/#\/schema\/logo\/image\/\",\"url\":\"https:\/\/tlk.ee\/wp-content\/uploads\/2024\/08\/logo-wide-TLK-EE.png\",\"contentUrl\":\"https:\/\/tlk.ee\/wp-content\/uploads\/2024\/08\/logo-wide-TLK-EE.png\",\"width\":800,\"height\":400,\"caption\":\"Taktikalise Laskmise Keskus\"},\"image\":{\"@id\":\"https:\/\/tlk.ee\/en\/#\/schema\/logo\/image\/\"},\"sameAs\":[\"https:\/\/www.facebook.com\/Taktikaliselaskmisekeskus\"]}]}<\/script>\n<!-- \/ Yoast SEO plugin. -->","yoast_head_json":{"title":"Sig Sauer P320 Spectre Comp Blackout - Taktikalise Laskmise Keskus","robots":{"index":"index","follow":"follow","max-snippet":"max-snippet:-1","max-image-preview":"max-image-preview:large","max-video-preview":"max-video-preview:-1"},"canonical":"https:\/\/tlk.ee\/en\/Webstore\/sig-sauer-p320-spectre-comp-blackout\/","og_locale":"en_US","og_type":"article","og_title":"Sig Sauer P320 Spectre Comp Blackout - Taktikalise Laskmise Keskus","og_description":"!!!V\u00f5imalik ka tellida Tartu esindusse!!!","og_url":"https:\/\/tlk.ee\/en\/Webstore\/sig-sauer-p320-spectre-comp-blackout\/","og_site_name":"Taktikalise Laskmise Keskus","article_publisher":"https:\/\/www.facebook.com\/Taktikaliselaskmisekeskus","article_modified_time":"2025-06-18T11:25:36+00:00","og_image":[{"width":1200,"height":1200,"url":"https:\/\/tlk.ee\/wp-content\/uploads\/2024\/05\/SigSauer-P320-Spectre-comp-blackout-TLK-1.jpg","type":"image\/jpeg"}],"twitter_card":"summary_large_image","twitter_misc":{"Est. reading time":"2 minutes"},"schema":{"@context":"https:\/\/schema.org","@graph":[{"@type":"WebPage","@id":"https:\/\/tlk.ee\/en\/Webstore\/sig-sauer-p320-spectre-comp-blackout\/","url":"https:\/\/tlk.ee\/en\/Webstore\/sig-sauer-p320-spectre-comp-blackout\/","name":"Sig Sauer P320 Spectre Comp Blackout - Taktikalise Laskmise Keskus","isPartOf":{"@id":"https:\/\/tlk.ee\/en\/#website"},"primaryImageOfPage":{"@id":"https:\/\/tlk.ee\/en\/Webstore\/sig-sauer-p320-spectre-comp-blackout\/#primaryimage"},"image":{"@id":"https:\/\/tlk.ee\/en\/Webstore\/sig-sauer-p320-spectre-comp-blackout\/#primaryimage"},"thumbnailUrl":"https:\/\/tlk.ee\/wp-content\/uploads\/2024\/05\/SigSauer-P320-Spectre-comp-blackout-TLK-1.jpg","datePublished":"2024-05-28T11:45:14+00:00","dateModified":"2025-06-18T11:25:36+00:00","breadcrumb":{"@id":"https:\/\/tlk.ee\/en\/Webstore\/sig-sauer-p320-spectre-comp-blackout\/#breadcrumb"},"inLanguage":"en-US","potentialAction":[{"@type":"ReadAction","target":["https:\/\/tlk.ee\/en\/Webstore\/sig-sauer-p320-spectre-comp-blackout\/"]}]},{"@type":"ImageObject","inLanguage":"en-US","@id":"https:\/\/tlk.ee\/en\/Webstore\/sig-sauer-p320-spectre-comp-blackout\/#primaryimage","url":"https:\/\/tlk.ee\/wp-content\/uploads\/2024\/05\/SigSauer-P320-Spectre-comp-blackout-TLK-1.jpg","contentUrl":"https:\/\/tlk.ee\/wp-content\/uploads\/2024\/05\/SigSauer-P320-Spectre-comp-blackout-TLK-1.jpg","width":1200,"height":1200},{"@type":"BreadcrumbList","@id":"https:\/\/tlk.ee\/en\/Webstore\/sig-sauer-p320-spectre-comp-blackout\/#breadcrumb","itemListElement":[{"@type":"ListItem","position":1,"name":"Home","item":"https:\/\/tlk.ee\/en\/"},{"@type":"ListItem","position":2,"name":"E-shop","item":"https:\/\/tlk.ee\/e-pood\/"},{"@type":"ListItem","position":3,"name":"Sig Sauer P320 Spectre Comp Blackout"}]},{"@type":"WebSite","@id":"https:\/\/tlk.ee\/en\/#website","url":"https:\/\/tlk.ee\/en\/","name":"Taktikalise Laskmise Keskus","description":"Parima varustusega lasketiir Euroopas","publisher":{"@id":"https:\/\/tlk.ee\/en\/#organization"},"alternateName":"TLK - lasketiir","potentialAction":[{"@type":"SearchAction","target":{"@type":"EntryPoint","urlTemplate":"https:\/\/tlk.ee\/en\/?s={search_term_string}"},"query-input":{"@type":"PropertyValueSpecification","valueRequired":true,"valueName":"search_term_string"}}],"inLanguage":"en-US"},{"@type":"Organization","@id":"https:\/\/tlk.ee\/en\/#organization","name":"Taktikalise Laskmise Keskus","url":"https:\/\/tlk.ee\/en\/","logo":{"@type":"ImageObject","inLanguage":"en-US","@id":"https:\/\/tlk.ee\/en\/#\/schema\/logo\/image\/","url":"https:\/\/tlk.ee\/wp-content\/uploads\/2024\/08\/logo-wide-TLK-EE.png","contentUrl":"https:\/\/tlk.ee\/wp-content\/uploads\/2024\/08\/logo-wide-TLK-EE.png","width":800,"height":400,"caption":"Taktikalise Laskmise Keskus"},"image":{"@id":"https:\/\/tlk.ee\/en\/#\/schema\/logo\/image\/"},"sameAs":["https:\/\/www.facebook.com\/Taktikaliselaskmisekeskus"]}]}},"_links":{"self":[{"href":"https:\/\/tlk.ee\/en\/wp-json\/wp\/v2\/product\/7201","targetHints":{"allow":["GET"]}}],"collection":[{"href":"https:\/\/tlk.ee\/en\/wp-json\/wp\/v2\/product"}],"about":[{"href":"https:\/\/tlk.ee\/en\/wp-json\/wp\/v2\/types\/product"}],"replies":[{"embeddable":true,"href":"https:\/\/tlk.ee\/en\/wp-json\/wp\/v2\/comments?post=7201"}],"wp:featuredmedia":[{"embeddable":true,"href":"https:\/\/tlk.ee\/en\/wp-json\/wp\/v2\/media\/27037"}],"wp:attachment":[{"href":"https:\/\/tlk.ee\/en\/wp-json\/wp\/v2\/media?parent=7201"}],"wp:term":[{"taxonomy":"product_brand","embeddable":true,"href":"https:\/\/tlk.ee\/en\/wp-json\/wp\/v2\/product_brand?post=7201"},{"taxonomy":"product_cat","embeddable":true,"href":"https:\/\/tlk.ee\/en\/wp-json\/wp\/v2\/product_cat?post=7201"},{"taxonomy":"product_tag","embeddable":true,"href":"https:\/\/tlk.ee\/en\/wp-json\/wp\/v2\/product_tag?post=7201"}],"curies":[{"name":"wp","href":"https:\/\/api.w.org\/{rel}","templated":true}]}}