{"id":7197,"date":"2024-05-28T11:45:14","date_gmt":"2024-05-28T11:45:14","guid":{"rendered":"https:\/\/tlk.ee\/?post_type=product&#038;p=7197"},"modified":"2025-06-18T11:23:44","modified_gmt":"2025-06-18T11:23:44","slug":"sig-sauer-p320-axg-pro","status":"publish","type":"product","link":"https:\/\/tlk.ee\/en\/webstore\/sig-sauer-p320-axg-pro\/","title":{"rendered":"Sig Sauer P320 AXG Pro"},"content":{"rendered":"<p>T\u00e4nu oma t\u00e4iustatud omadustele ja luksuslikule viimistlusele on Sig Sauer P320 AXG Pro ideaalne valik nii professionaalsetele laskuritele kui ka neile, kes hindavad kvaliteeti ja t\u00e4psust relvas.<\/p>\n<ul>\n<li><strong>Kaliiber<\/strong>\u00a09\u00d719<\/li>\n<li><strong>Salvemaht:\u00a0<\/strong>17 padrunit<\/li>\n<li><strong>2 tk. salve<\/strong><\/li>\n<\/ul>\n<p>Loe l\u00e4hemalt siit: <a href=\"https:\/\/www.sigsauer.com\/p320-axg-pro.html\">https:\/\/www.sigsauer.com\/p320-axg-pro.html<\/a><\/p>\n<p>Sig Sauer P320 AXG Pro on innovatiivne ja luksuslik poolautomaatne p\u00fcstol, mis \u00fchendab Sig Saueri tipptasemel tehnoloogia ja t\u00e4iustatud disaini. AXG (Alloy XSeries Grip) Pro mudel kasutab alumiiniumist k\u00e4epidet, mis tagab \u00fcletamatu tasakaalu ja kontrolli laskmise ajal.<\/p>\n<p>P320 AXG Pro p\u00fcstol on varustatud t\u00e4is-suuruselise raamiga, mis pakub suurep\u00e4rast stabiilsust ja t\u00e4psust. Sellel on kohandatavat ergonoomikat ja on saadaval erinevates kaliibrites, sealhulgas 9mm Luger, .40 S&amp;W ja .45 ACP, v\u00f5imaldades laskuritel valida oma eelistatud laskemoona.<\/p>\n","protected":false},"excerpt":{"rendered":"<p><strong>!!!V\u00f5imalik ka tellida Tartu esindusse!!!<\/strong><\/p>\n","protected":false},"featured_media":27011,"comment_status":"closed","ping_status":"closed","template":"","meta":[],"product_brand":[],"product_cat":[81,64],"product_tag":[285],"class_list":{"0":"post-7197","1":"product","2":"type-product","3":"status-publish","4":"has-post-thumbnail","6":"product_cat-pustolid","7":"product_cat-tulirelvad","8":"product_tag-sig-sauer","9":"pa_kaliiber-9x19","10":"pa_mudel-sig-p320","11":"pa_tootja-sig-sauer","13":"first","14":"instock","15":"sale","16":"taxable","17":"shipping-taxable","18":"product-type-simple"},"yoast_head":"<!-- This site is optimized with the Yoast SEO plugin v27.4 - https:\/\/yoast.com\/product\/yoast-seo-wordpress\/ -->\n<title>Sig Sauer P320 AXG Pro - Taktikalise Laskmise Keskus<\/title>\n<meta name=\"robots\" content=\"index, follow, max-snippet:-1, max-image-preview:large, max-video-preview:-1\" \/>\n<link rel=\"canonical\" href=\"https:\/\/tlk.ee\/en\/webstore\/sig-sauer-p320-axg-pro\/\" \/>\n<meta property=\"og:locale\" content=\"en_US\" \/>\n<meta property=\"og:type\" content=\"article\" \/>\n<meta property=\"og:title\" content=\"Sig Sauer P320 AXG Pro - Taktikalise Laskmise Keskus\" \/>\n<meta property=\"og:description\" content=\"!!!V\u00f5imalik ka tellida Tartu esindusse!!!\" \/>\n<meta property=\"og:url\" content=\"https:\/\/tlk.ee\/en\/webstore\/sig-sauer-p320-axg-pro\/\" \/>\n<meta property=\"og:site_name\" content=\"Taktikalise Laskmise Keskus\" \/>\n<meta property=\"article:publisher\" content=\"https:\/\/www.facebook.com\/Taktikaliselaskmisekeskus\" \/>\n<meta property=\"article:modified_time\" content=\"2025-06-18T11:23:44+00:00\" \/>\n<meta property=\"og:image\" content=\"https:\/\/tlk.ee\/wp-content\/uploads\/2024\/05\/Sig-Sauer-p320-axg-pro-TLK-1.jpg\" \/>\n\t<meta property=\"og:image:width\" content=\"1200\" \/>\n\t<meta property=\"og:image:height\" content=\"1200\" \/>\n\t<meta property=\"og:image:type\" content=\"image\/jpeg\" \/>\n<meta name=\"twitter:card\" content=\"summary_large_image\" \/>\n<meta name=\"twitter:label1\" content=\"Est. reading time\" \/>\n\t<meta name=\"twitter:data1\" content=\"1 minute\" \/>\n<script type=\"application\/ld+json\" class=\"yoast-schema-graph\">{\"@context\":\"https:\\\/\\\/schema.org\",\"@graph\":[{\"@type\":\"WebPage\",\"@id\":\"https:\\\/\\\/tlk.ee\\\/en\\\/webstore\\\/sig-sauer-p320-axg-pro\\\/\",\"url\":\"https:\\\/\\\/tlk.ee\\\/en\\\/webstore\\\/sig-sauer-p320-axg-pro\\\/\",\"name\":\"Sig Sauer P320 AXG Pro - Taktikalise Laskmise Keskus\",\"isPartOf\":{\"@id\":\"https:\\\/\\\/tlk.ee\\\/en\\\/#website\"},\"primaryImageOfPage\":{\"@id\":\"https:\\\/\\\/tlk.ee\\\/en\\\/webstore\\\/sig-sauer-p320-axg-pro\\\/#primaryimage\"},\"image\":{\"@id\":\"https:\\\/\\\/tlk.ee\\\/en\\\/webstore\\\/sig-sauer-p320-axg-pro\\\/#primaryimage\"},\"thumbnailUrl\":\"https:\\\/\\\/tlk.ee\\\/wp-content\\\/uploads\\\/2024\\\/05\\\/Sig-Sauer-p320-axg-pro-TLK-1.jpg\",\"datePublished\":\"2024-05-28T11:45:14+00:00\",\"dateModified\":\"2025-06-18T11:23:44+00:00\",\"breadcrumb\":{\"@id\":\"https:\\\/\\\/tlk.ee\\\/en\\\/webstore\\\/sig-sauer-p320-axg-pro\\\/#breadcrumb\"},\"inLanguage\":\"en-US\",\"potentialAction\":[{\"@type\":\"ReadAction\",\"target\":[\"https:\\\/\\\/tlk.ee\\\/en\\\/webstore\\\/sig-sauer-p320-axg-pro\\\/\"]}]},{\"@type\":\"ImageObject\",\"inLanguage\":\"en-US\",\"@id\":\"https:\\\/\\\/tlk.ee\\\/en\\\/webstore\\\/sig-sauer-p320-axg-pro\\\/#primaryimage\",\"url\":\"https:\\\/\\\/tlk.ee\\\/wp-content\\\/uploads\\\/2024\\\/05\\\/Sig-Sauer-p320-axg-pro-TLK-1.jpg\",\"contentUrl\":\"https:\\\/\\\/tlk.ee\\\/wp-content\\\/uploads\\\/2024\\\/05\\\/Sig-Sauer-p320-axg-pro-TLK-1.jpg\",\"width\":1200,\"height\":1200},{\"@type\":\"BreadcrumbList\",\"@id\":\"https:\\\/\\\/tlk.ee\\\/en\\\/webstore\\\/sig-sauer-p320-axg-pro\\\/#breadcrumb\",\"itemListElement\":[{\"@type\":\"ListItem\",\"position\":1,\"name\":\"Home\",\"item\":\"https:\\\/\\\/tlk.ee\\\/en\\\/\"},{\"@type\":\"ListItem\",\"position\":2,\"name\":\"E-shop\",\"item\":\"https:\\\/\\\/tlk.ee\\\/e-pood\\\/\"},{\"@type\":\"ListItem\",\"position\":3,\"name\":\"Sig Sauer P320 AXG Pro\"}]},{\"@type\":\"WebSite\",\"@id\":\"https:\\\/\\\/tlk.ee\\\/en\\\/#website\",\"url\":\"https:\\\/\\\/tlk.ee\\\/en\\\/\",\"name\":\"Taktikalise Laskmise Keskus\",\"description\":\"Parima varustusega lasketiir Euroopas\",\"publisher\":{\"@id\":\"https:\\\/\\\/tlk.ee\\\/en\\\/#organization\"},\"alternateName\":\"TLK - lasketiir\",\"potentialAction\":[{\"@type\":\"SearchAction\",\"target\":{\"@type\":\"EntryPoint\",\"urlTemplate\":\"https:\\\/\\\/tlk.ee\\\/en\\\/?s={search_term_string}\"},\"query-input\":{\"@type\":\"PropertyValueSpecification\",\"valueRequired\":true,\"valueName\":\"search_term_string\"}}],\"inLanguage\":\"en-US\"},{\"@type\":\"Organization\",\"@id\":\"https:\\\/\\\/tlk.ee\\\/en\\\/#organization\",\"name\":\"Taktikalise Laskmise Keskus\",\"url\":\"https:\\\/\\\/tlk.ee\\\/en\\\/\",\"logo\":{\"@type\":\"ImageObject\",\"inLanguage\":\"en-US\",\"@id\":\"https:\\\/\\\/tlk.ee\\\/en\\\/#\\\/schema\\\/logo\\\/image\\\/\",\"url\":\"https:\\\/\\\/tlk.ee\\\/wp-content\\\/uploads\\\/2024\\\/08\\\/logo-wide-TLK-EE.png\",\"contentUrl\":\"https:\\\/\\\/tlk.ee\\\/wp-content\\\/uploads\\\/2024\\\/08\\\/logo-wide-TLK-EE.png\",\"width\":800,\"height\":400,\"caption\":\"Taktikalise Laskmise Keskus\"},\"image\":{\"@id\":\"https:\\\/\\\/tlk.ee\\\/en\\\/#\\\/schema\\\/logo\\\/image\\\/\"},\"sameAs\":[\"https:\\\/\\\/www.facebook.com\\\/Taktikaliselaskmisekeskus\"]}]}<\/script>\n<!-- \/ Yoast SEO plugin. -->","yoast_head_json":{"title":"Sig Sauer P320 AXG Pro - Taktikalise Laskmise Keskus","robots":{"index":"index","follow":"follow","max-snippet":"max-snippet:-1","max-image-preview":"max-image-preview:large","max-video-preview":"max-video-preview:-1"},"canonical":"https:\/\/tlk.ee\/en\/webstore\/sig-sauer-p320-axg-pro\/","og_locale":"en_US","og_type":"article","og_title":"Sig Sauer P320 AXG Pro - Taktikalise Laskmise Keskus","og_description":"!!!V\u00f5imalik ka tellida Tartu esindusse!!!","og_url":"https:\/\/tlk.ee\/en\/webstore\/sig-sauer-p320-axg-pro\/","og_site_name":"Taktikalise Laskmise Keskus","article_publisher":"https:\/\/www.facebook.com\/Taktikaliselaskmisekeskus","article_modified_time":"2025-06-18T11:23:44+00:00","og_image":[{"width":1200,"height":1200,"url":"https:\/\/tlk.ee\/wp-content\/uploads\/2024\/05\/Sig-Sauer-p320-axg-pro-TLK-1.jpg","type":"image\/jpeg"}],"twitter_card":"summary_large_image","twitter_misc":{"Est. reading time":"1 minute"},"schema":{"@context":"https:\/\/schema.org","@graph":[{"@type":"WebPage","@id":"https:\/\/tlk.ee\/en\/webstore\/sig-sauer-p320-axg-pro\/","url":"https:\/\/tlk.ee\/en\/webstore\/sig-sauer-p320-axg-pro\/","name":"Sig Sauer P320 AXG Pro - Taktikalise Laskmise Keskus","isPartOf":{"@id":"https:\/\/tlk.ee\/en\/#website"},"primaryImageOfPage":{"@id":"https:\/\/tlk.ee\/en\/webstore\/sig-sauer-p320-axg-pro\/#primaryimage"},"image":{"@id":"https:\/\/tlk.ee\/en\/webstore\/sig-sauer-p320-axg-pro\/#primaryimage"},"thumbnailUrl":"https:\/\/tlk.ee\/wp-content\/uploads\/2024\/05\/Sig-Sauer-p320-axg-pro-TLK-1.jpg","datePublished":"2024-05-28T11:45:14+00:00","dateModified":"2025-06-18T11:23:44+00:00","breadcrumb":{"@id":"https:\/\/tlk.ee\/en\/webstore\/sig-sauer-p320-axg-pro\/#breadcrumb"},"inLanguage":"en-US","potentialAction":[{"@type":"ReadAction","target":["https:\/\/tlk.ee\/en\/webstore\/sig-sauer-p320-axg-pro\/"]}]},{"@type":"ImageObject","inLanguage":"en-US","@id":"https:\/\/tlk.ee\/en\/webstore\/sig-sauer-p320-axg-pro\/#primaryimage","url":"https:\/\/tlk.ee\/wp-content\/uploads\/2024\/05\/Sig-Sauer-p320-axg-pro-TLK-1.jpg","contentUrl":"https:\/\/tlk.ee\/wp-content\/uploads\/2024\/05\/Sig-Sauer-p320-axg-pro-TLK-1.jpg","width":1200,"height":1200},{"@type":"BreadcrumbList","@id":"https:\/\/tlk.ee\/en\/webstore\/sig-sauer-p320-axg-pro\/#breadcrumb","itemListElement":[{"@type":"ListItem","position":1,"name":"Home","item":"https:\/\/tlk.ee\/en\/"},{"@type":"ListItem","position":2,"name":"E-shop","item":"https:\/\/tlk.ee\/e-pood\/"},{"@type":"ListItem","position":3,"name":"Sig Sauer P320 AXG Pro"}]},{"@type":"WebSite","@id":"https:\/\/tlk.ee\/en\/#website","url":"https:\/\/tlk.ee\/en\/","name":"Taktikalise Laskmise Keskus","description":"Parima varustusega lasketiir Euroopas","publisher":{"@id":"https:\/\/tlk.ee\/en\/#organization"},"alternateName":"TLK - lasketiir","potentialAction":[{"@type":"SearchAction","target":{"@type":"EntryPoint","urlTemplate":"https:\/\/tlk.ee\/en\/?s={search_term_string}"},"query-input":{"@type":"PropertyValueSpecification","valueRequired":true,"valueName":"search_term_string"}}],"inLanguage":"en-US"},{"@type":"Organization","@id":"https:\/\/tlk.ee\/en\/#organization","name":"Taktikalise Laskmise Keskus","url":"https:\/\/tlk.ee\/en\/","logo":{"@type":"ImageObject","inLanguage":"en-US","@id":"https:\/\/tlk.ee\/en\/#\/schema\/logo\/image\/","url":"https:\/\/tlk.ee\/wp-content\/uploads\/2024\/08\/logo-wide-TLK-EE.png","contentUrl":"https:\/\/tlk.ee\/wp-content\/uploads\/2024\/08\/logo-wide-TLK-EE.png","width":800,"height":400,"caption":"Taktikalise Laskmise Keskus"},"image":{"@id":"https:\/\/tlk.ee\/en\/#\/schema\/logo\/image\/"},"sameAs":["https:\/\/www.facebook.com\/Taktikaliselaskmisekeskus"]}]}},"_links":{"self":[{"href":"https:\/\/tlk.ee\/en\/wp-json\/wp\/v2\/product\/7197","targetHints":{"allow":["GET"]}}],"collection":[{"href":"https:\/\/tlk.ee\/en\/wp-json\/wp\/v2\/product"}],"about":[{"href":"https:\/\/tlk.ee\/en\/wp-json\/wp\/v2\/types\/product"}],"replies":[{"embeddable":true,"href":"https:\/\/tlk.ee\/en\/wp-json\/wp\/v2\/comments?post=7197"}],"wp:featuredmedia":[{"embeddable":true,"href":"https:\/\/tlk.ee\/en\/wp-json\/wp\/v2\/media\/27011"}],"wp:attachment":[{"href":"https:\/\/tlk.ee\/en\/wp-json\/wp\/v2\/media?parent=7197"}],"wp:term":[{"taxonomy":"product_brand","embeddable":true,"href":"https:\/\/tlk.ee\/en\/wp-json\/wp\/v2\/product_brand?post=7197"},{"taxonomy":"product_cat","embeddable":true,"href":"https:\/\/tlk.ee\/en\/wp-json\/wp\/v2\/product_cat?post=7197"},{"taxonomy":"product_tag","embeddable":true,"href":"https:\/\/tlk.ee\/en\/wp-json\/wp\/v2\/product_tag?post=7197"}],"curies":[{"name":"wp","href":"https:\/\/api.w.org\/{rel}","templated":true}]}}