{"id":7192,"date":"2024-05-28T11:45:14","date_gmt":"2024-05-28T11:45:14","guid":{"rendered":"https:\/\/tlk.ee\/?post_type=product&#038;p=7192"},"modified":"2025-06-18T09:12:33","modified_gmt":"2025-06-18T09:12:33","slug":"taurus-raging-hunter-44mag-51-black-duo-tone","status":"publish","type":"product","link":"https:\/\/tlk.ee\/en\/webstore\/taurus-raging-hunter-44mag-51-black-duo-tone\/","title":{"rendered":"Taurus Raging Hunter .44Mag 5,1&#8243; Black Duo Tone"},"content":{"rendered":"<ul>\n<li><strong>Raua pikkus 6\u201d<\/strong><\/li>\n<li><strong>Kaliiber<\/strong> .44mag (.44spl laseb ka)<\/li>\n<li><strong>Trumlimaht:\u00a0<\/strong>6\u00a0padrunit<\/li>\n<li><strong>Sihikud:<\/strong>\u00a0Reguleeritav tagumine sihik<\/li>\n<li><strong>Action type:\u00a0<\/strong>Double action\/Single action<\/li>\n<li><strong>Picatinny kinnitus<\/strong><\/li>\n<li><strong>Kompensaator<\/strong><\/li>\n<\/ul>\n<p><strong>TAURUS RAGING HUNTER 44 MAG 5,1&#8243; BLACK DUO TONE PICATINNY + KOMPENSATOR<\/strong><\/p>\n<p>2019. aasta American Hunter&#8217;i k\u00e4sirelva kuldse m\u00e4rklaua auhinna v\u00f5itja, Taurus Raging Hunter on j\u00e4rgmise p\u00f5lvkonna suur kaliibriga revolver, mis on esimene innovatsioonis ja ehitatud vastupidavusele. L\u00f5bus ja efektiivne alternatiiv l\u00fchikeste kuni keskmiste vahemaade jahilaskmise olukordades, see .44 Magnum kuue padrunit mahutav revolver on saadaval mattmusta v\u00f5i kahev\u00e4rvilise viimistlusega. Selle revolutsiooniline nurkne toru disain v\u00e4hendab \u00fcldkaalu, samal ajal kui tehases h\u00e4\u00e4lestatud portsjonid ja gaasi laienduskamber v\u00e4hendavad sihtmise t\u00f5stmist kiiremaks sihile saamiseks. Polsterdatud sisestatud k\u00e4epidemed tagavad mugava ja kontrollitava laskmise kogemuse.<\/p>\n<p>Taurus Raging Hunter .44 Magnum 5,1-tolline must-kroom duotoon on v\u00f5imas ja t\u00e4pne revolver. Selle eristuva 5,1-tollise toruga ning silmatorkava must-kroom duotooni viimistlusega relv \u00fchendab endas tugevat vastupidavust ja elegantset v\u00e4limust. Disainitud silmapaistva j\u00f5udluse tagamiseks, pakub see \u00fcletamatut tasakaalu ja ergonoomikat, olles suurep\u00e4rane valik nii jahimeestele kui ka lasketiirude k\u00fclastajatele. Olgu tegemist v\u00e4litingimustega v\u00f5i lasketiirus harjutamisega, Taurus Raging Hunter .44 Magnum pakub enneolematut usaldusv\u00e4\u00e4rsust ja t\u00e4psust, olles kaasaegse revolvri disaini tipphetk.<\/p>\n","protected":false},"excerpt":{"rendered":"<p><strong>!!!V\u00f5imalik ka tellida Tartu esindusse!!!<\/strong><\/p>\n","protected":false},"featured_media":27080,"comment_status":"closed","ping_status":"closed","template":"","meta":[],"product_brand":[],"product_cat":[83,64],"product_tag":[286],"class_list":{"0":"post-7192","1":"product","2":"type-product","3":"status-publish","4":"has-post-thumbnail","6":"product_cat-revolvrid","7":"product_cat-tulirelvad","8":"product_tag-taurus","9":"pa_tootja-taurus","11":"first","12":"instock","13":"sale","14":"taxable","15":"shipping-taxable","16":"product-type-simple"},"yoast_head":"<!-- This site is optimized with the Yoast SEO plugin v27.4 - https:\/\/yoast.com\/product\/yoast-seo-wordpress\/ -->\n<title>Taurus Raging Hunter .44Mag 5,1&quot; Black Duo Tone - Taktikalise Laskmise Keskus<\/title>\n<meta name=\"robots\" content=\"index, follow, max-snippet:-1, max-image-preview:large, max-video-preview:-1\" \/>\n<link rel=\"canonical\" href=\"https:\/\/tlk.ee\/en\/webstore\/taurus-raging-hunter-44mag-51-black-duo-tone\/\" \/>\n<meta property=\"og:locale\" content=\"en_US\" \/>\n<meta property=\"og:type\" content=\"article\" \/>\n<meta property=\"og:title\" content=\"Taurus Raging Hunter .44Mag 5,1&quot; Black Duo Tone - Taktikalise Laskmise Keskus\" \/>\n<meta property=\"og:description\" content=\"!!!V\u00f5imalik ka tellida Tartu esindusse!!!\" \/>\n<meta property=\"og:url\" content=\"https:\/\/tlk.ee\/en\/webstore\/taurus-raging-hunter-44mag-51-black-duo-tone\/\" \/>\n<meta property=\"og:site_name\" content=\"Taktikalise Laskmise Keskus\" \/>\n<meta property=\"article:publisher\" content=\"https:\/\/www.facebook.com\/Taktikaliselaskmisekeskus\" \/>\n<meta property=\"article:modified_time\" content=\"2025-06-18T09:12:33+00:00\" \/>\n<meta property=\"og:image\" content=\"https:\/\/tlk.ee\/wp-content\/uploads\/2024\/05\/Taurus-Raging-Hunter-44mag-51-duo-TLK-1.jpg\" \/>\n\t<meta property=\"og:image:width\" content=\"1200\" \/>\n\t<meta property=\"og:image:height\" content=\"1200\" \/>\n\t<meta property=\"og:image:type\" content=\"image\/jpeg\" \/>\n<meta name=\"twitter:card\" content=\"summary_large_image\" \/>\n<meta name=\"twitter:label1\" content=\"Est. reading time\" \/>\n\t<meta name=\"twitter:data1\" content=\"2 minutes\" \/>\n<script type=\"application\/ld+json\" class=\"yoast-schema-graph\">{\"@context\":\"https:\\\/\\\/schema.org\",\"@graph\":[{\"@type\":\"WebPage\",\"@id\":\"https:\\\/\\\/tlk.ee\\\/en\\\/webstore\\\/taurus-raging-hunter-44mag-51-black-duo-tone\\\/\",\"url\":\"https:\\\/\\\/tlk.ee\\\/en\\\/webstore\\\/taurus-raging-hunter-44mag-51-black-duo-tone\\\/\",\"name\":\"Taurus Raging Hunter .44Mag 5,1\\\" Black Duo Tone - Taktikalise Laskmise Keskus\",\"isPartOf\":{\"@id\":\"https:\\\/\\\/tlk.ee\\\/en\\\/#website\"},\"primaryImageOfPage\":{\"@id\":\"https:\\\/\\\/tlk.ee\\\/en\\\/webstore\\\/taurus-raging-hunter-44mag-51-black-duo-tone\\\/#primaryimage\"},\"image\":{\"@id\":\"https:\\\/\\\/tlk.ee\\\/en\\\/webstore\\\/taurus-raging-hunter-44mag-51-black-duo-tone\\\/#primaryimage\"},\"thumbnailUrl\":\"https:\\\/\\\/tlk.ee\\\/wp-content\\\/uploads\\\/2024\\\/05\\\/Taurus-Raging-Hunter-44mag-51-duo-TLK-1.jpg\",\"datePublished\":\"2024-05-28T11:45:14+00:00\",\"dateModified\":\"2025-06-18T09:12:33+00:00\",\"breadcrumb\":{\"@id\":\"https:\\\/\\\/tlk.ee\\\/en\\\/webstore\\\/taurus-raging-hunter-44mag-51-black-duo-tone\\\/#breadcrumb\"},\"inLanguage\":\"en-US\",\"potentialAction\":[{\"@type\":\"ReadAction\",\"target\":[\"https:\\\/\\\/tlk.ee\\\/en\\\/webstore\\\/taurus-raging-hunter-44mag-51-black-duo-tone\\\/\"]}]},{\"@type\":\"ImageObject\",\"inLanguage\":\"en-US\",\"@id\":\"https:\\\/\\\/tlk.ee\\\/en\\\/webstore\\\/taurus-raging-hunter-44mag-51-black-duo-tone\\\/#primaryimage\",\"url\":\"https:\\\/\\\/tlk.ee\\\/wp-content\\\/uploads\\\/2024\\\/05\\\/Taurus-Raging-Hunter-44mag-51-duo-TLK-1.jpg\",\"contentUrl\":\"https:\\\/\\\/tlk.ee\\\/wp-content\\\/uploads\\\/2024\\\/05\\\/Taurus-Raging-Hunter-44mag-51-duo-TLK-1.jpg\",\"width\":1200,\"height\":1200},{\"@type\":\"BreadcrumbList\",\"@id\":\"https:\\\/\\\/tlk.ee\\\/en\\\/webstore\\\/taurus-raging-hunter-44mag-51-black-duo-tone\\\/#breadcrumb\",\"itemListElement\":[{\"@type\":\"ListItem\",\"position\":1,\"name\":\"Home\",\"item\":\"https:\\\/\\\/tlk.ee\\\/en\\\/\"},{\"@type\":\"ListItem\",\"position\":2,\"name\":\"E-shop\",\"item\":\"https:\\\/\\\/tlk.ee\\\/e-pood\\\/\"},{\"@type\":\"ListItem\",\"position\":3,\"name\":\"Taurus Raging Hunter .44Mag 5,1&#8243; Black Duo Tone\"}]},{\"@type\":\"WebSite\",\"@id\":\"https:\\\/\\\/tlk.ee\\\/en\\\/#website\",\"url\":\"https:\\\/\\\/tlk.ee\\\/en\\\/\",\"name\":\"Taktikalise Laskmise Keskus\",\"description\":\"Parima varustusega lasketiir Euroopas\",\"publisher\":{\"@id\":\"https:\\\/\\\/tlk.ee\\\/en\\\/#organization\"},\"alternateName\":\"TLK - lasketiir\",\"potentialAction\":[{\"@type\":\"SearchAction\",\"target\":{\"@type\":\"EntryPoint\",\"urlTemplate\":\"https:\\\/\\\/tlk.ee\\\/en\\\/?s={search_term_string}\"},\"query-input\":{\"@type\":\"PropertyValueSpecification\",\"valueRequired\":true,\"valueName\":\"search_term_string\"}}],\"inLanguage\":\"en-US\"},{\"@type\":\"Organization\",\"@id\":\"https:\\\/\\\/tlk.ee\\\/en\\\/#organization\",\"name\":\"Taktikalise Laskmise Keskus\",\"url\":\"https:\\\/\\\/tlk.ee\\\/en\\\/\",\"logo\":{\"@type\":\"ImageObject\",\"inLanguage\":\"en-US\",\"@id\":\"https:\\\/\\\/tlk.ee\\\/en\\\/#\\\/schema\\\/logo\\\/image\\\/\",\"url\":\"https:\\\/\\\/tlk.ee\\\/wp-content\\\/uploads\\\/2024\\\/08\\\/logo-wide-TLK-EE.png\",\"contentUrl\":\"https:\\\/\\\/tlk.ee\\\/wp-content\\\/uploads\\\/2024\\\/08\\\/logo-wide-TLK-EE.png\",\"width\":800,\"height\":400,\"caption\":\"Taktikalise Laskmise Keskus\"},\"image\":{\"@id\":\"https:\\\/\\\/tlk.ee\\\/en\\\/#\\\/schema\\\/logo\\\/image\\\/\"},\"sameAs\":[\"https:\\\/\\\/www.facebook.com\\\/Taktikaliselaskmisekeskus\"]}]}<\/script>\n<!-- \/ Yoast SEO plugin. -->","yoast_head_json":{"title":"Taurus Raging Hunter .44Mag 5,1\" Black Duo Tone - Taktikalise Laskmise Keskus","robots":{"index":"index","follow":"follow","max-snippet":"max-snippet:-1","max-image-preview":"max-image-preview:large","max-video-preview":"max-video-preview:-1"},"canonical":"https:\/\/tlk.ee\/en\/webstore\/taurus-raging-hunter-44mag-51-black-duo-tone\/","og_locale":"en_US","og_type":"article","og_title":"Taurus Raging Hunter .44Mag 5,1\" Black Duo Tone - Taktikalise Laskmise Keskus","og_description":"!!!V\u00f5imalik ka tellida Tartu esindusse!!!","og_url":"https:\/\/tlk.ee\/en\/webstore\/taurus-raging-hunter-44mag-51-black-duo-tone\/","og_site_name":"Taktikalise Laskmise Keskus","article_publisher":"https:\/\/www.facebook.com\/Taktikaliselaskmisekeskus","article_modified_time":"2025-06-18T09:12:33+00:00","og_image":[{"width":1200,"height":1200,"url":"https:\/\/tlk.ee\/wp-content\/uploads\/2024\/05\/Taurus-Raging-Hunter-44mag-51-duo-TLK-1.jpg","type":"image\/jpeg"}],"twitter_card":"summary_large_image","twitter_misc":{"Est. reading time":"2 minutes"},"schema":{"@context":"https:\/\/schema.org","@graph":[{"@type":"WebPage","@id":"https:\/\/tlk.ee\/en\/webstore\/taurus-raging-hunter-44mag-51-black-duo-tone\/","url":"https:\/\/tlk.ee\/en\/webstore\/taurus-raging-hunter-44mag-51-black-duo-tone\/","name":"Taurus Raging Hunter .44Mag 5,1\" Black Duo Tone - Taktikalise Laskmise Keskus","isPartOf":{"@id":"https:\/\/tlk.ee\/en\/#website"},"primaryImageOfPage":{"@id":"https:\/\/tlk.ee\/en\/webstore\/taurus-raging-hunter-44mag-51-black-duo-tone\/#primaryimage"},"image":{"@id":"https:\/\/tlk.ee\/en\/webstore\/taurus-raging-hunter-44mag-51-black-duo-tone\/#primaryimage"},"thumbnailUrl":"https:\/\/tlk.ee\/wp-content\/uploads\/2024\/05\/Taurus-Raging-Hunter-44mag-51-duo-TLK-1.jpg","datePublished":"2024-05-28T11:45:14+00:00","dateModified":"2025-06-18T09:12:33+00:00","breadcrumb":{"@id":"https:\/\/tlk.ee\/en\/webstore\/taurus-raging-hunter-44mag-51-black-duo-tone\/#breadcrumb"},"inLanguage":"en-US","potentialAction":[{"@type":"ReadAction","target":["https:\/\/tlk.ee\/en\/webstore\/taurus-raging-hunter-44mag-51-black-duo-tone\/"]}]},{"@type":"ImageObject","inLanguage":"en-US","@id":"https:\/\/tlk.ee\/en\/webstore\/taurus-raging-hunter-44mag-51-black-duo-tone\/#primaryimage","url":"https:\/\/tlk.ee\/wp-content\/uploads\/2024\/05\/Taurus-Raging-Hunter-44mag-51-duo-TLK-1.jpg","contentUrl":"https:\/\/tlk.ee\/wp-content\/uploads\/2024\/05\/Taurus-Raging-Hunter-44mag-51-duo-TLK-1.jpg","width":1200,"height":1200},{"@type":"BreadcrumbList","@id":"https:\/\/tlk.ee\/en\/webstore\/taurus-raging-hunter-44mag-51-black-duo-tone\/#breadcrumb","itemListElement":[{"@type":"ListItem","position":1,"name":"Home","item":"https:\/\/tlk.ee\/en\/"},{"@type":"ListItem","position":2,"name":"E-shop","item":"https:\/\/tlk.ee\/e-pood\/"},{"@type":"ListItem","position":3,"name":"Taurus Raging Hunter .44Mag 5,1&#8243; Black Duo Tone"}]},{"@type":"WebSite","@id":"https:\/\/tlk.ee\/en\/#website","url":"https:\/\/tlk.ee\/en\/","name":"Taktikalise Laskmise Keskus","description":"Parima varustusega lasketiir Euroopas","publisher":{"@id":"https:\/\/tlk.ee\/en\/#organization"},"alternateName":"TLK - lasketiir","potentialAction":[{"@type":"SearchAction","target":{"@type":"EntryPoint","urlTemplate":"https:\/\/tlk.ee\/en\/?s={search_term_string}"},"query-input":{"@type":"PropertyValueSpecification","valueRequired":true,"valueName":"search_term_string"}}],"inLanguage":"en-US"},{"@type":"Organization","@id":"https:\/\/tlk.ee\/en\/#organization","name":"Taktikalise Laskmise Keskus","url":"https:\/\/tlk.ee\/en\/","logo":{"@type":"ImageObject","inLanguage":"en-US","@id":"https:\/\/tlk.ee\/en\/#\/schema\/logo\/image\/","url":"https:\/\/tlk.ee\/wp-content\/uploads\/2024\/08\/logo-wide-TLK-EE.png","contentUrl":"https:\/\/tlk.ee\/wp-content\/uploads\/2024\/08\/logo-wide-TLK-EE.png","width":800,"height":400,"caption":"Taktikalise Laskmise Keskus"},"image":{"@id":"https:\/\/tlk.ee\/en\/#\/schema\/logo\/image\/"},"sameAs":["https:\/\/www.facebook.com\/Taktikaliselaskmisekeskus"]}]}},"_links":{"self":[{"href":"https:\/\/tlk.ee\/en\/wp-json\/wp\/v2\/product\/7192","targetHints":{"allow":["GET"]}}],"collection":[{"href":"https:\/\/tlk.ee\/en\/wp-json\/wp\/v2\/product"}],"about":[{"href":"https:\/\/tlk.ee\/en\/wp-json\/wp\/v2\/types\/product"}],"replies":[{"embeddable":true,"href":"https:\/\/tlk.ee\/en\/wp-json\/wp\/v2\/comments?post=7192"}],"wp:featuredmedia":[{"embeddable":true,"href":"https:\/\/tlk.ee\/en\/wp-json\/wp\/v2\/media\/27080"}],"wp:attachment":[{"href":"https:\/\/tlk.ee\/en\/wp-json\/wp\/v2\/media?parent=7192"}],"wp:term":[{"taxonomy":"product_brand","embeddable":true,"href":"https:\/\/tlk.ee\/en\/wp-json\/wp\/v2\/product_brand?post=7192"},{"taxonomy":"product_cat","embeddable":true,"href":"https:\/\/tlk.ee\/en\/wp-json\/wp\/v2\/product_cat?post=7192"},{"taxonomy":"product_tag","embeddable":true,"href":"https:\/\/tlk.ee\/en\/wp-json\/wp\/v2\/product_tag?post=7192"}],"curies":[{"name":"wp","href":"https:\/\/api.w.org\/{rel}","templated":true}]}}