{"id":6534,"date":"2024-05-28T11:40:59","date_gmt":"2024-05-28T11:40:59","guid":{"rendered":"https:\/\/tlk.ee\/?post_type=product&#038;p=6534"},"modified":"2026-01-14T15:02:08","modified_gmt":"2026-01-14T15:02:08","slug":"glock-43x-combo-shield-streamlight","status":"publish","type":"product","link":"https:\/\/tlk.ee\/en\/webstore\/glock-43x-combo-shield-streamlight\/","title":{"rendered":"Glock 43X Combo Shield\/Streamlight"},"content":{"rendered":"<div class=\"rich-text \">\n<div class=\"rich-text__body\"><span class=\"fs-heading-three\"><strong>Shield RMSc\u00a0<\/strong>\u2013 Reflex Mini Sight Compact<\/span><strong><br \/>\n<\/strong>A red dot sight that maintains full functionality in a slim housing designed for concealed carry handguns like the G43X MOS<span class=\"ft-light\"><span class=\"fs-heading-four\">TECHNICAL SPECIFICATIONS*<\/span><\/span><\/div>\n<div><\/div>\n<div>\u00a0<a href=\"https:\/\/www.shieldsights.com\/portfolio-posts\/reflex-mini-sight-compact\">https:\/\/www.shieldsights.com\/portfolio-posts\/reflex-mini-sight-compact<\/a><\/div>\n<\/div>\n<section class=\"column-layout column-layout--four column-layout--no-bottom column-layout--no-top \">\n<div class=\"column-layout__wrapper\">\n<div class=\"column-layout__item \">\n<div class=\"rich-text \">\n<p><strong>TLR-7<sup>\u00ae<\/sup> SUB GUN LIGHT &#8211; <\/strong>500 Lumen Tactical Weapon Light Designed for Subcompact Handguns<\/p>\n<p><a href=\"https:\/\/www.streamlight.com\/products\/detail\/tlr-7-sub\">https:\/\/www.streamlight.com\/products\/detail\/tlr-7-sub<\/a><\/p>\n<\/div>\n<p><img loading=\"lazy\" decoding=\"async\" class=\"\" src=\"https:\/\/eu.glock.com\/static\/img\/png\/pistol-specs-caliber.png\" width=\"124\" height=\"124\" \/>\u00a0 \u00a0 \u00a0 \u00a0 \u00a0 \u00a0 \u00a0 \u00a0 \u00a0<strong>9\u00d719<\/strong><strong>\u00a0 \u00a0 \u00a0 \u00a0 \u00a0 \u00a0 \u00a0 \u00a0 \u00a0<\/strong><img loading=\"lazy\" decoding=\"async\" class=\"\" src=\"https:\/\/eu.glock.com\/static\/img\/png\/pistol-specs-system.png\" width=\"126\" height=\"126\" \/><strong>\u00a0<\/strong>\u00a0 \u00a0 \u00a0 \u00a0<strong>Safe Action<sup>\u00ae<\/sup><\/strong><\/p>\n<div class=\"pistoldetail__technicaldata__item pistoldetail__listarea__item\">\n<div class=\"pistoldetail__listarea__item__image\"><img loading=\"lazy\" decoding=\"async\" class=\"\" src=\"https:\/\/eu.glock.com\/static\/img\/png\/pistol-specs-magazine-capacity.png\" width=\"167\" height=\"167\" \/>\u00a0<strong>10 padrunit<\/strong>\u00a0\u00a0\u00a0<img loading=\"lazy\" decoding=\"async\" class=\"\" src=\"https:\/\/eu.glock.com\/static\/img\/png\/pistol-specs-barrel-length.png\" width=\"188\" height=\"188\" \/><strong>Raud<\/strong> <strong>87 mm\u00a0<\/strong><\/div>\n<\/div>\n<div class=\"pistoldetail__technicaldata__item pistoldetail__listarea__item\">\n<div class=\"pistoldetail__listarea__item__image\"><img loading=\"lazy\" decoding=\"async\" class=\"\" src=\"https:\/\/eu.glock.com\/static\/img\/png\/pistol-specs-weight-wo-magazine.png\" width=\"192\" height=\"192\" \/><strong> 461 g\u00a0 \u00a0 \u00a0 \u00a0 \u00a0 \u00a0 \u00a0 \u00a0 \u00a0<\/strong>\u00a0<img loading=\"lazy\" decoding=\"async\" class=\"\" src=\"https:\/\/eu.glock.com\/static\/img\/png\/pistol-specs-weight-w-empty-magazine.png\" width=\"177\" height=\"177\" \/><strong>526 g<\/strong><\/div>\n<\/div>\n<div class=\"pistoldetail__technicaldata__item pistoldetail__listarea__item\">\n<div class=\"pistoldetail__listarea__item__image\"><img loading=\"lazy\" decoding=\"async\" class=\"\" src=\"https:\/\/eu.glock.com\/static\/img\/png\/pistol-specs-weight-w-loaded-magazine.png\" width=\"174\" height=\"174\" \/>\u00a0 \u00a0 <strong>651 g\u00a0 \u00a0 \u00a0 \u00a0 \u00a0 \u00a0 \u00a0<\/strong>\u00a0<img loading=\"lazy\" decoding=\"async\" class=\"\" src=\"https:\/\/eu.glock.com\/static\/img\/png\/pistol-specs-trigger-pull.png\" width=\"162\" height=\"162\" \/><strong>\u00a0 \u00a0 \u00a0 \u00a024 N<\/strong><\/div>\n<\/div>\n<div class=\"rich-text \">\n<p>&nbsp;<\/p>\n<\/div>\n<\/div>\n<\/div>\n<\/section>\n","protected":false},"excerpt":{"rendered":"<p><strong>J\u00f5ustruktuuride liikmetele, t\u00f6\u00f6tajatele (PPA, Kaitsev\u00e4gi, Kaitseliit ja P\u00e4\u00e4steamet) ja relvaloakoolituse osalejatele kehtib 15% soodustus tavahinnast.<\/strong><\/p>\n<p><strong>!!!V\u00f5imalik ka tellida Tartu esindusse!!!<\/strong><\/p>\n","protected":false},"featured_media":35685,"comment_status":"closed","ping_status":"closed","template":"","meta":[],"product_brand":[],"product_cat":[356,81,64],"product_tag":[204],"class_list":{"0":"post-6534","1":"product","2":"type-product","3":"status-publish","4":"has-post-thumbnail","6":"product_cat-eripakkumine","7":"product_cat-pustolid","8":"product_cat-tulirelvad","9":"product_tag-glock","10":"pa_kaliiber-9x19","11":"pa_mudel-glock-43x","12":"pa_tootja-glock","14":"first","15":"instock","16":"sale","17":"taxable","18":"shipping-taxable","19":"product-type-simple"},"yoast_head":"<!-- This site is optimized with the Yoast SEO plugin v27.4 - https:\/\/yoast.com\/product\/yoast-seo-wordpress\/ -->\n<title>Glock 43X Combo Shield\/Streamlight - Taktikalise Laskmise Keskus<\/title>\n<meta name=\"robots\" content=\"index, follow, max-snippet:-1, max-image-preview:large, max-video-preview:-1\" \/>\n<link rel=\"canonical\" href=\"https:\/\/tlk.ee\/en\/webstore\/glock-43x-combo-shield-streamlight\/\" \/>\n<meta property=\"og:locale\" content=\"en_US\" \/>\n<meta property=\"og:type\" content=\"article\" \/>\n<meta property=\"og:title\" content=\"Glock 43X Combo Shield\/Streamlight - Taktikalise Laskmise Keskus\" \/>\n<meta property=\"og:description\" content=\"J\u00f5ustruktuuride liikmetele, t\u00f6\u00f6tajatele (PPA, Kaitsev\u00e4gi, Kaitseliit ja P\u00e4\u00e4steamet) ja relvaloakoolituse osalejatele kehtib 15% soodustus tavahinnast.  !!!V\u00f5imalik ka tellida Tartu esindusse!!!\" \/>\n<meta property=\"og:url\" content=\"https:\/\/tlk.ee\/en\/webstore\/glock-43x-combo-shield-streamlight\/\" \/>\n<meta property=\"og:site_name\" content=\"Taktikalise Laskmise Keskus\" \/>\n<meta property=\"article:publisher\" content=\"https:\/\/www.facebook.com\/Taktikaliselaskmisekeskus\" \/>\n<meta property=\"article:modified_time\" content=\"2026-01-14T15:02:08+00:00\" \/>\n<meta property=\"og:image\" content=\"https:\/\/tlk.ee\/wp-content\/uploads\/2024\/05\/Glock-43x-Shield-Streamlight.png\" \/>\n\t<meta property=\"og:image:width\" content=\"1200\" \/>\n\t<meta property=\"og:image:height\" content=\"994\" \/>\n\t<meta property=\"og:image:type\" content=\"image\/png\" \/>\n<meta name=\"twitter:card\" content=\"summary_large_image\" \/>\n<meta name=\"twitter:label1\" content=\"Est. reading time\" \/>\n\t<meta name=\"twitter:data1\" content=\"3 minutes\" \/>\n<script type=\"application\/ld+json\" class=\"yoast-schema-graph\">{\"@context\":\"https:\\\/\\\/schema.org\",\"@graph\":[{\"@type\":\"WebPage\",\"@id\":\"https:\\\/\\\/tlk.ee\\\/en\\\/webstore\\\/glock-43x-combo-shield-streamlight\\\/\",\"url\":\"https:\\\/\\\/tlk.ee\\\/en\\\/webstore\\\/glock-43x-combo-shield-streamlight\\\/\",\"name\":\"Glock 43X Combo Shield\\\/Streamlight - Taktikalise Laskmise Keskus\",\"isPartOf\":{\"@id\":\"https:\\\/\\\/tlk.ee\\\/en\\\/#website\"},\"primaryImageOfPage\":{\"@id\":\"https:\\\/\\\/tlk.ee\\\/en\\\/webstore\\\/glock-43x-combo-shield-streamlight\\\/#primaryimage\"},\"image\":{\"@id\":\"https:\\\/\\\/tlk.ee\\\/en\\\/webstore\\\/glock-43x-combo-shield-streamlight\\\/#primaryimage\"},\"thumbnailUrl\":\"https:\\\/\\\/tlk.ee\\\/wp-content\\\/uploads\\\/2024\\\/05\\\/Glock-43x-Shield-Streamlight.png\",\"datePublished\":\"2024-05-28T11:40:59+00:00\",\"dateModified\":\"2026-01-14T15:02:08+00:00\",\"breadcrumb\":{\"@id\":\"https:\\\/\\\/tlk.ee\\\/en\\\/webstore\\\/glock-43x-combo-shield-streamlight\\\/#breadcrumb\"},\"inLanguage\":\"en-US\",\"potentialAction\":[{\"@type\":\"ReadAction\",\"target\":[\"https:\\\/\\\/tlk.ee\\\/en\\\/webstore\\\/glock-43x-combo-shield-streamlight\\\/\"]}]},{\"@type\":\"ImageObject\",\"inLanguage\":\"en-US\",\"@id\":\"https:\\\/\\\/tlk.ee\\\/en\\\/webstore\\\/glock-43x-combo-shield-streamlight\\\/#primaryimage\",\"url\":\"https:\\\/\\\/tlk.ee\\\/wp-content\\\/uploads\\\/2024\\\/05\\\/Glock-43x-Shield-Streamlight.png\",\"contentUrl\":\"https:\\\/\\\/tlk.ee\\\/wp-content\\\/uploads\\\/2024\\\/05\\\/Glock-43x-Shield-Streamlight.png\",\"width\":1200,\"height\":994},{\"@type\":\"BreadcrumbList\",\"@id\":\"https:\\\/\\\/tlk.ee\\\/en\\\/webstore\\\/glock-43x-combo-shield-streamlight\\\/#breadcrumb\",\"itemListElement\":[{\"@type\":\"ListItem\",\"position\":1,\"name\":\"Home\",\"item\":\"https:\\\/\\\/tlk.ee\\\/en\\\/\"},{\"@type\":\"ListItem\",\"position\":2,\"name\":\"E-shop\",\"item\":\"https:\\\/\\\/tlk.ee\\\/e-pood\\\/\"},{\"@type\":\"ListItem\",\"position\":3,\"name\":\"Glock 43X Combo Shield\\\/Streamlight\"}]},{\"@type\":\"WebSite\",\"@id\":\"https:\\\/\\\/tlk.ee\\\/en\\\/#website\",\"url\":\"https:\\\/\\\/tlk.ee\\\/en\\\/\",\"name\":\"Taktikalise Laskmise Keskus\",\"description\":\"Parima varustusega lasketiir Euroopas\",\"publisher\":{\"@id\":\"https:\\\/\\\/tlk.ee\\\/en\\\/#organization\"},\"alternateName\":\"TLK - lasketiir\",\"potentialAction\":[{\"@type\":\"SearchAction\",\"target\":{\"@type\":\"EntryPoint\",\"urlTemplate\":\"https:\\\/\\\/tlk.ee\\\/en\\\/?s={search_term_string}\"},\"query-input\":{\"@type\":\"PropertyValueSpecification\",\"valueRequired\":true,\"valueName\":\"search_term_string\"}}],\"inLanguage\":\"en-US\"},{\"@type\":\"Organization\",\"@id\":\"https:\\\/\\\/tlk.ee\\\/en\\\/#organization\",\"name\":\"Taktikalise Laskmise Keskus\",\"url\":\"https:\\\/\\\/tlk.ee\\\/en\\\/\",\"logo\":{\"@type\":\"ImageObject\",\"inLanguage\":\"en-US\",\"@id\":\"https:\\\/\\\/tlk.ee\\\/en\\\/#\\\/schema\\\/logo\\\/image\\\/\",\"url\":\"https:\\\/\\\/tlk.ee\\\/wp-content\\\/uploads\\\/2024\\\/08\\\/logo-wide-TLK-EE.png\",\"contentUrl\":\"https:\\\/\\\/tlk.ee\\\/wp-content\\\/uploads\\\/2024\\\/08\\\/logo-wide-TLK-EE.png\",\"width\":800,\"height\":400,\"caption\":\"Taktikalise Laskmise Keskus\"},\"image\":{\"@id\":\"https:\\\/\\\/tlk.ee\\\/en\\\/#\\\/schema\\\/logo\\\/image\\\/\"},\"sameAs\":[\"https:\\\/\\\/www.facebook.com\\\/Taktikaliselaskmisekeskus\"]}]}<\/script>\n<!-- \/ Yoast SEO plugin. -->","yoast_head_json":{"title":"Glock 43X Combo Shield\/Streamlight - Taktikalise Laskmise Keskus","robots":{"index":"index","follow":"follow","max-snippet":"max-snippet:-1","max-image-preview":"max-image-preview:large","max-video-preview":"max-video-preview:-1"},"canonical":"https:\/\/tlk.ee\/en\/webstore\/glock-43x-combo-shield-streamlight\/","og_locale":"en_US","og_type":"article","og_title":"Glock 43X Combo Shield\/Streamlight - Taktikalise Laskmise Keskus","og_description":"J\u00f5ustruktuuride liikmetele, t\u00f6\u00f6tajatele (PPA, Kaitsev\u00e4gi, Kaitseliit ja P\u00e4\u00e4steamet) ja relvaloakoolituse osalejatele kehtib 15% soodustus tavahinnast.  !!!V\u00f5imalik ka tellida Tartu esindusse!!!","og_url":"https:\/\/tlk.ee\/en\/webstore\/glock-43x-combo-shield-streamlight\/","og_site_name":"Taktikalise Laskmise Keskus","article_publisher":"https:\/\/www.facebook.com\/Taktikaliselaskmisekeskus","article_modified_time":"2026-01-14T15:02:08+00:00","og_image":[{"width":1200,"height":994,"url":"https:\/\/tlk.ee\/wp-content\/uploads\/2024\/05\/Glock-43x-Shield-Streamlight.png","type":"image\/png"}],"twitter_card":"summary_large_image","twitter_misc":{"Est. reading time":"3 minutes"},"schema":{"@context":"https:\/\/schema.org","@graph":[{"@type":"WebPage","@id":"https:\/\/tlk.ee\/en\/webstore\/glock-43x-combo-shield-streamlight\/","url":"https:\/\/tlk.ee\/en\/webstore\/glock-43x-combo-shield-streamlight\/","name":"Glock 43X Combo Shield\/Streamlight - Taktikalise Laskmise Keskus","isPartOf":{"@id":"https:\/\/tlk.ee\/en\/#website"},"primaryImageOfPage":{"@id":"https:\/\/tlk.ee\/en\/webstore\/glock-43x-combo-shield-streamlight\/#primaryimage"},"image":{"@id":"https:\/\/tlk.ee\/en\/webstore\/glock-43x-combo-shield-streamlight\/#primaryimage"},"thumbnailUrl":"https:\/\/tlk.ee\/wp-content\/uploads\/2024\/05\/Glock-43x-Shield-Streamlight.png","datePublished":"2024-05-28T11:40:59+00:00","dateModified":"2026-01-14T15:02:08+00:00","breadcrumb":{"@id":"https:\/\/tlk.ee\/en\/webstore\/glock-43x-combo-shield-streamlight\/#breadcrumb"},"inLanguage":"en-US","potentialAction":[{"@type":"ReadAction","target":["https:\/\/tlk.ee\/en\/webstore\/glock-43x-combo-shield-streamlight\/"]}]},{"@type":"ImageObject","inLanguage":"en-US","@id":"https:\/\/tlk.ee\/en\/webstore\/glock-43x-combo-shield-streamlight\/#primaryimage","url":"https:\/\/tlk.ee\/wp-content\/uploads\/2024\/05\/Glock-43x-Shield-Streamlight.png","contentUrl":"https:\/\/tlk.ee\/wp-content\/uploads\/2024\/05\/Glock-43x-Shield-Streamlight.png","width":1200,"height":994},{"@type":"BreadcrumbList","@id":"https:\/\/tlk.ee\/en\/webstore\/glock-43x-combo-shield-streamlight\/#breadcrumb","itemListElement":[{"@type":"ListItem","position":1,"name":"Home","item":"https:\/\/tlk.ee\/en\/"},{"@type":"ListItem","position":2,"name":"E-shop","item":"https:\/\/tlk.ee\/e-pood\/"},{"@type":"ListItem","position":3,"name":"Glock 43X Combo Shield\/Streamlight"}]},{"@type":"WebSite","@id":"https:\/\/tlk.ee\/en\/#website","url":"https:\/\/tlk.ee\/en\/","name":"Taktikalise Laskmise Keskus","description":"Parima varustusega lasketiir Euroopas","publisher":{"@id":"https:\/\/tlk.ee\/en\/#organization"},"alternateName":"TLK - lasketiir","potentialAction":[{"@type":"SearchAction","target":{"@type":"EntryPoint","urlTemplate":"https:\/\/tlk.ee\/en\/?s={search_term_string}"},"query-input":{"@type":"PropertyValueSpecification","valueRequired":true,"valueName":"search_term_string"}}],"inLanguage":"en-US"},{"@type":"Organization","@id":"https:\/\/tlk.ee\/en\/#organization","name":"Taktikalise Laskmise Keskus","url":"https:\/\/tlk.ee\/en\/","logo":{"@type":"ImageObject","inLanguage":"en-US","@id":"https:\/\/tlk.ee\/en\/#\/schema\/logo\/image\/","url":"https:\/\/tlk.ee\/wp-content\/uploads\/2024\/08\/logo-wide-TLK-EE.png","contentUrl":"https:\/\/tlk.ee\/wp-content\/uploads\/2024\/08\/logo-wide-TLK-EE.png","width":800,"height":400,"caption":"Taktikalise Laskmise Keskus"},"image":{"@id":"https:\/\/tlk.ee\/en\/#\/schema\/logo\/image\/"},"sameAs":["https:\/\/www.facebook.com\/Taktikaliselaskmisekeskus"]}]}},"_links":{"self":[{"href":"https:\/\/tlk.ee\/en\/wp-json\/wp\/v2\/product\/6534","targetHints":{"allow":["GET"]}}],"collection":[{"href":"https:\/\/tlk.ee\/en\/wp-json\/wp\/v2\/product"}],"about":[{"href":"https:\/\/tlk.ee\/en\/wp-json\/wp\/v2\/types\/product"}],"replies":[{"embeddable":true,"href":"https:\/\/tlk.ee\/en\/wp-json\/wp\/v2\/comments?post=6534"}],"wp:featuredmedia":[{"embeddable":true,"href":"https:\/\/tlk.ee\/en\/wp-json\/wp\/v2\/media\/35685"}],"wp:attachment":[{"href":"https:\/\/tlk.ee\/en\/wp-json\/wp\/v2\/media?parent=6534"}],"wp:term":[{"taxonomy":"product_brand","embeddable":true,"href":"https:\/\/tlk.ee\/en\/wp-json\/wp\/v2\/product_brand?post=6534"},{"taxonomy":"product_cat","embeddable":true,"href":"https:\/\/tlk.ee\/en\/wp-json\/wp\/v2\/product_cat?post=6534"},{"taxonomy":"product_tag","embeddable":true,"href":"https:\/\/tlk.ee\/en\/wp-json\/wp\/v2\/product_tag?post=6534"}],"curies":[{"name":"wp","href":"https:\/\/api.w.org\/{rel}","templated":true}]}}