{"id":6254,"date":"2024-05-28T11:38:21","date_gmt":"2024-05-28T11:38:21","guid":{"rendered":"https:\/\/tlk.ee\/?post_type=product&#038;p=6254"},"modified":"2026-03-14T13:20:53","modified_gmt":"2026-03-14T13:20:53","slug":"glock-performance-trigger-gen5","status":"publish","type":"product","link":"https:\/\/tlk.ee\/en\/webstore\/glock-performance-trigger-gen5\/","title":{"rendered":"Glock Performance Trigger"},"content":{"rendered":"<p>Glocki performance p\u00e4\u00e4stik vastab nendele n\u00f5uetele mida soovivad laskurid, kes tahavad kergemat ja ergonoomilisemat p\u00e4\u00e4stikut. P\u00e4\u00e4stikult on lame esik\u00fclg ja turvaomadused on endiselt samad, mis standardp\u00e4\u00e4stikul.<\/p>\n<p>Sobib Gen5 p\u00f5lvkonnale: Glock 19, Glock 19x, Glock 17, Glock 45, Glock 26, Glock 34; Glock 47MOS<\/p>\n<p>Sobib Gen4 p\u00f5lvkonnale: Glock 19, Glock 17, Glock 26, Glock 34; Glock 22, Glock 23, Glock 27, Glock 31, Glock 32, Glock 33, Glock 35.<\/p>\n<p>Sobib Gen3-le; &#8211; vajab s\u00e4tistamist. Paigaldus 25\u20ac<\/p>\n<p>Glocki performance p\u00e4\u00e4stik ei ole paigaldatud \u00fchelegi tehasep\u00fcstolile. P\u00e4\u00e4stikut m\u00fc\u00fcakse eraldi ja paigaldatakse sertifitseeritud <a href=\"https:\/\/tlk.ee\">Glocki hoolduses<\/a><\/p>\n<p>&nbsp;<\/p>\n<p><a href=\"https:\/\/eu.glock.com\/en\/products\/glock-options\/performance-trigger\" target=\"_blank\" rel=\"noopener\">Loe l\u00e4hemalt<\/a><\/p>\n<p><iframe loading=\"lazy\" title=\"GLOCK PERFORMANCE TRIGGER\" width=\"1140\" height=\"641\" src=\"https:\/\/www.youtube.com\/embed\/BQFMT6UJs7A?feature=oembed&#038;enablejsapi=1&#038;origin=https:\/\/tlk.ee\" frameborder=\"0\" allow=\"accelerometer; autoplay; clipboard-write; encrypted-media; gyroscope; picture-in-picture; web-share\" referrerpolicy=\"strict-origin-when-cross-origin\" allowfullscreen><\/iframe><\/p>\n","protected":false},"excerpt":{"rendered":"<p>Glocki performance p\u00e4\u00e4stik vastab nendele n\u00f5uetele mida soovivad laskurid, kes tahavad kergemat ja ergonoomilisemat p\u00e4\u00e4stikut. P\u00e4\u00e4stikult on lame esik\u00fclg ja turvaomadused on endiselt samad, mis standardp\u00e4\u00e4stikul. Sobib Gen5 p\u00f5lvkonnale: Glock 19, Glock 19x, Glock 17, Glock 45, Glock 26, Glock 34; Glock 47MOS Sobib Gen4 p\u00f5lvkonnale: Glock 19, Glock 17, [&hellip;]<\/p>\n","protected":false},"featured_media":30049,"comment_status":"closed","ping_status":"closed","template":"","meta":[],"product_brand":[],"product_cat":[85,577],"product_tag":[],"class_list":{"0":"post-6254","1":"product","2":"type-product","3":"status-publish","4":"has-post-thumbnail","6":"product_cat-relvade-lisad","7":"product_cat-relvade-osad","8":"pa_mudel-glock-17","9":"pa_mudel-glock-19","10":"pa_mudel-glock-26","11":"pa_mudel-glock-34","12":"pa_mudel-glock-45","13":"pa_tootja-glock","15":"first","16":"instock","17":"taxable","18":"shipping-taxable","19":"purchasable","20":"product-type-simple"},"yoast_head":"<!-- This site is optimized with the Yoast SEO plugin v27.4 - https:\/\/yoast.com\/product\/yoast-seo-wordpress\/ -->\n<title>Glock Performance Trigger - Taktikalise Laskmise Keskus<\/title>\n<meta name=\"robots\" content=\"index, follow, max-snippet:-1, max-image-preview:large, max-video-preview:-1\" \/>\n<link rel=\"canonical\" href=\"https:\/\/tlk.ee\/en\/webstore\/glock-performance-trigger-gen5\/\" \/>\n<meta property=\"og:locale\" content=\"en_US\" \/>\n<meta property=\"og:type\" content=\"article\" \/>\n<meta property=\"og:title\" content=\"Glock Performance Trigger - Taktikalise Laskmise Keskus\" \/>\n<meta property=\"og:description\" content=\"Glocki performance p\u00e4\u00e4stik vastab nendele n\u00f5uetele mida soovivad laskurid, kes tahavad kergemat ja ergonoomilisemat p\u00e4\u00e4stikut. P\u00e4\u00e4stikult on lame esik\u00fclg ja turvaomadused on endiselt samad, mis standardp\u00e4\u00e4stikul. Sobib Gen5 p\u00f5lvkonnale: Glock 19, Glock 19x, Glock 17, Glock 45, Glock 26, Glock 34; Glock 47MOS Sobib Gen4 p\u00f5lvkonnale: Glock 19, Glock 17, [&hellip;]\" \/>\n<meta property=\"og:url\" content=\"https:\/\/tlk.ee\/en\/webstore\/glock-performance-trigger-gen5\/\" \/>\n<meta property=\"og:site_name\" content=\"Taktikalise Laskmise Keskus\" \/>\n<meta property=\"article:publisher\" content=\"https:\/\/www.facebook.com\/Taktikaliselaskmisekeskus\" \/>\n<meta property=\"article:modified_time\" content=\"2026-03-14T13:20:53+00:00\" \/>\n<meta property=\"og:image\" content=\"https:\/\/tlk.ee\/wp-content\/uploads\/2024\/05\/Glock-performance-trigger-gen-5.jpg\" \/>\n\t<meta property=\"og:image:width\" content=\"1200\" \/>\n\t<meta property=\"og:image:height\" content=\"666\" \/>\n\t<meta property=\"og:image:type\" content=\"image\/jpeg\" \/>\n<meta name=\"twitter:card\" content=\"summary_large_image\" \/>\n<meta name=\"twitter:label1\" content=\"Est. reading time\" \/>\n\t<meta name=\"twitter:data1\" content=\"1 minute\" \/>\n<script type=\"application\/ld+json\" class=\"yoast-schema-graph\">{\"@context\":\"https:\\\/\\\/schema.org\",\"@graph\":[{\"@type\":\"WebPage\",\"@id\":\"https:\\\/\\\/tlk.ee\\\/en\\\/webstore\\\/glock-performance-trigger-gen5\\\/\",\"url\":\"https:\\\/\\\/tlk.ee\\\/en\\\/webstore\\\/glock-performance-trigger-gen5\\\/\",\"name\":\"Glock Performance Trigger - Taktikalise Laskmise Keskus\",\"isPartOf\":{\"@id\":\"https:\\\/\\\/tlk.ee\\\/en\\\/#website\"},\"primaryImageOfPage\":{\"@id\":\"https:\\\/\\\/tlk.ee\\\/en\\\/webstore\\\/glock-performance-trigger-gen5\\\/#primaryimage\"},\"image\":{\"@id\":\"https:\\\/\\\/tlk.ee\\\/en\\\/webstore\\\/glock-performance-trigger-gen5\\\/#primaryimage\"},\"thumbnailUrl\":\"https:\\\/\\\/tlk.ee\\\/wp-content\\\/uploads\\\/2024\\\/05\\\/Glock-performance-trigger-gen-5.jpg\",\"datePublished\":\"2024-05-28T11:38:21+00:00\",\"dateModified\":\"2026-03-14T13:20:53+00:00\",\"breadcrumb\":{\"@id\":\"https:\\\/\\\/tlk.ee\\\/en\\\/webstore\\\/glock-performance-trigger-gen5\\\/#breadcrumb\"},\"inLanguage\":\"en-US\",\"potentialAction\":[{\"@type\":\"ReadAction\",\"target\":[\"https:\\\/\\\/tlk.ee\\\/en\\\/webstore\\\/glock-performance-trigger-gen5\\\/\"]}]},{\"@type\":\"ImageObject\",\"inLanguage\":\"en-US\",\"@id\":\"https:\\\/\\\/tlk.ee\\\/en\\\/webstore\\\/glock-performance-trigger-gen5\\\/#primaryimage\",\"url\":\"https:\\\/\\\/tlk.ee\\\/wp-content\\\/uploads\\\/2024\\\/05\\\/Glock-performance-trigger-gen-5.jpg\",\"contentUrl\":\"https:\\\/\\\/tlk.ee\\\/wp-content\\\/uploads\\\/2024\\\/05\\\/Glock-performance-trigger-gen-5.jpg\",\"width\":1200,\"height\":666},{\"@type\":\"BreadcrumbList\",\"@id\":\"https:\\\/\\\/tlk.ee\\\/en\\\/webstore\\\/glock-performance-trigger-gen5\\\/#breadcrumb\",\"itemListElement\":[{\"@type\":\"ListItem\",\"position\":1,\"name\":\"Home\",\"item\":\"https:\\\/\\\/tlk.ee\\\/en\\\/\"},{\"@type\":\"ListItem\",\"position\":2,\"name\":\"E-shop\",\"item\":\"https:\\\/\\\/tlk.ee\\\/e-pood\\\/\"},{\"@type\":\"ListItem\",\"position\":3,\"name\":\"Glock Performance Trigger\"}]},{\"@type\":\"WebSite\",\"@id\":\"https:\\\/\\\/tlk.ee\\\/en\\\/#website\",\"url\":\"https:\\\/\\\/tlk.ee\\\/en\\\/\",\"name\":\"Taktikalise Laskmise Keskus\",\"description\":\"Parima varustusega lasketiir Euroopas\",\"publisher\":{\"@id\":\"https:\\\/\\\/tlk.ee\\\/en\\\/#organization\"},\"alternateName\":\"TLK - lasketiir\",\"potentialAction\":[{\"@type\":\"SearchAction\",\"target\":{\"@type\":\"EntryPoint\",\"urlTemplate\":\"https:\\\/\\\/tlk.ee\\\/en\\\/?s={search_term_string}\"},\"query-input\":{\"@type\":\"PropertyValueSpecification\",\"valueRequired\":true,\"valueName\":\"search_term_string\"}}],\"inLanguage\":\"en-US\"},{\"@type\":\"Organization\",\"@id\":\"https:\\\/\\\/tlk.ee\\\/en\\\/#organization\",\"name\":\"Taktikalise Laskmise Keskus\",\"url\":\"https:\\\/\\\/tlk.ee\\\/en\\\/\",\"logo\":{\"@type\":\"ImageObject\",\"inLanguage\":\"en-US\",\"@id\":\"https:\\\/\\\/tlk.ee\\\/en\\\/#\\\/schema\\\/logo\\\/image\\\/\",\"url\":\"https:\\\/\\\/tlk.ee\\\/wp-content\\\/uploads\\\/2024\\\/08\\\/logo-wide-TLK-EE.png\",\"contentUrl\":\"https:\\\/\\\/tlk.ee\\\/wp-content\\\/uploads\\\/2024\\\/08\\\/logo-wide-TLK-EE.png\",\"width\":800,\"height\":400,\"caption\":\"Taktikalise Laskmise Keskus\"},\"image\":{\"@id\":\"https:\\\/\\\/tlk.ee\\\/en\\\/#\\\/schema\\\/logo\\\/image\\\/\"},\"sameAs\":[\"https:\\\/\\\/www.facebook.com\\\/Taktikaliselaskmisekeskus\"]}]}<\/script>\n<!-- \/ Yoast SEO plugin. -->","yoast_head_json":{"title":"Glock Performance Trigger - Taktikalise Laskmise Keskus","robots":{"index":"index","follow":"follow","max-snippet":"max-snippet:-1","max-image-preview":"max-image-preview:large","max-video-preview":"max-video-preview:-1"},"canonical":"https:\/\/tlk.ee\/en\/webstore\/glock-performance-trigger-gen5\/","og_locale":"en_US","og_type":"article","og_title":"Glock Performance Trigger - Taktikalise Laskmise Keskus","og_description":"Glocki performance p\u00e4\u00e4stik vastab nendele n\u00f5uetele mida soovivad laskurid, kes tahavad kergemat ja ergonoomilisemat p\u00e4\u00e4stikut. P\u00e4\u00e4stikult on lame esik\u00fclg ja turvaomadused on endiselt samad, mis standardp\u00e4\u00e4stikul. Sobib Gen5 p\u00f5lvkonnale: Glock 19, Glock 19x, Glock 17, Glock 45, Glock 26, Glock 34; Glock 47MOS Sobib Gen4 p\u00f5lvkonnale: Glock 19, Glock 17, [&hellip;]","og_url":"https:\/\/tlk.ee\/en\/webstore\/glock-performance-trigger-gen5\/","og_site_name":"Taktikalise Laskmise Keskus","article_publisher":"https:\/\/www.facebook.com\/Taktikaliselaskmisekeskus","article_modified_time":"2026-03-14T13:20:53+00:00","og_image":[{"width":1200,"height":666,"url":"https:\/\/tlk.ee\/wp-content\/uploads\/2024\/05\/Glock-performance-trigger-gen-5.jpg","type":"image\/jpeg"}],"twitter_card":"summary_large_image","twitter_misc":{"Est. reading time":"1 minute"},"schema":{"@context":"https:\/\/schema.org","@graph":[{"@type":"WebPage","@id":"https:\/\/tlk.ee\/en\/webstore\/glock-performance-trigger-gen5\/","url":"https:\/\/tlk.ee\/en\/webstore\/glock-performance-trigger-gen5\/","name":"Glock Performance Trigger - Taktikalise Laskmise Keskus","isPartOf":{"@id":"https:\/\/tlk.ee\/en\/#website"},"primaryImageOfPage":{"@id":"https:\/\/tlk.ee\/en\/webstore\/glock-performance-trigger-gen5\/#primaryimage"},"image":{"@id":"https:\/\/tlk.ee\/en\/webstore\/glock-performance-trigger-gen5\/#primaryimage"},"thumbnailUrl":"https:\/\/tlk.ee\/wp-content\/uploads\/2024\/05\/Glock-performance-trigger-gen-5.jpg","datePublished":"2024-05-28T11:38:21+00:00","dateModified":"2026-03-14T13:20:53+00:00","breadcrumb":{"@id":"https:\/\/tlk.ee\/en\/webstore\/glock-performance-trigger-gen5\/#breadcrumb"},"inLanguage":"en-US","potentialAction":[{"@type":"ReadAction","target":["https:\/\/tlk.ee\/en\/webstore\/glock-performance-trigger-gen5\/"]}]},{"@type":"ImageObject","inLanguage":"en-US","@id":"https:\/\/tlk.ee\/en\/webstore\/glock-performance-trigger-gen5\/#primaryimage","url":"https:\/\/tlk.ee\/wp-content\/uploads\/2024\/05\/Glock-performance-trigger-gen-5.jpg","contentUrl":"https:\/\/tlk.ee\/wp-content\/uploads\/2024\/05\/Glock-performance-trigger-gen-5.jpg","width":1200,"height":666},{"@type":"BreadcrumbList","@id":"https:\/\/tlk.ee\/en\/webstore\/glock-performance-trigger-gen5\/#breadcrumb","itemListElement":[{"@type":"ListItem","position":1,"name":"Home","item":"https:\/\/tlk.ee\/en\/"},{"@type":"ListItem","position":2,"name":"E-shop","item":"https:\/\/tlk.ee\/e-pood\/"},{"@type":"ListItem","position":3,"name":"Glock Performance Trigger"}]},{"@type":"WebSite","@id":"https:\/\/tlk.ee\/en\/#website","url":"https:\/\/tlk.ee\/en\/","name":"Taktikalise Laskmise Keskus","description":"Parima varustusega lasketiir Euroopas","publisher":{"@id":"https:\/\/tlk.ee\/en\/#organization"},"alternateName":"TLK - lasketiir","potentialAction":[{"@type":"SearchAction","target":{"@type":"EntryPoint","urlTemplate":"https:\/\/tlk.ee\/en\/?s={search_term_string}"},"query-input":{"@type":"PropertyValueSpecification","valueRequired":true,"valueName":"search_term_string"}}],"inLanguage":"en-US"},{"@type":"Organization","@id":"https:\/\/tlk.ee\/en\/#organization","name":"Taktikalise Laskmise Keskus","url":"https:\/\/tlk.ee\/en\/","logo":{"@type":"ImageObject","inLanguage":"en-US","@id":"https:\/\/tlk.ee\/en\/#\/schema\/logo\/image\/","url":"https:\/\/tlk.ee\/wp-content\/uploads\/2024\/08\/logo-wide-TLK-EE.png","contentUrl":"https:\/\/tlk.ee\/wp-content\/uploads\/2024\/08\/logo-wide-TLK-EE.png","width":800,"height":400,"caption":"Taktikalise Laskmise Keskus"},"image":{"@id":"https:\/\/tlk.ee\/en\/#\/schema\/logo\/image\/"},"sameAs":["https:\/\/www.facebook.com\/Taktikaliselaskmisekeskus"]}]}},"_links":{"self":[{"href":"https:\/\/tlk.ee\/en\/wp-json\/wp\/v2\/product\/6254","targetHints":{"allow":["GET"]}}],"collection":[{"href":"https:\/\/tlk.ee\/en\/wp-json\/wp\/v2\/product"}],"about":[{"href":"https:\/\/tlk.ee\/en\/wp-json\/wp\/v2\/types\/product"}],"replies":[{"embeddable":true,"href":"https:\/\/tlk.ee\/en\/wp-json\/wp\/v2\/comments?post=6254"}],"wp:featuredmedia":[{"embeddable":true,"href":"https:\/\/tlk.ee\/en\/wp-json\/wp\/v2\/media\/30049"}],"wp:attachment":[{"href":"https:\/\/tlk.ee\/en\/wp-json\/wp\/v2\/media?parent=6254"}],"wp:term":[{"taxonomy":"product_brand","embeddable":true,"href":"https:\/\/tlk.ee\/en\/wp-json\/wp\/v2\/product_brand?post=6254"},{"taxonomy":"product_cat","embeddable":true,"href":"https:\/\/tlk.ee\/en\/wp-json\/wp\/v2\/product_cat?post=6254"},{"taxonomy":"product_tag","embeddable":true,"href":"https:\/\/tlk.ee\/en\/wp-json\/wp\/v2\/product_tag?post=6254"}],"curies":[{"name":"wp","href":"https:\/\/api.w.org\/{rel}","templated":true}]}}