{"id":4688,"date":"2024-05-28T11:31:24","date_gmt":"2024-05-28T11:31:24","guid":{"rendered":"https:\/\/tlk.ee\/?post_type=product&#038;p=4688"},"modified":"2026-02-11T16:11:15","modified_gmt":"2026-02-11T16:11:15","slug":"9mm-puhastuskomplekt","status":"publish","type":"product","link":"https:\/\/tlk.ee\/en\/Webstore\/9mm-puhastuskomplekt\/","title":{"rendered":"P\u00fcstoli\/Revolvri puhastuskomplekt Helikon-Tex 9mm"},"content":{"rendered":"<p>See praktiline puhastuskomplekt .38\/9 mm kaliibriga p\u00fcstolitele ja revolvritele on h\u00e4davajalik igale relvaomanikule. See sisaldab kolme erinevat t\u00fc\u00fcpi harja \u2013 puuvillane, vask ja nailon \u2013, mis v\u00f5imaldavad relvaraua p\u00f5hjalikku puhastamist ilma kriimustusohuta. Pol\u00fcmeerk\u00e4epidemega vasest puhastusvarras on vastupidav ja lihtsalt kasutatav ning lisapikendus v\u00f5imaldab puhastada ka v\u00e4ga pikki relvarauasid. Komplekt on kompaktne ja valmis ladustamiseks ja transportimiseks.<\/p>\n","protected":false},"excerpt":{"rendered":"<p>See praktiline puhastuskomplekt .38\/9 mm kaliibriga p\u00fcstolitele ja revolvritele on h\u00e4davajalik igale relvaomanikule. See sisaldab kolme erinevat t\u00fc\u00fcpi harja \u2013 puuvillane, vask ja nailon \u2013, mis v\u00f5imaldavad relvaraua p\u00f5hjalikku puhastamist ilma kriimustusohuta. Pol\u00fcmeerk\u00e4epidemega vasest puhastusvarras on vastupidav ja lihtsalt kasutatav ning lisapikendus v\u00f5imaldab puhastada ka v\u00e4ga pikki relvarauasid. Komplekt on [&hellip;]<\/p>\n","protected":false},"featured_media":31952,"comment_status":"closed","ping_status":"closed","template":"","meta":[],"product_brand":[],"product_cat":[135],"product_tag":[],"class_list":{"0":"post-4688","1":"product","2":"type-product","3":"status-publish","4":"has-post-thumbnail","6":"product_cat-tarvikud","8":"first","9":"instock","10":"taxable","11":"shipping-taxable","12":"purchasable","13":"product-type-simple"},"yoast_head":"<!-- This site is optimized with the Yoast SEO plugin v27.0 - https:\/\/yoast.com\/product\/yoast-seo-wordpress\/ -->\n<title>P\u00fcstoli\/Revolvri puhastuskomplekt Helikon-Tex 9mm - Taktikalise Laskmise Keskus<\/title>\n<meta name=\"robots\" content=\"index, follow, max-snippet:-1, max-image-preview:large, max-video-preview:-1\" \/>\n<link rel=\"canonical\" href=\"https:\/\/tlk.ee\/en\/Webstore\/9mm-puhastuskomplekt\/\" \/>\n<meta property=\"og:locale\" content=\"en_US\" \/>\n<meta property=\"og:type\" content=\"article\" \/>\n<meta property=\"og:title\" content=\"P\u00fcstoli\/Revolvri puhastuskomplekt Helikon-Tex 9mm - Taktikalise Laskmise Keskus\" \/>\n<meta property=\"og:description\" content=\"See praktiline puhastuskomplekt .38\/9 mm kaliibriga p\u00fcstolitele ja revolvritele on h\u00e4davajalik igale relvaomanikule. See sisaldab kolme erinevat t\u00fc\u00fcpi harja \u2013 puuvillane, vask ja nailon \u2013, mis v\u00f5imaldavad relvaraua p\u00f5hjalikku puhastamist ilma kriimustusohuta. Pol\u00fcmeerk\u00e4epidemega vasest puhastusvarras on vastupidav ja lihtsalt kasutatav ning lisapikendus v\u00f5imaldab puhastada ka v\u00e4ga pikki relvarauasid. Komplekt on [&hellip;]\" \/>\n<meta property=\"og:url\" content=\"https:\/\/tlk.ee\/en\/Webstore\/9mm-puhastuskomplekt\/\" \/>\n<meta property=\"og:site_name\" content=\"Taktikalise Laskmise Keskus\" \/>\n<meta property=\"article:publisher\" content=\"https:\/\/www.facebook.com\/Taktikaliselaskmisekeskus\" \/>\n<meta property=\"article:modified_time\" content=\"2026-02-11T16:11:15+00:00\" \/>\n<meta property=\"og:image\" content=\"https:\/\/tlk.ee\/wp-content\/uploads\/2024\/05\/Puhastuskomplekt-Helikon-Tex-2.jpg\" \/>\n\t<meta property=\"og:image:width\" content=\"1500\" \/>\n\t<meta property=\"og:image:height\" content=\"1500\" \/>\n\t<meta property=\"og:image:type\" content=\"image\/jpeg\" \/>\n<meta name=\"twitter:card\" content=\"summary_large_image\" \/>\n<meta name=\"twitter:label1\" content=\"Est. reading time\" \/>\n\t<meta name=\"twitter:data1\" content=\"1 minute\" \/>\n<script type=\"application\/ld+json\" class=\"yoast-schema-graph\">{\"@context\":\"https:\/\/schema.org\",\"@graph\":[{\"@type\":\"WebPage\",\"@id\":\"https:\/\/tlk.ee\/en\/Webstore\/9mm-puhastuskomplekt\/\",\"url\":\"https:\/\/tlk.ee\/en\/Webstore\/9mm-puhastuskomplekt\/\",\"name\":\"P\u00fcstoli\/Revolvri puhastuskomplekt Helikon-Tex 9mm - Taktikalise Laskmise Keskus\",\"isPartOf\":{\"@id\":\"https:\/\/tlk.ee\/en\/#website\"},\"primaryImageOfPage\":{\"@id\":\"https:\/\/tlk.ee\/en\/Webstore\/9mm-puhastuskomplekt\/#primaryimage\"},\"image\":{\"@id\":\"https:\/\/tlk.ee\/en\/Webstore\/9mm-puhastuskomplekt\/#primaryimage\"},\"thumbnailUrl\":\"https:\/\/tlk.ee\/wp-content\/uploads\/2024\/05\/Puhastuskomplekt-Helikon-Tex-2.jpg\",\"datePublished\":\"2024-05-28T11:31:24+00:00\",\"dateModified\":\"2026-02-11T16:11:15+00:00\",\"breadcrumb\":{\"@id\":\"https:\/\/tlk.ee\/en\/Webstore\/9mm-puhastuskomplekt\/#breadcrumb\"},\"inLanguage\":\"en-US\",\"potentialAction\":[{\"@type\":\"ReadAction\",\"target\":[\"https:\/\/tlk.ee\/en\/Webstore\/9mm-puhastuskomplekt\/\"]}]},{\"@type\":\"ImageObject\",\"inLanguage\":\"en-US\",\"@id\":\"https:\/\/tlk.ee\/en\/Webstore\/9mm-puhastuskomplekt\/#primaryimage\",\"url\":\"https:\/\/tlk.ee\/wp-content\/uploads\/2024\/05\/Puhastuskomplekt-Helikon-Tex-2.jpg\",\"contentUrl\":\"https:\/\/tlk.ee\/wp-content\/uploads\/2024\/05\/Puhastuskomplekt-Helikon-Tex-2.jpg\",\"width\":1500,\"height\":1500},{\"@type\":\"BreadcrumbList\",\"@id\":\"https:\/\/tlk.ee\/en\/Webstore\/9mm-puhastuskomplekt\/#breadcrumb\",\"itemListElement\":[{\"@type\":\"ListItem\",\"position\":1,\"name\":\"Home\",\"item\":\"https:\/\/tlk.ee\/en\/\"},{\"@type\":\"ListItem\",\"position\":2,\"name\":\"E-shop\",\"item\":\"https:\/\/tlk.ee\/e-pood\/\"},{\"@type\":\"ListItem\",\"position\":3,\"name\":\"P\u00fcstoli\/Revolvri puhastuskomplekt Helikon-Tex 9mm\"}]},{\"@type\":\"WebSite\",\"@id\":\"https:\/\/tlk.ee\/en\/#website\",\"url\":\"https:\/\/tlk.ee\/en\/\",\"name\":\"Taktikalise Laskmise Keskus\",\"description\":\"Parima varustusega lasketiir Euroopas\",\"publisher\":{\"@id\":\"https:\/\/tlk.ee\/en\/#organization\"},\"alternateName\":\"TLK - lasketiir\",\"potentialAction\":[{\"@type\":\"SearchAction\",\"target\":{\"@type\":\"EntryPoint\",\"urlTemplate\":\"https:\/\/tlk.ee\/en\/?s={search_term_string}\"},\"query-input\":{\"@type\":\"PropertyValueSpecification\",\"valueRequired\":true,\"valueName\":\"search_term_string\"}}],\"inLanguage\":\"en-US\"},{\"@type\":\"Organization\",\"@id\":\"https:\/\/tlk.ee\/en\/#organization\",\"name\":\"Taktikalise Laskmise Keskus\",\"url\":\"https:\/\/tlk.ee\/en\/\",\"logo\":{\"@type\":\"ImageObject\",\"inLanguage\":\"en-US\",\"@id\":\"https:\/\/tlk.ee\/en\/#\/schema\/logo\/image\/\",\"url\":\"https:\/\/tlk.ee\/wp-content\/uploads\/2024\/08\/logo-wide-TLK-EE.png\",\"contentUrl\":\"https:\/\/tlk.ee\/wp-content\/uploads\/2024\/08\/logo-wide-TLK-EE.png\",\"width\":800,\"height\":400,\"caption\":\"Taktikalise Laskmise Keskus\"},\"image\":{\"@id\":\"https:\/\/tlk.ee\/en\/#\/schema\/logo\/image\/\"},\"sameAs\":[\"https:\/\/www.facebook.com\/Taktikaliselaskmisekeskus\"]}]}<\/script>\n<!-- \/ Yoast SEO plugin. -->","yoast_head_json":{"title":"P\u00fcstoli\/Revolvri puhastuskomplekt Helikon-Tex 9mm - Taktikalise Laskmise Keskus","robots":{"index":"index","follow":"follow","max-snippet":"max-snippet:-1","max-image-preview":"max-image-preview:large","max-video-preview":"max-video-preview:-1"},"canonical":"https:\/\/tlk.ee\/en\/Webstore\/9mm-puhastuskomplekt\/","og_locale":"en_US","og_type":"article","og_title":"P\u00fcstoli\/Revolvri puhastuskomplekt Helikon-Tex 9mm - Taktikalise Laskmise Keskus","og_description":"See praktiline puhastuskomplekt .38\/9 mm kaliibriga p\u00fcstolitele ja revolvritele on h\u00e4davajalik igale relvaomanikule. See sisaldab kolme erinevat t\u00fc\u00fcpi harja \u2013 puuvillane, vask ja nailon \u2013, mis v\u00f5imaldavad relvaraua p\u00f5hjalikku puhastamist ilma kriimustusohuta. Pol\u00fcmeerk\u00e4epidemega vasest puhastusvarras on vastupidav ja lihtsalt kasutatav ning lisapikendus v\u00f5imaldab puhastada ka v\u00e4ga pikki relvarauasid. Komplekt on [&hellip;]","og_url":"https:\/\/tlk.ee\/en\/Webstore\/9mm-puhastuskomplekt\/","og_site_name":"Taktikalise Laskmise Keskus","article_publisher":"https:\/\/www.facebook.com\/Taktikaliselaskmisekeskus","article_modified_time":"2026-02-11T16:11:15+00:00","og_image":[{"width":1500,"height":1500,"url":"https:\/\/tlk.ee\/wp-content\/uploads\/2024\/05\/Puhastuskomplekt-Helikon-Tex-2.jpg","type":"image\/jpeg"}],"twitter_card":"summary_large_image","twitter_misc":{"Est. reading time":"1 minute"},"schema":{"@context":"https:\/\/schema.org","@graph":[{"@type":"WebPage","@id":"https:\/\/tlk.ee\/en\/Webstore\/9mm-puhastuskomplekt\/","url":"https:\/\/tlk.ee\/en\/Webstore\/9mm-puhastuskomplekt\/","name":"P\u00fcstoli\/Revolvri puhastuskomplekt Helikon-Tex 9mm - Taktikalise Laskmise Keskus","isPartOf":{"@id":"https:\/\/tlk.ee\/en\/#website"},"primaryImageOfPage":{"@id":"https:\/\/tlk.ee\/en\/Webstore\/9mm-puhastuskomplekt\/#primaryimage"},"image":{"@id":"https:\/\/tlk.ee\/en\/Webstore\/9mm-puhastuskomplekt\/#primaryimage"},"thumbnailUrl":"https:\/\/tlk.ee\/wp-content\/uploads\/2024\/05\/Puhastuskomplekt-Helikon-Tex-2.jpg","datePublished":"2024-05-28T11:31:24+00:00","dateModified":"2026-02-11T16:11:15+00:00","breadcrumb":{"@id":"https:\/\/tlk.ee\/en\/Webstore\/9mm-puhastuskomplekt\/#breadcrumb"},"inLanguage":"en-US","potentialAction":[{"@type":"ReadAction","target":["https:\/\/tlk.ee\/en\/Webstore\/9mm-puhastuskomplekt\/"]}]},{"@type":"ImageObject","inLanguage":"en-US","@id":"https:\/\/tlk.ee\/en\/Webstore\/9mm-puhastuskomplekt\/#primaryimage","url":"https:\/\/tlk.ee\/wp-content\/uploads\/2024\/05\/Puhastuskomplekt-Helikon-Tex-2.jpg","contentUrl":"https:\/\/tlk.ee\/wp-content\/uploads\/2024\/05\/Puhastuskomplekt-Helikon-Tex-2.jpg","width":1500,"height":1500},{"@type":"BreadcrumbList","@id":"https:\/\/tlk.ee\/en\/Webstore\/9mm-puhastuskomplekt\/#breadcrumb","itemListElement":[{"@type":"ListItem","position":1,"name":"Home","item":"https:\/\/tlk.ee\/en\/"},{"@type":"ListItem","position":2,"name":"E-shop","item":"https:\/\/tlk.ee\/e-pood\/"},{"@type":"ListItem","position":3,"name":"P\u00fcstoli\/Revolvri puhastuskomplekt Helikon-Tex 9mm"}]},{"@type":"WebSite","@id":"https:\/\/tlk.ee\/en\/#website","url":"https:\/\/tlk.ee\/en\/","name":"Taktikalise Laskmise Keskus","description":"Parima varustusega lasketiir Euroopas","publisher":{"@id":"https:\/\/tlk.ee\/en\/#organization"},"alternateName":"TLK - lasketiir","potentialAction":[{"@type":"SearchAction","target":{"@type":"EntryPoint","urlTemplate":"https:\/\/tlk.ee\/en\/?s={search_term_string}"},"query-input":{"@type":"PropertyValueSpecification","valueRequired":true,"valueName":"search_term_string"}}],"inLanguage":"en-US"},{"@type":"Organization","@id":"https:\/\/tlk.ee\/en\/#organization","name":"Taktikalise Laskmise Keskus","url":"https:\/\/tlk.ee\/en\/","logo":{"@type":"ImageObject","inLanguage":"en-US","@id":"https:\/\/tlk.ee\/en\/#\/schema\/logo\/image\/","url":"https:\/\/tlk.ee\/wp-content\/uploads\/2024\/08\/logo-wide-TLK-EE.png","contentUrl":"https:\/\/tlk.ee\/wp-content\/uploads\/2024\/08\/logo-wide-TLK-EE.png","width":800,"height":400,"caption":"Taktikalise Laskmise Keskus"},"image":{"@id":"https:\/\/tlk.ee\/en\/#\/schema\/logo\/image\/"},"sameAs":["https:\/\/www.facebook.com\/Taktikaliselaskmisekeskus"]}]}},"_links":{"self":[{"href":"https:\/\/tlk.ee\/en\/wp-json\/wp\/v2\/product\/4688","targetHints":{"allow":["GET"]}}],"collection":[{"href":"https:\/\/tlk.ee\/en\/wp-json\/wp\/v2\/product"}],"about":[{"href":"https:\/\/tlk.ee\/en\/wp-json\/wp\/v2\/types\/product"}],"replies":[{"embeddable":true,"href":"https:\/\/tlk.ee\/en\/wp-json\/wp\/v2\/comments?post=4688"}],"wp:featuredmedia":[{"embeddable":true,"href":"https:\/\/tlk.ee\/en\/wp-json\/wp\/v2\/media\/31952"}],"wp:attachment":[{"href":"https:\/\/tlk.ee\/en\/wp-json\/wp\/v2\/media?parent=4688"}],"wp:term":[{"taxonomy":"product_brand","embeddable":true,"href":"https:\/\/tlk.ee\/en\/wp-json\/wp\/v2\/product_brand?post=4688"},{"taxonomy":"product_cat","embeddable":true,"href":"https:\/\/tlk.ee\/en\/wp-json\/wp\/v2\/product_cat?post=4688"},{"taxonomy":"product_tag","embeddable":true,"href":"https:\/\/tlk.ee\/en\/wp-json\/wp\/v2\/product_tag?post=4688"}],"curies":[{"name":"wp","href":"https:\/\/api.w.org\/{rel}","templated":true}]}}