{"id":3891,"date":"2024-05-28T06:58:38","date_gmt":"2024-05-28T06:58:38","guid":{"rendered":"https:\/\/tlk.ee\/?post_type=product&#038;p=3891"},"modified":"2026-02-15T17:35:06","modified_gmt":"2026-02-15T17:35:06","slug":"glock-tool","status":"publish","type":"product","link":"https:\/\/tlk.ee\/en\/Webstore\/glock-tool\/","title":{"rendered":"Glock tool"},"content":{"rendered":"<p>See <span data-scayt_word=\"v\u00e4ike\" data-scaytid=\"1\">v\u00e4ike<\/span> <span data-scayt_word=\"t\u00f6\u00f6riist\" data-scaytid=\"2\">t\u00f6\u00f6riist<\/span> <span data-scayt_word=\"h\u00f5lbustab\" data-scaytid=\"3\">h\u00f5lbustab<\/span> <span data-scayt_word=\"Glock\" data-scaytid=\"4\">Glock<\/span> <span data-scayt_word=\"p\u00fcstoli\" data-scaytid=\"5\">p\u00fcstoli<\/span> <span data-scayt_word=\"lahtiv\u00f5tmist\" data-scaytid=\"6\">lahtiv\u00f5tmist<\/span> <span data-scayt_word=\"ja\" data-scaytid=\"7\">ja<\/span> <span data-scayt_word=\"kokkupanemist\" data-scaytid=\"9\">kokkupanemist<\/span>. <span data-scayt_word=\"Tavapuhastuseks\" data-scaytid=\"10\">Tavapuhastuseks<\/span> <span data-scayt_word=\"seda\" data-scaytid=\"11\">seda<\/span> <span data-scayt_word=\"vaja\" data-scaytid=\"12\">vaja<\/span> <span data-scayt_word=\"ei\" data-scaytid=\"13\">ei<\/span> ole, <span data-scayt_word=\"aga\" data-scaytid=\"15\">aga<\/span> <span data-scayt_word=\"kui\" data-scaytid=\"17\">kui<\/span> <span data-scayt_word=\"plaan\" data-scaytid=\"18\">plaan<\/span> on <span data-scayt_word=\"tihvte\" data-scaytid=\"19\">tihvte<\/span> <span data-scayt_word=\"eemaldama\" data-scaytid=\"20\">eemaldama<\/span> <span data-scayt_word=\"hakata\" data-scaytid=\"21\">hakata<\/span>, <span data-scayt_word=\"siis\" data-scaytid=\"22\">siis<\/span> <span data-scayt_word=\"selleks\" data-scaytid=\"24\">selleks<\/span> <span data-scayt_word=\"toiminguks\" data-scaytid=\"25\">toiminguks<\/span> <span data-scayt_word=\"ongi\" data-scaytid=\"26\">ongi<\/span> see <span data-scayt_word=\"riistapuu\" data-scaytid=\"27\">riistapuu<\/span> <span data-scayt_word=\"m\u00f5eldud\" data-scaytid=\"28\">m\u00f5eldud<\/span>. <span data-scayt_word=\"Tavaliselt\" data-scaytid=\"29\">Tavaliselt<\/span> <span data-scayt_word=\"kiputakse\" data-scaytid=\"30\">kiputakse<\/span> <span data-scayt_word=\"kasutama\" data-scaytid=\"31\">kasutama<\/span> <span data-scayt_word=\"lahtiv\u00f5tmisel\" data-scaytid=\"32\">lahtiv\u00f5tmisel<\/span> <span data-scayt_word=\"esimest\" data-scaytid=\"33\">esimest<\/span> <span data-scayt_word=\"k\u00e4ttejuhtuvat\" data-scaytid=\"34\">k\u00e4ttejuhtuvat<\/span> <span data-scayt_word=\"asja\" data-scaytid=\"35\">asja<\/span>, <span data-scayt_word=\"kas\" data-scaytid=\"36\">kas<\/span> <span data-scayt_word=\"siis\" data-scaytid=\"23\">siis<\/span> <span data-scayt_word=\"kruvikeerajat\" data-scaytid=\"37\">kruvikeerajat<\/span>, <span data-scayt_word=\"naela\" data-scaytid=\"38\">naela<\/span> <span data-scayt_word=\"vms\" data-scaytid=\"39\">vms<\/span>. See <span data-scayt_word=\"v\u00f5ib\" data-scaytid=\"40\">v\u00f5ib<\/span> <span data-scayt_word=\"aga\" data-scaytid=\"16\">aga<\/span> <span data-scayt_word=\"relva\" data-scaytid=\"41\">relva<\/span> <span data-scayt_word=\"kriimustada\" data-scaytid=\"43\">kriimustada<\/span>, <span data-scayt_word=\"ei\" data-scaytid=\"14\">ei<\/span> <span data-scayt_word=\"sobi\" data-scaytid=\"44\">sobi<\/span> <span data-scayt_word=\"m\u00f5\u00f5tudega\" data-scaytid=\"45\">m\u00f5\u00f5tudega<\/span> <span data-scayt_word=\"jne\" data-scaytid=\"46\">jne<\/span>. <span data-scayt_word=\"Glocki\" data-scaytid=\"47\">Glocki<\/span> <span data-scayt_word=\"t\u00f6\u00f6ristaga\" data-scaytid=\"48\">t\u00f6\u00f6ristaga<\/span> <span data-scayt_word=\"j\u00e4\u00e4vad\" data-scaytid=\"49\">j\u00e4\u00e4vad<\/span> need <span data-scayt_word=\"mured\" data-scaytid=\"50\">mured<\/span> <span data-scayt_word=\"\u00e4ra\" data-scaytid=\"51\">\u00e4ra<\/span> <span data-scayt_word=\"ning\" data-scaytid=\"52\">ning<\/span> <span data-scayt_word=\"relva\" data-scaytid=\"42\">relva<\/span>\u00a0<span data-scayt_word=\"lahtiv\u00f5tmine\" data-scaytid=\"54\">lahtiv\u00f5tmine<\/span> <span data-scayt_word=\"ning\" data-scaytid=\"53\">ning<\/span> <span data-scayt_word=\"kokkupanemine\" data-scaytid=\"55\">kokkupanemine<\/span> on <span data-scayt_word=\"kiire\" data-scaytid=\"56\">kiire<\/span> <span data-scayt_word=\"ja\" data-scaytid=\"8\">ja<\/span> <span data-scayt_word=\"mugav\" data-scaytid=\"57\">mugav<\/span>.<\/p>\n","protected":false},"excerpt":{"rendered":"<p>See v\u00e4ike t\u00f6\u00f6riist h\u00f5lbustab Glock p\u00fcstoli lahtiv\u00f5tmist ja kokkupanemist. Tavapuhastuseks seda vaja ei ole, aga kui plaan on tihvte eemaldama hakata, siis selleks toiminguks ongi see riistapuu m\u00f5eldud. Tavaliselt kiputakse kasutama lahtiv\u00f5tmisel esimest k\u00e4ttejuhtuvat asja, kas siis kruvikeerajat, naela vms. See v\u00f5ib aga relva kriimustada, ei sobi m\u00f5\u00f5tudega jne. Glocki [&hellip;]<\/p>\n","protected":false},"featured_media":30011,"comment_status":"closed","ping_status":"closed","template":"","meta":[],"product_brand":[],"product_cat":[85,577],"product_tag":[],"class_list":{"0":"post-3891","1":"product","2":"type-product","3":"status-publish","4":"has-post-thumbnail","6":"product_cat-relvade-lisad","7":"product_cat-relvade-osad","8":"pa_mudel-glock-le","9":"pa_tootja-glock","11":"first","12":"instock","13":"virtual","14":"taxable","15":"purchasable","16":"product-type-simple"},"yoast_head":"<!-- This site is optimized with the Yoast SEO plugin v27.0 - https:\/\/yoast.com\/product\/yoast-seo-wordpress\/ -->\n<title>Glock tool - Taktikalise Laskmise Keskus<\/title>\n<meta name=\"robots\" content=\"index, follow, max-snippet:-1, max-image-preview:large, max-video-preview:-1\" \/>\n<link rel=\"canonical\" href=\"https:\/\/tlk.ee\/en\/Webstore\/glock-tool\/\" \/>\n<meta property=\"og:locale\" content=\"en_US\" \/>\n<meta property=\"og:type\" content=\"article\" \/>\n<meta property=\"og:title\" content=\"Glock tool - Taktikalise Laskmise Keskus\" \/>\n<meta property=\"og:description\" content=\"See v\u00e4ike t\u00f6\u00f6riist h\u00f5lbustab Glock p\u00fcstoli lahtiv\u00f5tmist ja kokkupanemist. Tavapuhastuseks seda vaja ei ole, aga kui plaan on tihvte eemaldama hakata, siis selleks toiminguks ongi see riistapuu m\u00f5eldud. Tavaliselt kiputakse kasutama lahtiv\u00f5tmisel esimest k\u00e4ttejuhtuvat asja, kas siis kruvikeerajat, naela vms. See v\u00f5ib aga relva kriimustada, ei sobi m\u00f5\u00f5tudega jne. Glocki [&hellip;]\" \/>\n<meta property=\"og:url\" content=\"https:\/\/tlk.ee\/en\/Webstore\/glock-tool\/\" \/>\n<meta property=\"og:site_name\" content=\"Taktikalise Laskmise Keskus\" \/>\n<meta property=\"article:publisher\" content=\"https:\/\/www.facebook.com\/Taktikaliselaskmisekeskus\" \/>\n<meta property=\"article:modified_time\" content=\"2026-02-15T17:35:06+00:00\" \/>\n<meta property=\"og:image\" content=\"https:\/\/tlk.ee\/wp-content\/uploads\/2024\/05\/Glock-tool-1.jpg\" \/>\n\t<meta property=\"og:image:width\" content=\"1062\" \/>\n\t<meta property=\"og:image:height\" content=\"855\" \/>\n\t<meta property=\"og:image:type\" content=\"image\/jpeg\" \/>\n<meta name=\"twitter:card\" content=\"summary_large_image\" \/>\n<meta name=\"twitter:label1\" content=\"Est. reading time\" \/>\n\t<meta name=\"twitter:data1\" content=\"1 minute\" \/>\n<script type=\"application\/ld+json\" class=\"yoast-schema-graph\">{\"@context\":\"https:\/\/schema.org\",\"@graph\":[{\"@type\":\"WebPage\",\"@id\":\"https:\/\/tlk.ee\/en\/Webstore\/glock-tool\/\",\"url\":\"https:\/\/tlk.ee\/en\/Webstore\/glock-tool\/\",\"name\":\"Glock tool - Taktikalise Laskmise Keskus\",\"isPartOf\":{\"@id\":\"https:\/\/tlk.ee\/en\/#website\"},\"primaryImageOfPage\":{\"@id\":\"https:\/\/tlk.ee\/en\/Webstore\/glock-tool\/#primaryimage\"},\"image\":{\"@id\":\"https:\/\/tlk.ee\/en\/Webstore\/glock-tool\/#primaryimage\"},\"thumbnailUrl\":\"https:\/\/tlk.ee\/wp-content\/uploads\/2024\/05\/Glock-tool-1.jpg\",\"datePublished\":\"2024-05-28T06:58:38+00:00\",\"dateModified\":\"2026-02-15T17:35:06+00:00\",\"breadcrumb\":{\"@id\":\"https:\/\/tlk.ee\/en\/Webstore\/glock-tool\/#breadcrumb\"},\"inLanguage\":\"en-US\",\"potentialAction\":[{\"@type\":\"ReadAction\",\"target\":[\"https:\/\/tlk.ee\/en\/Webstore\/glock-tool\/\"]}]},{\"@type\":\"ImageObject\",\"inLanguage\":\"en-US\",\"@id\":\"https:\/\/tlk.ee\/en\/Webstore\/glock-tool\/#primaryimage\",\"url\":\"https:\/\/tlk.ee\/wp-content\/uploads\/2024\/05\/Glock-tool-1.jpg\",\"contentUrl\":\"https:\/\/tlk.ee\/wp-content\/uploads\/2024\/05\/Glock-tool-1.jpg\",\"width\":1062,\"height\":855},{\"@type\":\"BreadcrumbList\",\"@id\":\"https:\/\/tlk.ee\/en\/Webstore\/glock-tool\/#breadcrumb\",\"itemListElement\":[{\"@type\":\"ListItem\",\"position\":1,\"name\":\"Home\",\"item\":\"https:\/\/tlk.ee\/en\/\"},{\"@type\":\"ListItem\",\"position\":2,\"name\":\"E-shop\",\"item\":\"https:\/\/tlk.ee\/e-pood\/\"},{\"@type\":\"ListItem\",\"position\":3,\"name\":\"Glock tool\"}]},{\"@type\":\"WebSite\",\"@id\":\"https:\/\/tlk.ee\/en\/#website\",\"url\":\"https:\/\/tlk.ee\/en\/\",\"name\":\"Taktikalise Laskmise Keskus\",\"description\":\"Parima varustusega lasketiir Euroopas\",\"publisher\":{\"@id\":\"https:\/\/tlk.ee\/en\/#organization\"},\"alternateName\":\"TLK - lasketiir\",\"potentialAction\":[{\"@type\":\"SearchAction\",\"target\":{\"@type\":\"EntryPoint\",\"urlTemplate\":\"https:\/\/tlk.ee\/en\/?s={search_term_string}\"},\"query-input\":{\"@type\":\"PropertyValueSpecification\",\"valueRequired\":true,\"valueName\":\"search_term_string\"}}],\"inLanguage\":\"en-US\"},{\"@type\":\"Organization\",\"@id\":\"https:\/\/tlk.ee\/en\/#organization\",\"name\":\"Taktikalise Laskmise Keskus\",\"url\":\"https:\/\/tlk.ee\/en\/\",\"logo\":{\"@type\":\"ImageObject\",\"inLanguage\":\"en-US\",\"@id\":\"https:\/\/tlk.ee\/en\/#\/schema\/logo\/image\/\",\"url\":\"https:\/\/tlk.ee\/wp-content\/uploads\/2024\/08\/logo-wide-TLK-EE.png\",\"contentUrl\":\"https:\/\/tlk.ee\/wp-content\/uploads\/2024\/08\/logo-wide-TLK-EE.png\",\"width\":800,\"height\":400,\"caption\":\"Taktikalise Laskmise Keskus\"},\"image\":{\"@id\":\"https:\/\/tlk.ee\/en\/#\/schema\/logo\/image\/\"},\"sameAs\":[\"https:\/\/www.facebook.com\/Taktikaliselaskmisekeskus\"]}]}<\/script>\n<!-- \/ Yoast SEO plugin. -->","yoast_head_json":{"title":"Glock tool - Taktikalise Laskmise Keskus","robots":{"index":"index","follow":"follow","max-snippet":"max-snippet:-1","max-image-preview":"max-image-preview:large","max-video-preview":"max-video-preview:-1"},"canonical":"https:\/\/tlk.ee\/en\/Webstore\/glock-tool\/","og_locale":"en_US","og_type":"article","og_title":"Glock tool - Taktikalise Laskmise Keskus","og_description":"See v\u00e4ike t\u00f6\u00f6riist h\u00f5lbustab Glock p\u00fcstoli lahtiv\u00f5tmist ja kokkupanemist. Tavapuhastuseks seda vaja ei ole, aga kui plaan on tihvte eemaldama hakata, siis selleks toiminguks ongi see riistapuu m\u00f5eldud. Tavaliselt kiputakse kasutama lahtiv\u00f5tmisel esimest k\u00e4ttejuhtuvat asja, kas siis kruvikeerajat, naela vms. See v\u00f5ib aga relva kriimustada, ei sobi m\u00f5\u00f5tudega jne. Glocki [&hellip;]","og_url":"https:\/\/tlk.ee\/en\/Webstore\/glock-tool\/","og_site_name":"Taktikalise Laskmise Keskus","article_publisher":"https:\/\/www.facebook.com\/Taktikaliselaskmisekeskus","article_modified_time":"2026-02-15T17:35:06+00:00","og_image":[{"width":1062,"height":855,"url":"https:\/\/tlk.ee\/wp-content\/uploads\/2024\/05\/Glock-tool-1.jpg","type":"image\/jpeg"}],"twitter_card":"summary_large_image","twitter_misc":{"Est. reading time":"1 minute"},"schema":{"@context":"https:\/\/schema.org","@graph":[{"@type":"WebPage","@id":"https:\/\/tlk.ee\/en\/Webstore\/glock-tool\/","url":"https:\/\/tlk.ee\/en\/Webstore\/glock-tool\/","name":"Glock tool - Taktikalise Laskmise Keskus","isPartOf":{"@id":"https:\/\/tlk.ee\/en\/#website"},"primaryImageOfPage":{"@id":"https:\/\/tlk.ee\/en\/Webstore\/glock-tool\/#primaryimage"},"image":{"@id":"https:\/\/tlk.ee\/en\/Webstore\/glock-tool\/#primaryimage"},"thumbnailUrl":"https:\/\/tlk.ee\/wp-content\/uploads\/2024\/05\/Glock-tool-1.jpg","datePublished":"2024-05-28T06:58:38+00:00","dateModified":"2026-02-15T17:35:06+00:00","breadcrumb":{"@id":"https:\/\/tlk.ee\/en\/Webstore\/glock-tool\/#breadcrumb"},"inLanguage":"en-US","potentialAction":[{"@type":"ReadAction","target":["https:\/\/tlk.ee\/en\/Webstore\/glock-tool\/"]}]},{"@type":"ImageObject","inLanguage":"en-US","@id":"https:\/\/tlk.ee\/en\/Webstore\/glock-tool\/#primaryimage","url":"https:\/\/tlk.ee\/wp-content\/uploads\/2024\/05\/Glock-tool-1.jpg","contentUrl":"https:\/\/tlk.ee\/wp-content\/uploads\/2024\/05\/Glock-tool-1.jpg","width":1062,"height":855},{"@type":"BreadcrumbList","@id":"https:\/\/tlk.ee\/en\/Webstore\/glock-tool\/#breadcrumb","itemListElement":[{"@type":"ListItem","position":1,"name":"Home","item":"https:\/\/tlk.ee\/en\/"},{"@type":"ListItem","position":2,"name":"E-shop","item":"https:\/\/tlk.ee\/e-pood\/"},{"@type":"ListItem","position":3,"name":"Glock tool"}]},{"@type":"WebSite","@id":"https:\/\/tlk.ee\/en\/#website","url":"https:\/\/tlk.ee\/en\/","name":"Taktikalise Laskmise Keskus","description":"Parima varustusega lasketiir Euroopas","publisher":{"@id":"https:\/\/tlk.ee\/en\/#organization"},"alternateName":"TLK - lasketiir","potentialAction":[{"@type":"SearchAction","target":{"@type":"EntryPoint","urlTemplate":"https:\/\/tlk.ee\/en\/?s={search_term_string}"},"query-input":{"@type":"PropertyValueSpecification","valueRequired":true,"valueName":"search_term_string"}}],"inLanguage":"en-US"},{"@type":"Organization","@id":"https:\/\/tlk.ee\/en\/#organization","name":"Taktikalise Laskmise Keskus","url":"https:\/\/tlk.ee\/en\/","logo":{"@type":"ImageObject","inLanguage":"en-US","@id":"https:\/\/tlk.ee\/en\/#\/schema\/logo\/image\/","url":"https:\/\/tlk.ee\/wp-content\/uploads\/2024\/08\/logo-wide-TLK-EE.png","contentUrl":"https:\/\/tlk.ee\/wp-content\/uploads\/2024\/08\/logo-wide-TLK-EE.png","width":800,"height":400,"caption":"Taktikalise Laskmise Keskus"},"image":{"@id":"https:\/\/tlk.ee\/en\/#\/schema\/logo\/image\/"},"sameAs":["https:\/\/www.facebook.com\/Taktikaliselaskmisekeskus"]}]}},"_links":{"self":[{"href":"https:\/\/tlk.ee\/en\/wp-json\/wp\/v2\/product\/3891","targetHints":{"allow":["GET"]}}],"collection":[{"href":"https:\/\/tlk.ee\/en\/wp-json\/wp\/v2\/product"}],"about":[{"href":"https:\/\/tlk.ee\/en\/wp-json\/wp\/v2\/types\/product"}],"replies":[{"embeddable":true,"href":"https:\/\/tlk.ee\/en\/wp-json\/wp\/v2\/comments?post=3891"}],"wp:featuredmedia":[{"embeddable":true,"href":"https:\/\/tlk.ee\/en\/wp-json\/wp\/v2\/media\/30011"}],"wp:attachment":[{"href":"https:\/\/tlk.ee\/en\/wp-json\/wp\/v2\/media?parent=3891"}],"wp:term":[{"taxonomy":"product_brand","embeddable":true,"href":"https:\/\/tlk.ee\/en\/wp-json\/wp\/v2\/product_brand?post=3891"},{"taxonomy":"product_cat","embeddable":true,"href":"https:\/\/tlk.ee\/en\/wp-json\/wp\/v2\/product_cat?post=3891"},{"taxonomy":"product_tag","embeddable":true,"href":"https:\/\/tlk.ee\/en\/wp-json\/wp\/v2\/product_tag?post=3891"}],"curies":[{"name":"wp","href":"https:\/\/api.w.org\/{rel}","templated":true}]}}