{"id":3764,"date":"2024-05-28T06:58:12","date_gmt":"2024-05-28T06:58:12","guid":{"rendered":"https:\/\/tlk.ee\/?post_type=product&#038;p=3764"},"modified":"2025-12-20T13:27:54","modified_gmt":"2025-12-20T13:27:54","slug":"glock-17-19-miinus-connector","status":"publish","type":"product","link":"https:\/\/tlk.ee\/en\/Webstore\/glock-17-19-miinus-connector\/","title":{"rendered":"Glock 17\/19 connector 2 &#8221;miinus connector&#8221;"},"content":{"rendered":"<p>Glocki p\u00e4\u00e4stiku osa,mis teeb relva p\u00e4\u00e4stmist kergemaks.<\/p>\n<p>Sobib iga Glock p\u00f5lvkonnale.<\/p>\n","protected":false},"excerpt":{"rendered":"<p>Glocki p\u00e4\u00e4stiku osa,mis teeb relva p\u00e4\u00e4stmist kergemaks. Sobib iga Glock p\u00f5lvkonnale.<\/p>\n","protected":false},"featured_media":30022,"comment_status":"closed","ping_status":"closed","template":"","meta":[],"product_brand":[],"product_cat":[85,577],"product_tag":[],"class_list":{"0":"post-3764","1":"product","2":"type-product","3":"status-publish","4":"has-post-thumbnail","6":"product_cat-relvade-lisad","7":"product_cat-relvade-osad","8":"pa_mudel-glock-17","9":"pa_mudel-glock-19","10":"pa_mudel-glock-21","11":"pa_mudel-glock-26","12":"pa_mudel-glock-34","13":"pa_mudel-glock-44","14":"pa_mudel-glock-45","15":"pa_tootja-glock","17":"first","18":"instock","19":"taxable","20":"shipping-taxable","21":"purchasable","22":"product-type-simple"},"yoast_head":"<!-- This site is optimized with the Yoast SEO plugin v27.0 - https:\/\/yoast.com\/product\/yoast-seo-wordpress\/ -->\n<title>Glock 17\/19 connector 2 &#039;&#039;miinus connector&#039;&#039; - Taktikalise Laskmise Keskus<\/title>\n<meta name=\"robots\" content=\"index, follow, max-snippet:-1, max-image-preview:large, max-video-preview:-1\" \/>\n<link rel=\"canonical\" href=\"https:\/\/tlk.ee\/en\/Webstore\/glock-17-19-miinus-connector\/\" \/>\n<meta property=\"og:locale\" content=\"en_US\" \/>\n<meta property=\"og:type\" content=\"article\" \/>\n<meta property=\"og:title\" content=\"Glock 17\/19 connector 2 &#039;&#039;miinus connector&#039;&#039; - Taktikalise Laskmise Keskus\" \/>\n<meta property=\"og:description\" content=\"Glocki p\u00e4\u00e4stiku osa,mis teeb relva p\u00e4\u00e4stmist kergemaks. Sobib iga Glock p\u00f5lvkonnale.\" \/>\n<meta property=\"og:url\" content=\"https:\/\/tlk.ee\/en\/Webstore\/glock-17-19-miinus-connector\/\" \/>\n<meta property=\"og:site_name\" content=\"Taktikalise Laskmise Keskus\" \/>\n<meta property=\"article:publisher\" content=\"https:\/\/www.facebook.com\/Taktikaliselaskmisekeskus\" \/>\n<meta property=\"article:modified_time\" content=\"2025-12-20T13:27:54+00:00\" \/>\n<meta property=\"og:image\" content=\"https:\/\/tlk.ee\/wp-content\/uploads\/2024\/05\/Glock-connector-5.jpg\" \/>\n\t<meta property=\"og:image:width\" content=\"967\" \/>\n\t<meta property=\"og:image:height\" content=\"656\" \/>\n\t<meta property=\"og:image:type\" content=\"image\/jpeg\" \/>\n<meta name=\"twitter:card\" content=\"summary_large_image\" \/>\n<meta name=\"twitter:label1\" content=\"Est. reading time\" \/>\n\t<meta name=\"twitter:data1\" content=\"1 minute\" \/>\n<script type=\"application\/ld+json\" class=\"yoast-schema-graph\">{\"@context\":\"https:\/\/schema.org\",\"@graph\":[{\"@type\":\"WebPage\",\"@id\":\"https:\/\/tlk.ee\/en\/Webstore\/glock-17-19-miinus-connector\/\",\"url\":\"https:\/\/tlk.ee\/en\/Webstore\/glock-17-19-miinus-connector\/\",\"name\":\"Glock 17\/19 connector 2 ''miinus connector'' - Taktikalise Laskmise Keskus\",\"isPartOf\":{\"@id\":\"https:\/\/tlk.ee\/en\/#website\"},\"primaryImageOfPage\":{\"@id\":\"https:\/\/tlk.ee\/en\/Webstore\/glock-17-19-miinus-connector\/#primaryimage\"},\"image\":{\"@id\":\"https:\/\/tlk.ee\/en\/Webstore\/glock-17-19-miinus-connector\/#primaryimage\"},\"thumbnailUrl\":\"https:\/\/tlk.ee\/wp-content\/uploads\/2024\/05\/Glock-connector-5.jpg\",\"datePublished\":\"2024-05-28T06:58:12+00:00\",\"dateModified\":\"2025-12-20T13:27:54+00:00\",\"breadcrumb\":{\"@id\":\"https:\/\/tlk.ee\/en\/Webstore\/glock-17-19-miinus-connector\/#breadcrumb\"},\"inLanguage\":\"en-US\",\"potentialAction\":[{\"@type\":\"ReadAction\",\"target\":[\"https:\/\/tlk.ee\/en\/Webstore\/glock-17-19-miinus-connector\/\"]}]},{\"@type\":\"ImageObject\",\"inLanguage\":\"en-US\",\"@id\":\"https:\/\/tlk.ee\/en\/Webstore\/glock-17-19-miinus-connector\/#primaryimage\",\"url\":\"https:\/\/tlk.ee\/wp-content\/uploads\/2024\/05\/Glock-connector-5.jpg\",\"contentUrl\":\"https:\/\/tlk.ee\/wp-content\/uploads\/2024\/05\/Glock-connector-5.jpg\",\"width\":967,\"height\":656},{\"@type\":\"BreadcrumbList\",\"@id\":\"https:\/\/tlk.ee\/en\/Webstore\/glock-17-19-miinus-connector\/#breadcrumb\",\"itemListElement\":[{\"@type\":\"ListItem\",\"position\":1,\"name\":\"Home\",\"item\":\"https:\/\/tlk.ee\/en\/\"},{\"@type\":\"ListItem\",\"position\":2,\"name\":\"E-shop\",\"item\":\"https:\/\/tlk.ee\/e-pood\/\"},{\"@type\":\"ListItem\",\"position\":3,\"name\":\"Glock 17\/19 connector 2 &#8221;miinus connector&#8221;\"}]},{\"@type\":\"WebSite\",\"@id\":\"https:\/\/tlk.ee\/en\/#website\",\"url\":\"https:\/\/tlk.ee\/en\/\",\"name\":\"Taktikalise Laskmise Keskus\",\"description\":\"Parima varustusega lasketiir Euroopas\",\"publisher\":{\"@id\":\"https:\/\/tlk.ee\/en\/#organization\"},\"alternateName\":\"TLK - lasketiir\",\"potentialAction\":[{\"@type\":\"SearchAction\",\"target\":{\"@type\":\"EntryPoint\",\"urlTemplate\":\"https:\/\/tlk.ee\/en\/?s={search_term_string}\"},\"query-input\":{\"@type\":\"PropertyValueSpecification\",\"valueRequired\":true,\"valueName\":\"search_term_string\"}}],\"inLanguage\":\"en-US\"},{\"@type\":\"Organization\",\"@id\":\"https:\/\/tlk.ee\/en\/#organization\",\"name\":\"Taktikalise Laskmise Keskus\",\"url\":\"https:\/\/tlk.ee\/en\/\",\"logo\":{\"@type\":\"ImageObject\",\"inLanguage\":\"en-US\",\"@id\":\"https:\/\/tlk.ee\/en\/#\/schema\/logo\/image\/\",\"url\":\"https:\/\/tlk.ee\/wp-content\/uploads\/2024\/08\/logo-wide-TLK-EE.png\",\"contentUrl\":\"https:\/\/tlk.ee\/wp-content\/uploads\/2024\/08\/logo-wide-TLK-EE.png\",\"width\":800,\"height\":400,\"caption\":\"Taktikalise Laskmise Keskus\"},\"image\":{\"@id\":\"https:\/\/tlk.ee\/en\/#\/schema\/logo\/image\/\"},\"sameAs\":[\"https:\/\/www.facebook.com\/Taktikaliselaskmisekeskus\"]}]}<\/script>\n<!-- \/ Yoast SEO plugin. -->","yoast_head_json":{"title":"Glock 17\/19 connector 2 ''miinus connector'' - Taktikalise Laskmise Keskus","robots":{"index":"index","follow":"follow","max-snippet":"max-snippet:-1","max-image-preview":"max-image-preview:large","max-video-preview":"max-video-preview:-1"},"canonical":"https:\/\/tlk.ee\/en\/Webstore\/glock-17-19-miinus-connector\/","og_locale":"en_US","og_type":"article","og_title":"Glock 17\/19 connector 2 ''miinus connector'' - Taktikalise Laskmise Keskus","og_description":"Glocki p\u00e4\u00e4stiku osa,mis teeb relva p\u00e4\u00e4stmist kergemaks. Sobib iga Glock p\u00f5lvkonnale.","og_url":"https:\/\/tlk.ee\/en\/Webstore\/glock-17-19-miinus-connector\/","og_site_name":"Taktikalise Laskmise Keskus","article_publisher":"https:\/\/www.facebook.com\/Taktikaliselaskmisekeskus","article_modified_time":"2025-12-20T13:27:54+00:00","og_image":[{"width":967,"height":656,"url":"https:\/\/tlk.ee\/wp-content\/uploads\/2024\/05\/Glock-connector-5.jpg","type":"image\/jpeg"}],"twitter_card":"summary_large_image","twitter_misc":{"Est. reading time":"1 minute"},"schema":{"@context":"https:\/\/schema.org","@graph":[{"@type":"WebPage","@id":"https:\/\/tlk.ee\/en\/Webstore\/glock-17-19-miinus-connector\/","url":"https:\/\/tlk.ee\/en\/Webstore\/glock-17-19-miinus-connector\/","name":"Glock 17\/19 connector 2 ''miinus connector'' - Taktikalise Laskmise Keskus","isPartOf":{"@id":"https:\/\/tlk.ee\/en\/#website"},"primaryImageOfPage":{"@id":"https:\/\/tlk.ee\/en\/Webstore\/glock-17-19-miinus-connector\/#primaryimage"},"image":{"@id":"https:\/\/tlk.ee\/en\/Webstore\/glock-17-19-miinus-connector\/#primaryimage"},"thumbnailUrl":"https:\/\/tlk.ee\/wp-content\/uploads\/2024\/05\/Glock-connector-5.jpg","datePublished":"2024-05-28T06:58:12+00:00","dateModified":"2025-12-20T13:27:54+00:00","breadcrumb":{"@id":"https:\/\/tlk.ee\/en\/Webstore\/glock-17-19-miinus-connector\/#breadcrumb"},"inLanguage":"en-US","potentialAction":[{"@type":"ReadAction","target":["https:\/\/tlk.ee\/en\/Webstore\/glock-17-19-miinus-connector\/"]}]},{"@type":"ImageObject","inLanguage":"en-US","@id":"https:\/\/tlk.ee\/en\/Webstore\/glock-17-19-miinus-connector\/#primaryimage","url":"https:\/\/tlk.ee\/wp-content\/uploads\/2024\/05\/Glock-connector-5.jpg","contentUrl":"https:\/\/tlk.ee\/wp-content\/uploads\/2024\/05\/Glock-connector-5.jpg","width":967,"height":656},{"@type":"BreadcrumbList","@id":"https:\/\/tlk.ee\/en\/Webstore\/glock-17-19-miinus-connector\/#breadcrumb","itemListElement":[{"@type":"ListItem","position":1,"name":"Home","item":"https:\/\/tlk.ee\/en\/"},{"@type":"ListItem","position":2,"name":"E-shop","item":"https:\/\/tlk.ee\/e-pood\/"},{"@type":"ListItem","position":3,"name":"Glock 17\/19 connector 2 &#8221;miinus connector&#8221;"}]},{"@type":"WebSite","@id":"https:\/\/tlk.ee\/en\/#website","url":"https:\/\/tlk.ee\/en\/","name":"Taktikalise Laskmise Keskus","description":"Parima varustusega lasketiir Euroopas","publisher":{"@id":"https:\/\/tlk.ee\/en\/#organization"},"alternateName":"TLK - lasketiir","potentialAction":[{"@type":"SearchAction","target":{"@type":"EntryPoint","urlTemplate":"https:\/\/tlk.ee\/en\/?s={search_term_string}"},"query-input":{"@type":"PropertyValueSpecification","valueRequired":true,"valueName":"search_term_string"}}],"inLanguage":"en-US"},{"@type":"Organization","@id":"https:\/\/tlk.ee\/en\/#organization","name":"Taktikalise Laskmise Keskus","url":"https:\/\/tlk.ee\/en\/","logo":{"@type":"ImageObject","inLanguage":"en-US","@id":"https:\/\/tlk.ee\/en\/#\/schema\/logo\/image\/","url":"https:\/\/tlk.ee\/wp-content\/uploads\/2024\/08\/logo-wide-TLK-EE.png","contentUrl":"https:\/\/tlk.ee\/wp-content\/uploads\/2024\/08\/logo-wide-TLK-EE.png","width":800,"height":400,"caption":"Taktikalise Laskmise Keskus"},"image":{"@id":"https:\/\/tlk.ee\/en\/#\/schema\/logo\/image\/"},"sameAs":["https:\/\/www.facebook.com\/Taktikaliselaskmisekeskus"]}]}},"_links":{"self":[{"href":"https:\/\/tlk.ee\/en\/wp-json\/wp\/v2\/product\/3764","targetHints":{"allow":["GET"]}}],"collection":[{"href":"https:\/\/tlk.ee\/en\/wp-json\/wp\/v2\/product"}],"about":[{"href":"https:\/\/tlk.ee\/en\/wp-json\/wp\/v2\/types\/product"}],"replies":[{"embeddable":true,"href":"https:\/\/tlk.ee\/en\/wp-json\/wp\/v2\/comments?post=3764"}],"wp:featuredmedia":[{"embeddable":true,"href":"https:\/\/tlk.ee\/en\/wp-json\/wp\/v2\/media\/30022"}],"wp:attachment":[{"href":"https:\/\/tlk.ee\/en\/wp-json\/wp\/v2\/media?parent=3764"}],"wp:term":[{"taxonomy":"product_brand","embeddable":true,"href":"https:\/\/tlk.ee\/en\/wp-json\/wp\/v2\/product_brand?post=3764"},{"taxonomy":"product_cat","embeddable":true,"href":"https:\/\/tlk.ee\/en\/wp-json\/wp\/v2\/product_cat?post=3764"},{"taxonomy":"product_tag","embeddable":true,"href":"https:\/\/tlk.ee\/en\/wp-json\/wp\/v2\/product_tag?post=3764"}],"curies":[{"name":"wp","href":"https:\/\/api.w.org\/{rel}","templated":true}]}}