{"id":35191,"date":"2025-12-10T22:37:04","date_gmt":"2025-12-10T22:37:04","guid":{"rendered":"https:\/\/tlk.ee\/?post_type=product&#038;p=35191"},"modified":"2026-02-20T15:21:14","modified_gmt":"2026-02-20T15:21:14","slug":"glock-49-gen6","status":"publish","type":"product","link":"https:\/\/tlk.ee\/en\/Webstore\/glock-49-gen6\/","title":{"rendered":"Glock 49 gen6"},"content":{"rendered":"<p>&nbsp;<\/p>\n<div class=\"pistoldetail__technicaldata__item pistoldetail__listarea__item\"><\/div>\n<div>\n<p><a href=\"https:\/\/tlk.ee\/wp-content\/uploads\/2024\/05\/serrations.png\"><img loading=\"lazy\" decoding=\"async\" class=\"alignnone size-full wp-image-35139\" src=\"https:\/\/tlk.ee\/wp-content\/uploads\/2024\/05\/serrations.png\" alt=\"\" width=\"200\" height=\"200\" srcset=\"https:\/\/tlk.ee\/wp-content\/uploads\/2024\/05\/serrations.png 200w, https:\/\/tlk.ee\/wp-content\/uploads\/2024\/05\/serrations-150x150.png 150w, https:\/\/tlk.ee\/wp-content\/uploads\/2024\/05\/serrations-100x100.png 100w, https:\/\/tlk.ee\/wp-content\/uploads\/2024\/05\/serrations-50x50.png 50w\" sizes=\"auto, (max-width: 200px) 100vw, 200px\" \/><\/a><\/p>\n<ul>\n<li><strong>GLOCK SERRATIONS :<\/strong> Kelgu eesmine rifeldus on valmistatud s\u00fcgavamalt, et saavutada parem haarduvus.<\/li>\n<\/ul>\n<\/div>\n<div>\n<p>\u00a0<a href=\"https:\/\/tlk.ee\/wp-content\/uploads\/2024\/05\/opticready.png\"><img loading=\"lazy\" decoding=\"async\" class=\"alignnone size-full wp-image-35142\" src=\"https:\/\/tlk.ee\/wp-content\/uploads\/2024\/05\/opticready.png\" alt=\"\" width=\"200\" height=\"200\" srcset=\"https:\/\/tlk.ee\/wp-content\/uploads\/2024\/05\/opticready.png 200w, https:\/\/tlk.ee\/wp-content\/uploads\/2024\/05\/opticready-150x150.png 150w, https:\/\/tlk.ee\/wp-content\/uploads\/2024\/05\/opticready-100x100.png 100w, https:\/\/tlk.ee\/wp-content\/uploads\/2024\/05\/opticready-50x50.png 50w\" sizes=\"auto, (max-width: 200px) 100vw, 200px\" \/><\/a><\/p>\n<ul>\n<li><strong>OPTIC READY <\/strong>: Gen6 p\u00fcstolid on varustatud optika valmidusega, mis on konstrueeritud kohandatavuse ja vastupidavuse tagamiseks.<\/li>\n<\/ul>\n<\/div>\n<div>\u00a0<a href=\"https:\/\/tlk.ee\/wp-content\/uploads\/2024\/05\/beavertail.png\"><img loading=\"lazy\" decoding=\"async\" class=\"alignnone size-full wp-image-35136\" src=\"https:\/\/tlk.ee\/wp-content\/uploads\/2024\/05\/beavertail.png\" alt=\"\" width=\"200\" height=\"200\" srcset=\"https:\/\/tlk.ee\/wp-content\/uploads\/2024\/05\/beavertail.png 200w, https:\/\/tlk.ee\/wp-content\/uploads\/2024\/05\/beavertail-150x150.png 150w, https:\/\/tlk.ee\/wp-content\/uploads\/2024\/05\/beavertail-100x100.png 100w, https:\/\/tlk.ee\/wp-content\/uploads\/2024\/05\/beavertail-50x50.png 50w\" sizes=\"auto, (max-width: 200px) 100vw, 200px\" \/><\/a><\/div>\n<div>\n<ul>\n<li><strong>ENLARGED BEAVERTAIL \u2013 <\/strong>Suurendatud beavertail tagab parema haarduvuse ja tagades samal ajal kelgu vaba liikumise.<\/li>\n<\/ul>\n<\/div>\n<div><a href=\"https:\/\/tlk.ee\/wp-content\/uploads\/2024\/05\/slidestoplever.png\"><img loading=\"lazy\" decoding=\"async\" class=\"alignnone size-full wp-image-35145\" src=\"https:\/\/tlk.ee\/wp-content\/uploads\/2024\/05\/slidestoplever.png\" alt=\"\" width=\"200\" height=\"200\" srcset=\"https:\/\/tlk.ee\/wp-content\/uploads\/2024\/05\/slidestoplever.png 200w, https:\/\/tlk.ee\/wp-content\/uploads\/2024\/05\/slidestoplever-150x150.png 150w, https:\/\/tlk.ee\/wp-content\/uploads\/2024\/05\/slidestoplever-100x100.png 100w, https:\/\/tlk.ee\/wp-content\/uploads\/2024\/05\/slidestoplever-50x50.png 50w\" sizes=\"auto, (max-width: 200px) 100vw, 200px\" \/><\/a><\/div>\n<div>\n<ul>\n<li><strong>SLIDE STOP LEVER ENLARGED BORDER \u2013<\/strong> kelgufiksaatori \u00fcmbritsev serv on suurendatud, et v\u00e4ltida selle tahtmatut aktiveerimist.<\/li>\n<\/ul>\n<\/div>\n<div><a href=\"https:\/\/tlk.ee\/wp-content\/uploads\/2024\/05\/thumbrest.png\"><img loading=\"lazy\" decoding=\"async\" class=\"alignnone size-medium wp-image-35148\" src=\"https:\/\/tlk.ee\/wp-content\/uploads\/2024\/05\/thumbrest.png\" alt=\"\" width=\"200\" height=\"200\" srcset=\"https:\/\/tlk.ee\/wp-content\/uploads\/2024\/05\/thumbrest.png 200w, https:\/\/tlk.ee\/wp-content\/uploads\/2024\/05\/thumbrest-150x150.png 150w, https:\/\/tlk.ee\/wp-content\/uploads\/2024\/05\/thumbrest-100x100.png 100w, https:\/\/tlk.ee\/wp-content\/uploads\/2024\/05\/thumbrest-50x50.png 50w\" sizes=\"auto, (max-width: 200px) 100vw, 200px\" \/><\/a><\/div>\n<div>\n<ul>\n<li><strong>THUMB REST<\/strong> : P\u00f6idlatugi on tekstuuriga ja pikendatud, et tagada parem kontroll tagasil\u00f6\u00f6gi ajal.<\/li>\n<\/ul>\n<\/div>\n<div><a href=\"https:\/\/tlk.ee\/wp-content\/uploads\/2024\/05\/trigger.png\"><img loading=\"lazy\" decoding=\"async\" class=\"alignnone size-medium wp-image-35151\" src=\"https:\/\/tlk.ee\/wp-content\/uploads\/2024\/05\/trigger.png\" alt=\"\" width=\"200\" height=\"200\" srcset=\"https:\/\/tlk.ee\/wp-content\/uploads\/2024\/05\/trigger.png 200w, https:\/\/tlk.ee\/wp-content\/uploads\/2024\/05\/trigger-150x150.png 150w, https:\/\/tlk.ee\/wp-content\/uploads\/2024\/05\/trigger-100x100.png 100w, https:\/\/tlk.ee\/wp-content\/uploads\/2024\/05\/trigger-50x50.png 50w\" sizes=\"auto, (max-width: 200px) 100vw, 200px\" \/><\/a><\/div>\n<div>\n<ul>\n<li><strong>FLAT FACED TRIGGER \u2013<\/strong>Iga Gen6 p\u00fcstol on varustatud lame p\u00e4\u00e4stikuga, mis tagab \u00fchtlase s\u00f5rme asetuse ja p\u00e4\u00e4stiku t\u00f5mbe. P\u00e4\u00e4stikul on Safe Action\u00ae s\u00fcsteem, mis tagab kompromissitu ohutuse ja usaldusv\u00e4\u00e4rsuse.<\/li>\n<\/ul>\n<\/div>\n<div><a href=\"https:\/\/tlk.ee\/wp-content\/uploads\/2024\/05\/triggerguard.png\"><img loading=\"lazy\" decoding=\"async\" class=\"alignnone size-medium wp-image-35154\" src=\"https:\/\/tlk.ee\/wp-content\/uploads\/2024\/05\/triggerguard.png\" alt=\"\" width=\"200\" height=\"200\" srcset=\"https:\/\/tlk.ee\/wp-content\/uploads\/2024\/05\/triggerguard.png 200w, https:\/\/tlk.ee\/wp-content\/uploads\/2024\/05\/triggerguard-150x150.png 150w, https:\/\/tlk.ee\/wp-content\/uploads\/2024\/05\/triggerguard-100x100.png 100w, https:\/\/tlk.ee\/wp-content\/uploads\/2024\/05\/triggerguard-50x50.png 50w\" sizes=\"auto, (max-width: 200px) 100vw, 200px\" \/><\/a><\/div>\n<ul>\n<li><strong>TRIGGER GUARD \u2013<\/strong> P\u00e4\u00e4stikukaitse alak\u00fclg v\u00f5imaldab paremat k\u00e4epideme haarduvust ja mugavust.<\/li>\n<\/ul>\n<div><a href=\"https:\/\/tlk.ee\/wp-content\/uploads\/2024\/05\/rtf.png\"><img loading=\"lazy\" decoding=\"async\" class=\"alignnone size-full wp-image-35157\" src=\"https:\/\/tlk.ee\/wp-content\/uploads\/2024\/05\/rtf.png\" alt=\"\" width=\"200\" height=\"200\" srcset=\"https:\/\/tlk.ee\/wp-content\/uploads\/2024\/05\/rtf.png 200w, https:\/\/tlk.ee\/wp-content\/uploads\/2024\/05\/rtf-150x150.png 150w, https:\/\/tlk.ee\/wp-content\/uploads\/2024\/05\/rtf-100x100.png 100w, https:\/\/tlk.ee\/wp-content\/uploads\/2024\/05\/rtf-50x50.png 50w\" sizes=\"auto, (max-width: 200px) 100vw, 200px\" \/> \u00a0<\/a><\/div>\n<ul>\n<li><strong>RTF6 GRIP TEXTURE \u2013<\/strong>Gen6 k\u00e4epideme tekstuur (RTF6) \u00fchendab kaks tekstuuri \u00fcheks, et luua t\u00e4iuslik kombinatsioon j\u00f5udlusest ja mugavusest.<\/li>\n<\/ul>\n<div><a href=\"https:\/\/tlk.ee\/wp-content\/uploads\/2024\/05\/palmswell.png\"><img loading=\"lazy\" decoding=\"async\" class=\"alignnone size-medium wp-image-35160\" src=\"https:\/\/tlk.ee\/wp-content\/uploads\/2024\/05\/palmswell.png\" alt=\"\" width=\"200\" height=\"200\" srcset=\"https:\/\/tlk.ee\/wp-content\/uploads\/2024\/05\/palmswell.png 200w, https:\/\/tlk.ee\/wp-content\/uploads\/2024\/05\/palmswell-150x150.png 150w, https:\/\/tlk.ee\/wp-content\/uploads\/2024\/05\/palmswell-100x100.png 100w, https:\/\/tlk.ee\/wp-content\/uploads\/2024\/05\/palmswell-50x50.png 50w\" sizes=\"auto, (max-width: 200px) 100vw, 200px\" \/><\/a><\/div>\n<div>\n<ul>\n<li><strong>PALM SWELL <\/strong><strong>\u2013 <\/strong>K\u00e4epideme kumerus teeb p\u00fcstoli hoidmist mugavamaks.<\/li>\n<\/ul>\n<\/div>\n<div><\/div>\n","protected":false},"excerpt":{"rendered":"<p><strong>J\u00f5ustruktuuride liikmetele, t\u00f6\u00f6tajatele (PPA, Kaitsev\u00e4gi, Kaitseliit ja P\u00e4\u00e4steamet) ja relvaloakoolituse osalejatele kehtib 15% soodustus tavahinnast.<\/strong><\/p>\n<p><strong>!!!V\u00f5imalik ka tellida Tartu esindusse!!!<\/strong><\/p>\n","protected":false},"featured_media":35192,"comment_status":"closed","ping_status":"closed","template":"","meta":[],"product_brand":[],"product_cat":[81,64],"product_tag":[],"class_list":{"0":"post-35191","1":"product","2":"type-product","3":"status-publish","4":"has-post-thumbnail","6":"product_cat-pustolid","7":"product_cat-tulirelvad","8":"pa_kaliiber-9x19","9":"pa_mudel-glock-45","10":"pa_tootja-glock","12":"first","13":"instock","14":"sale","15":"taxable","16":"shipping-taxable","17":"product-type-simple"},"yoast_head":"<!-- This site is optimized with the Yoast SEO plugin v27.0 - https:\/\/yoast.com\/product\/yoast-seo-wordpress\/ -->\n<title>Glock 49 gen6 - Taktikalise Laskmise Keskus<\/title>\n<meta name=\"robots\" content=\"index, follow, max-snippet:-1, max-image-preview:large, max-video-preview:-1\" \/>\n<link rel=\"canonical\" href=\"https:\/\/tlk.ee\/en\/Webstore\/glock-49-gen6\/\" \/>\n<meta property=\"og:locale\" content=\"en_US\" \/>\n<meta property=\"og:type\" content=\"article\" \/>\n<meta property=\"og:title\" content=\"Glock 49 gen6 - Taktikalise Laskmise Keskus\" \/>\n<meta property=\"og:description\" content=\"J\u00f5ustruktuuride liikmetele, t\u00f6\u00f6tajatele (PPA, Kaitsev\u00e4gi, Kaitseliit ja P\u00e4\u00e4steamet) ja relvaloakoolituse osalejatele kehtib 15% soodustus tavahinnast.  !!!V\u00f5imalik ka tellida Tartu esindusse!!!\" \/>\n<meta property=\"og:url\" content=\"https:\/\/tlk.ee\/en\/Webstore\/glock-49-gen6\/\" \/>\n<meta property=\"og:site_name\" content=\"Taktikalise Laskmise Keskus\" \/>\n<meta property=\"article:publisher\" content=\"https:\/\/www.facebook.com\/Taktikaliselaskmisekeskus\" \/>\n<meta property=\"article:modified_time\" content=\"2026-02-20T15:21:14+00:00\" \/>\n<meta property=\"og:image\" content=\"https:\/\/tlk.ee\/wp-content\/uploads\/2025\/12\/Glock-49-gen6-1.jpg\" \/>\n\t<meta property=\"og:image:width\" content=\"1200\" \/>\n\t<meta property=\"og:image:height\" content=\"910\" \/>\n\t<meta property=\"og:image:type\" content=\"image\/jpeg\" \/>\n<meta name=\"twitter:card\" content=\"summary_large_image\" \/>\n<meta name=\"twitter:label1\" content=\"Est. reading time\" \/>\n\t<meta name=\"twitter:data1\" content=\"3 minutes\" \/>\n<script type=\"application\/ld+json\" class=\"yoast-schema-graph\">{\"@context\":\"https:\/\/schema.org\",\"@graph\":[{\"@type\":\"WebPage\",\"@id\":\"https:\/\/tlk.ee\/en\/Webstore\/glock-49-gen6\/\",\"url\":\"https:\/\/tlk.ee\/en\/Webstore\/glock-49-gen6\/\",\"name\":\"Glock 49 gen6 - Taktikalise Laskmise Keskus\",\"isPartOf\":{\"@id\":\"https:\/\/tlk.ee\/en\/#website\"},\"primaryImageOfPage\":{\"@id\":\"https:\/\/tlk.ee\/en\/Webstore\/glock-49-gen6\/#primaryimage\"},\"image\":{\"@id\":\"https:\/\/tlk.ee\/en\/Webstore\/glock-49-gen6\/#primaryimage\"},\"thumbnailUrl\":\"https:\/\/tlk.ee\/wp-content\/uploads\/2025\/12\/Glock-49-gen6-1.jpg\",\"datePublished\":\"2025-12-10T22:37:04+00:00\",\"dateModified\":\"2026-02-20T15:21:14+00:00\",\"breadcrumb\":{\"@id\":\"https:\/\/tlk.ee\/en\/Webstore\/glock-49-gen6\/#breadcrumb\"},\"inLanguage\":\"en-US\",\"potentialAction\":[{\"@type\":\"ReadAction\",\"target\":[\"https:\/\/tlk.ee\/en\/Webstore\/glock-49-gen6\/\"]}]},{\"@type\":\"ImageObject\",\"inLanguage\":\"en-US\",\"@id\":\"https:\/\/tlk.ee\/en\/Webstore\/glock-49-gen6\/#primaryimage\",\"url\":\"https:\/\/tlk.ee\/wp-content\/uploads\/2025\/12\/Glock-49-gen6-1.jpg\",\"contentUrl\":\"https:\/\/tlk.ee\/wp-content\/uploads\/2025\/12\/Glock-49-gen6-1.jpg\",\"width\":1200,\"height\":910},{\"@type\":\"BreadcrumbList\",\"@id\":\"https:\/\/tlk.ee\/en\/Webstore\/glock-49-gen6\/#breadcrumb\",\"itemListElement\":[{\"@type\":\"ListItem\",\"position\":1,\"name\":\"Home\",\"item\":\"https:\/\/tlk.ee\/en\/\"},{\"@type\":\"ListItem\",\"position\":2,\"name\":\"E-shop\",\"item\":\"https:\/\/tlk.ee\/e-pood\/\"},{\"@type\":\"ListItem\",\"position\":3,\"name\":\"Glock 49 gen6\"}]},{\"@type\":\"WebSite\",\"@id\":\"https:\/\/tlk.ee\/en\/#website\",\"url\":\"https:\/\/tlk.ee\/en\/\",\"name\":\"Taktikalise Laskmise Keskus\",\"description\":\"Parima varustusega lasketiir Euroopas\",\"publisher\":{\"@id\":\"https:\/\/tlk.ee\/en\/#organization\"},\"alternateName\":\"TLK - lasketiir\",\"potentialAction\":[{\"@type\":\"SearchAction\",\"target\":{\"@type\":\"EntryPoint\",\"urlTemplate\":\"https:\/\/tlk.ee\/en\/?s={search_term_string}\"},\"query-input\":{\"@type\":\"PropertyValueSpecification\",\"valueRequired\":true,\"valueName\":\"search_term_string\"}}],\"inLanguage\":\"en-US\"},{\"@type\":\"Organization\",\"@id\":\"https:\/\/tlk.ee\/en\/#organization\",\"name\":\"Taktikalise Laskmise Keskus\",\"url\":\"https:\/\/tlk.ee\/en\/\",\"logo\":{\"@type\":\"ImageObject\",\"inLanguage\":\"en-US\",\"@id\":\"https:\/\/tlk.ee\/en\/#\/schema\/logo\/image\/\",\"url\":\"https:\/\/tlk.ee\/wp-content\/uploads\/2024\/08\/logo-wide-TLK-EE.png\",\"contentUrl\":\"https:\/\/tlk.ee\/wp-content\/uploads\/2024\/08\/logo-wide-TLK-EE.png\",\"width\":800,\"height\":400,\"caption\":\"Taktikalise Laskmise Keskus\"},\"image\":{\"@id\":\"https:\/\/tlk.ee\/en\/#\/schema\/logo\/image\/\"},\"sameAs\":[\"https:\/\/www.facebook.com\/Taktikaliselaskmisekeskus\"]}]}<\/script>\n<!-- \/ Yoast SEO plugin. -->","yoast_head_json":{"title":"Glock 49 gen6 - Taktikalise Laskmise Keskus","robots":{"index":"index","follow":"follow","max-snippet":"max-snippet:-1","max-image-preview":"max-image-preview:large","max-video-preview":"max-video-preview:-1"},"canonical":"https:\/\/tlk.ee\/en\/Webstore\/glock-49-gen6\/","og_locale":"en_US","og_type":"article","og_title":"Glock 49 gen6 - Taktikalise Laskmise Keskus","og_description":"J\u00f5ustruktuuride liikmetele, t\u00f6\u00f6tajatele (PPA, Kaitsev\u00e4gi, Kaitseliit ja P\u00e4\u00e4steamet) ja relvaloakoolituse osalejatele kehtib 15% soodustus tavahinnast.  !!!V\u00f5imalik ka tellida Tartu esindusse!!!","og_url":"https:\/\/tlk.ee\/en\/Webstore\/glock-49-gen6\/","og_site_name":"Taktikalise Laskmise Keskus","article_publisher":"https:\/\/www.facebook.com\/Taktikaliselaskmisekeskus","article_modified_time":"2026-02-20T15:21:14+00:00","og_image":[{"width":1200,"height":910,"url":"https:\/\/tlk.ee\/wp-content\/uploads\/2025\/12\/Glock-49-gen6-1.jpg","type":"image\/jpeg"}],"twitter_card":"summary_large_image","twitter_misc":{"Est. reading time":"3 minutes"},"schema":{"@context":"https:\/\/schema.org","@graph":[{"@type":"WebPage","@id":"https:\/\/tlk.ee\/en\/Webstore\/glock-49-gen6\/","url":"https:\/\/tlk.ee\/en\/Webstore\/glock-49-gen6\/","name":"Glock 49 gen6 - Taktikalise Laskmise Keskus","isPartOf":{"@id":"https:\/\/tlk.ee\/en\/#website"},"primaryImageOfPage":{"@id":"https:\/\/tlk.ee\/en\/Webstore\/glock-49-gen6\/#primaryimage"},"image":{"@id":"https:\/\/tlk.ee\/en\/Webstore\/glock-49-gen6\/#primaryimage"},"thumbnailUrl":"https:\/\/tlk.ee\/wp-content\/uploads\/2025\/12\/Glock-49-gen6-1.jpg","datePublished":"2025-12-10T22:37:04+00:00","dateModified":"2026-02-20T15:21:14+00:00","breadcrumb":{"@id":"https:\/\/tlk.ee\/en\/Webstore\/glock-49-gen6\/#breadcrumb"},"inLanguage":"en-US","potentialAction":[{"@type":"ReadAction","target":["https:\/\/tlk.ee\/en\/Webstore\/glock-49-gen6\/"]}]},{"@type":"ImageObject","inLanguage":"en-US","@id":"https:\/\/tlk.ee\/en\/Webstore\/glock-49-gen6\/#primaryimage","url":"https:\/\/tlk.ee\/wp-content\/uploads\/2025\/12\/Glock-49-gen6-1.jpg","contentUrl":"https:\/\/tlk.ee\/wp-content\/uploads\/2025\/12\/Glock-49-gen6-1.jpg","width":1200,"height":910},{"@type":"BreadcrumbList","@id":"https:\/\/tlk.ee\/en\/Webstore\/glock-49-gen6\/#breadcrumb","itemListElement":[{"@type":"ListItem","position":1,"name":"Home","item":"https:\/\/tlk.ee\/en\/"},{"@type":"ListItem","position":2,"name":"E-shop","item":"https:\/\/tlk.ee\/e-pood\/"},{"@type":"ListItem","position":3,"name":"Glock 49 gen6"}]},{"@type":"WebSite","@id":"https:\/\/tlk.ee\/en\/#website","url":"https:\/\/tlk.ee\/en\/","name":"Taktikalise Laskmise Keskus","description":"Parima varustusega lasketiir Euroopas","publisher":{"@id":"https:\/\/tlk.ee\/en\/#organization"},"alternateName":"TLK - lasketiir","potentialAction":[{"@type":"SearchAction","target":{"@type":"EntryPoint","urlTemplate":"https:\/\/tlk.ee\/en\/?s={search_term_string}"},"query-input":{"@type":"PropertyValueSpecification","valueRequired":true,"valueName":"search_term_string"}}],"inLanguage":"en-US"},{"@type":"Organization","@id":"https:\/\/tlk.ee\/en\/#organization","name":"Taktikalise Laskmise Keskus","url":"https:\/\/tlk.ee\/en\/","logo":{"@type":"ImageObject","inLanguage":"en-US","@id":"https:\/\/tlk.ee\/en\/#\/schema\/logo\/image\/","url":"https:\/\/tlk.ee\/wp-content\/uploads\/2024\/08\/logo-wide-TLK-EE.png","contentUrl":"https:\/\/tlk.ee\/wp-content\/uploads\/2024\/08\/logo-wide-TLK-EE.png","width":800,"height":400,"caption":"Taktikalise Laskmise Keskus"},"image":{"@id":"https:\/\/tlk.ee\/en\/#\/schema\/logo\/image\/"},"sameAs":["https:\/\/www.facebook.com\/Taktikaliselaskmisekeskus"]}]}},"_links":{"self":[{"href":"https:\/\/tlk.ee\/en\/wp-json\/wp\/v2\/product\/35191","targetHints":{"allow":["GET"]}}],"collection":[{"href":"https:\/\/tlk.ee\/en\/wp-json\/wp\/v2\/product"}],"about":[{"href":"https:\/\/tlk.ee\/en\/wp-json\/wp\/v2\/types\/product"}],"replies":[{"embeddable":true,"href":"https:\/\/tlk.ee\/en\/wp-json\/wp\/v2\/comments?post=35191"}],"wp:featuredmedia":[{"embeddable":true,"href":"https:\/\/tlk.ee\/en\/wp-json\/wp\/v2\/media\/35192"}],"wp:attachment":[{"href":"https:\/\/tlk.ee\/en\/wp-json\/wp\/v2\/media?parent=35191"}],"wp:term":[{"taxonomy":"product_brand","embeddable":true,"href":"https:\/\/tlk.ee\/en\/wp-json\/wp\/v2\/product_brand?post=35191"},{"taxonomy":"product_cat","embeddable":true,"href":"https:\/\/tlk.ee\/en\/wp-json\/wp\/v2\/product_cat?post=35191"},{"taxonomy":"product_tag","embeddable":true,"href":"https:\/\/tlk.ee\/en\/wp-json\/wp\/v2\/product_tag?post=35191"}],"curies":[{"name":"wp","href":"https:\/\/api.w.org\/{rel}","templated":true}]}}