{"id":35063,"date":"2025-12-06T15:23:00","date_gmt":"2025-12-06T15:23:00","guid":{"rendered":"https:\/\/tlk.ee\/?post_type=product&#038;p=35063"},"modified":"2026-01-30T11:41:32","modified_gmt":"2026-01-30T11:41:32","slug":"safariland-solis-kabuur-glock-48-43x-mos","status":"publish","type":"product","link":"https:\/\/tlk.ee\/en\/webstore\/safariland-solis-kabuur-glock-48-43x-mos\/","title":{"rendered":"Safariland Solis kabuur Glock 48\/43x MOS"},"content":{"rendered":"<p>Safariland\u00ae Solis kabuur \u00fchendab ALS\u00ae-i turvalisuse vabastamiskiiruse ja avatud kujunduse lihtsusega. Solis sobib enamiku punat\u00e4ppsihikutele. ALS\u00ae kinnitab teie relva automaatselt, kui see on kabuuris, kuid v\u00f5imaldab siiski kiiret ja loomulikku t\u00f5mbamist p\u00f6idla vabastamisega saavutada loomuliku relvahaaret. Solis, mis on valmistatud vastupidavast, ilmastiku- ja temperatuurikindlast SafariSeven\u2122 mittej\u00e4tkuvast nailonisegust, ei kriimusta ega riku teie tulirelva viimistlust. Kabuuri avatud koonuosa konstruktsioon mahutab keermestatud rauaga relva.<\/p>\n<p>&nbsp;<\/p>\n<p>Sobib ka koos relvalambiga Streamlight TLR-7 sub<\/p>\n","protected":false},"excerpt":{"rendered":"<h4>Paremak\u00e4eline<\/h4>\n","protected":false},"featured_media":30742,"comment_status":"closed","ping_status":"closed","template":"","meta":[],"product_brand":[],"product_cat":[26],"product_tag":[],"class_list":{"0":"post-35063","1":"product","2":"type-product","3":"status-publish","4":"has-post-thumbnail","6":"product_cat-kabuurid","7":"pa_mudel-glock-le","8":"pa_tootja-safariland","10":"first","11":"instock","12":"taxable","13":"shipping-taxable","14":"purchasable","15":"product-type-simple"},"yoast_head":"<!-- This site is optimized with the Yoast SEO plugin v27.4 - https:\/\/yoast.com\/product\/yoast-seo-wordpress\/ -->\n<title>Safariland Solis kabuur Glock 48\/43x MOS - Taktikalise Laskmise Keskus<\/title>\n<meta name=\"robots\" content=\"index, follow, max-snippet:-1, max-image-preview:large, max-video-preview:-1\" \/>\n<link rel=\"canonical\" href=\"https:\/\/tlk.ee\/en\/webstore\/safariland-solis-kabuur-glock-48-43x-mos\/\" \/>\n<meta property=\"og:locale\" content=\"en_US\" \/>\n<meta property=\"og:type\" content=\"article\" \/>\n<meta property=\"og:title\" content=\"Safariland Solis kabuur Glock 48\/43x MOS - Taktikalise Laskmise Keskus\" \/>\n<meta property=\"og:description\" content=\"Paremak\u00e4eline\" \/>\n<meta property=\"og:url\" content=\"https:\/\/tlk.ee\/en\/webstore\/safariland-solis-kabuur-glock-48-43x-mos\/\" \/>\n<meta property=\"og:site_name\" content=\"Taktikalise Laskmise Keskus\" \/>\n<meta property=\"article:publisher\" content=\"https:\/\/www.facebook.com\/Taktikaliselaskmisekeskus\" \/>\n<meta property=\"article:modified_time\" content=\"2026-01-30T11:41:32+00:00\" \/>\n<meta property=\"og:image\" content=\"https:\/\/tlk.ee\/wp-content\/uploads\/2024\/11\/Solis-Glock-19-Safariland-kabuur.jpg\" \/>\n\t<meta property=\"og:image:width\" content=\"1958\" \/>\n\t<meta property=\"og:image:height\" content=\"1438\" \/>\n\t<meta property=\"og:image:type\" content=\"image\/jpeg\" \/>\n<meta name=\"twitter:card\" content=\"summary_large_image\" \/>\n<meta name=\"twitter:label1\" content=\"Est. reading time\" \/>\n\t<meta name=\"twitter:data1\" content=\"1 minute\" \/>\n<script type=\"application\/ld+json\" class=\"yoast-schema-graph\">{\"@context\":\"https:\\\/\\\/schema.org\",\"@graph\":[{\"@type\":\"WebPage\",\"@id\":\"https:\\\/\\\/tlk.ee\\\/en\\\/webstore\\\/safariland-solis-kabuur-glock-48-43x-mos\\\/\",\"url\":\"https:\\\/\\\/tlk.ee\\\/en\\\/webstore\\\/safariland-solis-kabuur-glock-48-43x-mos\\\/\",\"name\":\"Safariland Solis kabuur Glock 48\\\/43x MOS - Taktikalise Laskmise Keskus\",\"isPartOf\":{\"@id\":\"https:\\\/\\\/tlk.ee\\\/en\\\/#website\"},\"primaryImageOfPage\":{\"@id\":\"https:\\\/\\\/tlk.ee\\\/en\\\/webstore\\\/safariland-solis-kabuur-glock-48-43x-mos\\\/#primaryimage\"},\"image\":{\"@id\":\"https:\\\/\\\/tlk.ee\\\/en\\\/webstore\\\/safariland-solis-kabuur-glock-48-43x-mos\\\/#primaryimage\"},\"thumbnailUrl\":\"https:\\\/\\\/tlk.ee\\\/wp-content\\\/uploads\\\/2024\\\/11\\\/Solis-Glock-19-Safariland-kabuur.jpg\",\"datePublished\":\"2025-12-06T15:23:00+00:00\",\"dateModified\":\"2026-01-30T11:41:32+00:00\",\"breadcrumb\":{\"@id\":\"https:\\\/\\\/tlk.ee\\\/en\\\/webstore\\\/safariland-solis-kabuur-glock-48-43x-mos\\\/#breadcrumb\"},\"inLanguage\":\"en-US\",\"potentialAction\":[{\"@type\":\"ReadAction\",\"target\":[\"https:\\\/\\\/tlk.ee\\\/en\\\/webstore\\\/safariland-solis-kabuur-glock-48-43x-mos\\\/\"]}]},{\"@type\":\"ImageObject\",\"inLanguage\":\"en-US\",\"@id\":\"https:\\\/\\\/tlk.ee\\\/en\\\/webstore\\\/safariland-solis-kabuur-glock-48-43x-mos\\\/#primaryimage\",\"url\":\"https:\\\/\\\/tlk.ee\\\/wp-content\\\/uploads\\\/2024\\\/11\\\/Solis-Glock-19-Safariland-kabuur.jpg\",\"contentUrl\":\"https:\\\/\\\/tlk.ee\\\/wp-content\\\/uploads\\\/2024\\\/11\\\/Solis-Glock-19-Safariland-kabuur.jpg\",\"width\":1958,\"height\":1438},{\"@type\":\"BreadcrumbList\",\"@id\":\"https:\\\/\\\/tlk.ee\\\/en\\\/webstore\\\/safariland-solis-kabuur-glock-48-43x-mos\\\/#breadcrumb\",\"itemListElement\":[{\"@type\":\"ListItem\",\"position\":1,\"name\":\"Home\",\"item\":\"https:\\\/\\\/tlk.ee\\\/en\\\/\"},{\"@type\":\"ListItem\",\"position\":2,\"name\":\"E-shop\",\"item\":\"https:\\\/\\\/tlk.ee\\\/e-pood\\\/\"},{\"@type\":\"ListItem\",\"position\":3,\"name\":\"Safariland Solis kabuur Glock 48\\\/43x MOS\"}]},{\"@type\":\"WebSite\",\"@id\":\"https:\\\/\\\/tlk.ee\\\/en\\\/#website\",\"url\":\"https:\\\/\\\/tlk.ee\\\/en\\\/\",\"name\":\"Taktikalise Laskmise Keskus\",\"description\":\"Parima varustusega lasketiir Euroopas\",\"publisher\":{\"@id\":\"https:\\\/\\\/tlk.ee\\\/en\\\/#organization\"},\"alternateName\":\"TLK - lasketiir\",\"potentialAction\":[{\"@type\":\"SearchAction\",\"target\":{\"@type\":\"EntryPoint\",\"urlTemplate\":\"https:\\\/\\\/tlk.ee\\\/en\\\/?s={search_term_string}\"},\"query-input\":{\"@type\":\"PropertyValueSpecification\",\"valueRequired\":true,\"valueName\":\"search_term_string\"}}],\"inLanguage\":\"en-US\"},{\"@type\":\"Organization\",\"@id\":\"https:\\\/\\\/tlk.ee\\\/en\\\/#organization\",\"name\":\"Taktikalise Laskmise Keskus\",\"url\":\"https:\\\/\\\/tlk.ee\\\/en\\\/\",\"logo\":{\"@type\":\"ImageObject\",\"inLanguage\":\"en-US\",\"@id\":\"https:\\\/\\\/tlk.ee\\\/en\\\/#\\\/schema\\\/logo\\\/image\\\/\",\"url\":\"https:\\\/\\\/tlk.ee\\\/wp-content\\\/uploads\\\/2024\\\/08\\\/logo-wide-TLK-EE.png\",\"contentUrl\":\"https:\\\/\\\/tlk.ee\\\/wp-content\\\/uploads\\\/2024\\\/08\\\/logo-wide-TLK-EE.png\",\"width\":800,\"height\":400,\"caption\":\"Taktikalise Laskmise Keskus\"},\"image\":{\"@id\":\"https:\\\/\\\/tlk.ee\\\/en\\\/#\\\/schema\\\/logo\\\/image\\\/\"},\"sameAs\":[\"https:\\\/\\\/www.facebook.com\\\/Taktikaliselaskmisekeskus\"]}]}<\/script>\n<!-- \/ Yoast SEO plugin. -->","yoast_head_json":{"title":"Safariland Solis kabuur Glock 48\/43x MOS - Taktikalise Laskmise Keskus","robots":{"index":"index","follow":"follow","max-snippet":"max-snippet:-1","max-image-preview":"max-image-preview:large","max-video-preview":"max-video-preview:-1"},"canonical":"https:\/\/tlk.ee\/en\/webstore\/safariland-solis-kabuur-glock-48-43x-mos\/","og_locale":"en_US","og_type":"article","og_title":"Safariland Solis kabuur Glock 48\/43x MOS - Taktikalise Laskmise Keskus","og_description":"Paremak\u00e4eline","og_url":"https:\/\/tlk.ee\/en\/webstore\/safariland-solis-kabuur-glock-48-43x-mos\/","og_site_name":"Taktikalise Laskmise Keskus","article_publisher":"https:\/\/www.facebook.com\/Taktikaliselaskmisekeskus","article_modified_time":"2026-01-30T11:41:32+00:00","og_image":[{"width":1958,"height":1438,"url":"https:\/\/tlk.ee\/wp-content\/uploads\/2024\/11\/Solis-Glock-19-Safariland-kabuur.jpg","type":"image\/jpeg"}],"twitter_card":"summary_large_image","twitter_misc":{"Est. reading time":"1 minute"},"schema":{"@context":"https:\/\/schema.org","@graph":[{"@type":"WebPage","@id":"https:\/\/tlk.ee\/en\/webstore\/safariland-solis-kabuur-glock-48-43x-mos\/","url":"https:\/\/tlk.ee\/en\/webstore\/safariland-solis-kabuur-glock-48-43x-mos\/","name":"Safariland Solis kabuur Glock 48\/43x MOS - Taktikalise Laskmise Keskus","isPartOf":{"@id":"https:\/\/tlk.ee\/en\/#website"},"primaryImageOfPage":{"@id":"https:\/\/tlk.ee\/en\/webstore\/safariland-solis-kabuur-glock-48-43x-mos\/#primaryimage"},"image":{"@id":"https:\/\/tlk.ee\/en\/webstore\/safariland-solis-kabuur-glock-48-43x-mos\/#primaryimage"},"thumbnailUrl":"https:\/\/tlk.ee\/wp-content\/uploads\/2024\/11\/Solis-Glock-19-Safariland-kabuur.jpg","datePublished":"2025-12-06T15:23:00+00:00","dateModified":"2026-01-30T11:41:32+00:00","breadcrumb":{"@id":"https:\/\/tlk.ee\/en\/webstore\/safariland-solis-kabuur-glock-48-43x-mos\/#breadcrumb"},"inLanguage":"en-US","potentialAction":[{"@type":"ReadAction","target":["https:\/\/tlk.ee\/en\/webstore\/safariland-solis-kabuur-glock-48-43x-mos\/"]}]},{"@type":"ImageObject","inLanguage":"en-US","@id":"https:\/\/tlk.ee\/en\/webstore\/safariland-solis-kabuur-glock-48-43x-mos\/#primaryimage","url":"https:\/\/tlk.ee\/wp-content\/uploads\/2024\/11\/Solis-Glock-19-Safariland-kabuur.jpg","contentUrl":"https:\/\/tlk.ee\/wp-content\/uploads\/2024\/11\/Solis-Glock-19-Safariland-kabuur.jpg","width":1958,"height":1438},{"@type":"BreadcrumbList","@id":"https:\/\/tlk.ee\/en\/webstore\/safariland-solis-kabuur-glock-48-43x-mos\/#breadcrumb","itemListElement":[{"@type":"ListItem","position":1,"name":"Home","item":"https:\/\/tlk.ee\/en\/"},{"@type":"ListItem","position":2,"name":"E-shop","item":"https:\/\/tlk.ee\/e-pood\/"},{"@type":"ListItem","position":3,"name":"Safariland Solis kabuur Glock 48\/43x MOS"}]},{"@type":"WebSite","@id":"https:\/\/tlk.ee\/en\/#website","url":"https:\/\/tlk.ee\/en\/","name":"Taktikalise Laskmise Keskus","description":"Parima varustusega lasketiir Euroopas","publisher":{"@id":"https:\/\/tlk.ee\/en\/#organization"},"alternateName":"TLK - lasketiir","potentialAction":[{"@type":"SearchAction","target":{"@type":"EntryPoint","urlTemplate":"https:\/\/tlk.ee\/en\/?s={search_term_string}"},"query-input":{"@type":"PropertyValueSpecification","valueRequired":true,"valueName":"search_term_string"}}],"inLanguage":"en-US"},{"@type":"Organization","@id":"https:\/\/tlk.ee\/en\/#organization","name":"Taktikalise Laskmise Keskus","url":"https:\/\/tlk.ee\/en\/","logo":{"@type":"ImageObject","inLanguage":"en-US","@id":"https:\/\/tlk.ee\/en\/#\/schema\/logo\/image\/","url":"https:\/\/tlk.ee\/wp-content\/uploads\/2024\/08\/logo-wide-TLK-EE.png","contentUrl":"https:\/\/tlk.ee\/wp-content\/uploads\/2024\/08\/logo-wide-TLK-EE.png","width":800,"height":400,"caption":"Taktikalise Laskmise Keskus"},"image":{"@id":"https:\/\/tlk.ee\/en\/#\/schema\/logo\/image\/"},"sameAs":["https:\/\/www.facebook.com\/Taktikaliselaskmisekeskus"]}]}},"_links":{"self":[{"href":"https:\/\/tlk.ee\/en\/wp-json\/wp\/v2\/product\/35063","targetHints":{"allow":["GET"]}}],"collection":[{"href":"https:\/\/tlk.ee\/en\/wp-json\/wp\/v2\/product"}],"about":[{"href":"https:\/\/tlk.ee\/en\/wp-json\/wp\/v2\/types\/product"}],"replies":[{"embeddable":true,"href":"https:\/\/tlk.ee\/en\/wp-json\/wp\/v2\/comments?post=35063"}],"wp:featuredmedia":[{"embeddable":true,"href":"https:\/\/tlk.ee\/en\/wp-json\/wp\/v2\/media\/30742"}],"wp:attachment":[{"href":"https:\/\/tlk.ee\/en\/wp-json\/wp\/v2\/media?parent=35063"}],"wp:term":[{"taxonomy":"product_brand","embeddable":true,"href":"https:\/\/tlk.ee\/en\/wp-json\/wp\/v2\/product_brand?post=35063"},{"taxonomy":"product_cat","embeddable":true,"href":"https:\/\/tlk.ee\/en\/wp-json\/wp\/v2\/product_cat?post=35063"},{"taxonomy":"product_tag","embeddable":true,"href":"https:\/\/tlk.ee\/en\/wp-json\/wp\/v2\/product_tag?post=35063"}],"curies":[{"name":"wp","href":"https:\/\/api.w.org\/{rel}","templated":true}]}}