{"id":35046,"date":"2025-12-06T15:00:27","date_gmt":"2025-12-06T15:00:27","guid":{"rendered":"https:\/\/tlk.ee\/?post_type=product&#038;p=35046"},"modified":"2025-12-06T16:38:13","modified_gmt":"2025-12-06T16:38:13","slug":"safariland-als-valikabuur-lukuga-glock-19-45","status":"publish","type":"product","link":"https:\/\/tlk.ee\/en\/webstore\/safariland-als-valikabuur-lukuga-glock-19-45\/","title":{"rendered":"Safariland ALS kabuur lukuga Glock 19\/45"},"content":{"rendered":"<p>Safariland ALS kabuur on loodud igap\u00e4evaseks kasutamiseks nii erariietes ohvitseridele kui ka relvakandjatele. ALS\u00ae lukustab tulirelva kabuuris kindlalt paigale, v\u00f5imaldades samal ajal relva loomulikku t\u00f5mbamist p\u00f6idla liigutusega, kui haare on loodud. SafariLaminate\u2122 konstruktsioon muudab kabuuri v\u00e4ljastpoolt tugevaks, samas kui SafariSuede\u2122 sisek\u00fclg kaitseb tulirelva sihikut ja viimistlust.<\/p>\n<ul>\n<li>ALS\u00ae (automaatne lukustuss\u00fcsteem) lukustab relva kabuuris; p\u00e4rast ALS-i deaktiveerimist on seda lihtne p\u00f6idlaga otse \u00fcles t\u00f5mmata, samal ajal laskek\u00e4epidet hoides.<\/li>\n<li>K\u00f5rge ja kehal\u00e4hedane kinnitus h\u00f5lbustab relva peitmist jope alla. Kinnitus on vormitud puusal kandmiseks ja kergelt kallutatud ettepoole.<\/li>\n<li>V\u00f6\u00f6kinnitus reguleerib kallet ja sobib 1,5-tollistele (38 mm) kuni 1,75-tollistele (45 mm) v\u00f6\u00f6dele.<\/li>\n<\/ul>\n","protected":false},"excerpt":{"rendered":"<h4>Paremak\u00e4eline<\/h4>\n","protected":false},"featured_media":35050,"comment_status":"closed","ping_status":"closed","template":"","meta":[],"product_brand":[],"product_cat":[26],"product_tag":[],"class_list":{"0":"post-35046","1":"product","2":"type-product","3":"status-publish","4":"has-post-thumbnail","6":"product_cat-kabuurid","7":"pa_mudel-glock-le","8":"pa_tootja-safariland","10":"first","11":"instock","12":"taxable","13":"shipping-taxable","14":"purchasable","15":"product-type-simple"},"yoast_head":"<!-- This site is optimized with the Yoast SEO plugin v27.4 - https:\/\/yoast.com\/product\/yoast-seo-wordpress\/ -->\n<title>Safariland ALS kabuur lukuga Glock 19\/45 - Taktikalise Laskmise Keskus<\/title>\n<meta name=\"robots\" content=\"index, follow, max-snippet:-1, max-image-preview:large, max-video-preview:-1\" \/>\n<link rel=\"canonical\" href=\"https:\/\/tlk.ee\/en\/webstore\/safariland-als-valikabuur-lukuga-glock-19-45\/\" \/>\n<meta property=\"og:locale\" content=\"en_US\" \/>\n<meta property=\"og:type\" content=\"article\" \/>\n<meta property=\"og:title\" content=\"Safariland ALS kabuur lukuga Glock 19\/45 - Taktikalise Laskmise Keskus\" \/>\n<meta property=\"og:description\" content=\"Paremak\u00e4eline\" \/>\n<meta property=\"og:url\" content=\"https:\/\/tlk.ee\/en\/webstore\/safariland-als-valikabuur-lukuga-glock-19-45\/\" \/>\n<meta property=\"og:site_name\" content=\"Taktikalise Laskmise Keskus\" \/>\n<meta property=\"article:publisher\" content=\"https:\/\/www.facebook.com\/Taktikaliselaskmisekeskus\" \/>\n<meta property=\"article:modified_time\" content=\"2025-12-06T16:38:13+00:00\" \/>\n<meta property=\"og:image\" content=\"https:\/\/tlk.ee\/wp-content\/uploads\/2025\/12\/Safariland-ALS-2.png\" \/>\n\t<meta property=\"og:image:width\" content=\"1200\" \/>\n\t<meta property=\"og:image:height\" content=\"1113\" \/>\n\t<meta property=\"og:image:type\" content=\"image\/png\" \/>\n<meta name=\"twitter:card\" content=\"summary_large_image\" \/>\n<meta name=\"twitter:label1\" content=\"Est. reading time\" \/>\n\t<meta name=\"twitter:data1\" content=\"1 minute\" \/>\n<script type=\"application\/ld+json\" class=\"yoast-schema-graph\">{\"@context\":\"https:\\\/\\\/schema.org\",\"@graph\":[{\"@type\":\"WebPage\",\"@id\":\"https:\\\/\\\/tlk.ee\\\/en\\\/webstore\\\/safariland-als-valikabuur-lukuga-glock-19-45\\\/\",\"url\":\"https:\\\/\\\/tlk.ee\\\/en\\\/webstore\\\/safariland-als-valikabuur-lukuga-glock-19-45\\\/\",\"name\":\"Safariland ALS kabuur lukuga Glock 19\\\/45 - Taktikalise Laskmise Keskus\",\"isPartOf\":{\"@id\":\"https:\\\/\\\/tlk.ee\\\/en\\\/#website\"},\"primaryImageOfPage\":{\"@id\":\"https:\\\/\\\/tlk.ee\\\/en\\\/webstore\\\/safariland-als-valikabuur-lukuga-glock-19-45\\\/#primaryimage\"},\"image\":{\"@id\":\"https:\\\/\\\/tlk.ee\\\/en\\\/webstore\\\/safariland-als-valikabuur-lukuga-glock-19-45\\\/#primaryimage\"},\"thumbnailUrl\":\"https:\\\/\\\/tlk.ee\\\/wp-content\\\/uploads\\\/2025\\\/12\\\/Safariland-ALS-2.png\",\"datePublished\":\"2025-12-06T15:00:27+00:00\",\"dateModified\":\"2025-12-06T16:38:13+00:00\",\"breadcrumb\":{\"@id\":\"https:\\\/\\\/tlk.ee\\\/en\\\/webstore\\\/safariland-als-valikabuur-lukuga-glock-19-45\\\/#breadcrumb\"},\"inLanguage\":\"en-US\",\"potentialAction\":[{\"@type\":\"ReadAction\",\"target\":[\"https:\\\/\\\/tlk.ee\\\/en\\\/webstore\\\/safariland-als-valikabuur-lukuga-glock-19-45\\\/\"]}]},{\"@type\":\"ImageObject\",\"inLanguage\":\"en-US\",\"@id\":\"https:\\\/\\\/tlk.ee\\\/en\\\/webstore\\\/safariland-als-valikabuur-lukuga-glock-19-45\\\/#primaryimage\",\"url\":\"https:\\\/\\\/tlk.ee\\\/wp-content\\\/uploads\\\/2025\\\/12\\\/Safariland-ALS-2.png\",\"contentUrl\":\"https:\\\/\\\/tlk.ee\\\/wp-content\\\/uploads\\\/2025\\\/12\\\/Safariland-ALS-2.png\",\"width\":1200,\"height\":1113},{\"@type\":\"BreadcrumbList\",\"@id\":\"https:\\\/\\\/tlk.ee\\\/en\\\/webstore\\\/safariland-als-valikabuur-lukuga-glock-19-45\\\/#breadcrumb\",\"itemListElement\":[{\"@type\":\"ListItem\",\"position\":1,\"name\":\"Home\",\"item\":\"https:\\\/\\\/tlk.ee\\\/en\\\/\"},{\"@type\":\"ListItem\",\"position\":2,\"name\":\"E-shop\",\"item\":\"https:\\\/\\\/tlk.ee\\\/e-pood\\\/\"},{\"@type\":\"ListItem\",\"position\":3,\"name\":\"Safariland ALS kabuur lukuga Glock 19\\\/45\"}]},{\"@type\":\"WebSite\",\"@id\":\"https:\\\/\\\/tlk.ee\\\/en\\\/#website\",\"url\":\"https:\\\/\\\/tlk.ee\\\/en\\\/\",\"name\":\"Taktikalise Laskmise Keskus\",\"description\":\"Parima varustusega lasketiir Euroopas\",\"publisher\":{\"@id\":\"https:\\\/\\\/tlk.ee\\\/en\\\/#organization\"},\"alternateName\":\"TLK - lasketiir\",\"potentialAction\":[{\"@type\":\"SearchAction\",\"target\":{\"@type\":\"EntryPoint\",\"urlTemplate\":\"https:\\\/\\\/tlk.ee\\\/en\\\/?s={search_term_string}\"},\"query-input\":{\"@type\":\"PropertyValueSpecification\",\"valueRequired\":true,\"valueName\":\"search_term_string\"}}],\"inLanguage\":\"en-US\"},{\"@type\":\"Organization\",\"@id\":\"https:\\\/\\\/tlk.ee\\\/en\\\/#organization\",\"name\":\"Taktikalise Laskmise Keskus\",\"url\":\"https:\\\/\\\/tlk.ee\\\/en\\\/\",\"logo\":{\"@type\":\"ImageObject\",\"inLanguage\":\"en-US\",\"@id\":\"https:\\\/\\\/tlk.ee\\\/en\\\/#\\\/schema\\\/logo\\\/image\\\/\",\"url\":\"https:\\\/\\\/tlk.ee\\\/wp-content\\\/uploads\\\/2024\\\/08\\\/logo-wide-TLK-EE.png\",\"contentUrl\":\"https:\\\/\\\/tlk.ee\\\/wp-content\\\/uploads\\\/2024\\\/08\\\/logo-wide-TLK-EE.png\",\"width\":800,\"height\":400,\"caption\":\"Taktikalise Laskmise Keskus\"},\"image\":{\"@id\":\"https:\\\/\\\/tlk.ee\\\/en\\\/#\\\/schema\\\/logo\\\/image\\\/\"},\"sameAs\":[\"https:\\\/\\\/www.facebook.com\\\/Taktikaliselaskmisekeskus\"]}]}<\/script>\n<!-- \/ Yoast SEO plugin. -->","yoast_head_json":{"title":"Safariland ALS kabuur lukuga Glock 19\/45 - Taktikalise Laskmise Keskus","robots":{"index":"index","follow":"follow","max-snippet":"max-snippet:-1","max-image-preview":"max-image-preview:large","max-video-preview":"max-video-preview:-1"},"canonical":"https:\/\/tlk.ee\/en\/webstore\/safariland-als-valikabuur-lukuga-glock-19-45\/","og_locale":"en_US","og_type":"article","og_title":"Safariland ALS kabuur lukuga Glock 19\/45 - Taktikalise Laskmise Keskus","og_description":"Paremak\u00e4eline","og_url":"https:\/\/tlk.ee\/en\/webstore\/safariland-als-valikabuur-lukuga-glock-19-45\/","og_site_name":"Taktikalise Laskmise Keskus","article_publisher":"https:\/\/www.facebook.com\/Taktikaliselaskmisekeskus","article_modified_time":"2025-12-06T16:38:13+00:00","og_image":[{"width":1200,"height":1113,"url":"https:\/\/tlk.ee\/wp-content\/uploads\/2025\/12\/Safariland-ALS-2.png","type":"image\/png"}],"twitter_card":"summary_large_image","twitter_misc":{"Est. reading time":"1 minute"},"schema":{"@context":"https:\/\/schema.org","@graph":[{"@type":"WebPage","@id":"https:\/\/tlk.ee\/en\/webstore\/safariland-als-valikabuur-lukuga-glock-19-45\/","url":"https:\/\/tlk.ee\/en\/webstore\/safariland-als-valikabuur-lukuga-glock-19-45\/","name":"Safariland ALS kabuur lukuga Glock 19\/45 - Taktikalise Laskmise Keskus","isPartOf":{"@id":"https:\/\/tlk.ee\/en\/#website"},"primaryImageOfPage":{"@id":"https:\/\/tlk.ee\/en\/webstore\/safariland-als-valikabuur-lukuga-glock-19-45\/#primaryimage"},"image":{"@id":"https:\/\/tlk.ee\/en\/webstore\/safariland-als-valikabuur-lukuga-glock-19-45\/#primaryimage"},"thumbnailUrl":"https:\/\/tlk.ee\/wp-content\/uploads\/2025\/12\/Safariland-ALS-2.png","datePublished":"2025-12-06T15:00:27+00:00","dateModified":"2025-12-06T16:38:13+00:00","breadcrumb":{"@id":"https:\/\/tlk.ee\/en\/webstore\/safariland-als-valikabuur-lukuga-glock-19-45\/#breadcrumb"},"inLanguage":"en-US","potentialAction":[{"@type":"ReadAction","target":["https:\/\/tlk.ee\/en\/webstore\/safariland-als-valikabuur-lukuga-glock-19-45\/"]}]},{"@type":"ImageObject","inLanguage":"en-US","@id":"https:\/\/tlk.ee\/en\/webstore\/safariland-als-valikabuur-lukuga-glock-19-45\/#primaryimage","url":"https:\/\/tlk.ee\/wp-content\/uploads\/2025\/12\/Safariland-ALS-2.png","contentUrl":"https:\/\/tlk.ee\/wp-content\/uploads\/2025\/12\/Safariland-ALS-2.png","width":1200,"height":1113},{"@type":"BreadcrumbList","@id":"https:\/\/tlk.ee\/en\/webstore\/safariland-als-valikabuur-lukuga-glock-19-45\/#breadcrumb","itemListElement":[{"@type":"ListItem","position":1,"name":"Home","item":"https:\/\/tlk.ee\/en\/"},{"@type":"ListItem","position":2,"name":"E-shop","item":"https:\/\/tlk.ee\/e-pood\/"},{"@type":"ListItem","position":3,"name":"Safariland ALS kabuur lukuga Glock 19\/45"}]},{"@type":"WebSite","@id":"https:\/\/tlk.ee\/en\/#website","url":"https:\/\/tlk.ee\/en\/","name":"Taktikalise Laskmise Keskus","description":"Parima varustusega lasketiir Euroopas","publisher":{"@id":"https:\/\/tlk.ee\/en\/#organization"},"alternateName":"TLK - lasketiir","potentialAction":[{"@type":"SearchAction","target":{"@type":"EntryPoint","urlTemplate":"https:\/\/tlk.ee\/en\/?s={search_term_string}"},"query-input":{"@type":"PropertyValueSpecification","valueRequired":true,"valueName":"search_term_string"}}],"inLanguage":"en-US"},{"@type":"Organization","@id":"https:\/\/tlk.ee\/en\/#organization","name":"Taktikalise Laskmise Keskus","url":"https:\/\/tlk.ee\/en\/","logo":{"@type":"ImageObject","inLanguage":"en-US","@id":"https:\/\/tlk.ee\/en\/#\/schema\/logo\/image\/","url":"https:\/\/tlk.ee\/wp-content\/uploads\/2024\/08\/logo-wide-TLK-EE.png","contentUrl":"https:\/\/tlk.ee\/wp-content\/uploads\/2024\/08\/logo-wide-TLK-EE.png","width":800,"height":400,"caption":"Taktikalise Laskmise Keskus"},"image":{"@id":"https:\/\/tlk.ee\/en\/#\/schema\/logo\/image\/"},"sameAs":["https:\/\/www.facebook.com\/Taktikaliselaskmisekeskus"]}]}},"_links":{"self":[{"href":"https:\/\/tlk.ee\/en\/wp-json\/wp\/v2\/product\/35046","targetHints":{"allow":["GET"]}}],"collection":[{"href":"https:\/\/tlk.ee\/en\/wp-json\/wp\/v2\/product"}],"about":[{"href":"https:\/\/tlk.ee\/en\/wp-json\/wp\/v2\/types\/product"}],"replies":[{"embeddable":true,"href":"https:\/\/tlk.ee\/en\/wp-json\/wp\/v2\/comments?post=35046"}],"wp:featuredmedia":[{"embeddable":true,"href":"https:\/\/tlk.ee\/en\/wp-json\/wp\/v2\/media\/35050"}],"wp:attachment":[{"href":"https:\/\/tlk.ee\/en\/wp-json\/wp\/v2\/media?parent=35046"}],"wp:term":[{"taxonomy":"product_brand","embeddable":true,"href":"https:\/\/tlk.ee\/en\/wp-json\/wp\/v2\/product_brand?post=35046"},{"taxonomy":"product_cat","embeddable":true,"href":"https:\/\/tlk.ee\/en\/wp-json\/wp\/v2\/product_cat?post=35046"},{"taxonomy":"product_tag","embeddable":true,"href":"https:\/\/tlk.ee\/en\/wp-json\/wp\/v2\/product_tag?post=35046"}],"curies":[{"name":"wp","href":"https:\/\/api.w.org\/{rel}","templated":true}]}}