{"id":3449,"date":"2024-04-24T11:46:42","date_gmt":"2024-04-24T11:46:42","guid":{"rendered":"https:\/\/tlk.ee\/?post_type=product&#038;p=3449"},"modified":"2025-06-28T10:59:54","modified_gmt":"2025-06-28T10:59:54","slug":"glock-19x","status":"publish","type":"product","link":"https:\/\/tlk.ee\/en\/Webstore\/glock-19x\/","title":{"rendered":"Glock 19X"},"content":{"rendered":"<p>Glock-i l\u00e4bi aegade esimene eri relvap\u00f5lvkondi \u00fchendav p\u00fcstol. Glock 19X kombineerib endas kahe k\u00f5ige populaarsema ja usaldusv\u00e4\u00e4rseima, v\u00e4litestidel end t\u00f5estanud platvormi parimad omadused. T\u00e4issuuruses Glock 17 raam ja kompaktne Glock 19 kelk on \u00fchendanud j\u00f5ud igas olukorras ja tingimuses ideaalse p\u00fcstoli loomisel. Glock 19X koos esmakordselt tehases viimistletud kelguga on koioti-karva ning viimistletud t\u00e4iustatud nPVD-kattega korrosiooni v\u00e4ltimiseks. Lisaks on relval Glock Marksman relvaraud (GMB) ning puuduvad s\u00f5rmelohud ning libisemisvastased konarused. Standardvarustuses on 17-lasuline salv.<\/p>\n<p>Tegu on Glock19 kelgu ja Glock 17 k\u00e4epidemega relvaga. Ideaalnne relv kandmiseks.<\/p>\n<p><strong>GLOCK\u2019s nDLC<\/strong>\u00a0pakub korraga rohkem vastupidavat kaitset ja eelnevalt kasutatud v\u00e4ljan\u00e4gemist. nDLC viimistlus t\u00f5stab kriimustuste ja korrosioonikindlust ning t\u00f5stab relva v\u00f5imekust toimida \u00e4\u00e4rmuslikes oludes.<\/p>\n<p><strong>Kahepoolne kelgupeataja \u2013\u00a0<\/strong>Kahepoolne kelgupeataja v\u00f5imaldab relvaomanikult k\u00e4sitseda relva kiirelt, mugavalt ja turvaliselt m\u00f5lemi k\u00e4ega.<\/p>\n<p><strong>Glocki t\u00e4psusraud \u2013\u00a0<\/strong>Glocki t\u00e4psusraual (GMB) on t\u00e4iustatud vintsoon, mis baseerub Glocki polugonaalsel raua disainil.<\/p>\n<p><strong>Laiendatud salvesuue k\u00e4epidemes kiireks salvevahetuseks \u2013\u00a0<\/strong>Suurem ava v\u00f5imaldab lihtsamalt salve alla saada, eriti k\u00f5rge stressi tingimustes, kus iga murdosa sekundist loeb.<\/p>\n<p><strong>Mugavus puuduvatest s\u00f5rmekohtadest k\u00e4epidemel \u2013\u00a0<\/strong>Mugav haare igale k\u00e4esuurusele<\/p>\n<p><strong>\u201eSafe Action\u201c s\u00fcsteem \u2013\u00a0<\/strong>Kolma kaitseriivi vabastuvad p\u00e4\u00e4stikut\u00f5mbega ja rakenduvad kohe, kui p\u00e4\u00e4stik vabastada<\/p>\n<p><strong>Suurendatud salve p\u00f5hjaplaat \u2013\u00a0<\/strong>Salve p\u00f5hjaplaadi pikendatud esiosa aitab lihtsamalt salve v\u00e4lja t\u00f5mmata kui salvi ise vabalt v\u00e4lja ei kuku.<\/p>\n<p><strong>Turvaeelisa salve oranzist padruni \u00fclesl\u00fckkajast \u2013\u00a0<\/strong>Oranz salve \u00fclesl\u00fckkaja v\u00f5imaldab laskuril selgelt n\u00e4ha kas salve on veel padruneid j\u00e4\u00e4nud v\u00f5i mitte.<\/p>\n<p><strong>Salvemaht \u2013\u00a0<\/strong>S\u00f5ltuvalt kaliibrist ja relva suurusest on suuremahulised salved saadaval.<\/p>\n<p><strong>Kohandatav raami suurus \u2013\u00a0<\/strong>Iga GLOCK Gen5 tuleb kahe suurusega k\u00e4epideme pikendusega, mis v\u00f5imaldab eri k\u00e4esuurustega laskuritel relva mugavalt k\u00e4es hoida.<\/p>\n<p><strong>Gen4 RTF\u00a0 karestatud pinnaga raam \u2013\u00a0<\/strong>Gen4\u00a0 j\u00e4releproovitud karestatud raami tekstuur on ka Gen 5 p\u00fcstolitel. See on disainitud k\u00e4epideme kindlaks hoidmiseks ilma, et oleks liiga agressiivselt karestatud.<\/p>\n<p><strong>\u00dcmberp\u00f6\u00f6ratav salveriiv \u2013\u00a0<\/strong>Gen 5 salveriiv on \u00fcmber p\u00f6\u00f6ratav ka paremale poole ja laiendatud relva tagaosa suunas, v\u00f5imaldades s\u00f5rmel lihtsamalt sinna j\u00f5udmist.<\/p>\n<p><strong>Mounting rail<\/strong><strong>\u00a0 Relsid \u2013\u00a0<\/strong>P\u00e4\u00e4stiku kaitsest eespool asuv relss v\u00f5imaldab relvale lihtsalt erinevaid lisasid kinnitada.<\/p>\n<p><strong>Polymer frame<\/strong><strong>\u00a0polumeerist raam \u2013\u00a0<\/strong>Vastupidav ja kerge polumeerist raam pehmendab tagasil\u00f6\u00f6ki t\u00e4nu polumeeri elastsetele omadustele.<\/p>\n<p><strong>Laetud padrunipesa indikaator \u2013\u00a0<\/strong>N\u00e4htav ja kombatav laetud padrunipesa indikaator asub t\u00f5mmihamba k\u00fcljes ja v\u00f5imaldab lihtsalt kindlaks teha, kas padrun on pesas v\u00f5i mitte.<\/p>\n<p><img loading=\"lazy\" decoding=\"async\" class=\"\" src=\"https:\/\/eu.glock.com\/static\/img\/png\/pistol-specs-caliber.png\" width=\"124\" height=\"124\" \/>\u00a0 \u00a0 \u00a0 \u00a0 \u00a0 \u00a0 \u00a0 \u00a0 \u00a0\u00a0<strong>9\u00d719<\/strong><strong>\u00a0 \u00a0 \u00a0 \u00a0 \u00a0 \u00a0 \u00a0 \u00a0 \u00a0\u00a0<\/strong><img loading=\"lazy\" decoding=\"async\" class=\"\" src=\"https:\/\/eu.glock.com\/static\/img\/png\/pistol-specs-system.png\" width=\"126\" height=\"126\" \/><strong>\u00a0<\/strong>\u00a0 \u00a0 \u00a0 \u00a0<strong>Safe Action<sup>\u00ae<\/sup><\/strong><\/p>\n<div class=\"pistoldetail__technicaldata__item pistoldetail__listarea__item\">\n<div class=\"pistoldetail__listarea__item__image\"><img loading=\"lazy\" decoding=\"async\" class=\"\" src=\"https:\/\/eu.glock.com\/static\/img\/png\/pistol-specs-magazine-capacity.png\" width=\"167\" height=\"167\" \/>\u00a0<strong>17 padrunit<\/strong>\u00a0\u00a0\u00a0<img loading=\"lazy\" decoding=\"async\" class=\"\" src=\"https:\/\/eu.glock.com\/static\/img\/png\/pistol-specs-barrel-length.png\" width=\"188\" height=\"188\" \/><strong>Raud<\/strong>\u00a0<strong>114 mm<\/strong><\/div>\n<\/div>\n<div class=\"pistoldetail__technicaldata__item pistoldetail__listarea__item\">\n<div class=\"pistoldetail__listarea__item__image\"><img loading=\"lazy\" decoding=\"async\" class=\"\" src=\"https:\/\/eu.glock.com\/static\/img\/png\/pistol-specs-weight-wo-magazine.png\" width=\"192\" height=\"192\" \/><strong>\u00a0616 g\u00a0 \u00a0 \u00a0 \u00a0 \u00a0 \u00a0 \u00a0 \u00a0 \u00a0<\/strong>\u00a0<img loading=\"lazy\" decoding=\"async\" class=\"\" src=\"https:\/\/eu.glock.com\/static\/img\/png\/pistol-specs-weight-w-empty-magazine.png\" width=\"177\" height=\"177\" \/><strong>694 g<\/strong><\/div>\n<\/div>\n<div class=\"pistoldetail__technicaldata__item pistoldetail__listarea__item\">\n<div class=\"pistoldetail__listarea__item__image\"><img loading=\"lazy\" decoding=\"async\" class=\"\" src=\"https:\/\/eu.glock.com\/static\/img\/png\/pistol-specs-weight-w-loaded-magazine.png\" width=\"174\" height=\"174\" \/>\u00a0 \u00a0\u00a0<strong>860 g\u00a0 \u00a0 \u00a0 \u00a0 \u00a0 \u00a0 \u00a0<\/strong>\u00a0<img loading=\"lazy\" decoding=\"async\" class=\"\" src=\"https:\/\/eu.glock.com\/static\/img\/png\/pistol-specs-trigger-pull.png\" width=\"162\" height=\"162\" \/><strong>\u00a0 \u00a0 \u00a0 \u00a026 N<\/strong><\/div>\n<\/div>\n","protected":false},"excerpt":{"rendered":"<p><strong>J\u00f5ustruktuuride liikmetele, t\u00f6\u00f6tajatele (PPA, Kaitsev\u00e4gi, Kaitseliit ja P\u00e4\u00e4steamet) ja relvaloakoolituse osalejatele kehtib 15% soodustus tavahinnast.<\/strong><\/p>\n<p><strong>!!!V\u00f5imalik ka tellida Tartu esindusse!!!<\/strong><\/p>\n","protected":false},"featured_media":29929,"comment_status":"open","ping_status":"closed","template":"","meta":[],"product_brand":[],"product_cat":[81,64],"product_tag":[],"class_list":{"0":"post-3449","1":"product","2":"type-product","3":"status-publish","4":"has-post-thumbnail","6":"product_cat-pustolid","7":"product_cat-tulirelvad","8":"pa_kaliiber-9x19","9":"pa_mudel-glock-19","10":"pa_tootja-glock","12":"first","13":"instock","14":"sale","15":"taxable","16":"shipping-taxable","17":"product-type-simple"},"yoast_head":"<!-- This site is optimized with the Yoast SEO plugin v27.0 - https:\/\/yoast.com\/product\/yoast-seo-wordpress\/ -->\n<title>Glock 19X - Taktikalise Laskmise Keskus<\/title>\n<meta name=\"robots\" content=\"index, follow, max-snippet:-1, max-image-preview:large, max-video-preview:-1\" \/>\n<link rel=\"canonical\" href=\"https:\/\/tlk.ee\/en\/Webstore\/glock-19x\/\" \/>\n<meta property=\"og:locale\" content=\"en_US\" \/>\n<meta property=\"og:type\" content=\"article\" \/>\n<meta property=\"og:title\" content=\"Glock 19X - Taktikalise Laskmise Keskus\" \/>\n<meta property=\"og:description\" content=\"J\u00f5ustruktuuride liikmetele, t\u00f6\u00f6tajatele (PPA, Kaitsev\u00e4gi, Kaitseliit ja P\u00e4\u00e4steamet) ja relvaloakoolituse osalejatele kehtib 15% soodustus tavahinnast.  !!!V\u00f5imalik ka tellida Tartu esindusse!!!\" \/>\n<meta property=\"og:url\" content=\"https:\/\/tlk.ee\/en\/Webstore\/glock-19x\/\" \/>\n<meta property=\"og:site_name\" content=\"Taktikalise Laskmise Keskus\" \/>\n<meta property=\"article:publisher\" content=\"https:\/\/www.facebook.com\/Taktikaliselaskmisekeskus\" \/>\n<meta property=\"article:modified_time\" content=\"2025-06-28T10:59:54+00:00\" \/>\n<meta property=\"og:image\" content=\"https:\/\/tlk.ee\/wp-content\/uploads\/2024\/04\/Glock-19x.jpg\" \/>\n\t<meta property=\"og:image:width\" content=\"1127\" \/>\n\t<meta property=\"og:image:height\" content=\"843\" \/>\n\t<meta property=\"og:image:type\" content=\"image\/jpeg\" \/>\n<meta name=\"twitter:card\" content=\"summary_large_image\" \/>\n<meta name=\"twitter:label1\" content=\"Est. reading time\" \/>\n\t<meta name=\"twitter:data1\" content=\"4 minutes\" \/>\n<script type=\"application\/ld+json\" class=\"yoast-schema-graph\">{\"@context\":\"https:\/\/schema.org\",\"@graph\":[{\"@type\":\"WebPage\",\"@id\":\"https:\/\/tlk.ee\/en\/Webstore\/glock-19x\/\",\"url\":\"https:\/\/tlk.ee\/en\/Webstore\/glock-19x\/\",\"name\":\"Glock 19X - Taktikalise Laskmise Keskus\",\"isPartOf\":{\"@id\":\"https:\/\/tlk.ee\/en\/#website\"},\"primaryImageOfPage\":{\"@id\":\"https:\/\/tlk.ee\/en\/Webstore\/glock-19x\/#primaryimage\"},\"image\":{\"@id\":\"https:\/\/tlk.ee\/en\/Webstore\/glock-19x\/#primaryimage\"},\"thumbnailUrl\":\"https:\/\/tlk.ee\/wp-content\/uploads\/2024\/04\/Glock-19x.jpg\",\"datePublished\":\"2024-04-24T11:46:42+00:00\",\"dateModified\":\"2025-06-28T10:59:54+00:00\",\"breadcrumb\":{\"@id\":\"https:\/\/tlk.ee\/en\/Webstore\/glock-19x\/#breadcrumb\"},\"inLanguage\":\"en-US\",\"potentialAction\":[{\"@type\":\"ReadAction\",\"target\":[\"https:\/\/tlk.ee\/en\/Webstore\/glock-19x\/\"]}]},{\"@type\":\"ImageObject\",\"inLanguage\":\"en-US\",\"@id\":\"https:\/\/tlk.ee\/en\/Webstore\/glock-19x\/#primaryimage\",\"url\":\"https:\/\/tlk.ee\/wp-content\/uploads\/2024\/04\/Glock-19x.jpg\",\"contentUrl\":\"https:\/\/tlk.ee\/wp-content\/uploads\/2024\/04\/Glock-19x.jpg\",\"width\":1127,\"height\":843},{\"@type\":\"BreadcrumbList\",\"@id\":\"https:\/\/tlk.ee\/en\/Webstore\/glock-19x\/#breadcrumb\",\"itemListElement\":[{\"@type\":\"ListItem\",\"position\":1,\"name\":\"Home\",\"item\":\"https:\/\/tlk.ee\/en\/\"},{\"@type\":\"ListItem\",\"position\":2,\"name\":\"E-shop\",\"item\":\"https:\/\/tlk.ee\/e-pood\/\"},{\"@type\":\"ListItem\",\"position\":3,\"name\":\"Glock 19X\"}]},{\"@type\":\"WebSite\",\"@id\":\"https:\/\/tlk.ee\/en\/#website\",\"url\":\"https:\/\/tlk.ee\/en\/\",\"name\":\"Taktikalise Laskmise Keskus\",\"description\":\"Parima varustusega lasketiir Euroopas\",\"publisher\":{\"@id\":\"https:\/\/tlk.ee\/en\/#organization\"},\"alternateName\":\"TLK - lasketiir\",\"potentialAction\":[{\"@type\":\"SearchAction\",\"target\":{\"@type\":\"EntryPoint\",\"urlTemplate\":\"https:\/\/tlk.ee\/en\/?s={search_term_string}\"},\"query-input\":{\"@type\":\"PropertyValueSpecification\",\"valueRequired\":true,\"valueName\":\"search_term_string\"}}],\"inLanguage\":\"en-US\"},{\"@type\":\"Organization\",\"@id\":\"https:\/\/tlk.ee\/en\/#organization\",\"name\":\"Taktikalise Laskmise Keskus\",\"url\":\"https:\/\/tlk.ee\/en\/\",\"logo\":{\"@type\":\"ImageObject\",\"inLanguage\":\"en-US\",\"@id\":\"https:\/\/tlk.ee\/en\/#\/schema\/logo\/image\/\",\"url\":\"https:\/\/tlk.ee\/wp-content\/uploads\/2024\/08\/logo-wide-TLK-EE.png\",\"contentUrl\":\"https:\/\/tlk.ee\/wp-content\/uploads\/2024\/08\/logo-wide-TLK-EE.png\",\"width\":800,\"height\":400,\"caption\":\"Taktikalise Laskmise Keskus\"},\"image\":{\"@id\":\"https:\/\/tlk.ee\/en\/#\/schema\/logo\/image\/\"},\"sameAs\":[\"https:\/\/www.facebook.com\/Taktikaliselaskmisekeskus\"]}]}<\/script>\n<!-- \/ Yoast SEO plugin. -->","yoast_head_json":{"title":"Glock 19X - Taktikalise Laskmise Keskus","robots":{"index":"index","follow":"follow","max-snippet":"max-snippet:-1","max-image-preview":"max-image-preview:large","max-video-preview":"max-video-preview:-1"},"canonical":"https:\/\/tlk.ee\/en\/Webstore\/glock-19x\/","og_locale":"en_US","og_type":"article","og_title":"Glock 19X - Taktikalise Laskmise Keskus","og_description":"J\u00f5ustruktuuride liikmetele, t\u00f6\u00f6tajatele (PPA, Kaitsev\u00e4gi, Kaitseliit ja P\u00e4\u00e4steamet) ja relvaloakoolituse osalejatele kehtib 15% soodustus tavahinnast.  !!!V\u00f5imalik ka tellida Tartu esindusse!!!","og_url":"https:\/\/tlk.ee\/en\/Webstore\/glock-19x\/","og_site_name":"Taktikalise Laskmise Keskus","article_publisher":"https:\/\/www.facebook.com\/Taktikaliselaskmisekeskus","article_modified_time":"2025-06-28T10:59:54+00:00","og_image":[{"width":1127,"height":843,"url":"https:\/\/tlk.ee\/wp-content\/uploads\/2024\/04\/Glock-19x.jpg","type":"image\/jpeg"}],"twitter_card":"summary_large_image","twitter_misc":{"Est. reading time":"4 minutes"},"schema":{"@context":"https:\/\/schema.org","@graph":[{"@type":"WebPage","@id":"https:\/\/tlk.ee\/en\/Webstore\/glock-19x\/","url":"https:\/\/tlk.ee\/en\/Webstore\/glock-19x\/","name":"Glock 19X - Taktikalise Laskmise Keskus","isPartOf":{"@id":"https:\/\/tlk.ee\/en\/#website"},"primaryImageOfPage":{"@id":"https:\/\/tlk.ee\/en\/Webstore\/glock-19x\/#primaryimage"},"image":{"@id":"https:\/\/tlk.ee\/en\/Webstore\/glock-19x\/#primaryimage"},"thumbnailUrl":"https:\/\/tlk.ee\/wp-content\/uploads\/2024\/04\/Glock-19x.jpg","datePublished":"2024-04-24T11:46:42+00:00","dateModified":"2025-06-28T10:59:54+00:00","breadcrumb":{"@id":"https:\/\/tlk.ee\/en\/Webstore\/glock-19x\/#breadcrumb"},"inLanguage":"en-US","potentialAction":[{"@type":"ReadAction","target":["https:\/\/tlk.ee\/en\/Webstore\/glock-19x\/"]}]},{"@type":"ImageObject","inLanguage":"en-US","@id":"https:\/\/tlk.ee\/en\/Webstore\/glock-19x\/#primaryimage","url":"https:\/\/tlk.ee\/wp-content\/uploads\/2024\/04\/Glock-19x.jpg","contentUrl":"https:\/\/tlk.ee\/wp-content\/uploads\/2024\/04\/Glock-19x.jpg","width":1127,"height":843},{"@type":"BreadcrumbList","@id":"https:\/\/tlk.ee\/en\/Webstore\/glock-19x\/#breadcrumb","itemListElement":[{"@type":"ListItem","position":1,"name":"Home","item":"https:\/\/tlk.ee\/en\/"},{"@type":"ListItem","position":2,"name":"E-shop","item":"https:\/\/tlk.ee\/e-pood\/"},{"@type":"ListItem","position":3,"name":"Glock 19X"}]},{"@type":"WebSite","@id":"https:\/\/tlk.ee\/en\/#website","url":"https:\/\/tlk.ee\/en\/","name":"Taktikalise Laskmise Keskus","description":"Parima varustusega lasketiir Euroopas","publisher":{"@id":"https:\/\/tlk.ee\/en\/#organization"},"alternateName":"TLK - lasketiir","potentialAction":[{"@type":"SearchAction","target":{"@type":"EntryPoint","urlTemplate":"https:\/\/tlk.ee\/en\/?s={search_term_string}"},"query-input":{"@type":"PropertyValueSpecification","valueRequired":true,"valueName":"search_term_string"}}],"inLanguage":"en-US"},{"@type":"Organization","@id":"https:\/\/tlk.ee\/en\/#organization","name":"Taktikalise Laskmise Keskus","url":"https:\/\/tlk.ee\/en\/","logo":{"@type":"ImageObject","inLanguage":"en-US","@id":"https:\/\/tlk.ee\/en\/#\/schema\/logo\/image\/","url":"https:\/\/tlk.ee\/wp-content\/uploads\/2024\/08\/logo-wide-TLK-EE.png","contentUrl":"https:\/\/tlk.ee\/wp-content\/uploads\/2024\/08\/logo-wide-TLK-EE.png","width":800,"height":400,"caption":"Taktikalise Laskmise Keskus"},"image":{"@id":"https:\/\/tlk.ee\/en\/#\/schema\/logo\/image\/"},"sameAs":["https:\/\/www.facebook.com\/Taktikaliselaskmisekeskus"]}]}},"_links":{"self":[{"href":"https:\/\/tlk.ee\/en\/wp-json\/wp\/v2\/product\/3449","targetHints":{"allow":["GET"]}}],"collection":[{"href":"https:\/\/tlk.ee\/en\/wp-json\/wp\/v2\/product"}],"about":[{"href":"https:\/\/tlk.ee\/en\/wp-json\/wp\/v2\/types\/product"}],"replies":[{"embeddable":true,"href":"https:\/\/tlk.ee\/en\/wp-json\/wp\/v2\/comments?post=3449"}],"wp:featuredmedia":[{"embeddable":true,"href":"https:\/\/tlk.ee\/en\/wp-json\/wp\/v2\/media\/29929"}],"wp:attachment":[{"href":"https:\/\/tlk.ee\/en\/wp-json\/wp\/v2\/media?parent=3449"}],"wp:term":[{"taxonomy":"product_brand","embeddable":true,"href":"https:\/\/tlk.ee\/en\/wp-json\/wp\/v2\/product_brand?post=3449"},{"taxonomy":"product_cat","embeddable":true,"href":"https:\/\/tlk.ee\/en\/wp-json\/wp\/v2\/product_cat?post=3449"},{"taxonomy":"product_tag","embeddable":true,"href":"https:\/\/tlk.ee\/en\/wp-json\/wp\/v2\/product_tag?post=3449"}],"curies":[{"name":"wp","href":"https:\/\/api.w.org\/{rel}","templated":true}]}}