{"id":34210,"date":"2025-10-09T14:22:01","date_gmt":"2025-10-09T14:22:01","guid":{"rendered":"https:\/\/tlk.ee\/?post_type=product&#038;p=34210"},"modified":"2026-03-09T11:29:49","modified_gmt":"2026-03-09T11:29:49","slug":"glock-gtl-ii","status":"publish","type":"product","link":"https:\/\/tlk.ee\/en\/webstore\/glock-gtl-ii\/","title":{"rendered":"Glock GTL II"},"content":{"rendered":"<h4>UUS DISAIN<br \/>\nOPTIMISEERITUD OMADUSED<br \/>\nMAKSIMAALNE EFEKTIIVSUS<\/h4>\n<p>Spetsiaalselt teie GLOCK p\u00fcstolile loodud taktikaline relvalamp koos kiirkinnitusega.*<\/p>\n<p>Uus LED-valgusmoodul annab 600 luumenit v\u00f5imsat valgustust ning seda saab sekunditega paigaldada ja eemaldada. T\u00e4pselt G19\/G45 kelgu pikkuse ja laiusega sobitatud GTL II pakub optimaalset k\u00e4sitsemist ja mugavust nii kandmisel kui ka kabuuris hoidmisel. Kerge ja kompaktne patarei tagab pika t\u00f6\u00f6ea ja h\u00f5lpsa vahetamise.<\/p>\n<p>Valgustage oma teed ja s\u00e4ilitage selgus k\u00f5ige olulisemal hetkel uue GLOCK taktikalise relvalambiga**.<\/p>\n<h4>KOHANDA OMA<br \/>\nGLOCK TACTICAL LIGHT II<\/h4>\n<p>Igal laskuril on erinevad vajadused, mist\u00f5ttu on GTL II loodud individuaalsust silmas pidades.<\/p>\n<p>Taktikalisel relvalambil on m\u00f5lemal k\u00fcljel vahetatavad juhtelemendid, mis annavad sulle vabaduse luua oma ideaalne seadistus. Iga komplekt sisaldab kahte surunuppu ja kahte puuteelementi, mis v\u00f5imaldavad sul kaasasoleva GLOCK t\u00f6\u00f6riista abil h\u00f5lpsalt oma konfiguratsiooni luua.<\/p>\n<table class=\"spec-table\">\n<tbody>\n<tr>\n<th>RANGE<\/th>\n<td>100 m | 328 ft<\/td>\n<\/tr>\n<tr>\n<th>WEIGHT with batteries<\/th>\n<td>\u00a0~ 80 g | 2.8 oz<\/td>\n<\/tr>\n<tr>\n<th>BATTERY<\/th>\n<td>1 x CR 123A<\/td>\n<\/tr>\n<tr>\n<th>LENGTH<\/th>\n<td>\u00a062,6 mm | 2.5 inch<\/td>\n<\/tr>\n<tr>\n<th>WIDTH<\/th>\n<td>\u00a027,1 mm | 1.1 inch<\/td>\n<\/tr>\n<tr>\n<th>HEIGHT<\/th>\n<td>\u00a032,5 mm | 1.3 inch<\/td>\n<\/tr>\n<tr>\n<th><strong>MATERIAL HOUSING<\/strong><\/th>\n<td>aluminum (black hard-anodized)<\/td>\n<\/tr>\n<tr>\n<th><strong>MATERIAL BUTTONS<\/strong><\/th>\n<td>polymer<\/td>\n<\/tr>\n<tr>\n<th>WATERPROOF<\/th>\n<td>\u00a020 m (2 h) | 65.6 ft (2 h)<\/td>\n<\/tr>\n<tr>\n<th>LIGHT SOURCE<\/th>\n<td>LED<\/td>\n<\/tr>\n<tr>\n<th><strong>OPERATING TEMPERATURE**<\/strong><\/th>\n<td>-10\u00b0C to +50\u00b0C | -14\u00b0F to +122\u00b0F<\/td>\n<\/tr>\n<tr>\n<th><strong>STORAGE TEMPERATURE**<\/strong><\/th>\n<td>-33\u00b0C to +71\u00b0C | -27.4\u00b0F to +159.8\u00b0F<\/td>\n<\/tr>\n<tr>\n<th>LIGHT SWITCH<\/th>\n<td>Permanent ON\/OFF | Temporary ON | Strobe mode<\/td>\n<\/tr>\n<tr>\n<th><strong>SELF REGULATED LEVELS<\/strong><\/th>\n<td>max. 600 lm | 11,100 cd<\/td>\n<\/tr>\n<tr>\n<th><strong>RUNTIME<\/strong><\/th>\n<td>~70 min**<\/td>\n<\/tr>\n<\/tbody>\n<\/table>\n<p><iframe loading=\"lazy\" title=\"GTL II Video\" width=\"1140\" height=\"641\" src=\"https:\/\/www.youtube.com\/embed\/wW96C5K7LAM?feature=oembed&#038;enablejsapi=1&#038;origin=https:\/\/tlk.ee\" frameborder=\"0\" allow=\"accelerometer; autoplay; clipboard-write; encrypted-media; gyroscope; picture-in-picture; web-share\" referrerpolicy=\"strict-origin-when-cross-origin\" allowfullscreen><\/iframe><\/p>\n","protected":false},"excerpt":{"rendered":"<p>UUS DISAIN OPTIMISEERITUD OMADUSED MAKSIMAALNE EFEKTIIVSUS Spetsiaalselt teie GLOCK p\u00fcstolile loodud taktikaline relvalamp koos kiirkinnitusega.* Uus LED-valgusmoodul annab 600 luumenit v\u00f5imsat valgustust ning seda saab sekunditega paigaldada ja eemaldada. T\u00e4pselt G19\/G45 kelgu pikkuse ja laiusega sobitatud GTL II pakub optimaalset k\u00e4sitsemist ja mugavust nii kandmisel kui ka kabuuris hoidmisel. Kerge [&hellip;]<\/p>\n","protected":false},"featured_media":34211,"comment_status":"closed","ping_status":"closed","template":"","meta":[],"product_brand":[],"product_cat":[85,561],"product_tag":[],"class_list":{"0":"post-34210","1":"product","2":"type-product","3":"status-publish","4":"has-post-thumbnail","6":"product_cat-relvade-lisad","7":"product_cat-relvalambid","9":"first","10":"outofstock","11":"sale","12":"taxable","13":"shipping-taxable","14":"purchasable","15":"product-type-simple"},"yoast_head":"<!-- This site is optimized with the Yoast SEO plugin v27.4 - https:\/\/yoast.com\/product\/yoast-seo-wordpress\/ -->\n<title>Glock GTL II - Taktikalise Laskmise Keskus<\/title>\n<meta name=\"robots\" content=\"index, follow, max-snippet:-1, max-image-preview:large, max-video-preview:-1\" \/>\n<link rel=\"canonical\" href=\"https:\/\/tlk.ee\/en\/webstore\/glock-gtl-ii\/\" \/>\n<meta property=\"og:locale\" content=\"en_US\" \/>\n<meta property=\"og:type\" content=\"article\" \/>\n<meta property=\"og:title\" content=\"Glock GTL II - Taktikalise Laskmise Keskus\" \/>\n<meta property=\"og:description\" content=\"UUS DISAIN OPTIMISEERITUD OMADUSED MAKSIMAALNE EFEKTIIVSUS Spetsiaalselt teie GLOCK p\u00fcstolile loodud taktikaline relvalamp koos kiirkinnitusega.* Uus LED-valgusmoodul annab 600 luumenit v\u00f5imsat valgustust ning seda saab sekunditega paigaldada ja eemaldada. T\u00e4pselt G19\/G45 kelgu pikkuse ja laiusega sobitatud GTL II pakub optimaalset k\u00e4sitsemist ja mugavust nii kandmisel kui ka kabuuris hoidmisel. Kerge [&hellip;]\" \/>\n<meta property=\"og:url\" content=\"https:\/\/tlk.ee\/en\/webstore\/glock-gtl-ii\/\" \/>\n<meta property=\"og:site_name\" content=\"Taktikalise Laskmise Keskus\" \/>\n<meta property=\"article:publisher\" content=\"https:\/\/www.facebook.com\/Taktikaliselaskmisekeskus\" \/>\n<meta property=\"article:modified_time\" content=\"2026-03-09T11:29:49+00:00\" \/>\n<meta property=\"og:image\" content=\"https:\/\/tlk.ee\/wp-content\/uploads\/2025\/10\/Relvalamp-Glock-GTL-II-1.jpg\" \/>\n\t<meta property=\"og:image:width\" content=\"1200\" \/>\n\t<meta property=\"og:image:height\" content=\"1200\" \/>\n\t<meta property=\"og:image:type\" content=\"image\/jpeg\" \/>\n<meta name=\"twitter:card\" content=\"summary_large_image\" \/>\n<meta name=\"twitter:label1\" content=\"Est. reading time\" \/>\n\t<meta name=\"twitter:data1\" content=\"2 minutes\" \/>\n<script type=\"application\/ld+json\" class=\"yoast-schema-graph\">{\"@context\":\"https:\\\/\\\/schema.org\",\"@graph\":[{\"@type\":\"WebPage\",\"@id\":\"https:\\\/\\\/tlk.ee\\\/en\\\/webstore\\\/glock-gtl-ii\\\/\",\"url\":\"https:\\\/\\\/tlk.ee\\\/en\\\/webstore\\\/glock-gtl-ii\\\/\",\"name\":\"Glock GTL II - Taktikalise Laskmise Keskus\",\"isPartOf\":{\"@id\":\"https:\\\/\\\/tlk.ee\\\/en\\\/#website\"},\"primaryImageOfPage\":{\"@id\":\"https:\\\/\\\/tlk.ee\\\/en\\\/webstore\\\/glock-gtl-ii\\\/#primaryimage\"},\"image\":{\"@id\":\"https:\\\/\\\/tlk.ee\\\/en\\\/webstore\\\/glock-gtl-ii\\\/#primaryimage\"},\"thumbnailUrl\":\"https:\\\/\\\/tlk.ee\\\/wp-content\\\/uploads\\\/2025\\\/10\\\/Relvalamp-Glock-GTL-II-1.jpg\",\"datePublished\":\"2025-10-09T14:22:01+00:00\",\"dateModified\":\"2026-03-09T11:29:49+00:00\",\"breadcrumb\":{\"@id\":\"https:\\\/\\\/tlk.ee\\\/en\\\/webstore\\\/glock-gtl-ii\\\/#breadcrumb\"},\"inLanguage\":\"en-US\",\"potentialAction\":[{\"@type\":\"ReadAction\",\"target\":[\"https:\\\/\\\/tlk.ee\\\/en\\\/webstore\\\/glock-gtl-ii\\\/\"]}]},{\"@type\":\"ImageObject\",\"inLanguage\":\"en-US\",\"@id\":\"https:\\\/\\\/tlk.ee\\\/en\\\/webstore\\\/glock-gtl-ii\\\/#primaryimage\",\"url\":\"https:\\\/\\\/tlk.ee\\\/wp-content\\\/uploads\\\/2025\\\/10\\\/Relvalamp-Glock-GTL-II-1.jpg\",\"contentUrl\":\"https:\\\/\\\/tlk.ee\\\/wp-content\\\/uploads\\\/2025\\\/10\\\/Relvalamp-Glock-GTL-II-1.jpg\",\"width\":1200,\"height\":1200},{\"@type\":\"BreadcrumbList\",\"@id\":\"https:\\\/\\\/tlk.ee\\\/en\\\/webstore\\\/glock-gtl-ii\\\/#breadcrumb\",\"itemListElement\":[{\"@type\":\"ListItem\",\"position\":1,\"name\":\"Home\",\"item\":\"https:\\\/\\\/tlk.ee\\\/en\\\/\"},{\"@type\":\"ListItem\",\"position\":2,\"name\":\"E-shop\",\"item\":\"https:\\\/\\\/tlk.ee\\\/e-pood\\\/\"},{\"@type\":\"ListItem\",\"position\":3,\"name\":\"Glock GTL II\"}]},{\"@type\":\"WebSite\",\"@id\":\"https:\\\/\\\/tlk.ee\\\/en\\\/#website\",\"url\":\"https:\\\/\\\/tlk.ee\\\/en\\\/\",\"name\":\"Taktikalise Laskmise Keskus\",\"description\":\"Parima varustusega lasketiir Euroopas\",\"publisher\":{\"@id\":\"https:\\\/\\\/tlk.ee\\\/en\\\/#organization\"},\"alternateName\":\"TLK - lasketiir\",\"potentialAction\":[{\"@type\":\"SearchAction\",\"target\":{\"@type\":\"EntryPoint\",\"urlTemplate\":\"https:\\\/\\\/tlk.ee\\\/en\\\/?s={search_term_string}\"},\"query-input\":{\"@type\":\"PropertyValueSpecification\",\"valueRequired\":true,\"valueName\":\"search_term_string\"}}],\"inLanguage\":\"en-US\"},{\"@type\":\"Organization\",\"@id\":\"https:\\\/\\\/tlk.ee\\\/en\\\/#organization\",\"name\":\"Taktikalise Laskmise Keskus\",\"url\":\"https:\\\/\\\/tlk.ee\\\/en\\\/\",\"logo\":{\"@type\":\"ImageObject\",\"inLanguage\":\"en-US\",\"@id\":\"https:\\\/\\\/tlk.ee\\\/en\\\/#\\\/schema\\\/logo\\\/image\\\/\",\"url\":\"https:\\\/\\\/tlk.ee\\\/wp-content\\\/uploads\\\/2024\\\/08\\\/logo-wide-TLK-EE.png\",\"contentUrl\":\"https:\\\/\\\/tlk.ee\\\/wp-content\\\/uploads\\\/2024\\\/08\\\/logo-wide-TLK-EE.png\",\"width\":800,\"height\":400,\"caption\":\"Taktikalise Laskmise Keskus\"},\"image\":{\"@id\":\"https:\\\/\\\/tlk.ee\\\/en\\\/#\\\/schema\\\/logo\\\/image\\\/\"},\"sameAs\":[\"https:\\\/\\\/www.facebook.com\\\/Taktikaliselaskmisekeskus\"]}]}<\/script>\n<!-- \/ Yoast SEO plugin. -->","yoast_head_json":{"title":"Glock GTL II - Taktikalise Laskmise Keskus","robots":{"index":"index","follow":"follow","max-snippet":"max-snippet:-1","max-image-preview":"max-image-preview:large","max-video-preview":"max-video-preview:-1"},"canonical":"https:\/\/tlk.ee\/en\/webstore\/glock-gtl-ii\/","og_locale":"en_US","og_type":"article","og_title":"Glock GTL II - Taktikalise Laskmise Keskus","og_description":"UUS DISAIN OPTIMISEERITUD OMADUSED MAKSIMAALNE EFEKTIIVSUS Spetsiaalselt teie GLOCK p\u00fcstolile loodud taktikaline relvalamp koos kiirkinnitusega.* Uus LED-valgusmoodul annab 600 luumenit v\u00f5imsat valgustust ning seda saab sekunditega paigaldada ja eemaldada. T\u00e4pselt G19\/G45 kelgu pikkuse ja laiusega sobitatud GTL II pakub optimaalset k\u00e4sitsemist ja mugavust nii kandmisel kui ka kabuuris hoidmisel. Kerge [&hellip;]","og_url":"https:\/\/tlk.ee\/en\/webstore\/glock-gtl-ii\/","og_site_name":"Taktikalise Laskmise Keskus","article_publisher":"https:\/\/www.facebook.com\/Taktikaliselaskmisekeskus","article_modified_time":"2026-03-09T11:29:49+00:00","og_image":[{"width":1200,"height":1200,"url":"https:\/\/tlk.ee\/wp-content\/uploads\/2025\/10\/Relvalamp-Glock-GTL-II-1.jpg","type":"image\/jpeg"}],"twitter_card":"summary_large_image","twitter_misc":{"Est. reading time":"2 minutes"},"schema":{"@context":"https:\/\/schema.org","@graph":[{"@type":"WebPage","@id":"https:\/\/tlk.ee\/en\/webstore\/glock-gtl-ii\/","url":"https:\/\/tlk.ee\/en\/webstore\/glock-gtl-ii\/","name":"Glock GTL II - Taktikalise Laskmise Keskus","isPartOf":{"@id":"https:\/\/tlk.ee\/en\/#website"},"primaryImageOfPage":{"@id":"https:\/\/tlk.ee\/en\/webstore\/glock-gtl-ii\/#primaryimage"},"image":{"@id":"https:\/\/tlk.ee\/en\/webstore\/glock-gtl-ii\/#primaryimage"},"thumbnailUrl":"https:\/\/tlk.ee\/wp-content\/uploads\/2025\/10\/Relvalamp-Glock-GTL-II-1.jpg","datePublished":"2025-10-09T14:22:01+00:00","dateModified":"2026-03-09T11:29:49+00:00","breadcrumb":{"@id":"https:\/\/tlk.ee\/en\/webstore\/glock-gtl-ii\/#breadcrumb"},"inLanguage":"en-US","potentialAction":[{"@type":"ReadAction","target":["https:\/\/tlk.ee\/en\/webstore\/glock-gtl-ii\/"]}]},{"@type":"ImageObject","inLanguage":"en-US","@id":"https:\/\/tlk.ee\/en\/webstore\/glock-gtl-ii\/#primaryimage","url":"https:\/\/tlk.ee\/wp-content\/uploads\/2025\/10\/Relvalamp-Glock-GTL-II-1.jpg","contentUrl":"https:\/\/tlk.ee\/wp-content\/uploads\/2025\/10\/Relvalamp-Glock-GTL-II-1.jpg","width":1200,"height":1200},{"@type":"BreadcrumbList","@id":"https:\/\/tlk.ee\/en\/webstore\/glock-gtl-ii\/#breadcrumb","itemListElement":[{"@type":"ListItem","position":1,"name":"Home","item":"https:\/\/tlk.ee\/en\/"},{"@type":"ListItem","position":2,"name":"E-shop","item":"https:\/\/tlk.ee\/e-pood\/"},{"@type":"ListItem","position":3,"name":"Glock GTL II"}]},{"@type":"WebSite","@id":"https:\/\/tlk.ee\/en\/#website","url":"https:\/\/tlk.ee\/en\/","name":"Taktikalise Laskmise Keskus","description":"Parima varustusega lasketiir Euroopas","publisher":{"@id":"https:\/\/tlk.ee\/en\/#organization"},"alternateName":"TLK - lasketiir","potentialAction":[{"@type":"SearchAction","target":{"@type":"EntryPoint","urlTemplate":"https:\/\/tlk.ee\/en\/?s={search_term_string}"},"query-input":{"@type":"PropertyValueSpecification","valueRequired":true,"valueName":"search_term_string"}}],"inLanguage":"en-US"},{"@type":"Organization","@id":"https:\/\/tlk.ee\/en\/#organization","name":"Taktikalise Laskmise Keskus","url":"https:\/\/tlk.ee\/en\/","logo":{"@type":"ImageObject","inLanguage":"en-US","@id":"https:\/\/tlk.ee\/en\/#\/schema\/logo\/image\/","url":"https:\/\/tlk.ee\/wp-content\/uploads\/2024\/08\/logo-wide-TLK-EE.png","contentUrl":"https:\/\/tlk.ee\/wp-content\/uploads\/2024\/08\/logo-wide-TLK-EE.png","width":800,"height":400,"caption":"Taktikalise Laskmise Keskus"},"image":{"@id":"https:\/\/tlk.ee\/en\/#\/schema\/logo\/image\/"},"sameAs":["https:\/\/www.facebook.com\/Taktikaliselaskmisekeskus"]}]}},"_links":{"self":[{"href":"https:\/\/tlk.ee\/en\/wp-json\/wp\/v2\/product\/34210","targetHints":{"allow":["GET"]}}],"collection":[{"href":"https:\/\/tlk.ee\/en\/wp-json\/wp\/v2\/product"}],"about":[{"href":"https:\/\/tlk.ee\/en\/wp-json\/wp\/v2\/types\/product"}],"replies":[{"embeddable":true,"href":"https:\/\/tlk.ee\/en\/wp-json\/wp\/v2\/comments?post=34210"}],"wp:featuredmedia":[{"embeddable":true,"href":"https:\/\/tlk.ee\/en\/wp-json\/wp\/v2\/media\/34211"}],"wp:attachment":[{"href":"https:\/\/tlk.ee\/en\/wp-json\/wp\/v2\/media?parent=34210"}],"wp:term":[{"taxonomy":"product_brand","embeddable":true,"href":"https:\/\/tlk.ee\/en\/wp-json\/wp\/v2\/product_brand?post=34210"},{"taxonomy":"product_cat","embeddable":true,"href":"https:\/\/tlk.ee\/en\/wp-json\/wp\/v2\/product_cat?post=34210"},{"taxonomy":"product_tag","embeddable":true,"href":"https:\/\/tlk.ee\/en\/wp-json\/wp\/v2\/product_tag?post=34210"}],"curies":[{"name":"wp","href":"https:\/\/api.w.org\/{rel}","templated":true}]}}