{"id":33917,"date":"2025-09-03T10:07:51","date_gmt":"2025-09-03T10:07:51","guid":{"rendered":"https:\/\/tlk.ee\/?post_type=product&#038;p=33917"},"modified":"2026-04-09T14:16:54","modified_gmt":"2026-04-09T14:16:54","slug":"relvakapp-250-biomeetriline-lukk","status":"publish","type":"product","link":"https:\/\/tlk.ee\/en\/Webstore\/relvakapp-250-biomeetriline-lukk\/","title":{"rendered":"Relvakapp 250 biomeetriline lukk"},"content":{"rendered":"<p><em><strong>Lukut\u00fc\u00fcp:\u00a0 <\/strong><\/em>Biomeetriline lukk<\/p>\n<p><strong><em>V\u00e4lised m\u00f5\u00f5tmed (mm):\u00a0\u00a0<\/em><\/strong>250x350x260<\/p>\n<p><em><strong>Sisemised m\u00f5\u00f5tmed (mm):\u00a0\u00a0<\/strong><\/em>244x344x215<\/p>\n<p><em><strong>V\u00e4rvus:\u00a0 \u00a0<\/strong><\/em>RAL 7016, RAL 9001<\/p>\n<p><em><strong>Kaal (kg):\u00a0 \u00a0<\/strong><\/em>16<\/p>\n<p><em><strong>Maht (l):\u00a0 \u00a0<\/strong><\/em>17<\/p>\n","protected":false},"excerpt":{"rendered":"<p>V\u00f5imaldab salvestada kuni 32 erinevat s\u00f5rmej\u00e4lge<br \/>\nLihtne programeerida.<br \/>\nKapil on lisaks v\u00f5tmelukk avarii korral avamiseks.<\/p>\n","protected":false},"featured_media":33927,"comment_status":"closed","ping_status":"closed","template":"","meta":[],"product_brand":[],"product_cat":[180],"product_tag":[],"class_list":{"0":"post-33917","1":"product","2":"type-product","3":"status-publish","4":"has-post-thumbnail","6":"product_cat-relvakapid","8":"first","9":"instock","10":"sale","11":"virtual","12":"taxable","13":"purchasable","14":"product-type-simple"},"yoast_head":"<!-- This site is optimized with the Yoast SEO plugin v27.0 - https:\/\/yoast.com\/product\/yoast-seo-wordpress\/ -->\n<title>Relvakapp 250 biomeetriline lukk - Taktikalise Laskmise Keskus<\/title>\n<meta name=\"robots\" content=\"index, follow, max-snippet:-1, max-image-preview:large, max-video-preview:-1\" \/>\n<link rel=\"canonical\" href=\"https:\/\/tlk.ee\/en\/Webstore\/relvakapp-250-biomeetriline-lukk\/\" \/>\n<meta property=\"og:locale\" content=\"en_US\" \/>\n<meta property=\"og:type\" content=\"article\" \/>\n<meta property=\"og:title\" content=\"Relvakapp 250 biomeetriline lukk - Taktikalise Laskmise Keskus\" \/>\n<meta property=\"og:description\" content=\"V\u00f5imaldab salvestada kuni 32 erinevat s\u00f5rmej\u00e4lge Lihtne programeerida. Kapil on lisaks v\u00f5tmelukk avarii korral avamiseks.\" \/>\n<meta property=\"og:url\" content=\"https:\/\/tlk.ee\/en\/Webstore\/relvakapp-250-biomeetriline-lukk\/\" \/>\n<meta property=\"og:site_name\" content=\"Taktikalise Laskmise Keskus\" \/>\n<meta property=\"article:publisher\" content=\"https:\/\/www.facebook.com\/Taktikaliselaskmisekeskus\" \/>\n<meta property=\"article:modified_time\" content=\"2026-04-09T14:16:54+00:00\" \/>\n<meta property=\"og:image\" content=\"https:\/\/tlk.ee\/wp-content\/uploads\/2025\/09\/S-250-B-4.jpg\" \/>\n\t<meta property=\"og:image:width\" content=\"500\" \/>\n\t<meta property=\"og:image:height\" content=\"500\" \/>\n\t<meta property=\"og:image:type\" content=\"image\/jpeg\" \/>\n<meta name=\"twitter:card\" content=\"summary_large_image\" \/>\n<meta name=\"twitter:label1\" content=\"Est. reading time\" \/>\n\t<meta name=\"twitter:data1\" content=\"1 minute\" \/>\n<script type=\"application\/ld+json\" class=\"yoast-schema-graph\">{\"@context\":\"https:\/\/schema.org\",\"@graph\":[{\"@type\":\"WebPage\",\"@id\":\"https:\/\/tlk.ee\/en\/Webstore\/relvakapp-250-biomeetriline-lukk\/\",\"url\":\"https:\/\/tlk.ee\/en\/Webstore\/relvakapp-250-biomeetriline-lukk\/\",\"name\":\"Relvakapp 250 biomeetriline lukk - Taktikalise Laskmise Keskus\",\"isPartOf\":{\"@id\":\"https:\/\/tlk.ee\/en\/#website\"},\"primaryImageOfPage\":{\"@id\":\"https:\/\/tlk.ee\/en\/Webstore\/relvakapp-250-biomeetriline-lukk\/#primaryimage\"},\"image\":{\"@id\":\"https:\/\/tlk.ee\/en\/Webstore\/relvakapp-250-biomeetriline-lukk\/#primaryimage\"},\"thumbnailUrl\":\"https:\/\/tlk.ee\/wp-content\/uploads\/2025\/09\/S-250-B-4.jpg\",\"datePublished\":\"2025-09-03T10:07:51+00:00\",\"dateModified\":\"2026-04-09T14:16:54+00:00\",\"breadcrumb\":{\"@id\":\"https:\/\/tlk.ee\/en\/Webstore\/relvakapp-250-biomeetriline-lukk\/#breadcrumb\"},\"inLanguage\":\"en-US\",\"potentialAction\":[{\"@type\":\"ReadAction\",\"target\":[\"https:\/\/tlk.ee\/en\/Webstore\/relvakapp-250-biomeetriline-lukk\/\"]}]},{\"@type\":\"ImageObject\",\"inLanguage\":\"en-US\",\"@id\":\"https:\/\/tlk.ee\/en\/Webstore\/relvakapp-250-biomeetriline-lukk\/#primaryimage\",\"url\":\"https:\/\/tlk.ee\/wp-content\/uploads\/2025\/09\/S-250-B-4.jpg\",\"contentUrl\":\"https:\/\/tlk.ee\/wp-content\/uploads\/2025\/09\/S-250-B-4.jpg\",\"width\":500,\"height\":500},{\"@type\":\"BreadcrumbList\",\"@id\":\"https:\/\/tlk.ee\/en\/Webstore\/relvakapp-250-biomeetriline-lukk\/#breadcrumb\",\"itemListElement\":[{\"@type\":\"ListItem\",\"position\":1,\"name\":\"Home\",\"item\":\"https:\/\/tlk.ee\/en\/\"},{\"@type\":\"ListItem\",\"position\":2,\"name\":\"E-shop\",\"item\":\"https:\/\/tlk.ee\/e-pood\/\"},{\"@type\":\"ListItem\",\"position\":3,\"name\":\"Relvakapp 250 biomeetriline lukk\"}]},{\"@type\":\"WebSite\",\"@id\":\"https:\/\/tlk.ee\/en\/#website\",\"url\":\"https:\/\/tlk.ee\/en\/\",\"name\":\"Taktikalise Laskmise Keskus\",\"description\":\"Parima varustusega lasketiir Euroopas\",\"publisher\":{\"@id\":\"https:\/\/tlk.ee\/en\/#organization\"},\"alternateName\":\"TLK - lasketiir\",\"potentialAction\":[{\"@type\":\"SearchAction\",\"target\":{\"@type\":\"EntryPoint\",\"urlTemplate\":\"https:\/\/tlk.ee\/en\/?s={search_term_string}\"},\"query-input\":{\"@type\":\"PropertyValueSpecification\",\"valueRequired\":true,\"valueName\":\"search_term_string\"}}],\"inLanguage\":\"en-US\"},{\"@type\":\"Organization\",\"@id\":\"https:\/\/tlk.ee\/en\/#organization\",\"name\":\"Taktikalise Laskmise Keskus\",\"url\":\"https:\/\/tlk.ee\/en\/\",\"logo\":{\"@type\":\"ImageObject\",\"inLanguage\":\"en-US\",\"@id\":\"https:\/\/tlk.ee\/en\/#\/schema\/logo\/image\/\",\"url\":\"https:\/\/tlk.ee\/wp-content\/uploads\/2024\/08\/logo-wide-TLK-EE.png\",\"contentUrl\":\"https:\/\/tlk.ee\/wp-content\/uploads\/2024\/08\/logo-wide-TLK-EE.png\",\"width\":800,\"height\":400,\"caption\":\"Taktikalise Laskmise Keskus\"},\"image\":{\"@id\":\"https:\/\/tlk.ee\/en\/#\/schema\/logo\/image\/\"},\"sameAs\":[\"https:\/\/www.facebook.com\/Taktikaliselaskmisekeskus\"]}]}<\/script>\n<!-- \/ Yoast SEO plugin. -->","yoast_head_json":{"title":"Relvakapp 250 biomeetriline lukk - Taktikalise Laskmise Keskus","robots":{"index":"index","follow":"follow","max-snippet":"max-snippet:-1","max-image-preview":"max-image-preview:large","max-video-preview":"max-video-preview:-1"},"canonical":"https:\/\/tlk.ee\/en\/Webstore\/relvakapp-250-biomeetriline-lukk\/","og_locale":"en_US","og_type":"article","og_title":"Relvakapp 250 biomeetriline lukk - Taktikalise Laskmise Keskus","og_description":"V\u00f5imaldab salvestada kuni 32 erinevat s\u00f5rmej\u00e4lge Lihtne programeerida. Kapil on lisaks v\u00f5tmelukk avarii korral avamiseks.","og_url":"https:\/\/tlk.ee\/en\/Webstore\/relvakapp-250-biomeetriline-lukk\/","og_site_name":"Taktikalise Laskmise Keskus","article_publisher":"https:\/\/www.facebook.com\/Taktikaliselaskmisekeskus","article_modified_time":"2026-04-09T14:16:54+00:00","og_image":[{"width":500,"height":500,"url":"https:\/\/tlk.ee\/wp-content\/uploads\/2025\/09\/S-250-B-4.jpg","type":"image\/jpeg"}],"twitter_card":"summary_large_image","twitter_misc":{"Est. reading time":"1 minute"},"schema":{"@context":"https:\/\/schema.org","@graph":[{"@type":"WebPage","@id":"https:\/\/tlk.ee\/en\/Webstore\/relvakapp-250-biomeetriline-lukk\/","url":"https:\/\/tlk.ee\/en\/Webstore\/relvakapp-250-biomeetriline-lukk\/","name":"Relvakapp 250 biomeetriline lukk - Taktikalise Laskmise Keskus","isPartOf":{"@id":"https:\/\/tlk.ee\/en\/#website"},"primaryImageOfPage":{"@id":"https:\/\/tlk.ee\/en\/Webstore\/relvakapp-250-biomeetriline-lukk\/#primaryimage"},"image":{"@id":"https:\/\/tlk.ee\/en\/Webstore\/relvakapp-250-biomeetriline-lukk\/#primaryimage"},"thumbnailUrl":"https:\/\/tlk.ee\/wp-content\/uploads\/2025\/09\/S-250-B-4.jpg","datePublished":"2025-09-03T10:07:51+00:00","dateModified":"2026-04-09T14:16:54+00:00","breadcrumb":{"@id":"https:\/\/tlk.ee\/en\/Webstore\/relvakapp-250-biomeetriline-lukk\/#breadcrumb"},"inLanguage":"en-US","potentialAction":[{"@type":"ReadAction","target":["https:\/\/tlk.ee\/en\/Webstore\/relvakapp-250-biomeetriline-lukk\/"]}]},{"@type":"ImageObject","inLanguage":"en-US","@id":"https:\/\/tlk.ee\/en\/Webstore\/relvakapp-250-biomeetriline-lukk\/#primaryimage","url":"https:\/\/tlk.ee\/wp-content\/uploads\/2025\/09\/S-250-B-4.jpg","contentUrl":"https:\/\/tlk.ee\/wp-content\/uploads\/2025\/09\/S-250-B-4.jpg","width":500,"height":500},{"@type":"BreadcrumbList","@id":"https:\/\/tlk.ee\/en\/Webstore\/relvakapp-250-biomeetriline-lukk\/#breadcrumb","itemListElement":[{"@type":"ListItem","position":1,"name":"Home","item":"https:\/\/tlk.ee\/en\/"},{"@type":"ListItem","position":2,"name":"E-shop","item":"https:\/\/tlk.ee\/e-pood\/"},{"@type":"ListItem","position":3,"name":"Relvakapp 250 biomeetriline lukk"}]},{"@type":"WebSite","@id":"https:\/\/tlk.ee\/en\/#website","url":"https:\/\/tlk.ee\/en\/","name":"Taktikalise Laskmise Keskus","description":"Parima varustusega lasketiir Euroopas","publisher":{"@id":"https:\/\/tlk.ee\/en\/#organization"},"alternateName":"TLK - lasketiir","potentialAction":[{"@type":"SearchAction","target":{"@type":"EntryPoint","urlTemplate":"https:\/\/tlk.ee\/en\/?s={search_term_string}"},"query-input":{"@type":"PropertyValueSpecification","valueRequired":true,"valueName":"search_term_string"}}],"inLanguage":"en-US"},{"@type":"Organization","@id":"https:\/\/tlk.ee\/en\/#organization","name":"Taktikalise Laskmise Keskus","url":"https:\/\/tlk.ee\/en\/","logo":{"@type":"ImageObject","inLanguage":"en-US","@id":"https:\/\/tlk.ee\/en\/#\/schema\/logo\/image\/","url":"https:\/\/tlk.ee\/wp-content\/uploads\/2024\/08\/logo-wide-TLK-EE.png","contentUrl":"https:\/\/tlk.ee\/wp-content\/uploads\/2024\/08\/logo-wide-TLK-EE.png","width":800,"height":400,"caption":"Taktikalise Laskmise Keskus"},"image":{"@id":"https:\/\/tlk.ee\/en\/#\/schema\/logo\/image\/"},"sameAs":["https:\/\/www.facebook.com\/Taktikaliselaskmisekeskus"]}]}},"_links":{"self":[{"href":"https:\/\/tlk.ee\/en\/wp-json\/wp\/v2\/product\/33917","targetHints":{"allow":["GET"]}}],"collection":[{"href":"https:\/\/tlk.ee\/en\/wp-json\/wp\/v2\/product"}],"about":[{"href":"https:\/\/tlk.ee\/en\/wp-json\/wp\/v2\/types\/product"}],"replies":[{"embeddable":true,"href":"https:\/\/tlk.ee\/en\/wp-json\/wp\/v2\/comments?post=33917"}],"wp:featuredmedia":[{"embeddable":true,"href":"https:\/\/tlk.ee\/en\/wp-json\/wp\/v2\/media\/33927"}],"wp:attachment":[{"href":"https:\/\/tlk.ee\/en\/wp-json\/wp\/v2\/media?parent=33917"}],"wp:term":[{"taxonomy":"product_brand","embeddable":true,"href":"https:\/\/tlk.ee\/en\/wp-json\/wp\/v2\/product_brand?post=33917"},{"taxonomy":"product_cat","embeddable":true,"href":"https:\/\/tlk.ee\/en\/wp-json\/wp\/v2\/product_cat?post=33917"},{"taxonomy":"product_tag","embeddable":true,"href":"https:\/\/tlk.ee\/en\/wp-json\/wp\/v2\/product_tag?post=33917"}],"curies":[{"name":"wp","href":"https:\/\/api.w.org\/{rel}","templated":true}]}}