{"id":33335,"date":"2025-06-16T13:13:51","date_gmt":"2025-06-16T13:13:51","guid":{"rendered":"https:\/\/tlk.ee\/?post_type=product&#038;p=33335"},"modified":"2026-01-27T15:43:15","modified_gmt":"2026-01-27T15:43:15","slug":"glock-racking-cover-plate","status":"publish","type":"product","link":"https:\/\/tlk.ee\/en\/Webstore\/glock-racking-cover-plate\/","title":{"rendered":"GLOCK RACKING COVER PLATE"},"content":{"rendered":"<p>LISATOODE GLOCK PISTOLITELE<\/p>\n<p>See toode on eraldi m\u00fc\u00fcgil ja see pakub GLOCK p\u00fcstoli kelgule paremini kaitstud tagaosa. GLOCKi kelgu katteplaat on alusplaadi suhtes liigutatav (p\u00f6\u00f6ratav), minimeerides kelgu ja raami vahelist t\u00fchimikku. Mugavalt lihtsustab selle multifunktsionaalse kelgu katteplaadi pikendatud suurus k\u00e4sitsemist ja tagab parema haarde.<\/p>\n<p>GLOCKi kelgu katteplaat sobib GLOCKi standardse kelgu laiusega p\u00fcstolimudelitele<br \/>\n(25,5 mm).<\/p>\n<p>See ei sobi GLOCKi p\u00fcstolitele kaliibriga 22 l.r., 10 mm AUTO, 45 GAP ja 45 AUTO (v\u00e4lja arvatud G41 Gen4). See ei sobi GLOCK Slimline p\u00fcstolitele ja ei \u00fchildu paigaldatud GLOCK Beavertail seljarihmadega.<\/p>\n<p>&nbsp;<\/p>\n<p><iframe loading=\"lazy\" title=\"Racking Cover Plate\" width=\"1140\" height=\"641\" src=\"https:\/\/www.youtube.com\/embed\/_PQPwqvhp_A?feature=oembed&#038;enablejsapi=1&#038;origin=https:\/\/tlk.ee\" frameborder=\"0\" allow=\"accelerometer; autoplay; clipboard-write; encrypted-media; gyroscope; picture-in-picture; web-share\" referrerpolicy=\"strict-origin-when-cross-origin\" allowfullscreen><\/iframe><\/p>\n","protected":false},"excerpt":{"rendered":"<p>LISATOODE GLOCK PISTOLITELE See toode on eraldi m\u00fc\u00fcgil ja see pakub GLOCK p\u00fcstoli kelgule paremini kaitstud tagaosa. GLOCKi kelgu katteplaat on alusplaadi suhtes liigutatav (p\u00f6\u00f6ratav), minimeerides kelgu ja raami vahelist t\u00fchimikku. Mugavalt lihtsustab selle multifunktsionaalse kelgu katteplaadi pikendatud suurus k\u00e4sitsemist ja tagab parema haarde. GLOCKi kelgu katteplaat sobib GLOCKi standardse [&hellip;]<\/p>\n","protected":false},"featured_media":33345,"comment_status":"closed","ping_status":"closed","template":"","meta":[],"product_brand":[],"product_cat":[85,577],"product_tag":[],"class_list":{"0":"post-33335","1":"product","2":"type-product","3":"status-publish","4":"has-post-thumbnail","6":"product_cat-relvade-lisad","7":"product_cat-relvade-osad","8":"pa_mudel-glock-le","9":"pa_tootja-glock","11":"first","12":"instock","13":"taxable","14":"shipping-taxable","15":"purchasable","16":"product-type-simple"},"yoast_head":"<!-- This site is optimized with the Yoast SEO plugin v27.0 - https:\/\/yoast.com\/product\/yoast-seo-wordpress\/ -->\n<title>GLOCK RACKING COVER PLATE - Taktikalise Laskmise Keskus<\/title>\n<meta name=\"robots\" content=\"index, follow, max-snippet:-1, max-image-preview:large, max-video-preview:-1\" \/>\n<link rel=\"canonical\" href=\"https:\/\/tlk.ee\/en\/Webstore\/glock-racking-cover-plate\/\" \/>\n<meta property=\"og:locale\" content=\"en_US\" \/>\n<meta property=\"og:type\" content=\"article\" \/>\n<meta property=\"og:title\" content=\"GLOCK RACKING COVER PLATE - Taktikalise Laskmise Keskus\" \/>\n<meta property=\"og:description\" content=\"LISATOODE GLOCK PISTOLITELE See toode on eraldi m\u00fc\u00fcgil ja see pakub GLOCK p\u00fcstoli kelgule paremini kaitstud tagaosa. GLOCKi kelgu katteplaat on alusplaadi suhtes liigutatav (p\u00f6\u00f6ratav), minimeerides kelgu ja raami vahelist t\u00fchimikku. Mugavalt lihtsustab selle multifunktsionaalse kelgu katteplaadi pikendatud suurus k\u00e4sitsemist ja tagab parema haarde. GLOCKi kelgu katteplaat sobib GLOCKi standardse [&hellip;]\" \/>\n<meta property=\"og:url\" content=\"https:\/\/tlk.ee\/en\/Webstore\/glock-racking-cover-plate\/\" \/>\n<meta property=\"og:site_name\" content=\"Taktikalise Laskmise Keskus\" \/>\n<meta property=\"article:publisher\" content=\"https:\/\/www.facebook.com\/Taktikaliselaskmisekeskus\" \/>\n<meta property=\"article:modified_time\" content=\"2026-01-27T15:43:15+00:00\" \/>\n<meta property=\"og:image\" content=\"https:\/\/tlk.ee\/wp-content\/uploads\/2025\/06\/racking-cover-plate-for-cal940-glock.jpg\" \/>\n\t<meta property=\"og:image:width\" content=\"1200\" \/>\n\t<meta property=\"og:image:height\" content=\"1200\" \/>\n\t<meta property=\"og:image:type\" content=\"image\/jpeg\" \/>\n<meta name=\"twitter:card\" content=\"summary_large_image\" \/>\n<meta name=\"twitter:label1\" content=\"Est. reading time\" \/>\n\t<meta name=\"twitter:data1\" content=\"1 minute\" \/>\n<script type=\"application\/ld+json\" class=\"yoast-schema-graph\">{\"@context\":\"https:\/\/schema.org\",\"@graph\":[{\"@type\":\"WebPage\",\"@id\":\"https:\/\/tlk.ee\/en\/Webstore\/glock-racking-cover-plate\/\",\"url\":\"https:\/\/tlk.ee\/en\/Webstore\/glock-racking-cover-plate\/\",\"name\":\"GLOCK RACKING COVER PLATE - Taktikalise Laskmise Keskus\",\"isPartOf\":{\"@id\":\"https:\/\/tlk.ee\/en\/#website\"},\"primaryImageOfPage\":{\"@id\":\"https:\/\/tlk.ee\/en\/Webstore\/glock-racking-cover-plate\/#primaryimage\"},\"image\":{\"@id\":\"https:\/\/tlk.ee\/en\/Webstore\/glock-racking-cover-plate\/#primaryimage\"},\"thumbnailUrl\":\"https:\/\/tlk.ee\/wp-content\/uploads\/2025\/06\/racking-cover-plate-for-cal940-glock.jpg\",\"datePublished\":\"2025-06-16T13:13:51+00:00\",\"dateModified\":\"2026-01-27T15:43:15+00:00\",\"breadcrumb\":{\"@id\":\"https:\/\/tlk.ee\/en\/Webstore\/glock-racking-cover-plate\/#breadcrumb\"},\"inLanguage\":\"en-US\",\"potentialAction\":[{\"@type\":\"ReadAction\",\"target\":[\"https:\/\/tlk.ee\/en\/Webstore\/glock-racking-cover-plate\/\"]}]},{\"@type\":\"ImageObject\",\"inLanguage\":\"en-US\",\"@id\":\"https:\/\/tlk.ee\/en\/Webstore\/glock-racking-cover-plate\/#primaryimage\",\"url\":\"https:\/\/tlk.ee\/wp-content\/uploads\/2025\/06\/racking-cover-plate-for-cal940-glock.jpg\",\"contentUrl\":\"https:\/\/tlk.ee\/wp-content\/uploads\/2025\/06\/racking-cover-plate-for-cal940-glock.jpg\",\"width\":1200,\"height\":1200},{\"@type\":\"BreadcrumbList\",\"@id\":\"https:\/\/tlk.ee\/en\/Webstore\/glock-racking-cover-plate\/#breadcrumb\",\"itemListElement\":[{\"@type\":\"ListItem\",\"position\":1,\"name\":\"Home\",\"item\":\"https:\/\/tlk.ee\/en\/\"},{\"@type\":\"ListItem\",\"position\":2,\"name\":\"E-shop\",\"item\":\"https:\/\/tlk.ee\/e-pood\/\"},{\"@type\":\"ListItem\",\"position\":3,\"name\":\"GLOCK RACKING COVER PLATE\"}]},{\"@type\":\"WebSite\",\"@id\":\"https:\/\/tlk.ee\/en\/#website\",\"url\":\"https:\/\/tlk.ee\/en\/\",\"name\":\"Taktikalise Laskmise Keskus\",\"description\":\"Parima varustusega lasketiir Euroopas\",\"publisher\":{\"@id\":\"https:\/\/tlk.ee\/en\/#organization\"},\"alternateName\":\"TLK - lasketiir\",\"potentialAction\":[{\"@type\":\"SearchAction\",\"target\":{\"@type\":\"EntryPoint\",\"urlTemplate\":\"https:\/\/tlk.ee\/en\/?s={search_term_string}\"},\"query-input\":{\"@type\":\"PropertyValueSpecification\",\"valueRequired\":true,\"valueName\":\"search_term_string\"}}],\"inLanguage\":\"en-US\"},{\"@type\":\"Organization\",\"@id\":\"https:\/\/tlk.ee\/en\/#organization\",\"name\":\"Taktikalise Laskmise Keskus\",\"url\":\"https:\/\/tlk.ee\/en\/\",\"logo\":{\"@type\":\"ImageObject\",\"inLanguage\":\"en-US\",\"@id\":\"https:\/\/tlk.ee\/en\/#\/schema\/logo\/image\/\",\"url\":\"https:\/\/tlk.ee\/wp-content\/uploads\/2024\/08\/logo-wide-TLK-EE.png\",\"contentUrl\":\"https:\/\/tlk.ee\/wp-content\/uploads\/2024\/08\/logo-wide-TLK-EE.png\",\"width\":800,\"height\":400,\"caption\":\"Taktikalise Laskmise Keskus\"},\"image\":{\"@id\":\"https:\/\/tlk.ee\/en\/#\/schema\/logo\/image\/\"},\"sameAs\":[\"https:\/\/www.facebook.com\/Taktikaliselaskmisekeskus\"]}]}<\/script>\n<!-- \/ Yoast SEO plugin. -->","yoast_head_json":{"title":"GLOCK RACKING COVER PLATE - Taktikalise Laskmise Keskus","robots":{"index":"index","follow":"follow","max-snippet":"max-snippet:-1","max-image-preview":"max-image-preview:large","max-video-preview":"max-video-preview:-1"},"canonical":"https:\/\/tlk.ee\/en\/Webstore\/glock-racking-cover-plate\/","og_locale":"en_US","og_type":"article","og_title":"GLOCK RACKING COVER PLATE - Taktikalise Laskmise Keskus","og_description":"LISATOODE GLOCK PISTOLITELE See toode on eraldi m\u00fc\u00fcgil ja see pakub GLOCK p\u00fcstoli kelgule paremini kaitstud tagaosa. GLOCKi kelgu katteplaat on alusplaadi suhtes liigutatav (p\u00f6\u00f6ratav), minimeerides kelgu ja raami vahelist t\u00fchimikku. Mugavalt lihtsustab selle multifunktsionaalse kelgu katteplaadi pikendatud suurus k\u00e4sitsemist ja tagab parema haarde. GLOCKi kelgu katteplaat sobib GLOCKi standardse [&hellip;]","og_url":"https:\/\/tlk.ee\/en\/Webstore\/glock-racking-cover-plate\/","og_site_name":"Taktikalise Laskmise Keskus","article_publisher":"https:\/\/www.facebook.com\/Taktikaliselaskmisekeskus","article_modified_time":"2026-01-27T15:43:15+00:00","og_image":[{"width":1200,"height":1200,"url":"https:\/\/tlk.ee\/wp-content\/uploads\/2025\/06\/racking-cover-plate-for-cal940-glock.jpg","type":"image\/jpeg"}],"twitter_card":"summary_large_image","twitter_misc":{"Est. reading time":"1 minute"},"schema":{"@context":"https:\/\/schema.org","@graph":[{"@type":"WebPage","@id":"https:\/\/tlk.ee\/en\/Webstore\/glock-racking-cover-plate\/","url":"https:\/\/tlk.ee\/en\/Webstore\/glock-racking-cover-plate\/","name":"GLOCK RACKING COVER PLATE - Taktikalise Laskmise Keskus","isPartOf":{"@id":"https:\/\/tlk.ee\/en\/#website"},"primaryImageOfPage":{"@id":"https:\/\/tlk.ee\/en\/Webstore\/glock-racking-cover-plate\/#primaryimage"},"image":{"@id":"https:\/\/tlk.ee\/en\/Webstore\/glock-racking-cover-plate\/#primaryimage"},"thumbnailUrl":"https:\/\/tlk.ee\/wp-content\/uploads\/2025\/06\/racking-cover-plate-for-cal940-glock.jpg","datePublished":"2025-06-16T13:13:51+00:00","dateModified":"2026-01-27T15:43:15+00:00","breadcrumb":{"@id":"https:\/\/tlk.ee\/en\/Webstore\/glock-racking-cover-plate\/#breadcrumb"},"inLanguage":"en-US","potentialAction":[{"@type":"ReadAction","target":["https:\/\/tlk.ee\/en\/Webstore\/glock-racking-cover-plate\/"]}]},{"@type":"ImageObject","inLanguage":"en-US","@id":"https:\/\/tlk.ee\/en\/Webstore\/glock-racking-cover-plate\/#primaryimage","url":"https:\/\/tlk.ee\/wp-content\/uploads\/2025\/06\/racking-cover-plate-for-cal940-glock.jpg","contentUrl":"https:\/\/tlk.ee\/wp-content\/uploads\/2025\/06\/racking-cover-plate-for-cal940-glock.jpg","width":1200,"height":1200},{"@type":"BreadcrumbList","@id":"https:\/\/tlk.ee\/en\/Webstore\/glock-racking-cover-plate\/#breadcrumb","itemListElement":[{"@type":"ListItem","position":1,"name":"Home","item":"https:\/\/tlk.ee\/en\/"},{"@type":"ListItem","position":2,"name":"E-shop","item":"https:\/\/tlk.ee\/e-pood\/"},{"@type":"ListItem","position":3,"name":"GLOCK RACKING COVER PLATE"}]},{"@type":"WebSite","@id":"https:\/\/tlk.ee\/en\/#website","url":"https:\/\/tlk.ee\/en\/","name":"Taktikalise Laskmise Keskus","description":"Parima varustusega lasketiir Euroopas","publisher":{"@id":"https:\/\/tlk.ee\/en\/#organization"},"alternateName":"TLK - lasketiir","potentialAction":[{"@type":"SearchAction","target":{"@type":"EntryPoint","urlTemplate":"https:\/\/tlk.ee\/en\/?s={search_term_string}"},"query-input":{"@type":"PropertyValueSpecification","valueRequired":true,"valueName":"search_term_string"}}],"inLanguage":"en-US"},{"@type":"Organization","@id":"https:\/\/tlk.ee\/en\/#organization","name":"Taktikalise Laskmise Keskus","url":"https:\/\/tlk.ee\/en\/","logo":{"@type":"ImageObject","inLanguage":"en-US","@id":"https:\/\/tlk.ee\/en\/#\/schema\/logo\/image\/","url":"https:\/\/tlk.ee\/wp-content\/uploads\/2024\/08\/logo-wide-TLK-EE.png","contentUrl":"https:\/\/tlk.ee\/wp-content\/uploads\/2024\/08\/logo-wide-TLK-EE.png","width":800,"height":400,"caption":"Taktikalise Laskmise Keskus"},"image":{"@id":"https:\/\/tlk.ee\/en\/#\/schema\/logo\/image\/"},"sameAs":["https:\/\/www.facebook.com\/Taktikaliselaskmisekeskus"]}]}},"_links":{"self":[{"href":"https:\/\/tlk.ee\/en\/wp-json\/wp\/v2\/product\/33335","targetHints":{"allow":["GET"]}}],"collection":[{"href":"https:\/\/tlk.ee\/en\/wp-json\/wp\/v2\/product"}],"about":[{"href":"https:\/\/tlk.ee\/en\/wp-json\/wp\/v2\/types\/product"}],"replies":[{"embeddable":true,"href":"https:\/\/tlk.ee\/en\/wp-json\/wp\/v2\/comments?post=33335"}],"wp:featuredmedia":[{"embeddable":true,"href":"https:\/\/tlk.ee\/en\/wp-json\/wp\/v2\/media\/33345"}],"wp:attachment":[{"href":"https:\/\/tlk.ee\/en\/wp-json\/wp\/v2\/media?parent=33335"}],"wp:term":[{"taxonomy":"product_brand","embeddable":true,"href":"https:\/\/tlk.ee\/en\/wp-json\/wp\/v2\/product_brand?post=33335"},{"taxonomy":"product_cat","embeddable":true,"href":"https:\/\/tlk.ee\/en\/wp-json\/wp\/v2\/product_cat?post=33335"},{"taxonomy":"product_tag","embeddable":true,"href":"https:\/\/tlk.ee\/en\/wp-json\/wp\/v2\/product_tag?post=33335"}],"curies":[{"name":"wp","href":"https:\/\/api.w.org\/{rel}","templated":true}]}}