{"id":33071,"date":"2025-05-14T10:26:30","date_gmt":"2025-05-14T10:26:30","guid":{"rendered":"https:\/\/tlk.ee\/?post_type=product&#038;p=33071"},"modified":"2026-03-12T15:17:57","modified_gmt":"2026-03-12T15:17:57","slug":"glock-coffee-to-go-cup","status":"publish","type":"product","link":"https:\/\/tlk.ee\/en\/Webstore\/glock-coffee-to-go-cup\/","title":{"rendered":"GLOCK COFFEE TO GO CUP"},"content":{"rendered":"<p>GLOCK Coffee to go tassi mahutavus on 210 ml ja see sobib iga tavalise kohvimasina alla. Kvaliteetne roostevaba teras ja peen GLOCK-disain on pilkup\u00fc\u00fcdja, mis paistab silma t\u00e4nu oma kvaliteedile. GLOCK Coffee to go tass on 100% lekkekindel ja sobib seega ideaalselt autosse, t\u00f6\u00f6le v\u00f5i liikvele. T\u00e4nu kahekordsele seinaisolatsioonile koos t\u00e4iendava vasekihiga hoiab tass kuumad joogid kauem soojana ja k\u00fclmad joogid kauem k\u00fclmana. Silikoonkatte ja aluse t\u00f5ttu istub tass h\u00e4sti k\u00e4es, see kaitseb t\u00f6\u00f6lauda kriimustuste eest ja tagab alati kindla aluse.<\/p>\n<p>M\u00f5\u00f5dud: 14 x 6,5 cm<\/p>\n<p>Mahutavus: 210 ml<\/p>\n","protected":false},"excerpt":{"rendered":"<p>GLOCK Coffee to go tassi mahutavus on 210 ml ja see sobib iga tavalise kohvimasina alla. Kvaliteetne roostevaba teras ja peen GLOCK-disain on pilkup\u00fc\u00fcdja, mis paistab silma t\u00e4nu oma kvaliteedile. GLOCK Coffee to go tass on 100% lekkekindel ja sobib seega ideaalselt autosse, t\u00f6\u00f6le v\u00f5i liikvele. T\u00e4nu kahekordsele seinaisolatsioonile koos [&hellip;]<\/p>\n","protected":false},"featured_media":33072,"comment_status":"closed","ping_status":"closed","template":"","meta":[],"product_brand":[],"product_cat":[135],"product_tag":[],"class_list":{"0":"post-33071","1":"product","2":"type-product","3":"status-publish","4":"has-post-thumbnail","6":"product_cat-tarvikud","7":"pa_tootja-glock","9":"first","10":"instock","11":"taxable","12":"shipping-taxable","13":"purchasable","14":"product-type-simple"},"yoast_head":"<!-- This site is optimized with the Yoast SEO plugin v27.0 - https:\/\/yoast.com\/product\/yoast-seo-wordpress\/ -->\n<title>GLOCK COFFEE TO GO CUP - Taktikalise Laskmise Keskus<\/title>\n<meta name=\"robots\" content=\"index, follow, max-snippet:-1, max-image-preview:large, max-video-preview:-1\" \/>\n<link rel=\"canonical\" href=\"https:\/\/tlk.ee\/en\/Webstore\/glock-coffee-to-go-cup\/\" \/>\n<meta property=\"og:locale\" content=\"en_US\" \/>\n<meta property=\"og:type\" content=\"article\" \/>\n<meta property=\"og:title\" content=\"GLOCK COFFEE TO GO CUP - Taktikalise Laskmise Keskus\" \/>\n<meta property=\"og:description\" content=\"GLOCK Coffee to go tassi mahutavus on 210 ml ja see sobib iga tavalise kohvimasina alla. Kvaliteetne roostevaba teras ja peen GLOCK-disain on pilkup\u00fc\u00fcdja, mis paistab silma t\u00e4nu oma kvaliteedile. GLOCK Coffee to go tass on 100% lekkekindel ja sobib seega ideaalselt autosse, t\u00f6\u00f6le v\u00f5i liikvele. T\u00e4nu kahekordsele seinaisolatsioonile koos [&hellip;]\" \/>\n<meta property=\"og:url\" content=\"https:\/\/tlk.ee\/en\/Webstore\/glock-coffee-to-go-cup\/\" \/>\n<meta property=\"og:site_name\" content=\"Taktikalise Laskmise Keskus\" \/>\n<meta property=\"article:publisher\" content=\"https:\/\/www.facebook.com\/Taktikaliselaskmisekeskus\" \/>\n<meta property=\"article:modified_time\" content=\"2026-03-12T15:17:57+00:00\" \/>\n<meta property=\"og:image\" content=\"https:\/\/tlk.ee\/wp-content\/uploads\/2025\/05\/GLOCK-Coffee-To-Go-Cup-1.jpg\" \/>\n\t<meta property=\"og:image:width\" content=\"1500\" \/>\n\t<meta property=\"og:image:height\" content=\"1500\" \/>\n\t<meta property=\"og:image:type\" content=\"image\/jpeg\" \/>\n<meta name=\"twitter:card\" content=\"summary_large_image\" \/>\n<meta name=\"twitter:label1\" content=\"Est. reading time\" \/>\n\t<meta name=\"twitter:data1\" content=\"1 minute\" \/>\n<script type=\"application\/ld+json\" class=\"yoast-schema-graph\">{\"@context\":\"https:\/\/schema.org\",\"@graph\":[{\"@type\":\"WebPage\",\"@id\":\"https:\/\/tlk.ee\/en\/Webstore\/glock-coffee-to-go-cup\/\",\"url\":\"https:\/\/tlk.ee\/en\/Webstore\/glock-coffee-to-go-cup\/\",\"name\":\"GLOCK COFFEE TO GO CUP - Taktikalise Laskmise Keskus\",\"isPartOf\":{\"@id\":\"https:\/\/tlk.ee\/en\/#website\"},\"primaryImageOfPage\":{\"@id\":\"https:\/\/tlk.ee\/en\/Webstore\/glock-coffee-to-go-cup\/#primaryimage\"},\"image\":{\"@id\":\"https:\/\/tlk.ee\/en\/Webstore\/glock-coffee-to-go-cup\/#primaryimage\"},\"thumbnailUrl\":\"https:\/\/tlk.ee\/wp-content\/uploads\/2025\/05\/GLOCK-Coffee-To-Go-Cup-1.jpg\",\"datePublished\":\"2025-05-14T10:26:30+00:00\",\"dateModified\":\"2026-03-12T15:17:57+00:00\",\"breadcrumb\":{\"@id\":\"https:\/\/tlk.ee\/en\/Webstore\/glock-coffee-to-go-cup\/#breadcrumb\"},\"inLanguage\":\"en-US\",\"potentialAction\":[{\"@type\":\"ReadAction\",\"target\":[\"https:\/\/tlk.ee\/en\/Webstore\/glock-coffee-to-go-cup\/\"]}]},{\"@type\":\"ImageObject\",\"inLanguage\":\"en-US\",\"@id\":\"https:\/\/tlk.ee\/en\/Webstore\/glock-coffee-to-go-cup\/#primaryimage\",\"url\":\"https:\/\/tlk.ee\/wp-content\/uploads\/2025\/05\/GLOCK-Coffee-To-Go-Cup-1.jpg\",\"contentUrl\":\"https:\/\/tlk.ee\/wp-content\/uploads\/2025\/05\/GLOCK-Coffee-To-Go-Cup-1.jpg\",\"width\":1500,\"height\":1500},{\"@type\":\"BreadcrumbList\",\"@id\":\"https:\/\/tlk.ee\/en\/Webstore\/glock-coffee-to-go-cup\/#breadcrumb\",\"itemListElement\":[{\"@type\":\"ListItem\",\"position\":1,\"name\":\"Home\",\"item\":\"https:\/\/tlk.ee\/en\/\"},{\"@type\":\"ListItem\",\"position\":2,\"name\":\"E-shop\",\"item\":\"https:\/\/tlk.ee\/e-pood\/\"},{\"@type\":\"ListItem\",\"position\":3,\"name\":\"GLOCK COFFEE TO GO CUP\"}]},{\"@type\":\"WebSite\",\"@id\":\"https:\/\/tlk.ee\/en\/#website\",\"url\":\"https:\/\/tlk.ee\/en\/\",\"name\":\"Taktikalise Laskmise Keskus\",\"description\":\"Parima varustusega lasketiir Euroopas\",\"publisher\":{\"@id\":\"https:\/\/tlk.ee\/en\/#organization\"},\"alternateName\":\"TLK - lasketiir\",\"potentialAction\":[{\"@type\":\"SearchAction\",\"target\":{\"@type\":\"EntryPoint\",\"urlTemplate\":\"https:\/\/tlk.ee\/en\/?s={search_term_string}\"},\"query-input\":{\"@type\":\"PropertyValueSpecification\",\"valueRequired\":true,\"valueName\":\"search_term_string\"}}],\"inLanguage\":\"en-US\"},{\"@type\":\"Organization\",\"@id\":\"https:\/\/tlk.ee\/en\/#organization\",\"name\":\"Taktikalise Laskmise Keskus\",\"url\":\"https:\/\/tlk.ee\/en\/\",\"logo\":{\"@type\":\"ImageObject\",\"inLanguage\":\"en-US\",\"@id\":\"https:\/\/tlk.ee\/en\/#\/schema\/logo\/image\/\",\"url\":\"https:\/\/tlk.ee\/wp-content\/uploads\/2024\/08\/logo-wide-TLK-EE.png\",\"contentUrl\":\"https:\/\/tlk.ee\/wp-content\/uploads\/2024\/08\/logo-wide-TLK-EE.png\",\"width\":800,\"height\":400,\"caption\":\"Taktikalise Laskmise Keskus\"},\"image\":{\"@id\":\"https:\/\/tlk.ee\/en\/#\/schema\/logo\/image\/\"},\"sameAs\":[\"https:\/\/www.facebook.com\/Taktikaliselaskmisekeskus\"]}]}<\/script>\n<!-- \/ Yoast SEO plugin. -->","yoast_head_json":{"title":"GLOCK COFFEE TO GO CUP - Taktikalise Laskmise Keskus","robots":{"index":"index","follow":"follow","max-snippet":"max-snippet:-1","max-image-preview":"max-image-preview:large","max-video-preview":"max-video-preview:-1"},"canonical":"https:\/\/tlk.ee\/en\/Webstore\/glock-coffee-to-go-cup\/","og_locale":"en_US","og_type":"article","og_title":"GLOCK COFFEE TO GO CUP - Taktikalise Laskmise Keskus","og_description":"GLOCK Coffee to go tassi mahutavus on 210 ml ja see sobib iga tavalise kohvimasina alla. Kvaliteetne roostevaba teras ja peen GLOCK-disain on pilkup\u00fc\u00fcdja, mis paistab silma t\u00e4nu oma kvaliteedile. GLOCK Coffee to go tass on 100% lekkekindel ja sobib seega ideaalselt autosse, t\u00f6\u00f6le v\u00f5i liikvele. T\u00e4nu kahekordsele seinaisolatsioonile koos [&hellip;]","og_url":"https:\/\/tlk.ee\/en\/Webstore\/glock-coffee-to-go-cup\/","og_site_name":"Taktikalise Laskmise Keskus","article_publisher":"https:\/\/www.facebook.com\/Taktikaliselaskmisekeskus","article_modified_time":"2026-03-12T15:17:57+00:00","og_image":[{"width":1500,"height":1500,"url":"https:\/\/tlk.ee\/wp-content\/uploads\/2025\/05\/GLOCK-Coffee-To-Go-Cup-1.jpg","type":"image\/jpeg"}],"twitter_card":"summary_large_image","twitter_misc":{"Est. reading time":"1 minute"},"schema":{"@context":"https:\/\/schema.org","@graph":[{"@type":"WebPage","@id":"https:\/\/tlk.ee\/en\/Webstore\/glock-coffee-to-go-cup\/","url":"https:\/\/tlk.ee\/en\/Webstore\/glock-coffee-to-go-cup\/","name":"GLOCK COFFEE TO GO CUP - Taktikalise Laskmise Keskus","isPartOf":{"@id":"https:\/\/tlk.ee\/en\/#website"},"primaryImageOfPage":{"@id":"https:\/\/tlk.ee\/en\/Webstore\/glock-coffee-to-go-cup\/#primaryimage"},"image":{"@id":"https:\/\/tlk.ee\/en\/Webstore\/glock-coffee-to-go-cup\/#primaryimage"},"thumbnailUrl":"https:\/\/tlk.ee\/wp-content\/uploads\/2025\/05\/GLOCK-Coffee-To-Go-Cup-1.jpg","datePublished":"2025-05-14T10:26:30+00:00","dateModified":"2026-03-12T15:17:57+00:00","breadcrumb":{"@id":"https:\/\/tlk.ee\/en\/Webstore\/glock-coffee-to-go-cup\/#breadcrumb"},"inLanguage":"en-US","potentialAction":[{"@type":"ReadAction","target":["https:\/\/tlk.ee\/en\/Webstore\/glock-coffee-to-go-cup\/"]}]},{"@type":"ImageObject","inLanguage":"en-US","@id":"https:\/\/tlk.ee\/en\/Webstore\/glock-coffee-to-go-cup\/#primaryimage","url":"https:\/\/tlk.ee\/wp-content\/uploads\/2025\/05\/GLOCK-Coffee-To-Go-Cup-1.jpg","contentUrl":"https:\/\/tlk.ee\/wp-content\/uploads\/2025\/05\/GLOCK-Coffee-To-Go-Cup-1.jpg","width":1500,"height":1500},{"@type":"BreadcrumbList","@id":"https:\/\/tlk.ee\/en\/Webstore\/glock-coffee-to-go-cup\/#breadcrumb","itemListElement":[{"@type":"ListItem","position":1,"name":"Home","item":"https:\/\/tlk.ee\/en\/"},{"@type":"ListItem","position":2,"name":"E-shop","item":"https:\/\/tlk.ee\/e-pood\/"},{"@type":"ListItem","position":3,"name":"GLOCK COFFEE TO GO CUP"}]},{"@type":"WebSite","@id":"https:\/\/tlk.ee\/en\/#website","url":"https:\/\/tlk.ee\/en\/","name":"Taktikalise Laskmise Keskus","description":"Parima varustusega lasketiir Euroopas","publisher":{"@id":"https:\/\/tlk.ee\/en\/#organization"},"alternateName":"TLK - lasketiir","potentialAction":[{"@type":"SearchAction","target":{"@type":"EntryPoint","urlTemplate":"https:\/\/tlk.ee\/en\/?s={search_term_string}"},"query-input":{"@type":"PropertyValueSpecification","valueRequired":true,"valueName":"search_term_string"}}],"inLanguage":"en-US"},{"@type":"Organization","@id":"https:\/\/tlk.ee\/en\/#organization","name":"Taktikalise Laskmise Keskus","url":"https:\/\/tlk.ee\/en\/","logo":{"@type":"ImageObject","inLanguage":"en-US","@id":"https:\/\/tlk.ee\/en\/#\/schema\/logo\/image\/","url":"https:\/\/tlk.ee\/wp-content\/uploads\/2024\/08\/logo-wide-TLK-EE.png","contentUrl":"https:\/\/tlk.ee\/wp-content\/uploads\/2024\/08\/logo-wide-TLK-EE.png","width":800,"height":400,"caption":"Taktikalise Laskmise Keskus"},"image":{"@id":"https:\/\/tlk.ee\/en\/#\/schema\/logo\/image\/"},"sameAs":["https:\/\/www.facebook.com\/Taktikaliselaskmisekeskus"]}]}},"_links":{"self":[{"href":"https:\/\/tlk.ee\/en\/wp-json\/wp\/v2\/product\/33071","targetHints":{"allow":["GET"]}}],"collection":[{"href":"https:\/\/tlk.ee\/en\/wp-json\/wp\/v2\/product"}],"about":[{"href":"https:\/\/tlk.ee\/en\/wp-json\/wp\/v2\/types\/product"}],"replies":[{"embeddable":true,"href":"https:\/\/tlk.ee\/en\/wp-json\/wp\/v2\/comments?post=33071"}],"wp:featuredmedia":[{"embeddable":true,"href":"https:\/\/tlk.ee\/en\/wp-json\/wp\/v2\/media\/33072"}],"wp:attachment":[{"href":"https:\/\/tlk.ee\/en\/wp-json\/wp\/v2\/media?parent=33071"}],"wp:term":[{"taxonomy":"product_brand","embeddable":true,"href":"https:\/\/tlk.ee\/en\/wp-json\/wp\/v2\/product_brand?post=33071"},{"taxonomy":"product_cat","embeddable":true,"href":"https:\/\/tlk.ee\/en\/wp-json\/wp\/v2\/product_cat?post=33071"},{"taxonomy":"product_tag","embeddable":true,"href":"https:\/\/tlk.ee\/en\/wp-json\/wp\/v2\/product_tag?post=33071"}],"curies":[{"name":"wp","href":"https:\/\/api.w.org\/{rel}","templated":true}]}}