{"id":32830,"date":"2025-04-12T17:06:38","date_gmt":"2025-04-12T17:06:38","guid":{"rendered":"https:\/\/tlk.ee\/?post_type=product&#038;p=32830"},"modified":"2025-12-20T15:56:07","modified_gmt":"2025-12-20T15:56:07","slug":"magpul-pmag-10-30-ar-m4-gen-m3","status":"publish","type":"product","link":"https:\/\/tlk.ee\/en\/webstore\/magpul-pmag-10-30-ar-m4-gen-m3\/","title":{"rendered":"Magpul salv 10\/30 AR\/M4 GEN M3\u2122"},"content":{"rendered":"<p>PMAG 10\/30 AR\/M4 GEN M3 on 10-lasuline pol\u00fcmeersalv AR15\/M4-ga t\u00fc\u00fcpi relvadele, mis kasutavad 5,56&#215;45 NATO\/.223 kaliibrit. See on m\u00f5eldud kasutajatele, kes elavad piirkondades, kus on piirangud salvede mahtuvus, kuid soovivad standardset 30-lasulist salve.<\/p>\n<p>PMAG 10\/30 tagab sama j\u00e4rgmise p\u00f5lvkonna l\u00f6\u00f6gi- ja muljumiskindluse, p\u00fcsiva k\u00f5veruse geomeetria ja pika elueaga roostevabast terasest vedru, mis tagab sujuva s\u00f6\u00f6tmise. Oleme lisanud patenteeritud lukustusplaadi, mis v\u00e4hendab maksimaalse kandev\u00f5ime 10-ni ja see on p\u00fcsivalt kinnitatud alumiiniumneetiga. Kaasas on ka lukustusplaadi sakk, millel on selgelt m\u00e4rgitud mahutavus. Standardse 30-ringilise salvevormiga s\u00e4ilitab PMAG 10\/30 taskukoti \u00fchilduvuse, j\u00e4rgides samal ajal kohalikke piiranguid.<\/p>\n<p>PMAG 10\/30 sisaldab muid funktsioone, mida leidub kogu GEN M3 sarjas. Selle \u00fcmberkujundatud poldi lukustuss\u00e4lk salve tagaosas tagab suurema poldi kinnituse vaba ruumi, samas kui seljaosas olev \u00fclek\u00e4igupiirang aitab tagada, et salv ei satuks \u00fchilduvatele relvadele liiga palju. Madala profiiliga ribid ja uus, agressiivne eesmine ja tagumine tekstuur tagavad PMAG 10\/30 positiivse kontrolli k\u00f5igis keskkondades ning korpuse alumisel paneelil asuv v\u00e4rvipliiatsi punktmaatriks v\u00f5imaldab h\u00f5lpsat m\u00e4rgistamist tuvastamiseks.<\/p>\n<h2><a href=\"https:\/\/magpul.com\/pmag-10-30-ar-m4-gen-m3.html?mp_global_color=118\"><b>Loe l\u00e4hemalt<\/b><\/a><\/h2>\n<p><iframe loading=\"lazy\" title=\"Magpul - PMAG 10\/30 GEN M3\" width=\"1140\" height=\"641\" src=\"https:\/\/www.youtube.com\/embed\/WC41b6cMQoI?feature=oembed&#038;enablejsapi=1&#038;origin=https:\/\/tlk.ee\" frameborder=\"0\" allow=\"accelerometer; autoplay; clipboard-write; encrypted-media; gyroscope; picture-in-picture; web-share\" referrerpolicy=\"strict-origin-when-cross-origin\" allowfullscreen><\/iframe><\/p>\n","protected":false},"excerpt":{"rendered":"<p>PMAG 10\/30 AR\/M4 GEN M3 on 10-lasuline pol\u00fcmeersalv AR15\/M4-ga t\u00fc\u00fcpi relvadele, mis kasutavad 5,56&#215;45 NATO\/.223 kaliibrit. See on m\u00f5eldud kasutajatele, kes elavad piirkondades, kus on piirangud salvede mahtuvus, kuid soovivad standardset 30-lasulist salve. PMAG 10\/30 tagab sama j\u00e4rgmise p\u00f5lvkonna l\u00f6\u00f6gi- ja muljumiskindluse, p\u00fcsiva k\u00f5veruse geomeetria ja pika elueaga roostevabast terasest [&hellip;]<\/p>\n","protected":false},"featured_media":35399,"comment_status":"closed","ping_status":"closed","template":"","meta":[],"product_brand":[],"product_cat":[85,89],"product_tag":[],"class_list":{"0":"post-32830","1":"product","2":"type-product","3":"status-publish","4":"has-post-thumbnail","6":"product_cat-relvade-lisad","7":"product_cat-salved","8":"pa_kaliiber-223rem","9":"pa_mudel-ar-15","10":"pa_tootja-magpul","12":"first","13":"outofstock","14":"taxable","15":"shipping-taxable","16":"purchasable","17":"product-type-simple"},"yoast_head":"<!-- This site is optimized with the Yoast SEO plugin v27.4 - https:\/\/yoast.com\/product\/yoast-seo-wordpress\/ -->\n<title>Magpul salv 10\/30 AR\/M4 GEN M3\u2122 - Taktikalise Laskmise Keskus<\/title>\n<meta name=\"robots\" content=\"index, follow, max-snippet:-1, max-image-preview:large, max-video-preview:-1\" \/>\n<link rel=\"canonical\" href=\"https:\/\/tlk.ee\/en\/webstore\/magpul-pmag-10-30-ar-m4-gen-m3\/\" \/>\n<meta property=\"og:locale\" content=\"en_US\" \/>\n<meta property=\"og:type\" content=\"article\" \/>\n<meta property=\"og:title\" content=\"Magpul salv 10\/30 AR\/M4 GEN M3\u2122 - Taktikalise Laskmise Keskus\" \/>\n<meta property=\"og:description\" content=\"PMAG 10\/30 AR\/M4 GEN M3 on 10-lasuline pol\u00fcmeersalv AR15\/M4-ga t\u00fc\u00fcpi relvadele, mis kasutavad 5,56&#215;45 NATO\/.223 kaliibrit. See on m\u00f5eldud kasutajatele, kes elavad piirkondades, kus on piirangud salvede mahtuvus, kuid soovivad standardset 30-lasulist salve. PMAG 10\/30 tagab sama j\u00e4rgmise p\u00f5lvkonna l\u00f6\u00f6gi- ja muljumiskindluse, p\u00fcsiva k\u00f5veruse geomeetria ja pika elueaga roostevabast terasest [&hellip;]\" \/>\n<meta property=\"og:url\" content=\"https:\/\/tlk.ee\/en\/webstore\/magpul-pmag-10-30-ar-m4-gen-m3\/\" \/>\n<meta property=\"og:site_name\" content=\"Taktikalise Laskmise Keskus\" \/>\n<meta property=\"article:publisher\" content=\"https:\/\/www.facebook.com\/Taktikaliselaskmisekeskus\" \/>\n<meta property=\"article:modified_time\" content=\"2025-12-20T15:56:07+00:00\" \/>\n<meta property=\"og:image\" content=\"https:\/\/tlk.ee\/wp-content\/uploads\/2025\/04\/Magpul-10-30-.223rem-salv-3.png\" \/>\n\t<meta property=\"og:image:width\" content=\"1200\" \/>\n\t<meta property=\"og:image:height\" content=\"1366\" \/>\n\t<meta property=\"og:image:type\" content=\"image\/png\" \/>\n<meta name=\"twitter:card\" content=\"summary_large_image\" \/>\n<meta name=\"twitter:label1\" content=\"Est. reading time\" \/>\n\t<meta name=\"twitter:data1\" content=\"2 minutes\" \/>\n<script type=\"application\/ld+json\" class=\"yoast-schema-graph\">{\"@context\":\"https:\\\/\\\/schema.org\",\"@graph\":[{\"@type\":\"WebPage\",\"@id\":\"https:\\\/\\\/tlk.ee\\\/en\\\/webstore\\\/magpul-pmag-10-30-ar-m4-gen-m3\\\/\",\"url\":\"https:\\\/\\\/tlk.ee\\\/en\\\/webstore\\\/magpul-pmag-10-30-ar-m4-gen-m3\\\/\",\"name\":\"Magpul salv 10\\\/30 AR\\\/M4 GEN M3\u2122 - Taktikalise Laskmise Keskus\",\"isPartOf\":{\"@id\":\"https:\\\/\\\/tlk.ee\\\/en\\\/#website\"},\"primaryImageOfPage\":{\"@id\":\"https:\\\/\\\/tlk.ee\\\/en\\\/webstore\\\/magpul-pmag-10-30-ar-m4-gen-m3\\\/#primaryimage\"},\"image\":{\"@id\":\"https:\\\/\\\/tlk.ee\\\/en\\\/webstore\\\/magpul-pmag-10-30-ar-m4-gen-m3\\\/#primaryimage\"},\"thumbnailUrl\":\"https:\\\/\\\/tlk.ee\\\/wp-content\\\/uploads\\\/2025\\\/04\\\/Magpul-10-30-.223rem-salv-3.png\",\"datePublished\":\"2025-04-12T17:06:38+00:00\",\"dateModified\":\"2025-12-20T15:56:07+00:00\",\"breadcrumb\":{\"@id\":\"https:\\\/\\\/tlk.ee\\\/en\\\/webstore\\\/magpul-pmag-10-30-ar-m4-gen-m3\\\/#breadcrumb\"},\"inLanguage\":\"en-US\",\"potentialAction\":[{\"@type\":\"ReadAction\",\"target\":[\"https:\\\/\\\/tlk.ee\\\/en\\\/webstore\\\/magpul-pmag-10-30-ar-m4-gen-m3\\\/\"]}]},{\"@type\":\"ImageObject\",\"inLanguage\":\"en-US\",\"@id\":\"https:\\\/\\\/tlk.ee\\\/en\\\/webstore\\\/magpul-pmag-10-30-ar-m4-gen-m3\\\/#primaryimage\",\"url\":\"https:\\\/\\\/tlk.ee\\\/wp-content\\\/uploads\\\/2025\\\/04\\\/Magpul-10-30-.223rem-salv-3.png\",\"contentUrl\":\"https:\\\/\\\/tlk.ee\\\/wp-content\\\/uploads\\\/2025\\\/04\\\/Magpul-10-30-.223rem-salv-3.png\",\"width\":1200,\"height\":1366},{\"@type\":\"BreadcrumbList\",\"@id\":\"https:\\\/\\\/tlk.ee\\\/en\\\/webstore\\\/magpul-pmag-10-30-ar-m4-gen-m3\\\/#breadcrumb\",\"itemListElement\":[{\"@type\":\"ListItem\",\"position\":1,\"name\":\"Home\",\"item\":\"https:\\\/\\\/tlk.ee\\\/en\\\/home-page\\\/\"},{\"@type\":\"ListItem\",\"position\":2,\"name\":\"E-shop\",\"item\":\"https:\\\/\\\/tlk.ee\\\/e-pood\\\/\"},{\"@type\":\"ListItem\",\"position\":3,\"name\":\"Magpul salv 10\\\/30 AR\\\/M4 GEN M3\u2122\"}]},{\"@type\":\"WebSite\",\"@id\":\"https:\\\/\\\/tlk.ee\\\/en\\\/#website\",\"url\":\"https:\\\/\\\/tlk.ee\\\/en\\\/\",\"name\":\"Taktikalise Laskmise Keskus\",\"description\":\"Parima varustusega lasketiir Euroopas\",\"publisher\":{\"@id\":\"https:\\\/\\\/tlk.ee\\\/en\\\/#organization\"},\"alternateName\":\"TLK - lasketiir\",\"potentialAction\":[{\"@type\":\"SearchAction\",\"target\":{\"@type\":\"EntryPoint\",\"urlTemplate\":\"https:\\\/\\\/tlk.ee\\\/en\\\/?s={search_term_string}\"},\"query-input\":{\"@type\":\"PropertyValueSpecification\",\"valueRequired\":true,\"valueName\":\"search_term_string\"}}],\"inLanguage\":\"en-US\"},{\"@type\":\"Organization\",\"@id\":\"https:\\\/\\\/tlk.ee\\\/en\\\/#organization\",\"name\":\"Taktikalise Laskmise Keskus\",\"url\":\"https:\\\/\\\/tlk.ee\\\/en\\\/\",\"logo\":{\"@type\":\"ImageObject\",\"inLanguage\":\"en-US\",\"@id\":\"https:\\\/\\\/tlk.ee\\\/en\\\/#\\\/schema\\\/logo\\\/image\\\/\",\"url\":\"https:\\\/\\\/tlk.ee\\\/wp-content\\\/uploads\\\/2024\\\/08\\\/logo-wide-TLK-EE.png\",\"contentUrl\":\"https:\\\/\\\/tlk.ee\\\/wp-content\\\/uploads\\\/2024\\\/08\\\/logo-wide-TLK-EE.png\",\"width\":800,\"height\":400,\"caption\":\"Taktikalise Laskmise Keskus\"},\"image\":{\"@id\":\"https:\\\/\\\/tlk.ee\\\/en\\\/#\\\/schema\\\/logo\\\/image\\\/\"},\"sameAs\":[\"https:\\\/\\\/www.facebook.com\\\/Taktikaliselaskmisekeskus\"]}]}<\/script>\n<!-- \/ Yoast SEO plugin. -->","yoast_head_json":{"title":"Magpul salv 10\/30 AR\/M4 GEN M3\u2122 - Taktikalise Laskmise Keskus","robots":{"index":"index","follow":"follow","max-snippet":"max-snippet:-1","max-image-preview":"max-image-preview:large","max-video-preview":"max-video-preview:-1"},"canonical":"https:\/\/tlk.ee\/en\/webstore\/magpul-pmag-10-30-ar-m4-gen-m3\/","og_locale":"en_US","og_type":"article","og_title":"Magpul salv 10\/30 AR\/M4 GEN M3\u2122 - Taktikalise Laskmise Keskus","og_description":"PMAG 10\/30 AR\/M4 GEN M3 on 10-lasuline pol\u00fcmeersalv AR15\/M4-ga t\u00fc\u00fcpi relvadele, mis kasutavad 5,56&#215;45 NATO\/.223 kaliibrit. See on m\u00f5eldud kasutajatele, kes elavad piirkondades, kus on piirangud salvede mahtuvus, kuid soovivad standardset 30-lasulist salve. PMAG 10\/30 tagab sama j\u00e4rgmise p\u00f5lvkonna l\u00f6\u00f6gi- ja muljumiskindluse, p\u00fcsiva k\u00f5veruse geomeetria ja pika elueaga roostevabast terasest [&hellip;]","og_url":"https:\/\/tlk.ee\/en\/webstore\/magpul-pmag-10-30-ar-m4-gen-m3\/","og_site_name":"Taktikalise Laskmise Keskus","article_publisher":"https:\/\/www.facebook.com\/Taktikaliselaskmisekeskus","article_modified_time":"2025-12-20T15:56:07+00:00","og_image":[{"width":1200,"height":1366,"url":"https:\/\/tlk.ee\/wp-content\/uploads\/2025\/04\/Magpul-10-30-.223rem-salv-3.png","type":"image\/png"}],"twitter_card":"summary_large_image","twitter_misc":{"Est. reading time":"2 minutes"},"schema":{"@context":"https:\/\/schema.org","@graph":[{"@type":"WebPage","@id":"https:\/\/tlk.ee\/en\/webstore\/magpul-pmag-10-30-ar-m4-gen-m3\/","url":"https:\/\/tlk.ee\/en\/webstore\/magpul-pmag-10-30-ar-m4-gen-m3\/","name":"Magpul salv 10\/30 AR\/M4 GEN M3\u2122 - Taktikalise Laskmise Keskus","isPartOf":{"@id":"https:\/\/tlk.ee\/en\/#website"},"primaryImageOfPage":{"@id":"https:\/\/tlk.ee\/en\/webstore\/magpul-pmag-10-30-ar-m4-gen-m3\/#primaryimage"},"image":{"@id":"https:\/\/tlk.ee\/en\/webstore\/magpul-pmag-10-30-ar-m4-gen-m3\/#primaryimage"},"thumbnailUrl":"https:\/\/tlk.ee\/wp-content\/uploads\/2025\/04\/Magpul-10-30-.223rem-salv-3.png","datePublished":"2025-04-12T17:06:38+00:00","dateModified":"2025-12-20T15:56:07+00:00","breadcrumb":{"@id":"https:\/\/tlk.ee\/en\/webstore\/magpul-pmag-10-30-ar-m4-gen-m3\/#breadcrumb"},"inLanguage":"en-US","potentialAction":[{"@type":"ReadAction","target":["https:\/\/tlk.ee\/en\/webstore\/magpul-pmag-10-30-ar-m4-gen-m3\/"]}]},{"@type":"ImageObject","inLanguage":"en-US","@id":"https:\/\/tlk.ee\/en\/webstore\/magpul-pmag-10-30-ar-m4-gen-m3\/#primaryimage","url":"https:\/\/tlk.ee\/wp-content\/uploads\/2025\/04\/Magpul-10-30-.223rem-salv-3.png","contentUrl":"https:\/\/tlk.ee\/wp-content\/uploads\/2025\/04\/Magpul-10-30-.223rem-salv-3.png","width":1200,"height":1366},{"@type":"BreadcrumbList","@id":"https:\/\/tlk.ee\/en\/webstore\/magpul-pmag-10-30-ar-m4-gen-m3\/#breadcrumb","itemListElement":[{"@type":"ListItem","position":1,"name":"Home","item":"https:\/\/tlk.ee\/en\/home-page\/"},{"@type":"ListItem","position":2,"name":"E-shop","item":"https:\/\/tlk.ee\/e-pood\/"},{"@type":"ListItem","position":3,"name":"Magpul salv 10\/30 AR\/M4 GEN M3\u2122"}]},{"@type":"WebSite","@id":"https:\/\/tlk.ee\/en\/#website","url":"https:\/\/tlk.ee\/en\/","name":"Taktikalise Laskmise Keskus","description":"Parima varustusega lasketiir Euroopas","publisher":{"@id":"https:\/\/tlk.ee\/en\/#organization"},"alternateName":"TLK - lasketiir","potentialAction":[{"@type":"SearchAction","target":{"@type":"EntryPoint","urlTemplate":"https:\/\/tlk.ee\/en\/?s={search_term_string}"},"query-input":{"@type":"PropertyValueSpecification","valueRequired":true,"valueName":"search_term_string"}}],"inLanguage":"en-US"},{"@type":"Organization","@id":"https:\/\/tlk.ee\/en\/#organization","name":"Taktikalise Laskmise Keskus","url":"https:\/\/tlk.ee\/en\/","logo":{"@type":"ImageObject","inLanguage":"en-US","@id":"https:\/\/tlk.ee\/en\/#\/schema\/logo\/image\/","url":"https:\/\/tlk.ee\/wp-content\/uploads\/2024\/08\/logo-wide-TLK-EE.png","contentUrl":"https:\/\/tlk.ee\/wp-content\/uploads\/2024\/08\/logo-wide-TLK-EE.png","width":800,"height":400,"caption":"Taktikalise Laskmise Keskus"},"image":{"@id":"https:\/\/tlk.ee\/en\/#\/schema\/logo\/image\/"},"sameAs":["https:\/\/www.facebook.com\/Taktikaliselaskmisekeskus"]}]}},"_links":{"self":[{"href":"https:\/\/tlk.ee\/en\/wp-json\/wp\/v2\/product\/32830","targetHints":{"allow":["GET"]}}],"collection":[{"href":"https:\/\/tlk.ee\/en\/wp-json\/wp\/v2\/product"}],"about":[{"href":"https:\/\/tlk.ee\/en\/wp-json\/wp\/v2\/types\/product"}],"replies":[{"embeddable":true,"href":"https:\/\/tlk.ee\/en\/wp-json\/wp\/v2\/comments?post=32830"}],"wp:featuredmedia":[{"embeddable":true,"href":"https:\/\/tlk.ee\/en\/wp-json\/wp\/v2\/media\/35399"}],"wp:attachment":[{"href":"https:\/\/tlk.ee\/en\/wp-json\/wp\/v2\/media?parent=32830"}],"wp:term":[{"taxonomy":"product_brand","embeddable":true,"href":"https:\/\/tlk.ee\/en\/wp-json\/wp\/v2\/product_brand?post=32830"},{"taxonomy":"product_cat","embeddable":true,"href":"https:\/\/tlk.ee\/en\/wp-json\/wp\/v2\/product_cat?post=32830"},{"taxonomy":"product_tag","embeddable":true,"href":"https:\/\/tlk.ee\/en\/wp-json\/wp\/v2\/product_tag?post=32830"}],"curies":[{"name":"wp","href":"https:\/\/api.w.org\/{rel}","templated":true}]}}