{"id":32813,"date":"2025-04-12T15:28:17","date_gmt":"2025-04-12T15:28:17","guid":{"rendered":"https:\/\/tlk.ee\/?post_type=product&#038;p=32813"},"modified":"2026-03-11T15:59:31","modified_gmt":"2026-03-11T15:59:31","slug":"voorihm-nylon-edc-nexbelt-1-5-38mm","status":"publish","type":"product","link":"https:\/\/tlk.ee\/en\/webstore\/voorihm-nylon-edc-nexbelt-1-5-38mm\/","title":{"rendered":"SAFARILAND Nylon EDC V\u00f6\u00f6rihm NexBelt\u00ae 1.5&#8243; (38mm)"},"content":{"rendered":"<p>M\u00f5eldud tulirelvat\u00f6\u00f6stusele, kuid seda saab kasutada igas valdkonnas, mis n\u00f5uab taktikaliste ja tehniliste seadmete ja varustuse kinnitamist v\u00f6\u00f6 k\u00fclge. Nailonrihm on valmistatud k\u00f5rge tihedusega nailonist, mis on valmistatud \u00fclipeenest pol\u00fcestrist, mis tagab t\u00e4iendava j\u00e4ikuse ja vastupidavuse.\u00a0 Lisaks v\u00f6\u00f6l vetth\u00fclgav vooder, mis takistab higi imbumist ja m\u00e4\u00e4rimist v\u00f6\u00f6 pinnale.<\/p>\n<p>Omadused<br \/>\n\u00dche k\u00e4ega, lennult, rihma reguleerimine, eriti kasulik IWB kabuuri selga panemisel v\u00f5i eemaldamisel<br \/>\n1\/4&#8243; astmeline rihma reguleerimine standardse 1&#8243; reguleerimise asemel<br \/>\nTugev suure tihedusega nailon, mis tagab tulirelvade igap\u00e4evaseks kandmiseks t\u00e4iendava j\u00e4ikuse ja vastupidavuse<br \/>\nVett h\u00fclgav vooder<br \/>\n\u00dcks suurus sobib enamikule inimestele, kuni 50-tollise v\u00f6\u00f6kohani, lihtsalt l\u00f5igake \u00fcleliigne \u00e4ra ja paigaldage pannal<br \/>\n1,5&#8243; laius<\/p>\n<h2><a href=\"https:\/\/cdn.shopify.com\/s\/files\/1\/0086\/8689\/5184\/files\/SAF_NexBelt_Sell_Sheet.pdf?v=1674058335\">Tutvu l\u00e4hemalt:<\/a><\/h2>\n","protected":false},"excerpt":{"rendered":"<p>M\u00f5eldud tulirelvat\u00f6\u00f6stusele, kuid seda saab kasutada igas valdkonnas, mis n\u00f5uab taktikaliste ja tehniliste seadmete ja varustuse kinnitamist v\u00f6\u00f6 k\u00fclge. Nailonrihm on valmistatud k\u00f5rge tihedusega nailonist, mis on valmistatud \u00fclipeenest pol\u00fcestrist, mis tagab t\u00e4iendava j\u00e4ikuse ja vastupidavuse.\u00a0 Lisaks v\u00f6\u00f6l vetth\u00fclgav vooder, mis takistab higi imbumist ja m\u00e4\u00e4rimist v\u00f6\u00f6 pinnale. Omadused \u00dche [&hellip;]<\/p>\n","protected":false},"featured_media":32826,"comment_status":"closed","ping_status":"closed","template":"","meta":[],"product_brand":[],"product_cat":[26,135],"product_tag":[],"class_list":{"0":"post-32813","1":"product","2":"type-product","3":"status-publish","4":"has-post-thumbnail","6":"product_cat-kabuurid","7":"product_cat-tarvikud","8":"pa_tootja-safariland","10":"first","11":"instock","12":"taxable","13":"shipping-taxable","14":"purchasable","15":"product-type-simple"},"yoast_head":"<!-- This site is optimized with the Yoast SEO plugin v27.4 - https:\/\/yoast.com\/product\/yoast-seo-wordpress\/ -->\n<title>SAFARILAND Nylon EDC V\u00f6\u00f6rihm NexBelt\u00ae 1.5&quot; (38mm) - Taktikalise Laskmise Keskus<\/title>\n<meta name=\"robots\" content=\"index, follow, max-snippet:-1, max-image-preview:large, max-video-preview:-1\" \/>\n<link rel=\"canonical\" href=\"https:\/\/tlk.ee\/en\/webstore\/voorihm-nylon-edc-nexbelt-1-5-38mm\/\" \/>\n<meta property=\"og:locale\" content=\"en_US\" \/>\n<meta property=\"og:type\" content=\"article\" \/>\n<meta property=\"og:title\" content=\"SAFARILAND Nylon EDC V\u00f6\u00f6rihm NexBelt\u00ae 1.5&quot; (38mm) - Taktikalise Laskmise Keskus\" \/>\n<meta property=\"og:description\" content=\"M\u00f5eldud tulirelvat\u00f6\u00f6stusele, kuid seda saab kasutada igas valdkonnas, mis n\u00f5uab taktikaliste ja tehniliste seadmete ja varustuse kinnitamist v\u00f6\u00f6 k\u00fclge. Nailonrihm on valmistatud k\u00f5rge tihedusega nailonist, mis on valmistatud \u00fclipeenest pol\u00fcestrist, mis tagab t\u00e4iendava j\u00e4ikuse ja vastupidavuse.\u00a0 Lisaks v\u00f6\u00f6l vetth\u00fclgav vooder, mis takistab higi imbumist ja m\u00e4\u00e4rimist v\u00f6\u00f6 pinnale. Omadused \u00dche [&hellip;]\" \/>\n<meta property=\"og:url\" content=\"https:\/\/tlk.ee\/en\/webstore\/voorihm-nylon-edc-nexbelt-1-5-38mm\/\" \/>\n<meta property=\"og:site_name\" content=\"Taktikalise Laskmise Keskus\" \/>\n<meta property=\"article:publisher\" content=\"https:\/\/www.facebook.com\/Taktikaliselaskmisekeskus\" \/>\n<meta property=\"article:modified_time\" content=\"2026-03-11T15:59:31+00:00\" \/>\n<meta property=\"og:image\" content=\"https:\/\/tlk.ee\/wp-content\/uploads\/2025\/04\/Safariland-rihm.jpg\" \/>\n\t<meta property=\"og:image:width\" content=\"1200\" \/>\n\t<meta property=\"og:image:height\" content=\"840\" \/>\n\t<meta property=\"og:image:type\" content=\"image\/jpeg\" \/>\n<meta name=\"twitter:card\" content=\"summary_large_image\" \/>\n<meta name=\"twitter:label1\" content=\"Est. reading time\" \/>\n\t<meta name=\"twitter:data1\" content=\"1 minute\" \/>\n<script type=\"application\/ld+json\" class=\"yoast-schema-graph\">{\"@context\":\"https:\\\/\\\/schema.org\",\"@graph\":[{\"@type\":\"WebPage\",\"@id\":\"https:\\\/\\\/tlk.ee\\\/en\\\/webstore\\\/voorihm-nylon-edc-nexbelt-1-5-38mm\\\/\",\"url\":\"https:\\\/\\\/tlk.ee\\\/en\\\/webstore\\\/voorihm-nylon-edc-nexbelt-1-5-38mm\\\/\",\"name\":\"SAFARILAND Nylon EDC V\u00f6\u00f6rihm NexBelt\u00ae 1.5\\\" (38mm) - Taktikalise Laskmise Keskus\",\"isPartOf\":{\"@id\":\"https:\\\/\\\/tlk.ee\\\/en\\\/#website\"},\"primaryImageOfPage\":{\"@id\":\"https:\\\/\\\/tlk.ee\\\/en\\\/webstore\\\/voorihm-nylon-edc-nexbelt-1-5-38mm\\\/#primaryimage\"},\"image\":{\"@id\":\"https:\\\/\\\/tlk.ee\\\/en\\\/webstore\\\/voorihm-nylon-edc-nexbelt-1-5-38mm\\\/#primaryimage\"},\"thumbnailUrl\":\"https:\\\/\\\/tlk.ee\\\/wp-content\\\/uploads\\\/2025\\\/04\\\/Safariland-rihm.jpg\",\"datePublished\":\"2025-04-12T15:28:17+00:00\",\"dateModified\":\"2026-03-11T15:59:31+00:00\",\"breadcrumb\":{\"@id\":\"https:\\\/\\\/tlk.ee\\\/en\\\/webstore\\\/voorihm-nylon-edc-nexbelt-1-5-38mm\\\/#breadcrumb\"},\"inLanguage\":\"en-US\",\"potentialAction\":[{\"@type\":\"ReadAction\",\"target\":[\"https:\\\/\\\/tlk.ee\\\/en\\\/webstore\\\/voorihm-nylon-edc-nexbelt-1-5-38mm\\\/\"]}]},{\"@type\":\"ImageObject\",\"inLanguage\":\"en-US\",\"@id\":\"https:\\\/\\\/tlk.ee\\\/en\\\/webstore\\\/voorihm-nylon-edc-nexbelt-1-5-38mm\\\/#primaryimage\",\"url\":\"https:\\\/\\\/tlk.ee\\\/wp-content\\\/uploads\\\/2025\\\/04\\\/Safariland-rihm.jpg\",\"contentUrl\":\"https:\\\/\\\/tlk.ee\\\/wp-content\\\/uploads\\\/2025\\\/04\\\/Safariland-rihm.jpg\",\"width\":1200,\"height\":840},{\"@type\":\"BreadcrumbList\",\"@id\":\"https:\\\/\\\/tlk.ee\\\/en\\\/webstore\\\/voorihm-nylon-edc-nexbelt-1-5-38mm\\\/#breadcrumb\",\"itemListElement\":[{\"@type\":\"ListItem\",\"position\":1,\"name\":\"Home\",\"item\":\"https:\\\/\\\/tlk.ee\\\/en\\\/home-page\\\/\"},{\"@type\":\"ListItem\",\"position\":2,\"name\":\"E-shop\",\"item\":\"https:\\\/\\\/tlk.ee\\\/e-pood\\\/\"},{\"@type\":\"ListItem\",\"position\":3,\"name\":\"SAFARILAND Nylon EDC V\u00f6\u00f6rihm NexBelt\u00ae 1.5&#8243; (38mm)\"}]},{\"@type\":\"WebSite\",\"@id\":\"https:\\\/\\\/tlk.ee\\\/en\\\/#website\",\"url\":\"https:\\\/\\\/tlk.ee\\\/en\\\/\",\"name\":\"Taktikalise Laskmise Keskus\",\"description\":\"Parima varustusega lasketiir Euroopas\",\"publisher\":{\"@id\":\"https:\\\/\\\/tlk.ee\\\/en\\\/#organization\"},\"alternateName\":\"TLK - lasketiir\",\"potentialAction\":[{\"@type\":\"SearchAction\",\"target\":{\"@type\":\"EntryPoint\",\"urlTemplate\":\"https:\\\/\\\/tlk.ee\\\/en\\\/?s={search_term_string}\"},\"query-input\":{\"@type\":\"PropertyValueSpecification\",\"valueRequired\":true,\"valueName\":\"search_term_string\"}}],\"inLanguage\":\"en-US\"},{\"@type\":\"Organization\",\"@id\":\"https:\\\/\\\/tlk.ee\\\/en\\\/#organization\",\"name\":\"Taktikalise Laskmise Keskus\",\"url\":\"https:\\\/\\\/tlk.ee\\\/en\\\/\",\"logo\":{\"@type\":\"ImageObject\",\"inLanguage\":\"en-US\",\"@id\":\"https:\\\/\\\/tlk.ee\\\/en\\\/#\\\/schema\\\/logo\\\/image\\\/\",\"url\":\"https:\\\/\\\/tlk.ee\\\/wp-content\\\/uploads\\\/2024\\\/08\\\/logo-wide-TLK-EE.png\",\"contentUrl\":\"https:\\\/\\\/tlk.ee\\\/wp-content\\\/uploads\\\/2024\\\/08\\\/logo-wide-TLK-EE.png\",\"width\":800,\"height\":400,\"caption\":\"Taktikalise Laskmise Keskus\"},\"image\":{\"@id\":\"https:\\\/\\\/tlk.ee\\\/en\\\/#\\\/schema\\\/logo\\\/image\\\/\"},\"sameAs\":[\"https:\\\/\\\/www.facebook.com\\\/Taktikaliselaskmisekeskus\"]}]}<\/script>\n<!-- \/ Yoast SEO plugin. -->","yoast_head_json":{"title":"SAFARILAND Nylon EDC V\u00f6\u00f6rihm NexBelt\u00ae 1.5\" (38mm) - Taktikalise Laskmise Keskus","robots":{"index":"index","follow":"follow","max-snippet":"max-snippet:-1","max-image-preview":"max-image-preview:large","max-video-preview":"max-video-preview:-1"},"canonical":"https:\/\/tlk.ee\/en\/webstore\/voorihm-nylon-edc-nexbelt-1-5-38mm\/","og_locale":"en_US","og_type":"article","og_title":"SAFARILAND Nylon EDC V\u00f6\u00f6rihm NexBelt\u00ae 1.5\" (38mm) - Taktikalise Laskmise Keskus","og_description":"M\u00f5eldud tulirelvat\u00f6\u00f6stusele, kuid seda saab kasutada igas valdkonnas, mis n\u00f5uab taktikaliste ja tehniliste seadmete ja varustuse kinnitamist v\u00f6\u00f6 k\u00fclge. Nailonrihm on valmistatud k\u00f5rge tihedusega nailonist, mis on valmistatud \u00fclipeenest pol\u00fcestrist, mis tagab t\u00e4iendava j\u00e4ikuse ja vastupidavuse.\u00a0 Lisaks v\u00f6\u00f6l vetth\u00fclgav vooder, mis takistab higi imbumist ja m\u00e4\u00e4rimist v\u00f6\u00f6 pinnale. Omadused \u00dche [&hellip;]","og_url":"https:\/\/tlk.ee\/en\/webstore\/voorihm-nylon-edc-nexbelt-1-5-38mm\/","og_site_name":"Taktikalise Laskmise Keskus","article_publisher":"https:\/\/www.facebook.com\/Taktikaliselaskmisekeskus","article_modified_time":"2026-03-11T15:59:31+00:00","og_image":[{"width":1200,"height":840,"url":"https:\/\/tlk.ee\/wp-content\/uploads\/2025\/04\/Safariland-rihm.jpg","type":"image\/jpeg"}],"twitter_card":"summary_large_image","twitter_misc":{"Est. reading time":"1 minute"},"schema":{"@context":"https:\/\/schema.org","@graph":[{"@type":"WebPage","@id":"https:\/\/tlk.ee\/en\/webstore\/voorihm-nylon-edc-nexbelt-1-5-38mm\/","url":"https:\/\/tlk.ee\/en\/webstore\/voorihm-nylon-edc-nexbelt-1-5-38mm\/","name":"SAFARILAND Nylon EDC V\u00f6\u00f6rihm NexBelt\u00ae 1.5\" (38mm) - Taktikalise Laskmise Keskus","isPartOf":{"@id":"https:\/\/tlk.ee\/en\/#website"},"primaryImageOfPage":{"@id":"https:\/\/tlk.ee\/en\/webstore\/voorihm-nylon-edc-nexbelt-1-5-38mm\/#primaryimage"},"image":{"@id":"https:\/\/tlk.ee\/en\/webstore\/voorihm-nylon-edc-nexbelt-1-5-38mm\/#primaryimage"},"thumbnailUrl":"https:\/\/tlk.ee\/wp-content\/uploads\/2025\/04\/Safariland-rihm.jpg","datePublished":"2025-04-12T15:28:17+00:00","dateModified":"2026-03-11T15:59:31+00:00","breadcrumb":{"@id":"https:\/\/tlk.ee\/en\/webstore\/voorihm-nylon-edc-nexbelt-1-5-38mm\/#breadcrumb"},"inLanguage":"en-US","potentialAction":[{"@type":"ReadAction","target":["https:\/\/tlk.ee\/en\/webstore\/voorihm-nylon-edc-nexbelt-1-5-38mm\/"]}]},{"@type":"ImageObject","inLanguage":"en-US","@id":"https:\/\/tlk.ee\/en\/webstore\/voorihm-nylon-edc-nexbelt-1-5-38mm\/#primaryimage","url":"https:\/\/tlk.ee\/wp-content\/uploads\/2025\/04\/Safariland-rihm.jpg","contentUrl":"https:\/\/tlk.ee\/wp-content\/uploads\/2025\/04\/Safariland-rihm.jpg","width":1200,"height":840},{"@type":"BreadcrumbList","@id":"https:\/\/tlk.ee\/en\/webstore\/voorihm-nylon-edc-nexbelt-1-5-38mm\/#breadcrumb","itemListElement":[{"@type":"ListItem","position":1,"name":"Home","item":"https:\/\/tlk.ee\/en\/home-page\/"},{"@type":"ListItem","position":2,"name":"E-shop","item":"https:\/\/tlk.ee\/e-pood\/"},{"@type":"ListItem","position":3,"name":"SAFARILAND Nylon EDC V\u00f6\u00f6rihm NexBelt\u00ae 1.5&#8243; (38mm)"}]},{"@type":"WebSite","@id":"https:\/\/tlk.ee\/en\/#website","url":"https:\/\/tlk.ee\/en\/","name":"Taktikalise Laskmise Keskus","description":"Parima varustusega lasketiir Euroopas","publisher":{"@id":"https:\/\/tlk.ee\/en\/#organization"},"alternateName":"TLK - lasketiir","potentialAction":[{"@type":"SearchAction","target":{"@type":"EntryPoint","urlTemplate":"https:\/\/tlk.ee\/en\/?s={search_term_string}"},"query-input":{"@type":"PropertyValueSpecification","valueRequired":true,"valueName":"search_term_string"}}],"inLanguage":"en-US"},{"@type":"Organization","@id":"https:\/\/tlk.ee\/en\/#organization","name":"Taktikalise Laskmise Keskus","url":"https:\/\/tlk.ee\/en\/","logo":{"@type":"ImageObject","inLanguage":"en-US","@id":"https:\/\/tlk.ee\/en\/#\/schema\/logo\/image\/","url":"https:\/\/tlk.ee\/wp-content\/uploads\/2024\/08\/logo-wide-TLK-EE.png","contentUrl":"https:\/\/tlk.ee\/wp-content\/uploads\/2024\/08\/logo-wide-TLK-EE.png","width":800,"height":400,"caption":"Taktikalise Laskmise Keskus"},"image":{"@id":"https:\/\/tlk.ee\/en\/#\/schema\/logo\/image\/"},"sameAs":["https:\/\/www.facebook.com\/Taktikaliselaskmisekeskus"]}]}},"_links":{"self":[{"href":"https:\/\/tlk.ee\/en\/wp-json\/wp\/v2\/product\/32813","targetHints":{"allow":["GET"]}}],"collection":[{"href":"https:\/\/tlk.ee\/en\/wp-json\/wp\/v2\/product"}],"about":[{"href":"https:\/\/tlk.ee\/en\/wp-json\/wp\/v2\/types\/product"}],"replies":[{"embeddable":true,"href":"https:\/\/tlk.ee\/en\/wp-json\/wp\/v2\/comments?post=32813"}],"wp:featuredmedia":[{"embeddable":true,"href":"https:\/\/tlk.ee\/en\/wp-json\/wp\/v2\/media\/32826"}],"wp:attachment":[{"href":"https:\/\/tlk.ee\/en\/wp-json\/wp\/v2\/media?parent=32813"}],"wp:term":[{"taxonomy":"product_brand","embeddable":true,"href":"https:\/\/tlk.ee\/en\/wp-json\/wp\/v2\/product_brand?post=32813"},{"taxonomy":"product_cat","embeddable":true,"href":"https:\/\/tlk.ee\/en\/wp-json\/wp\/v2\/product_cat?post=32813"},{"taxonomy":"product_tag","embeddable":true,"href":"https:\/\/tlk.ee\/en\/wp-json\/wp\/v2\/product_tag?post=32813"}],"curies":[{"name":"wp","href":"https:\/\/api.w.org\/{rel}","templated":true}]}}