{"id":32800,"date":"2025-04-12T15:05:12","date_gmt":"2025-04-12T15:05:12","guid":{"rendered":"https:\/\/tlk.ee\/?post_type=product&#038;p=32800"},"modified":"2026-03-10T15:52:16","modified_gmt":"2026-03-10T15:52:16","slug":"safariland-species-iwb-holster-glock-19-23-45","status":"publish","type":"product","link":"https:\/\/tlk.ee\/en\/webstore\/safariland-species-iwb-holster-glock-19-23-45\/","title":{"rendered":"SAFARILAND Species IWB kabuur Glock 19\/23\/45"},"content":{"rendered":"<p>Sobib h\u00e4sti MOS versioonile.<\/p>\n<p>Uus Boltaroni kabuuride liik. Minimalistlik disain pakub v\u00e4iksemat pakendit v\u00f5rreldes teiste IWB kabuuridega. T\u00e4iustatud materjalivalik ja disaini integreerimine toob sellesse uut t\u00fc\u00fcpi IWB kabuuridesse Safarilandi kvaliteetsed materjalid. Kahekordne funktsionaalsus ja pinge reguleerimine v\u00f5imaldavad kasutajatel kohandada kabuuri sobivust, tunnetamist ja joonistamist.<\/p>\n<p>Omadused<br \/>\nTermovormitud SafariLaminate\u2122 konstruktsioon tagab suurep\u00e4rase vastupidavuse ja pikaealisuse<br \/>\nSeemisnahast vooder parandab tulirelva sobivust, parandades samal ajal k\u00e4sirelva viimistlust<br \/>\nMinimalistlik disain v\u00e4hendab peamistes piirkondades ideaalset IWB (v\u00f6\u00f6rihma sees) pimesoole stiilis kandmist<br \/>\nIntegreeritud passiivse p\u00e4\u00e4stiku kaitsekinnitus v\u00f5imaldab joonistamise ja \u00fcmberpaigutamise ajal isikup\u00e4rastatud tunnet.<br \/>\nKohandatav pingutusseade v\u00f5imaldab kohandada tulirelva pinget ja mahutada kabuuri<br \/>\nT\u00e4ielikult kantav ja vertikaalselt reguleeritav kinnitusklamber kandmismugavuse tagamiseks<br \/>\nSobib standardsetele 1,5\u201d (38 mm) laiustele rihmadele<br \/>\nTulirelva mudeli spetsiifiline disain ideaalse sobivuse tagamiseks<br \/>\nSihikukanal tagab vaba ruumi standardk\u00f5rgusega sihikute jaoks<\/p>\n<p><iframe loading=\"lazy\" title=\"Species IWB | Core Mark Ackenback\" width=\"1140\" height=\"641\" src=\"https:\/\/www.youtube.com\/embed\/BLRzTjAtjJM?feature=oembed&#038;enablejsapi=1&#038;origin=https:\/\/tlk.ee\" frameborder=\"0\" allow=\"accelerometer; autoplay; clipboard-write; encrypted-media; gyroscope; picture-in-picture; web-share\" referrerpolicy=\"strict-origin-when-cross-origin\" allowfullscreen><\/iframe><\/p>\n","protected":false},"excerpt":{"rendered":"<h4>Paremak\u00e4eline<\/h4>\n","protected":false},"featured_media":34940,"comment_status":"closed","ping_status":"closed","template":"","meta":[],"product_brand":[],"product_cat":[26],"product_tag":[],"class_list":{"0":"post-32800","1":"product","2":"type-product","3":"status-publish","4":"has-post-thumbnail","6":"product_cat-kabuurid","7":"pa_mudel-glock-le","8":"pa_tootja-safariland","10":"first","11":"instock","12":"taxable","13":"shipping-taxable","14":"purchasable","15":"product-type-simple"},"yoast_head":"<!-- This site is optimized with the Yoast SEO plugin v27.4 - https:\/\/yoast.com\/product\/yoast-seo-wordpress\/ -->\n<title>SAFARILAND Species IWB kabuur Glock 19\/23\/45 - Taktikalise Laskmise Keskus<\/title>\n<meta name=\"robots\" content=\"index, follow, max-snippet:-1, max-image-preview:large, max-video-preview:-1\" \/>\n<link rel=\"canonical\" href=\"https:\/\/tlk.ee\/en\/webstore\/safariland-species-iwb-holster-glock-19-23-45\/\" \/>\n<meta property=\"og:locale\" content=\"en_US\" \/>\n<meta property=\"og:type\" content=\"article\" \/>\n<meta property=\"og:title\" content=\"SAFARILAND Species IWB kabuur Glock 19\/23\/45 - Taktikalise Laskmise Keskus\" \/>\n<meta property=\"og:description\" content=\"Paremak\u00e4eline\" \/>\n<meta property=\"og:url\" content=\"https:\/\/tlk.ee\/en\/webstore\/safariland-species-iwb-holster-glock-19-23-45\/\" \/>\n<meta property=\"og:site_name\" content=\"Taktikalise Laskmise Keskus\" \/>\n<meta property=\"article:publisher\" content=\"https:\/\/www.facebook.com\/Taktikaliselaskmisekeskus\" \/>\n<meta property=\"article:modified_time\" content=\"2026-03-10T15:52:16+00:00\" \/>\n<meta property=\"og:image\" content=\"https:\/\/tlk.ee\/wp-content\/uploads\/2025\/04\/Safariland-Species-1.jpg\" \/>\n\t<meta property=\"og:image:width\" content=\"1200\" \/>\n\t<meta property=\"og:image:height\" content=\"1201\" \/>\n\t<meta property=\"og:image:type\" content=\"image\/jpeg\" \/>\n<meta name=\"twitter:card\" content=\"summary_large_image\" \/>\n<meta name=\"twitter:label1\" content=\"Est. reading time\" \/>\n\t<meta name=\"twitter:data1\" content=\"1 minute\" \/>\n<script type=\"application\/ld+json\" class=\"yoast-schema-graph\">{\"@context\":\"https:\\\/\\\/schema.org\",\"@graph\":[{\"@type\":\"WebPage\",\"@id\":\"https:\\\/\\\/tlk.ee\\\/en\\\/webstore\\\/safariland-species-iwb-holster-glock-19-23-45\\\/\",\"url\":\"https:\\\/\\\/tlk.ee\\\/en\\\/webstore\\\/safariland-species-iwb-holster-glock-19-23-45\\\/\",\"name\":\"SAFARILAND Species IWB kabuur Glock 19\\\/23\\\/45 - Taktikalise Laskmise Keskus\",\"isPartOf\":{\"@id\":\"https:\\\/\\\/tlk.ee\\\/en\\\/#website\"},\"primaryImageOfPage\":{\"@id\":\"https:\\\/\\\/tlk.ee\\\/en\\\/webstore\\\/safariland-species-iwb-holster-glock-19-23-45\\\/#primaryimage\"},\"image\":{\"@id\":\"https:\\\/\\\/tlk.ee\\\/en\\\/webstore\\\/safariland-species-iwb-holster-glock-19-23-45\\\/#primaryimage\"},\"thumbnailUrl\":\"https:\\\/\\\/tlk.ee\\\/wp-content\\\/uploads\\\/2025\\\/04\\\/Safariland-Species-1.jpg\",\"datePublished\":\"2025-04-12T15:05:12+00:00\",\"dateModified\":\"2026-03-10T15:52:16+00:00\",\"breadcrumb\":{\"@id\":\"https:\\\/\\\/tlk.ee\\\/en\\\/webstore\\\/safariland-species-iwb-holster-glock-19-23-45\\\/#breadcrumb\"},\"inLanguage\":\"en-US\",\"potentialAction\":[{\"@type\":\"ReadAction\",\"target\":[\"https:\\\/\\\/tlk.ee\\\/en\\\/webstore\\\/safariland-species-iwb-holster-glock-19-23-45\\\/\"]}]},{\"@type\":\"ImageObject\",\"inLanguage\":\"en-US\",\"@id\":\"https:\\\/\\\/tlk.ee\\\/en\\\/webstore\\\/safariland-species-iwb-holster-glock-19-23-45\\\/#primaryimage\",\"url\":\"https:\\\/\\\/tlk.ee\\\/wp-content\\\/uploads\\\/2025\\\/04\\\/Safariland-Species-1.jpg\",\"contentUrl\":\"https:\\\/\\\/tlk.ee\\\/wp-content\\\/uploads\\\/2025\\\/04\\\/Safariland-Species-1.jpg\",\"width\":1200,\"height\":1201},{\"@type\":\"BreadcrumbList\",\"@id\":\"https:\\\/\\\/tlk.ee\\\/en\\\/webstore\\\/safariland-species-iwb-holster-glock-19-23-45\\\/#breadcrumb\",\"itemListElement\":[{\"@type\":\"ListItem\",\"position\":1,\"name\":\"Home\",\"item\":\"https:\\\/\\\/tlk.ee\\\/en\\\/\"},{\"@type\":\"ListItem\",\"position\":2,\"name\":\"E-shop\",\"item\":\"https:\\\/\\\/tlk.ee\\\/e-pood\\\/\"},{\"@type\":\"ListItem\",\"position\":3,\"name\":\"SAFARILAND Species IWB kabuur Glock 19\\\/23\\\/45\"}]},{\"@type\":\"WebSite\",\"@id\":\"https:\\\/\\\/tlk.ee\\\/en\\\/#website\",\"url\":\"https:\\\/\\\/tlk.ee\\\/en\\\/\",\"name\":\"Taktikalise Laskmise Keskus\",\"description\":\"Parima varustusega lasketiir Euroopas\",\"publisher\":{\"@id\":\"https:\\\/\\\/tlk.ee\\\/en\\\/#organization\"},\"alternateName\":\"TLK - lasketiir\",\"potentialAction\":[{\"@type\":\"SearchAction\",\"target\":{\"@type\":\"EntryPoint\",\"urlTemplate\":\"https:\\\/\\\/tlk.ee\\\/en\\\/?s={search_term_string}\"},\"query-input\":{\"@type\":\"PropertyValueSpecification\",\"valueRequired\":true,\"valueName\":\"search_term_string\"}}],\"inLanguage\":\"en-US\"},{\"@type\":\"Organization\",\"@id\":\"https:\\\/\\\/tlk.ee\\\/en\\\/#organization\",\"name\":\"Taktikalise Laskmise Keskus\",\"url\":\"https:\\\/\\\/tlk.ee\\\/en\\\/\",\"logo\":{\"@type\":\"ImageObject\",\"inLanguage\":\"en-US\",\"@id\":\"https:\\\/\\\/tlk.ee\\\/en\\\/#\\\/schema\\\/logo\\\/image\\\/\",\"url\":\"https:\\\/\\\/tlk.ee\\\/wp-content\\\/uploads\\\/2024\\\/08\\\/logo-wide-TLK-EE.png\",\"contentUrl\":\"https:\\\/\\\/tlk.ee\\\/wp-content\\\/uploads\\\/2024\\\/08\\\/logo-wide-TLK-EE.png\",\"width\":800,\"height\":400,\"caption\":\"Taktikalise Laskmise Keskus\"},\"image\":{\"@id\":\"https:\\\/\\\/tlk.ee\\\/en\\\/#\\\/schema\\\/logo\\\/image\\\/\"},\"sameAs\":[\"https:\\\/\\\/www.facebook.com\\\/Taktikaliselaskmisekeskus\"]}]}<\/script>\n<!-- \/ Yoast SEO plugin. -->","yoast_head_json":{"title":"SAFARILAND Species IWB kabuur Glock 19\/23\/45 - Taktikalise Laskmise Keskus","robots":{"index":"index","follow":"follow","max-snippet":"max-snippet:-1","max-image-preview":"max-image-preview:large","max-video-preview":"max-video-preview:-1"},"canonical":"https:\/\/tlk.ee\/en\/webstore\/safariland-species-iwb-holster-glock-19-23-45\/","og_locale":"en_US","og_type":"article","og_title":"SAFARILAND Species IWB kabuur Glock 19\/23\/45 - Taktikalise Laskmise Keskus","og_description":"Paremak\u00e4eline","og_url":"https:\/\/tlk.ee\/en\/webstore\/safariland-species-iwb-holster-glock-19-23-45\/","og_site_name":"Taktikalise Laskmise Keskus","article_publisher":"https:\/\/www.facebook.com\/Taktikaliselaskmisekeskus","article_modified_time":"2026-03-10T15:52:16+00:00","og_image":[{"width":1200,"height":1201,"url":"https:\/\/tlk.ee\/wp-content\/uploads\/2025\/04\/Safariland-Species-1.jpg","type":"image\/jpeg"}],"twitter_card":"summary_large_image","twitter_misc":{"Est. reading time":"1 minute"},"schema":{"@context":"https:\/\/schema.org","@graph":[{"@type":"WebPage","@id":"https:\/\/tlk.ee\/en\/webstore\/safariland-species-iwb-holster-glock-19-23-45\/","url":"https:\/\/tlk.ee\/en\/webstore\/safariland-species-iwb-holster-glock-19-23-45\/","name":"SAFARILAND Species IWB kabuur Glock 19\/23\/45 - Taktikalise Laskmise Keskus","isPartOf":{"@id":"https:\/\/tlk.ee\/en\/#website"},"primaryImageOfPage":{"@id":"https:\/\/tlk.ee\/en\/webstore\/safariland-species-iwb-holster-glock-19-23-45\/#primaryimage"},"image":{"@id":"https:\/\/tlk.ee\/en\/webstore\/safariland-species-iwb-holster-glock-19-23-45\/#primaryimage"},"thumbnailUrl":"https:\/\/tlk.ee\/wp-content\/uploads\/2025\/04\/Safariland-Species-1.jpg","datePublished":"2025-04-12T15:05:12+00:00","dateModified":"2026-03-10T15:52:16+00:00","breadcrumb":{"@id":"https:\/\/tlk.ee\/en\/webstore\/safariland-species-iwb-holster-glock-19-23-45\/#breadcrumb"},"inLanguage":"en-US","potentialAction":[{"@type":"ReadAction","target":["https:\/\/tlk.ee\/en\/webstore\/safariland-species-iwb-holster-glock-19-23-45\/"]}]},{"@type":"ImageObject","inLanguage":"en-US","@id":"https:\/\/tlk.ee\/en\/webstore\/safariland-species-iwb-holster-glock-19-23-45\/#primaryimage","url":"https:\/\/tlk.ee\/wp-content\/uploads\/2025\/04\/Safariland-Species-1.jpg","contentUrl":"https:\/\/tlk.ee\/wp-content\/uploads\/2025\/04\/Safariland-Species-1.jpg","width":1200,"height":1201},{"@type":"BreadcrumbList","@id":"https:\/\/tlk.ee\/en\/webstore\/safariland-species-iwb-holster-glock-19-23-45\/#breadcrumb","itemListElement":[{"@type":"ListItem","position":1,"name":"Home","item":"https:\/\/tlk.ee\/en\/"},{"@type":"ListItem","position":2,"name":"E-shop","item":"https:\/\/tlk.ee\/e-pood\/"},{"@type":"ListItem","position":3,"name":"SAFARILAND Species IWB kabuur Glock 19\/23\/45"}]},{"@type":"WebSite","@id":"https:\/\/tlk.ee\/en\/#website","url":"https:\/\/tlk.ee\/en\/","name":"Taktikalise Laskmise Keskus","description":"Parima varustusega lasketiir Euroopas","publisher":{"@id":"https:\/\/tlk.ee\/en\/#organization"},"alternateName":"TLK - lasketiir","potentialAction":[{"@type":"SearchAction","target":{"@type":"EntryPoint","urlTemplate":"https:\/\/tlk.ee\/en\/?s={search_term_string}"},"query-input":{"@type":"PropertyValueSpecification","valueRequired":true,"valueName":"search_term_string"}}],"inLanguage":"en-US"},{"@type":"Organization","@id":"https:\/\/tlk.ee\/en\/#organization","name":"Taktikalise Laskmise Keskus","url":"https:\/\/tlk.ee\/en\/","logo":{"@type":"ImageObject","inLanguage":"en-US","@id":"https:\/\/tlk.ee\/en\/#\/schema\/logo\/image\/","url":"https:\/\/tlk.ee\/wp-content\/uploads\/2024\/08\/logo-wide-TLK-EE.png","contentUrl":"https:\/\/tlk.ee\/wp-content\/uploads\/2024\/08\/logo-wide-TLK-EE.png","width":800,"height":400,"caption":"Taktikalise Laskmise Keskus"},"image":{"@id":"https:\/\/tlk.ee\/en\/#\/schema\/logo\/image\/"},"sameAs":["https:\/\/www.facebook.com\/Taktikaliselaskmisekeskus"]}]}},"_links":{"self":[{"href":"https:\/\/tlk.ee\/en\/wp-json\/wp\/v2\/product\/32800","targetHints":{"allow":["GET"]}}],"collection":[{"href":"https:\/\/tlk.ee\/en\/wp-json\/wp\/v2\/product"}],"about":[{"href":"https:\/\/tlk.ee\/en\/wp-json\/wp\/v2\/types\/product"}],"replies":[{"embeddable":true,"href":"https:\/\/tlk.ee\/en\/wp-json\/wp\/v2\/comments?post=32800"}],"wp:featuredmedia":[{"embeddable":true,"href":"https:\/\/tlk.ee\/en\/wp-json\/wp\/v2\/media\/34940"}],"wp:attachment":[{"href":"https:\/\/tlk.ee\/en\/wp-json\/wp\/v2\/media?parent=32800"}],"wp:term":[{"taxonomy":"product_brand","embeddable":true,"href":"https:\/\/tlk.ee\/en\/wp-json\/wp\/v2\/product_brand?post=32800"},{"taxonomy":"product_cat","embeddable":true,"href":"https:\/\/tlk.ee\/en\/wp-json\/wp\/v2\/product_cat?post=32800"},{"taxonomy":"product_tag","embeddable":true,"href":"https:\/\/tlk.ee\/en\/wp-json\/wp\/v2\/product_tag?post=32800"}],"curies":[{"name":"wp","href":"https:\/\/api.w.org\/{rel}","templated":true}]}}