{"id":32767,"date":"2025-04-12T14:46:03","date_gmt":"2025-04-12T14:46:03","guid":{"rendered":"https:\/\/tlk.ee\/?post_type=product&#038;p=32767"},"modified":"2025-06-28T12:00:08","modified_gmt":"2025-06-28T12:00:08","slug":"glock-p80-limited","status":"publish","type":"product","link":"https:\/\/tlk.ee\/en\/Webstore\/glock-p80-limited\/","title":{"rendered":"Glock P80 LIMITED"},"content":{"rendered":"<h2>NB! Tegu on limiteeritud seeriaga!!!<\/h2>\n<p>GLOCK tutvustab murrangulise GLOCK P80 taaselustamist<\/p>\n<p>GLOCKi edulugu sai alguse 80ndate alguses, kui Gaston Glock t\u00f6\u00f6tas v\u00e4ga l\u00fchikese ajaga v\u00e4lja uuendusliku p\u00fcstoli ja esitles seda Austria relvaj\u00f5ududele. Oma pol\u00fcmeerraami ja uuendusliku Safe Action\u00ae s\u00fcsteemiga \u00fcletas see p\u00fcstol armee n\u00f5uded ja alistas selles hankes teised p\u00fcstolitootjad.<\/p>\n<p>Seda tutvustati Austria relvaj\u00f5udude teenistusp\u00fcstolina kui P80. Seej\u00e4rel hakati GLOCK P80 nimetama GLOCK 17-ks nii \u00f5iguskaitse- kui ka tsiviilturul kogu maailmas.<\/p>\n<p>GLOCK P80 on saadaval eriv\u00e4ljaandes originaalversioonis, mis t\u00f6\u00f6tati v\u00e4lja Austria armee jaoks. See ajalooline reproduktsioon austab GLOCK P80 40. aastap\u00e4eva selle algsel kujul. GLOCK P80 on spetsiaalses pakendis, millel on autentsussertifikaat.<\/p>\n<p>P\u00fcstolikomplekt GLOCK P80<br \/>\nGLOCKi t\u00e4iuslikkuse j\u00e4rgi konstrueeritud GLOCK P80 on originaaliga sarnases p\u00fcstolikarbis ja pakendatud spetsiaalselt GLOCK P80 eriv\u00e4ljaande jaoks m\u00f5eldud kollektsion\u00e4\u00e4rikarpi.<\/p>\n<p>P\u00fcstoli komplekt sisaldab:<\/p>\n<p>\u00dcks p\u00fcstol GLOCK P80<br \/>\nKaks 17. ajakirja<br \/>\nKiirlaadur lihtsaks laadimiseks<br \/>\nPuhastustarvikud<br \/>\nP\u00fcstolikarp, mis on pakitud spetsiaalsesse kogumiskarpi<br \/>\nKasutusjuhend GLOCK P80<br \/>\nAutentsussertifikaat<\/p>\n<p>&nbsp;<\/p>\n<h2><a href=\"https:\/\/eu.glock.com\/en\/GLOCK-P80-History\">Tutvu l\u00e4hemalt:\u00a0<\/a><\/h2>\n<p>&nbsp;<\/p>\n<p><iframe loading=\"lazy\" title=\"GLOCK P80 - 40th Anniversary - History Video\" width=\"1140\" height=\"641\" src=\"https:\/\/www.youtube.com\/embed\/yJVltyn9olk?feature=oembed&#038;enablejsapi=1&#038;origin=https:\/\/tlk.ee\" frameborder=\"0\" allow=\"accelerometer; autoplay; clipboard-write; encrypted-media; gyroscope; picture-in-picture; web-share\" referrerpolicy=\"strict-origin-when-cross-origin\" allowfullscreen><\/iframe><\/p>\n","protected":false},"excerpt":{"rendered":"<p>NB! Tegu on limiteeritud seeriaga!!! GLOCK tutvustab murrangulise GLOCK P80 taaselustamist GLOCKi edulugu sai alguse 80ndate alguses, kui Gaston Glock t\u00f6\u00f6tas v\u00e4ga l\u00fchikese ajaga v\u00e4lja uuendusliku p\u00fcstoli ja esitles seda Austria relvaj\u00f5ududele. Oma pol\u00fcmeerraami ja uuendusliku Safe Action\u00ae s\u00fcsteemiga \u00fcletas see p\u00fcstol armee n\u00f5uded ja alistas selles hankes teised p\u00fcstolitootjad. [&hellip;]<\/p>\n","protected":false},"featured_media":32786,"comment_status":"closed","ping_status":"closed","template":"","meta":[],"product_brand":[],"product_cat":[356,81,64],"product_tag":[],"class_list":{"0":"post-32767","1":"product","2":"type-product","3":"status-publish","4":"has-post-thumbnail","6":"product_cat-eripakkumine","7":"product_cat-pustolid","8":"product_cat-tulirelvad","9":"pa_kaliiber-9x19","10":"pa_mudel-glock-p80","11":"pa_tootja-glock","13":"first","14":"instock","15":"taxable","16":"shipping-taxable","17":"product-type-simple"},"yoast_head":"<!-- This site is optimized with the Yoast SEO plugin v27.0 - https:\/\/yoast.com\/product\/yoast-seo-wordpress\/ -->\n<title>Glock P80 LIMITED - Taktikalise Laskmise Keskus<\/title>\n<meta name=\"robots\" content=\"index, follow, max-snippet:-1, max-image-preview:large, max-video-preview:-1\" \/>\n<link rel=\"canonical\" href=\"https:\/\/tlk.ee\/en\/Webstore\/glock-p80-limited\/\" \/>\n<meta property=\"og:locale\" content=\"en_US\" \/>\n<meta property=\"og:type\" content=\"article\" \/>\n<meta property=\"og:title\" content=\"Glock P80 LIMITED - Taktikalise Laskmise Keskus\" \/>\n<meta property=\"og:description\" content=\"NB! Tegu on limiteeritud seeriaga!!! GLOCK tutvustab murrangulise GLOCK P80 taaselustamist GLOCKi edulugu sai alguse 80ndate alguses, kui Gaston Glock t\u00f6\u00f6tas v\u00e4ga l\u00fchikese ajaga v\u00e4lja uuendusliku p\u00fcstoli ja esitles seda Austria relvaj\u00f5ududele. Oma pol\u00fcmeerraami ja uuendusliku Safe Action\u00ae s\u00fcsteemiga \u00fcletas see p\u00fcstol armee n\u00f5uded ja alistas selles hankes teised p\u00fcstolitootjad. [&hellip;]\" \/>\n<meta property=\"og:url\" content=\"https:\/\/tlk.ee\/en\/Webstore\/glock-p80-limited\/\" \/>\n<meta property=\"og:site_name\" content=\"Taktikalise Laskmise Keskus\" \/>\n<meta property=\"article:publisher\" content=\"https:\/\/www.facebook.com\/Taktikaliselaskmisekeskus\" \/>\n<meta property=\"article:modified_time\" content=\"2025-06-28T12:00:08+00:00\" \/>\n<meta property=\"og:image\" content=\"https:\/\/tlk.ee\/wp-content\/uploads\/2025\/04\/Glock-P80-2.jpg\" \/>\n\t<meta property=\"og:image:width\" content=\"1200\" \/>\n\t<meta property=\"og:image:height\" content=\"800\" \/>\n\t<meta property=\"og:image:type\" content=\"image\/jpeg\" \/>\n<meta name=\"twitter:card\" content=\"summary_large_image\" \/>\n<meta name=\"twitter:label1\" content=\"Est. reading time\" \/>\n\t<meta name=\"twitter:data1\" content=\"2 minutes\" \/>\n<script type=\"application\/ld+json\" class=\"yoast-schema-graph\">{\"@context\":\"https:\/\/schema.org\",\"@graph\":[{\"@type\":\"WebPage\",\"@id\":\"https:\/\/tlk.ee\/en\/Webstore\/glock-p80-limited\/\",\"url\":\"https:\/\/tlk.ee\/en\/Webstore\/glock-p80-limited\/\",\"name\":\"Glock P80 LIMITED - Taktikalise Laskmise Keskus\",\"isPartOf\":{\"@id\":\"https:\/\/tlk.ee\/en\/#website\"},\"primaryImageOfPage\":{\"@id\":\"https:\/\/tlk.ee\/en\/Webstore\/glock-p80-limited\/#primaryimage\"},\"image\":{\"@id\":\"https:\/\/tlk.ee\/en\/Webstore\/glock-p80-limited\/#primaryimage\"},\"thumbnailUrl\":\"https:\/\/tlk.ee\/wp-content\/uploads\/2025\/04\/Glock-P80-2.jpg\",\"datePublished\":\"2025-04-12T14:46:03+00:00\",\"dateModified\":\"2025-06-28T12:00:08+00:00\",\"breadcrumb\":{\"@id\":\"https:\/\/tlk.ee\/en\/Webstore\/glock-p80-limited\/#breadcrumb\"},\"inLanguage\":\"en-US\",\"potentialAction\":[{\"@type\":\"ReadAction\",\"target\":[\"https:\/\/tlk.ee\/en\/Webstore\/glock-p80-limited\/\"]}]},{\"@type\":\"ImageObject\",\"inLanguage\":\"en-US\",\"@id\":\"https:\/\/tlk.ee\/en\/Webstore\/glock-p80-limited\/#primaryimage\",\"url\":\"https:\/\/tlk.ee\/wp-content\/uploads\/2025\/04\/Glock-P80-2.jpg\",\"contentUrl\":\"https:\/\/tlk.ee\/wp-content\/uploads\/2025\/04\/Glock-P80-2.jpg\",\"width\":1200,\"height\":800},{\"@type\":\"BreadcrumbList\",\"@id\":\"https:\/\/tlk.ee\/en\/Webstore\/glock-p80-limited\/#breadcrumb\",\"itemListElement\":[{\"@type\":\"ListItem\",\"position\":1,\"name\":\"Home\",\"item\":\"https:\/\/tlk.ee\/en\/\"},{\"@type\":\"ListItem\",\"position\":2,\"name\":\"E-shop\",\"item\":\"https:\/\/tlk.ee\/e-pood\/\"},{\"@type\":\"ListItem\",\"position\":3,\"name\":\"Glock P80 LIMITED\"}]},{\"@type\":\"WebSite\",\"@id\":\"https:\/\/tlk.ee\/en\/#website\",\"url\":\"https:\/\/tlk.ee\/en\/\",\"name\":\"Taktikalise Laskmise Keskus\",\"description\":\"Parima varustusega lasketiir Euroopas\",\"publisher\":{\"@id\":\"https:\/\/tlk.ee\/en\/#organization\"},\"alternateName\":\"TLK - lasketiir\",\"potentialAction\":[{\"@type\":\"SearchAction\",\"target\":{\"@type\":\"EntryPoint\",\"urlTemplate\":\"https:\/\/tlk.ee\/en\/?s={search_term_string}\"},\"query-input\":{\"@type\":\"PropertyValueSpecification\",\"valueRequired\":true,\"valueName\":\"search_term_string\"}}],\"inLanguage\":\"en-US\"},{\"@type\":\"Organization\",\"@id\":\"https:\/\/tlk.ee\/en\/#organization\",\"name\":\"Taktikalise Laskmise Keskus\",\"url\":\"https:\/\/tlk.ee\/en\/\",\"logo\":{\"@type\":\"ImageObject\",\"inLanguage\":\"en-US\",\"@id\":\"https:\/\/tlk.ee\/en\/#\/schema\/logo\/image\/\",\"url\":\"https:\/\/tlk.ee\/wp-content\/uploads\/2024\/08\/logo-wide-TLK-EE.png\",\"contentUrl\":\"https:\/\/tlk.ee\/wp-content\/uploads\/2024\/08\/logo-wide-TLK-EE.png\",\"width\":800,\"height\":400,\"caption\":\"Taktikalise Laskmise Keskus\"},\"image\":{\"@id\":\"https:\/\/tlk.ee\/en\/#\/schema\/logo\/image\/\"},\"sameAs\":[\"https:\/\/www.facebook.com\/Taktikaliselaskmisekeskus\"]}]}<\/script>\n<!-- \/ Yoast SEO plugin. -->","yoast_head_json":{"title":"Glock P80 LIMITED - Taktikalise Laskmise Keskus","robots":{"index":"index","follow":"follow","max-snippet":"max-snippet:-1","max-image-preview":"max-image-preview:large","max-video-preview":"max-video-preview:-1"},"canonical":"https:\/\/tlk.ee\/en\/Webstore\/glock-p80-limited\/","og_locale":"en_US","og_type":"article","og_title":"Glock P80 LIMITED - Taktikalise Laskmise Keskus","og_description":"NB! Tegu on limiteeritud seeriaga!!! GLOCK tutvustab murrangulise GLOCK P80 taaselustamist GLOCKi edulugu sai alguse 80ndate alguses, kui Gaston Glock t\u00f6\u00f6tas v\u00e4ga l\u00fchikese ajaga v\u00e4lja uuendusliku p\u00fcstoli ja esitles seda Austria relvaj\u00f5ududele. Oma pol\u00fcmeerraami ja uuendusliku Safe Action\u00ae s\u00fcsteemiga \u00fcletas see p\u00fcstol armee n\u00f5uded ja alistas selles hankes teised p\u00fcstolitootjad. [&hellip;]","og_url":"https:\/\/tlk.ee\/en\/Webstore\/glock-p80-limited\/","og_site_name":"Taktikalise Laskmise Keskus","article_publisher":"https:\/\/www.facebook.com\/Taktikaliselaskmisekeskus","article_modified_time":"2025-06-28T12:00:08+00:00","og_image":[{"width":1200,"height":800,"url":"https:\/\/tlk.ee\/wp-content\/uploads\/2025\/04\/Glock-P80-2.jpg","type":"image\/jpeg"}],"twitter_card":"summary_large_image","twitter_misc":{"Est. reading time":"2 minutes"},"schema":{"@context":"https:\/\/schema.org","@graph":[{"@type":"WebPage","@id":"https:\/\/tlk.ee\/en\/Webstore\/glock-p80-limited\/","url":"https:\/\/tlk.ee\/en\/Webstore\/glock-p80-limited\/","name":"Glock P80 LIMITED - Taktikalise Laskmise Keskus","isPartOf":{"@id":"https:\/\/tlk.ee\/en\/#website"},"primaryImageOfPage":{"@id":"https:\/\/tlk.ee\/en\/Webstore\/glock-p80-limited\/#primaryimage"},"image":{"@id":"https:\/\/tlk.ee\/en\/Webstore\/glock-p80-limited\/#primaryimage"},"thumbnailUrl":"https:\/\/tlk.ee\/wp-content\/uploads\/2025\/04\/Glock-P80-2.jpg","datePublished":"2025-04-12T14:46:03+00:00","dateModified":"2025-06-28T12:00:08+00:00","breadcrumb":{"@id":"https:\/\/tlk.ee\/en\/Webstore\/glock-p80-limited\/#breadcrumb"},"inLanguage":"en-US","potentialAction":[{"@type":"ReadAction","target":["https:\/\/tlk.ee\/en\/Webstore\/glock-p80-limited\/"]}]},{"@type":"ImageObject","inLanguage":"en-US","@id":"https:\/\/tlk.ee\/en\/Webstore\/glock-p80-limited\/#primaryimage","url":"https:\/\/tlk.ee\/wp-content\/uploads\/2025\/04\/Glock-P80-2.jpg","contentUrl":"https:\/\/tlk.ee\/wp-content\/uploads\/2025\/04\/Glock-P80-2.jpg","width":1200,"height":800},{"@type":"BreadcrumbList","@id":"https:\/\/tlk.ee\/en\/Webstore\/glock-p80-limited\/#breadcrumb","itemListElement":[{"@type":"ListItem","position":1,"name":"Home","item":"https:\/\/tlk.ee\/en\/"},{"@type":"ListItem","position":2,"name":"E-shop","item":"https:\/\/tlk.ee\/e-pood\/"},{"@type":"ListItem","position":3,"name":"Glock P80 LIMITED"}]},{"@type":"WebSite","@id":"https:\/\/tlk.ee\/en\/#website","url":"https:\/\/tlk.ee\/en\/","name":"Taktikalise Laskmise Keskus","description":"Parima varustusega lasketiir Euroopas","publisher":{"@id":"https:\/\/tlk.ee\/en\/#organization"},"alternateName":"TLK - lasketiir","potentialAction":[{"@type":"SearchAction","target":{"@type":"EntryPoint","urlTemplate":"https:\/\/tlk.ee\/en\/?s={search_term_string}"},"query-input":{"@type":"PropertyValueSpecification","valueRequired":true,"valueName":"search_term_string"}}],"inLanguage":"en-US"},{"@type":"Organization","@id":"https:\/\/tlk.ee\/en\/#organization","name":"Taktikalise Laskmise Keskus","url":"https:\/\/tlk.ee\/en\/","logo":{"@type":"ImageObject","inLanguage":"en-US","@id":"https:\/\/tlk.ee\/en\/#\/schema\/logo\/image\/","url":"https:\/\/tlk.ee\/wp-content\/uploads\/2024\/08\/logo-wide-TLK-EE.png","contentUrl":"https:\/\/tlk.ee\/wp-content\/uploads\/2024\/08\/logo-wide-TLK-EE.png","width":800,"height":400,"caption":"Taktikalise Laskmise Keskus"},"image":{"@id":"https:\/\/tlk.ee\/en\/#\/schema\/logo\/image\/"},"sameAs":["https:\/\/www.facebook.com\/Taktikaliselaskmisekeskus"]}]}},"_links":{"self":[{"href":"https:\/\/tlk.ee\/en\/wp-json\/wp\/v2\/product\/32767","targetHints":{"allow":["GET"]}}],"collection":[{"href":"https:\/\/tlk.ee\/en\/wp-json\/wp\/v2\/product"}],"about":[{"href":"https:\/\/tlk.ee\/en\/wp-json\/wp\/v2\/types\/product"}],"replies":[{"embeddable":true,"href":"https:\/\/tlk.ee\/en\/wp-json\/wp\/v2\/comments?post=32767"}],"wp:featuredmedia":[{"embeddable":true,"href":"https:\/\/tlk.ee\/en\/wp-json\/wp\/v2\/media\/32786"}],"wp:attachment":[{"href":"https:\/\/tlk.ee\/en\/wp-json\/wp\/v2\/media?parent=32767"}],"wp:term":[{"taxonomy":"product_brand","embeddable":true,"href":"https:\/\/tlk.ee\/en\/wp-json\/wp\/v2\/product_brand?post=32767"},{"taxonomy":"product_cat","embeddable":true,"href":"https:\/\/tlk.ee\/en\/wp-json\/wp\/v2\/product_cat?post=32767"},{"taxonomy":"product_tag","embeddable":true,"href":"https:\/\/tlk.ee\/en\/wp-json\/wp\/v2\/product_tag?post=32767"}],"curies":[{"name":"wp","href":"https:\/\/api.w.org\/{rel}","templated":true}]}}