{"id":32562,"date":"2025-04-07T11:54:49","date_gmt":"2025-04-07T11:54:49","guid":{"rendered":"https:\/\/tlk.ee\/?post_type=product&#038;p=32562"},"modified":"2026-03-14T13:44:09","modified_gmt":"2026-03-14T13:44:09","slug":"glock-field-knife-fm-78-must","status":"publish","type":"product","link":"https:\/\/tlk.ee\/en\/Webstore\/glock-field-knife-fm-78-must\/","title":{"rendered":"GLOCK Field knife FM 78 MUST"},"content":{"rendered":"<p>GLOCK Outdoor varustus on spetsiaalselt v\u00e4lja t\u00f6\u00f6tatud ja testitud vastavalt armee n\u00f5uetele ning seda kasutavad s\u00f5jav\u00e4e\u00fcksused kogu maailmas. Materjalide oskusteave ja k\u00f5rged insenerioskused tagavad vastupidavuse ja t\u00f6\u00f6kindluse.<\/p>\n<p>&nbsp;<\/p>\n<p>Seda klassikalist s\u00f5jav\u00e4enuga saab kasutada igal otstarbel: relvana v\u00f5i v\u00e4linoana, laskemoonakastide v\u00f5i pudelite avamiseks. Selle noa pol\u00fcmeerist k\u00e4epide on samuti valmistanud GLOCK.<\/p>\n<p>Raskus: 206 g \/ 7,27 untsi<br \/>\nK\u00e4epide: Pol\u00fcmeer, saadaval mustana<br \/>\nTera: Vedruteras HRC ~ 55, elektroforeetiline kate<\/p>\n","protected":false},"excerpt":{"rendered":"<p>GLOCK Outdoor varustus on spetsiaalselt v\u00e4lja t\u00f6\u00f6tatud ja testitud vastavalt armee n\u00f5uetele ning seda kasutavad s\u00f5jav\u00e4e\u00fcksused kogu maailmas. Materjalide oskusteave ja k\u00f5rged insenerioskused tagavad vastupidavuse ja t\u00f6\u00f6kindluse. &nbsp; Seda klassikalist s\u00f5jav\u00e4enuga saab kasutada igal otstarbel: relvana v\u00f5i v\u00e4linoana, laskemoonakastide v\u00f5i pudelite avamiseks. Selle noa pol\u00fcmeerist k\u00e4epide on samuti valmistanud GLOCK. [&hellip;]<\/p>\n","protected":false},"featured_media":32563,"comment_status":"closed","ping_status":"closed","template":"","meta":[],"product_brand":[],"product_cat":[246],"product_tag":[],"class_list":{"0":"post-32562","1":"product","2":"type-product","3":"status-publish","4":"has-post-thumbnail","6":"product_cat-noad","7":"pa_tootja-glock","9":"first","10":"instock","11":"taxable","12":"shipping-taxable","13":"purchasable","14":"product-type-simple"},"yoast_head":"<!-- This site is optimized with the Yoast SEO plugin v27.0 - https:\/\/yoast.com\/product\/yoast-seo-wordpress\/ -->\n<title>GLOCK Field knife FM 78 MUST - Taktikalise Laskmise Keskus<\/title>\n<meta name=\"robots\" content=\"index, follow, max-snippet:-1, max-image-preview:large, max-video-preview:-1\" \/>\n<link rel=\"canonical\" href=\"https:\/\/tlk.ee\/en\/Webstore\/glock-field-knife-fm-78-must\/\" \/>\n<meta property=\"og:locale\" content=\"en_US\" \/>\n<meta property=\"og:type\" content=\"article\" \/>\n<meta property=\"og:title\" content=\"GLOCK Field knife FM 78 MUST - Taktikalise Laskmise Keskus\" \/>\n<meta property=\"og:description\" content=\"GLOCK Outdoor varustus on spetsiaalselt v\u00e4lja t\u00f6\u00f6tatud ja testitud vastavalt armee n\u00f5uetele ning seda kasutavad s\u00f5jav\u00e4e\u00fcksused kogu maailmas. Materjalide oskusteave ja k\u00f5rged insenerioskused tagavad vastupidavuse ja t\u00f6\u00f6kindluse. &nbsp; Seda klassikalist s\u00f5jav\u00e4enuga saab kasutada igal otstarbel: relvana v\u00f5i v\u00e4linoana, laskemoonakastide v\u00f5i pudelite avamiseks. Selle noa pol\u00fcmeerist k\u00e4epide on samuti valmistanud GLOCK. [&hellip;]\" \/>\n<meta property=\"og:url\" content=\"https:\/\/tlk.ee\/en\/Webstore\/glock-field-knife-fm-78-must\/\" \/>\n<meta property=\"og:site_name\" content=\"Taktikalise Laskmise Keskus\" \/>\n<meta property=\"article:publisher\" content=\"https:\/\/www.facebook.com\/Taktikaliselaskmisekeskus\" \/>\n<meta property=\"article:modified_time\" content=\"2026-03-14T13:44:09+00:00\" \/>\n<meta property=\"og:image\" content=\"https:\/\/tlk.ee\/wp-content\/uploads\/2025\/04\/Glock-Field-knife-FM-78-2.jpg\" \/>\n\t<meta property=\"og:image:width\" content=\"1100\" \/>\n\t<meta property=\"og:image:height\" content=\"1360\" \/>\n\t<meta property=\"og:image:type\" content=\"image\/jpeg\" \/>\n<meta name=\"twitter:card\" content=\"summary_large_image\" \/>\n<meta name=\"twitter:label1\" content=\"Est. reading time\" \/>\n\t<meta name=\"twitter:data1\" content=\"1 minute\" \/>\n<script type=\"application\/ld+json\" class=\"yoast-schema-graph\">{\"@context\":\"https:\/\/schema.org\",\"@graph\":[{\"@type\":\"WebPage\",\"@id\":\"https:\/\/tlk.ee\/en\/Webstore\/glock-field-knife-fm-78-must\/\",\"url\":\"https:\/\/tlk.ee\/en\/Webstore\/glock-field-knife-fm-78-must\/\",\"name\":\"GLOCK Field knife FM 78 MUST - Taktikalise Laskmise Keskus\",\"isPartOf\":{\"@id\":\"https:\/\/tlk.ee\/en\/#website\"},\"primaryImageOfPage\":{\"@id\":\"https:\/\/tlk.ee\/en\/Webstore\/glock-field-knife-fm-78-must\/#primaryimage\"},\"image\":{\"@id\":\"https:\/\/tlk.ee\/en\/Webstore\/glock-field-knife-fm-78-must\/#primaryimage\"},\"thumbnailUrl\":\"https:\/\/tlk.ee\/wp-content\/uploads\/2025\/04\/Glock-Field-knife-FM-78-2.jpg\",\"datePublished\":\"2025-04-07T11:54:49+00:00\",\"dateModified\":\"2026-03-14T13:44:09+00:00\",\"breadcrumb\":{\"@id\":\"https:\/\/tlk.ee\/en\/Webstore\/glock-field-knife-fm-78-must\/#breadcrumb\"},\"inLanguage\":\"en-US\",\"potentialAction\":[{\"@type\":\"ReadAction\",\"target\":[\"https:\/\/tlk.ee\/en\/Webstore\/glock-field-knife-fm-78-must\/\"]}]},{\"@type\":\"ImageObject\",\"inLanguage\":\"en-US\",\"@id\":\"https:\/\/tlk.ee\/en\/Webstore\/glock-field-knife-fm-78-must\/#primaryimage\",\"url\":\"https:\/\/tlk.ee\/wp-content\/uploads\/2025\/04\/Glock-Field-knife-FM-78-2.jpg\",\"contentUrl\":\"https:\/\/tlk.ee\/wp-content\/uploads\/2025\/04\/Glock-Field-knife-FM-78-2.jpg\",\"width\":1100,\"height\":1360},{\"@type\":\"BreadcrumbList\",\"@id\":\"https:\/\/tlk.ee\/en\/Webstore\/glock-field-knife-fm-78-must\/#breadcrumb\",\"itemListElement\":[{\"@type\":\"ListItem\",\"position\":1,\"name\":\"Home\",\"item\":\"https:\/\/tlk.ee\/en\/\"},{\"@type\":\"ListItem\",\"position\":2,\"name\":\"E-shop\",\"item\":\"https:\/\/tlk.ee\/e-pood\/\"},{\"@type\":\"ListItem\",\"position\":3,\"name\":\"GLOCK Field knife FM 78 MUST\"}]},{\"@type\":\"WebSite\",\"@id\":\"https:\/\/tlk.ee\/en\/#website\",\"url\":\"https:\/\/tlk.ee\/en\/\",\"name\":\"Taktikalise Laskmise Keskus\",\"description\":\"Parima varustusega lasketiir Euroopas\",\"publisher\":{\"@id\":\"https:\/\/tlk.ee\/en\/#organization\"},\"alternateName\":\"TLK - lasketiir\",\"potentialAction\":[{\"@type\":\"SearchAction\",\"target\":{\"@type\":\"EntryPoint\",\"urlTemplate\":\"https:\/\/tlk.ee\/en\/?s={search_term_string}\"},\"query-input\":{\"@type\":\"PropertyValueSpecification\",\"valueRequired\":true,\"valueName\":\"search_term_string\"}}],\"inLanguage\":\"en-US\"},{\"@type\":\"Organization\",\"@id\":\"https:\/\/tlk.ee\/en\/#organization\",\"name\":\"Taktikalise Laskmise Keskus\",\"url\":\"https:\/\/tlk.ee\/en\/\",\"logo\":{\"@type\":\"ImageObject\",\"inLanguage\":\"en-US\",\"@id\":\"https:\/\/tlk.ee\/en\/#\/schema\/logo\/image\/\",\"url\":\"https:\/\/tlk.ee\/wp-content\/uploads\/2024\/08\/logo-wide-TLK-EE.png\",\"contentUrl\":\"https:\/\/tlk.ee\/wp-content\/uploads\/2024\/08\/logo-wide-TLK-EE.png\",\"width\":800,\"height\":400,\"caption\":\"Taktikalise Laskmise Keskus\"},\"image\":{\"@id\":\"https:\/\/tlk.ee\/en\/#\/schema\/logo\/image\/\"},\"sameAs\":[\"https:\/\/www.facebook.com\/Taktikaliselaskmisekeskus\"]}]}<\/script>\n<!-- \/ Yoast SEO plugin. -->","yoast_head_json":{"title":"GLOCK Field knife FM 78 MUST - Taktikalise Laskmise Keskus","robots":{"index":"index","follow":"follow","max-snippet":"max-snippet:-1","max-image-preview":"max-image-preview:large","max-video-preview":"max-video-preview:-1"},"canonical":"https:\/\/tlk.ee\/en\/Webstore\/glock-field-knife-fm-78-must\/","og_locale":"en_US","og_type":"article","og_title":"GLOCK Field knife FM 78 MUST - Taktikalise Laskmise Keskus","og_description":"GLOCK Outdoor varustus on spetsiaalselt v\u00e4lja t\u00f6\u00f6tatud ja testitud vastavalt armee n\u00f5uetele ning seda kasutavad s\u00f5jav\u00e4e\u00fcksused kogu maailmas. Materjalide oskusteave ja k\u00f5rged insenerioskused tagavad vastupidavuse ja t\u00f6\u00f6kindluse. &nbsp; Seda klassikalist s\u00f5jav\u00e4enuga saab kasutada igal otstarbel: relvana v\u00f5i v\u00e4linoana, laskemoonakastide v\u00f5i pudelite avamiseks. Selle noa pol\u00fcmeerist k\u00e4epide on samuti valmistanud GLOCK. [&hellip;]","og_url":"https:\/\/tlk.ee\/en\/Webstore\/glock-field-knife-fm-78-must\/","og_site_name":"Taktikalise Laskmise Keskus","article_publisher":"https:\/\/www.facebook.com\/Taktikaliselaskmisekeskus","article_modified_time":"2026-03-14T13:44:09+00:00","og_image":[{"width":1100,"height":1360,"url":"https:\/\/tlk.ee\/wp-content\/uploads\/2025\/04\/Glock-Field-knife-FM-78-2.jpg","type":"image\/jpeg"}],"twitter_card":"summary_large_image","twitter_misc":{"Est. reading time":"1 minute"},"schema":{"@context":"https:\/\/schema.org","@graph":[{"@type":"WebPage","@id":"https:\/\/tlk.ee\/en\/Webstore\/glock-field-knife-fm-78-must\/","url":"https:\/\/tlk.ee\/en\/Webstore\/glock-field-knife-fm-78-must\/","name":"GLOCK Field knife FM 78 MUST - Taktikalise Laskmise Keskus","isPartOf":{"@id":"https:\/\/tlk.ee\/en\/#website"},"primaryImageOfPage":{"@id":"https:\/\/tlk.ee\/en\/Webstore\/glock-field-knife-fm-78-must\/#primaryimage"},"image":{"@id":"https:\/\/tlk.ee\/en\/Webstore\/glock-field-knife-fm-78-must\/#primaryimage"},"thumbnailUrl":"https:\/\/tlk.ee\/wp-content\/uploads\/2025\/04\/Glock-Field-knife-FM-78-2.jpg","datePublished":"2025-04-07T11:54:49+00:00","dateModified":"2026-03-14T13:44:09+00:00","breadcrumb":{"@id":"https:\/\/tlk.ee\/en\/Webstore\/glock-field-knife-fm-78-must\/#breadcrumb"},"inLanguage":"en-US","potentialAction":[{"@type":"ReadAction","target":["https:\/\/tlk.ee\/en\/Webstore\/glock-field-knife-fm-78-must\/"]}]},{"@type":"ImageObject","inLanguage":"en-US","@id":"https:\/\/tlk.ee\/en\/Webstore\/glock-field-knife-fm-78-must\/#primaryimage","url":"https:\/\/tlk.ee\/wp-content\/uploads\/2025\/04\/Glock-Field-knife-FM-78-2.jpg","contentUrl":"https:\/\/tlk.ee\/wp-content\/uploads\/2025\/04\/Glock-Field-knife-FM-78-2.jpg","width":1100,"height":1360},{"@type":"BreadcrumbList","@id":"https:\/\/tlk.ee\/en\/Webstore\/glock-field-knife-fm-78-must\/#breadcrumb","itemListElement":[{"@type":"ListItem","position":1,"name":"Home","item":"https:\/\/tlk.ee\/en\/"},{"@type":"ListItem","position":2,"name":"E-shop","item":"https:\/\/tlk.ee\/e-pood\/"},{"@type":"ListItem","position":3,"name":"GLOCK Field knife FM 78 MUST"}]},{"@type":"WebSite","@id":"https:\/\/tlk.ee\/en\/#website","url":"https:\/\/tlk.ee\/en\/","name":"Taktikalise Laskmise Keskus","description":"Parima varustusega lasketiir Euroopas","publisher":{"@id":"https:\/\/tlk.ee\/en\/#organization"},"alternateName":"TLK - lasketiir","potentialAction":[{"@type":"SearchAction","target":{"@type":"EntryPoint","urlTemplate":"https:\/\/tlk.ee\/en\/?s={search_term_string}"},"query-input":{"@type":"PropertyValueSpecification","valueRequired":true,"valueName":"search_term_string"}}],"inLanguage":"en-US"},{"@type":"Organization","@id":"https:\/\/tlk.ee\/en\/#organization","name":"Taktikalise Laskmise Keskus","url":"https:\/\/tlk.ee\/en\/","logo":{"@type":"ImageObject","inLanguage":"en-US","@id":"https:\/\/tlk.ee\/en\/#\/schema\/logo\/image\/","url":"https:\/\/tlk.ee\/wp-content\/uploads\/2024\/08\/logo-wide-TLK-EE.png","contentUrl":"https:\/\/tlk.ee\/wp-content\/uploads\/2024\/08\/logo-wide-TLK-EE.png","width":800,"height":400,"caption":"Taktikalise Laskmise Keskus"},"image":{"@id":"https:\/\/tlk.ee\/en\/#\/schema\/logo\/image\/"},"sameAs":["https:\/\/www.facebook.com\/Taktikaliselaskmisekeskus"]}]}},"_links":{"self":[{"href":"https:\/\/tlk.ee\/en\/wp-json\/wp\/v2\/product\/32562","targetHints":{"allow":["GET"]}}],"collection":[{"href":"https:\/\/tlk.ee\/en\/wp-json\/wp\/v2\/product"}],"about":[{"href":"https:\/\/tlk.ee\/en\/wp-json\/wp\/v2\/types\/product"}],"replies":[{"embeddable":true,"href":"https:\/\/tlk.ee\/en\/wp-json\/wp\/v2\/comments?post=32562"}],"wp:featuredmedia":[{"embeddable":true,"href":"https:\/\/tlk.ee\/en\/wp-json\/wp\/v2\/media\/32563"}],"wp:attachment":[{"href":"https:\/\/tlk.ee\/en\/wp-json\/wp\/v2\/media?parent=32562"}],"wp:term":[{"taxonomy":"product_brand","embeddable":true,"href":"https:\/\/tlk.ee\/en\/wp-json\/wp\/v2\/product_brand?post=32562"},{"taxonomy":"product_cat","embeddable":true,"href":"https:\/\/tlk.ee\/en\/wp-json\/wp\/v2\/product_cat?post=32562"},{"taxonomy":"product_tag","embeddable":true,"href":"https:\/\/tlk.ee\/en\/wp-json\/wp\/v2\/product_tag?post=32562"}],"curies":[{"name":"wp","href":"https:\/\/api.w.org\/{rel}","templated":true}]}}