{"id":32391,"date":"2025-03-27T16:03:11","date_gmt":"2025-03-27T16:03:11","guid":{"rendered":"https:\/\/tlk.ee\/?post_type=product&#038;p=32391"},"modified":"2025-06-28T12:14:55","modified_gmt":"2025-06-28T12:14:55","slug":"glock-19-a-cut-aimpoint-combo-coa","status":"publish","type":"product","link":"https:\/\/tlk.ee\/en\/Webstore\/glock-19-a-cut-aimpoint-combo-coa\/","title":{"rendered":"Glock 19 A-CUT Aimpoint Combo COA"},"content":{"rendered":"<p>G19 Gen5 A-CUT\u2122 COA\u2122 COMBO G19 Gen5 on n\u00fc\u00fcd saadaval A-CUT\u2122 COA\u2122 Combo koos uue Aimpoint\u2122 COA\u2122 punat\u00e4pilise sihikuga. Suure j\u00f5udlusega optika tagab kiire sihtm\u00e4rgi saavutamise ja erakordse t\u00e4psuse isegi keerulistes tingimustes. Aimpoint A-CUT\u2122 abil paigaldatakse optika otse G19 Gen5 k\u00fclge ilma adapterplaate kasutamata, tagades maksimaalse stabiilsuse.<\/p>\n<p>\u00dchendades t\u00f5estatud t\u00f6\u00f6kindluse uusima tehnoloogiaga, on G19 Gen5 ideaalne kaaslane paljude \u00fclesannete jaoks. Kompaktset mudelit iseloomustab selle mitmek\u00fclgsus ja t\u00e4psus, olgu see siis professionaalseks kasutamiseks v\u00f5i erakasutuseks.<\/p>\n<p>Kogege GLOCK Perfectioni ja Aimpoint\u2122 j\u00f5udluse kombinatsiooni \u2013 uue G19 Gen5 A-CUT\u2122 COA\u2122 Comboga.<\/p>\n<ul>\n<li><strong>Front serrations (FS)<\/strong>\u00a0Kelgu eesmine rifeldus. J\u00e4tab relvale erilise v\u00e4limuse ja pakub erinevaid taktikalisi v\u00f5imalusi.<\/li>\n<li><strong>GLOCK\u2019s nDLC<\/strong>\u00a0pakub korraga rohkem vastupidavat kaitset ja eelnevalt kasutatud v\u00e4ljan\u00e4gemist. nDLC viimistlus t\u00f5stab kriimustuste ja korrosioonikindlust ning t\u00f5stab relva v\u00f5imekust toimida \u00e4\u00e4rmuslikes oludes.<\/li>\n<li><strong>Kahepoolne kelgupeataja \u2013\u00a0<\/strong>Kahepoolne kelgupeataja v\u00f5imaldab relvaomanikult k\u00e4sitseda relva kiirelt, mugavalt ja turvaliselt m\u00f5lemi k\u00e4ega.<\/li>\n<li><strong>Glocki t\u00e4psusraud \u2013\u00a0<\/strong>Glocki t\u00e4psusraual (GMB) on t\u00e4iustatud vintsoon, mis baseerub Glocki polugonaalsel raua disainil.<\/li>\n<li><strong>Laiendatud salvesuue k\u00e4epidemes kiireks salvevahetuseks \u2013\u00a0<\/strong>Suurem ava v\u00f5imaldab lihtsamalt salve alla saada, eriti k\u00f5rge stressi tingimustes, kus iga murdosa sekundist loeb.<\/li>\n<li><strong>Mugavus puuduvatest s\u00f5rmekohtadest k\u00e4epidemel \u2013\u00a0<\/strong>Mugav haare igale k\u00e4esuurusele<\/li>\n<li><strong>\u201eSafe Action\u201c s\u00fcsteem \u2013\u00a0<\/strong>Kolma kaitseriivi vabastuvad p\u00e4\u00e4stikut\u00f5mbega ja rakenduvad kohe, kui p\u00e4\u00e4stik vabastada<\/li>\n<li><strong>Suurendatud salve p\u00f5hjaplaat \u2013\u00a0<\/strong>Salve p\u00f5hjaplaadi pikendatud esiosa aitab lihtsamalt salve v\u00e4lja t\u00f5mmata kui salvi ise vabalt v\u00e4lja ei kuku.<\/li>\n<li><strong>Turvaeelisa salve oranzist padruni \u00fclesl\u00fckkajast \u2013\u00a0<\/strong>Oranz salve \u00fclesl\u00fckkaja v\u00f5imaldab laskuril selgelt n\u00e4ha kas salve on veel padruneid j\u00e4\u00e4nud v\u00f5i mitte.<\/li>\n<li><strong>Salvemaht \u2013\u00a0<\/strong>S\u00f5ltuvalt kaliibrist ja relva suurusest on suuremahulised salved saadaval.<\/li>\n<li><strong>Kohandatav raami suurus \u2013\u00a0<\/strong>Iga GLOCK Gen5 tuleb kahe suurusega k\u00e4epideme pikendusega, mis v\u00f5imaldab eri k\u00e4esuurustega laskuritel relva mugavalt k\u00e4es hoida.<\/li>\n<li><strong>Gen4 RTF\u00a0 karestatud pinnaga raam \u2013\u00a0<\/strong>Gen4\u00a0 j\u00e4releproovitud karestatud raami tekstuur on ka Gen 5 p\u00fcstolitel. See on disainitud k\u00e4epideme kindlaks hoidmiseks ilma, et oleks liiga agressiivselt karestatud.<\/li>\n<li><strong>\u00dcmberp\u00f6\u00f6ratav salveriiv \u2013\u00a0<\/strong>Gen 5 salveriiv on \u00fcmber p\u00f6\u00f6ratav ka paremale poole ja laiendatud relva tagaosa suunas, v\u00f5imaldades s\u00f5rmel lihtsamalt sinna j\u00f5udmist.<\/li>\n<li><strong>Mounting rail<\/strong><strong>\u00a0 Relsid \u2013\u00a0<\/strong>P\u00e4\u00e4stiku kaitsest eespool asuv relss v\u00f5imaldab relvale lihtsalt erinevaid lisasid kinnitada.<\/li>\n<li><strong>Polymer frame<\/strong><strong>\u00a0polumeerist raam \u2013\u00a0<\/strong>Vastupidav ja kerge polumeerist raam pehmendab tagasil\u00f6\u00f6ki t\u00e4nu polumeeri elastsetele omadustele.<\/li>\n<li><strong>Laetud padrunipesa indikaator \u2013\u00a0<\/strong>N\u00e4htav ja kombatav laetud padrunipesa indikaator asub t\u00f5mmihamba k\u00fcljes ja v\u00f5imaldab lihtsalt kindlaks teha, kas padrun on pesas v\u00f5i mitte.<\/li>\n<\/ul>\n<h1 class=\"hero-image__title ft-bold fs-heading-one\"><a href=\"https:\/\/eu.glock.com\/en\/Technology\/GLOCK-Aimpoint-Combo\"><b>GLOCK AND AIMPOINT\u2122 COMBO<\/b><\/a><\/h1>\n<p><img loading=\"lazy\" decoding=\"async\" class=\"\" src=\"https:\/\/eu.glock.com\/static\/img\/png\/pistol-specs-caliber.png\" width=\"124\" height=\"124\" \/>\u00a0 \u00a0 \u00a0 \u00a0 \u00a0 \u00a0 \u00a0 \u00a0 \u00a0\u00a0<strong>9\u00d719<\/strong><strong>\u00a0 \u00a0 \u00a0 \u00a0 \u00a0 \u00a0 \u00a0 \u00a0 \u00a0\u00a0<\/strong><img loading=\"lazy\" decoding=\"async\" class=\"\" src=\"https:\/\/eu.glock.com\/static\/img\/png\/pistol-specs-system.png\" width=\"126\" height=\"126\" \/><strong>\u00a0<\/strong>\u00a0 \u00a0 \u00a0 \u00a0<strong>Safe Action<sup>\u00ae<\/sup><\/strong><\/p>\n<div class=\"pistoldetail__technicaldata__item pistoldetail__listarea__item\">\n<div class=\"pistoldetail__listarea__item__image\"><img loading=\"lazy\" decoding=\"async\" class=\"\" src=\"https:\/\/eu.glock.com\/static\/img\/png\/pistol-specs-magazine-capacity.png\" width=\"167\" height=\"167\" \/>\u00a0<strong>15 padrunit<\/strong>\u00a0\u00a0\u00a0<img loading=\"lazy\" decoding=\"async\" class=\"\" src=\"https:\/\/eu.glock.com\/static\/img\/png\/pistol-specs-barrel-length.png\" width=\"188\" height=\"188\" \/><strong>Raud<\/strong>\u00a0<strong>102 mm<\/strong><\/div>\n<\/div>\n<div class=\"pistoldetail__technicaldata__item pistoldetail__listarea__item\">\n<div class=\"pistoldetail__listarea__item__image\"><img loading=\"lazy\" decoding=\"async\" class=\"\" src=\"https:\/\/eu.glock.com\/static\/img\/png\/pistol-specs-weight-wo-magazine.png\" width=\"192\" height=\"192\" \/><strong> 600 g\u00a0 \u00a0 \u00a0 \u00a0 \u00a0 \u00a0 \u00a0 \u00a0 \u00a0<\/strong>\u00a0<img loading=\"lazy\" decoding=\"async\" class=\"\" src=\"https:\/\/eu.glock.com\/static\/img\/png\/pistol-specs-weight-w-empty-magazine.png\" width=\"177\" height=\"177\" \/><strong>680 g<\/strong><\/div>\n<\/div>\n<div class=\"pistoldetail__technicaldata__item pistoldetail__listarea__item\">\n<div class=\"pistoldetail__listarea__item__image\"><img loading=\"lazy\" decoding=\"async\" class=\"\" src=\"https:\/\/eu.glock.com\/static\/img\/png\/pistol-specs-weight-w-loaded-magazine.png\" width=\"174\" height=\"174\" \/>\u00a0 \u00a0\u00a0<strong>865 g\u00a0 \u00a0 \u00a0 \u00a0 \u00a0 \u00a0 \u00a0<\/strong>\u00a0<img loading=\"lazy\" decoding=\"async\" class=\"\" src=\"https:\/\/eu.glock.com\/static\/img\/png\/pistol-specs-trigger-pull.png\" width=\"162\" height=\"162\" \/><strong>\u00a0 \u00a0 \u00a0 \u00a026 N<\/strong><\/div>\n<\/div>\n<div><\/div>\n<p><iframe loading=\"lazy\" title=\"A Cut Aimpoint COA Features Video\" width=\"1140\" height=\"641\" src=\"https:\/\/www.youtube.com\/embed\/XF8Fq9zGSqk?feature=oembed&#038;enablejsapi=1&#038;origin=https:\/\/tlk.ee\" frameborder=\"0\" allow=\"accelerometer; autoplay; clipboard-write; encrypted-media; gyroscope; picture-in-picture; web-share\" referrerpolicy=\"strict-origin-when-cross-origin\" allowfullscreen><\/iframe><\/p>\n<div><\/div>\n<div><\/div>\n","protected":false},"excerpt":{"rendered":"<p><strong>J\u00f5ustruktuuride liikmetele, t\u00f6\u00f6tajatele (PPA, Kaitsev\u00e4gi, Kaitseliit ja P\u00e4\u00e4steamet) ja relvaloakoolituse osalejatele kehtib 15% soodustus tavahinnast.<\/strong><\/p>\n<p><strong>!!!V\u00f5imalik ka tellida Tartu esindusse!!!<\/strong><\/p>\n","protected":false},"featured_media":32398,"comment_status":"closed","ping_status":"closed","template":"","meta":[],"product_brand":[],"product_cat":[356,81,64],"product_tag":[],"class_list":{"0":"post-32391","1":"product","2":"type-product","3":"status-publish","4":"has-post-thumbnail","6":"product_cat-eripakkumine","7":"product_cat-pustolid","8":"product_cat-tulirelvad","9":"pa_kaliiber-9x19","10":"pa_mudel-glock-19","11":"pa_tootja-glock","13":"first","14":"instock","15":"sale","16":"taxable","17":"shipping-taxable","18":"product-type-simple"},"yoast_head":"<!-- This site is optimized with the Yoast SEO plugin v27.0 - https:\/\/yoast.com\/product\/yoast-seo-wordpress\/ -->\n<title>Glock 19 A-CUT Aimpoint Combo COA - Taktikalise Laskmise Keskus<\/title>\n<meta name=\"robots\" content=\"index, follow, max-snippet:-1, max-image-preview:large, max-video-preview:-1\" \/>\n<link rel=\"canonical\" href=\"https:\/\/tlk.ee\/en\/Webstore\/glock-19-a-cut-aimpoint-combo-coa\/\" \/>\n<meta property=\"og:locale\" content=\"en_US\" \/>\n<meta property=\"og:type\" content=\"article\" \/>\n<meta property=\"og:title\" content=\"Glock 19 A-CUT Aimpoint Combo COA - Taktikalise Laskmise Keskus\" \/>\n<meta property=\"og:description\" content=\"J\u00f5ustruktuuride liikmetele, t\u00f6\u00f6tajatele (PPA, Kaitsev\u00e4gi, Kaitseliit ja P\u00e4\u00e4steamet) ja relvaloakoolituse osalejatele kehtib 15% soodustus tavahinnast.  !!!V\u00f5imalik ka tellida Tartu esindusse!!!\" \/>\n<meta property=\"og:url\" content=\"https:\/\/tlk.ee\/en\/Webstore\/glock-19-a-cut-aimpoint-combo-coa\/\" \/>\n<meta property=\"og:site_name\" content=\"Taktikalise Laskmise Keskus\" \/>\n<meta property=\"article:publisher\" content=\"https:\/\/www.facebook.com\/Taktikaliselaskmisekeskus\" \/>\n<meta property=\"article:modified_time\" content=\"2025-06-28T12:14:55+00:00\" \/>\n<meta property=\"og:image\" content=\"https:\/\/tlk.ee\/wp-content\/uploads\/2025\/03\/Glock-19-A-cut-Combo-Aimpoint-COA.jpg\" \/>\n\t<meta property=\"og:image:width\" content=\"1200\" \/>\n\t<meta property=\"og:image:height\" content=\"858\" \/>\n\t<meta property=\"og:image:type\" content=\"image\/jpeg\" \/>\n<meta name=\"twitter:card\" content=\"summary_large_image\" \/>\n<meta name=\"twitter:label1\" content=\"Est. reading time\" \/>\n\t<meta name=\"twitter:data1\" content=\"4 minutes\" \/>\n<script type=\"application\/ld+json\" class=\"yoast-schema-graph\">{\"@context\":\"https:\/\/schema.org\",\"@graph\":[{\"@type\":\"WebPage\",\"@id\":\"https:\/\/tlk.ee\/en\/Webstore\/glock-19-a-cut-aimpoint-combo-coa\/\",\"url\":\"https:\/\/tlk.ee\/en\/Webstore\/glock-19-a-cut-aimpoint-combo-coa\/\",\"name\":\"Glock 19 A-CUT Aimpoint Combo COA - Taktikalise Laskmise Keskus\",\"isPartOf\":{\"@id\":\"https:\/\/tlk.ee\/en\/#website\"},\"primaryImageOfPage\":{\"@id\":\"https:\/\/tlk.ee\/en\/Webstore\/glock-19-a-cut-aimpoint-combo-coa\/#primaryimage\"},\"image\":{\"@id\":\"https:\/\/tlk.ee\/en\/Webstore\/glock-19-a-cut-aimpoint-combo-coa\/#primaryimage\"},\"thumbnailUrl\":\"https:\/\/tlk.ee\/wp-content\/uploads\/2025\/03\/Glock-19-A-cut-Combo-Aimpoint-COA.jpg\",\"datePublished\":\"2025-03-27T16:03:11+00:00\",\"dateModified\":\"2025-06-28T12:14:55+00:00\",\"breadcrumb\":{\"@id\":\"https:\/\/tlk.ee\/en\/Webstore\/glock-19-a-cut-aimpoint-combo-coa\/#breadcrumb\"},\"inLanguage\":\"en-US\",\"potentialAction\":[{\"@type\":\"ReadAction\",\"target\":[\"https:\/\/tlk.ee\/en\/Webstore\/glock-19-a-cut-aimpoint-combo-coa\/\"]}]},{\"@type\":\"ImageObject\",\"inLanguage\":\"en-US\",\"@id\":\"https:\/\/tlk.ee\/en\/Webstore\/glock-19-a-cut-aimpoint-combo-coa\/#primaryimage\",\"url\":\"https:\/\/tlk.ee\/wp-content\/uploads\/2025\/03\/Glock-19-A-cut-Combo-Aimpoint-COA.jpg\",\"contentUrl\":\"https:\/\/tlk.ee\/wp-content\/uploads\/2025\/03\/Glock-19-A-cut-Combo-Aimpoint-COA.jpg\",\"width\":1200,\"height\":858},{\"@type\":\"BreadcrumbList\",\"@id\":\"https:\/\/tlk.ee\/en\/Webstore\/glock-19-a-cut-aimpoint-combo-coa\/#breadcrumb\",\"itemListElement\":[{\"@type\":\"ListItem\",\"position\":1,\"name\":\"Home\",\"item\":\"https:\/\/tlk.ee\/en\/\"},{\"@type\":\"ListItem\",\"position\":2,\"name\":\"E-shop\",\"item\":\"https:\/\/tlk.ee\/e-pood\/\"},{\"@type\":\"ListItem\",\"position\":3,\"name\":\"Glock 19 A-CUT Aimpoint Combo COA\"}]},{\"@type\":\"WebSite\",\"@id\":\"https:\/\/tlk.ee\/en\/#website\",\"url\":\"https:\/\/tlk.ee\/en\/\",\"name\":\"Taktikalise Laskmise Keskus\",\"description\":\"Parima varustusega lasketiir Euroopas\",\"publisher\":{\"@id\":\"https:\/\/tlk.ee\/en\/#organization\"},\"alternateName\":\"TLK - lasketiir\",\"potentialAction\":[{\"@type\":\"SearchAction\",\"target\":{\"@type\":\"EntryPoint\",\"urlTemplate\":\"https:\/\/tlk.ee\/en\/?s={search_term_string}\"},\"query-input\":{\"@type\":\"PropertyValueSpecification\",\"valueRequired\":true,\"valueName\":\"search_term_string\"}}],\"inLanguage\":\"en-US\"},{\"@type\":\"Organization\",\"@id\":\"https:\/\/tlk.ee\/en\/#organization\",\"name\":\"Taktikalise Laskmise Keskus\",\"url\":\"https:\/\/tlk.ee\/en\/\",\"logo\":{\"@type\":\"ImageObject\",\"inLanguage\":\"en-US\",\"@id\":\"https:\/\/tlk.ee\/en\/#\/schema\/logo\/image\/\",\"url\":\"https:\/\/tlk.ee\/wp-content\/uploads\/2024\/08\/logo-wide-TLK-EE.png\",\"contentUrl\":\"https:\/\/tlk.ee\/wp-content\/uploads\/2024\/08\/logo-wide-TLK-EE.png\",\"width\":800,\"height\":400,\"caption\":\"Taktikalise Laskmise Keskus\"},\"image\":{\"@id\":\"https:\/\/tlk.ee\/en\/#\/schema\/logo\/image\/\"},\"sameAs\":[\"https:\/\/www.facebook.com\/Taktikaliselaskmisekeskus\"]}]}<\/script>\n<!-- \/ Yoast SEO plugin. -->","yoast_head_json":{"title":"Glock 19 A-CUT Aimpoint Combo COA - Taktikalise Laskmise Keskus","robots":{"index":"index","follow":"follow","max-snippet":"max-snippet:-1","max-image-preview":"max-image-preview:large","max-video-preview":"max-video-preview:-1"},"canonical":"https:\/\/tlk.ee\/en\/Webstore\/glock-19-a-cut-aimpoint-combo-coa\/","og_locale":"en_US","og_type":"article","og_title":"Glock 19 A-CUT Aimpoint Combo COA - Taktikalise Laskmise Keskus","og_description":"J\u00f5ustruktuuride liikmetele, t\u00f6\u00f6tajatele (PPA, Kaitsev\u00e4gi, Kaitseliit ja P\u00e4\u00e4steamet) ja relvaloakoolituse osalejatele kehtib 15% soodustus tavahinnast.  !!!V\u00f5imalik ka tellida Tartu esindusse!!!","og_url":"https:\/\/tlk.ee\/en\/Webstore\/glock-19-a-cut-aimpoint-combo-coa\/","og_site_name":"Taktikalise Laskmise Keskus","article_publisher":"https:\/\/www.facebook.com\/Taktikaliselaskmisekeskus","article_modified_time":"2025-06-28T12:14:55+00:00","og_image":[{"width":1200,"height":858,"url":"https:\/\/tlk.ee\/wp-content\/uploads\/2025\/03\/Glock-19-A-cut-Combo-Aimpoint-COA.jpg","type":"image\/jpeg"}],"twitter_card":"summary_large_image","twitter_misc":{"Est. reading time":"4 minutes"},"schema":{"@context":"https:\/\/schema.org","@graph":[{"@type":"WebPage","@id":"https:\/\/tlk.ee\/en\/Webstore\/glock-19-a-cut-aimpoint-combo-coa\/","url":"https:\/\/tlk.ee\/en\/Webstore\/glock-19-a-cut-aimpoint-combo-coa\/","name":"Glock 19 A-CUT Aimpoint Combo COA - Taktikalise Laskmise Keskus","isPartOf":{"@id":"https:\/\/tlk.ee\/en\/#website"},"primaryImageOfPage":{"@id":"https:\/\/tlk.ee\/en\/Webstore\/glock-19-a-cut-aimpoint-combo-coa\/#primaryimage"},"image":{"@id":"https:\/\/tlk.ee\/en\/Webstore\/glock-19-a-cut-aimpoint-combo-coa\/#primaryimage"},"thumbnailUrl":"https:\/\/tlk.ee\/wp-content\/uploads\/2025\/03\/Glock-19-A-cut-Combo-Aimpoint-COA.jpg","datePublished":"2025-03-27T16:03:11+00:00","dateModified":"2025-06-28T12:14:55+00:00","breadcrumb":{"@id":"https:\/\/tlk.ee\/en\/Webstore\/glock-19-a-cut-aimpoint-combo-coa\/#breadcrumb"},"inLanguage":"en-US","potentialAction":[{"@type":"ReadAction","target":["https:\/\/tlk.ee\/en\/Webstore\/glock-19-a-cut-aimpoint-combo-coa\/"]}]},{"@type":"ImageObject","inLanguage":"en-US","@id":"https:\/\/tlk.ee\/en\/Webstore\/glock-19-a-cut-aimpoint-combo-coa\/#primaryimage","url":"https:\/\/tlk.ee\/wp-content\/uploads\/2025\/03\/Glock-19-A-cut-Combo-Aimpoint-COA.jpg","contentUrl":"https:\/\/tlk.ee\/wp-content\/uploads\/2025\/03\/Glock-19-A-cut-Combo-Aimpoint-COA.jpg","width":1200,"height":858},{"@type":"BreadcrumbList","@id":"https:\/\/tlk.ee\/en\/Webstore\/glock-19-a-cut-aimpoint-combo-coa\/#breadcrumb","itemListElement":[{"@type":"ListItem","position":1,"name":"Home","item":"https:\/\/tlk.ee\/en\/"},{"@type":"ListItem","position":2,"name":"E-shop","item":"https:\/\/tlk.ee\/e-pood\/"},{"@type":"ListItem","position":3,"name":"Glock 19 A-CUT Aimpoint Combo COA"}]},{"@type":"WebSite","@id":"https:\/\/tlk.ee\/en\/#website","url":"https:\/\/tlk.ee\/en\/","name":"Taktikalise Laskmise Keskus","description":"Parima varustusega lasketiir Euroopas","publisher":{"@id":"https:\/\/tlk.ee\/en\/#organization"},"alternateName":"TLK - lasketiir","potentialAction":[{"@type":"SearchAction","target":{"@type":"EntryPoint","urlTemplate":"https:\/\/tlk.ee\/en\/?s={search_term_string}"},"query-input":{"@type":"PropertyValueSpecification","valueRequired":true,"valueName":"search_term_string"}}],"inLanguage":"en-US"},{"@type":"Organization","@id":"https:\/\/tlk.ee\/en\/#organization","name":"Taktikalise Laskmise Keskus","url":"https:\/\/tlk.ee\/en\/","logo":{"@type":"ImageObject","inLanguage":"en-US","@id":"https:\/\/tlk.ee\/en\/#\/schema\/logo\/image\/","url":"https:\/\/tlk.ee\/wp-content\/uploads\/2024\/08\/logo-wide-TLK-EE.png","contentUrl":"https:\/\/tlk.ee\/wp-content\/uploads\/2024\/08\/logo-wide-TLK-EE.png","width":800,"height":400,"caption":"Taktikalise Laskmise Keskus"},"image":{"@id":"https:\/\/tlk.ee\/en\/#\/schema\/logo\/image\/"},"sameAs":["https:\/\/www.facebook.com\/Taktikaliselaskmisekeskus"]}]}},"_links":{"self":[{"href":"https:\/\/tlk.ee\/en\/wp-json\/wp\/v2\/product\/32391","targetHints":{"allow":["GET"]}}],"collection":[{"href":"https:\/\/tlk.ee\/en\/wp-json\/wp\/v2\/product"}],"about":[{"href":"https:\/\/tlk.ee\/en\/wp-json\/wp\/v2\/types\/product"}],"replies":[{"embeddable":true,"href":"https:\/\/tlk.ee\/en\/wp-json\/wp\/v2\/comments?post=32391"}],"wp:featuredmedia":[{"embeddable":true,"href":"https:\/\/tlk.ee\/en\/wp-json\/wp\/v2\/media\/32398"}],"wp:attachment":[{"href":"https:\/\/tlk.ee\/en\/wp-json\/wp\/v2\/media?parent=32391"}],"wp:term":[{"taxonomy":"product_brand","embeddable":true,"href":"https:\/\/tlk.ee\/en\/wp-json\/wp\/v2\/product_brand?post=32391"},{"taxonomy":"product_cat","embeddable":true,"href":"https:\/\/tlk.ee\/en\/wp-json\/wp\/v2\/product_cat?post=32391"},{"taxonomy":"product_tag","embeddable":true,"href":"https:\/\/tlk.ee\/en\/wp-json\/wp\/v2\/product_tag?post=32391"}],"curies":[{"name":"wp","href":"https:\/\/api.w.org\/{rel}","templated":true}]}}