{"id":32367,"date":"2025-03-27T15:38:52","date_gmt":"2025-03-27T15:38:52","guid":{"rendered":"https:\/\/tlk.ee\/?post_type=product&#038;p=32367"},"modified":"2025-06-28T12:09:06","modified_gmt":"2025-06-28T12:09:06","slug":"glock-43x-a-cut-aimpoint-combo-coa","status":"publish","type":"product","link":"https:\/\/tlk.ee\/en\/Webstore\/glock-43x-a-cut-aimpoint-combo-coa\/","title":{"rendered":"Glock 43x A-CUT Aimpoint Combo COA"},"content":{"rendered":"<p>G43X A-CUT\u2122 COA\u2122 COMBO G43X on n\u00fc\u00fcd saadaval A-CUT\u2122 COA\u2122 Combo koos uue Aimpoint\u2122 COA\u2122 punase t\u00e4pisihikuga, suure j\u00f5udlusega optikaga, mis tagab kiire sihtm\u00e4rgi tabamise ja erakordse t\u00e4psuse isegi rasketes tingimustes. Aimpoint A-CUT\u2122 abil paigaldatakse optika otse G43X-ile ilma adapterplaate kasutamata, tagades maksimaalse stabiilsuse.<\/p>\n<p>Sellel Slimline mudelil on alakompaktne kelk ja kompaktse suurusega raam. G43X v\u00e4ike suurus muudab selle p\u00fcstoli ideaalseks valikuks varjatud kandmiseks.<\/p>\n<p>Kogege GLOCK Perfectioni ja Aimpoint\u2122 j\u00f5udluse kombinatsiooni \u2013 uue G43X A-CUT\u2122 COA\u2122 Comboga.<\/p>\n<h1 class=\"hero-image__title ft-bold fs-heading-one\"><a href=\"https:\/\/eu.glock.com\/en\/Technology\/GLOCK-Aimpoint-Combo\"><b>GLOCK AND AIMPOINT\u2122 COMBO<\/b><\/a><\/h1>\n<p><img loading=\"lazy\" decoding=\"async\" class=\"\" src=\"https:\/\/eu.glock.com\/static\/img\/png\/pistol-specs-caliber.png\" width=\"124\" height=\"124\" \/>\u00a0 \u00a0 \u00a0 \u00a0 \u00a0 \u00a0 \u00a0 \u00a0 \u00a0<strong>9\u00d719<\/strong><strong>\u00a0 \u00a0 \u00a0 \u00a0 \u00a0 \u00a0 \u00a0 \u00a0 \u00a0<\/strong><img loading=\"lazy\" decoding=\"async\" class=\"\" src=\"https:\/\/eu.glock.com\/static\/img\/png\/pistol-specs-system.png\" width=\"126\" height=\"126\" \/><strong>\u00a0<\/strong>\u00a0 \u00a0 \u00a0 \u00a0<strong>Safe Action<sup>\u00ae<\/sup><\/strong><\/p>\n<div class=\"pistoldetail__technicaldata__item pistoldetail__listarea__item\">\n<div class=\"pistoldetail__listarea__item__image\"><img loading=\"lazy\" decoding=\"async\" class=\"\" src=\"https:\/\/eu.glock.com\/static\/img\/png\/pistol-specs-magazine-capacity.png\" width=\"167\" height=\"167\" \/>\u00a0<strong>10 padrunit<\/strong>\u00a0\u00a0\u00a0<img loading=\"lazy\" decoding=\"async\" class=\"\" src=\"https:\/\/eu.glock.com\/static\/img\/png\/pistol-specs-barrel-length.png\" width=\"188\" height=\"188\" \/><strong>Raud<\/strong>\u00a0<strong>87 mm\u00a0<\/strong><\/div>\n<\/div>\n<div class=\"pistoldetail__technicaldata__item pistoldetail__listarea__item\">\n<div class=\"pistoldetail__listarea__item__image\"><img loading=\"lazy\" decoding=\"async\" class=\"\" src=\"https:\/\/eu.glock.com\/static\/img\/png\/pistol-specs-weight-wo-magazine.png\" width=\"192\" height=\"192\" \/><strong> 480 g\u00a0 \u00a0 \u00a0 \u00a0 \u00a0 \u00a0 \u00a0 \u00a0 \u00a0<\/strong>\u00a0<img loading=\"lazy\" decoding=\"async\" class=\"\" src=\"https:\/\/eu.glock.com\/static\/img\/png\/pistol-specs-weight-w-empty-magazine.png\" width=\"177\" height=\"177\" \/><strong>545 g<\/strong><\/div>\n<\/div>\n<div class=\"pistoldetail__technicaldata__item pistoldetail__listarea__item\">\n<div class=\"pistoldetail__listarea__item__image\"><img loading=\"lazy\" decoding=\"async\" class=\"\" src=\"https:\/\/eu.glock.com\/static\/img\/png\/pistol-specs-weight-w-loaded-magazine.png\" width=\"174\" height=\"174\" \/>\u00a0 \u00a0\u00a0<strong>670 g\u00a0 \u00a0 \u00a0 \u00a0 \u00a0 \u00a0 \u00a0<\/strong>\u00a0<img loading=\"lazy\" decoding=\"async\" class=\"\" src=\"https:\/\/eu.glock.com\/static\/img\/png\/pistol-specs-trigger-pull.png\" width=\"162\" height=\"162\" \/><strong>\u00a0 \u00a0 \u00a0 \u00a024 N<\/strong><\/div>\n<\/div>\n<p><iframe loading=\"lazy\" title=\"A Cut Aimpoint COA Features Video\" width=\"1140\" height=\"641\" src=\"https:\/\/www.youtube.com\/embed\/XF8Fq9zGSqk?feature=oembed&#038;enablejsapi=1&#038;origin=https:\/\/tlk.ee\" frameborder=\"0\" allow=\"accelerometer; autoplay; clipboard-write; encrypted-media; gyroscope; picture-in-picture; web-share\" referrerpolicy=\"strict-origin-when-cross-origin\" allowfullscreen><\/iframe><\/p>\n<div class=\"pistoldetail__technicaldata__item pistoldetail__listarea__item\">\n<div class=\"pistoldetail__listarea__item__image\"><\/div>\n<\/div>\n<div><\/div>\n<div><\/div>\n<div><\/div>\n","protected":false},"excerpt":{"rendered":"<p><strong>J\u00f5ustruktuuride liikmetele, t\u00f6\u00f6tajatele (PPA, Kaitsev\u00e4gi, Kaitseliit ja P\u00e4\u00e4steamet) ja relvaloakoolituse osalejatele kehtib 15% soodustus tavahinnast.<\/strong><\/p>\n<p><strong>!!!V\u00f5imalik ka tellida Tartu esindusse!!!<\/strong><\/p>\n","protected":false},"featured_media":32374,"comment_status":"closed","ping_status":"closed","template":"","meta":[],"product_brand":[],"product_cat":[356,81,64],"product_tag":[],"class_list":{"0":"post-32367","1":"product","2":"type-product","3":"status-publish","4":"has-post-thumbnail","6":"product_cat-eripakkumine","7":"product_cat-pustolid","8":"product_cat-tulirelvad","9":"pa_kaliiber-9x19","10":"pa_mudel-glock-43x","11":"pa_tootja-glock","13":"first","14":"instock","15":"sale","16":"taxable","17":"shipping-taxable","18":"product-type-simple"},"yoast_head":"<!-- This site is optimized with the Yoast SEO plugin v27.0 - https:\/\/yoast.com\/product\/yoast-seo-wordpress\/ -->\n<title>Glock 43x A-CUT Aimpoint Combo COA - Taktikalise Laskmise Keskus<\/title>\n<meta name=\"robots\" content=\"index, follow, max-snippet:-1, max-image-preview:large, max-video-preview:-1\" \/>\n<link rel=\"canonical\" href=\"https:\/\/tlk.ee\/en\/Webstore\/glock-43x-a-cut-aimpoint-combo-coa\/\" \/>\n<meta property=\"og:locale\" content=\"en_US\" \/>\n<meta property=\"og:type\" content=\"article\" \/>\n<meta property=\"og:title\" content=\"Glock 43x A-CUT Aimpoint Combo COA - Taktikalise Laskmise Keskus\" \/>\n<meta property=\"og:description\" content=\"J\u00f5ustruktuuride liikmetele, t\u00f6\u00f6tajatele (PPA, Kaitsev\u00e4gi, Kaitseliit ja P\u00e4\u00e4steamet) ja relvaloakoolituse osalejatele kehtib 15% soodustus tavahinnast.  !!!V\u00f5imalik ka tellida Tartu esindusse!!!\" \/>\n<meta property=\"og:url\" content=\"https:\/\/tlk.ee\/en\/Webstore\/glock-43x-a-cut-aimpoint-combo-coa\/\" \/>\n<meta property=\"og:site_name\" content=\"Taktikalise Laskmise Keskus\" \/>\n<meta property=\"article:publisher\" content=\"https:\/\/www.facebook.com\/Taktikaliselaskmisekeskus\" \/>\n<meta property=\"article:modified_time\" content=\"2025-06-28T12:09:06+00:00\" \/>\n<meta property=\"og:image\" content=\"https:\/\/tlk.ee\/wp-content\/uploads\/2025\/03\/Glock-43x-A-cut-Combo-aimpoint-COA.jpg\" \/>\n\t<meta property=\"og:image:width\" content=\"1200\" \/>\n\t<meta property=\"og:image:height\" content=\"902\" \/>\n\t<meta property=\"og:image:type\" content=\"image\/jpeg\" \/>\n<meta name=\"twitter:card\" content=\"summary_large_image\" \/>\n<meta name=\"twitter:label1\" content=\"Est. reading time\" \/>\n\t<meta name=\"twitter:data1\" content=\"3 minutes\" \/>\n<script type=\"application\/ld+json\" class=\"yoast-schema-graph\">{\"@context\":\"https:\/\/schema.org\",\"@graph\":[{\"@type\":\"WebPage\",\"@id\":\"https:\/\/tlk.ee\/en\/Webstore\/glock-43x-a-cut-aimpoint-combo-coa\/\",\"url\":\"https:\/\/tlk.ee\/en\/Webstore\/glock-43x-a-cut-aimpoint-combo-coa\/\",\"name\":\"Glock 43x A-CUT Aimpoint Combo COA - Taktikalise Laskmise Keskus\",\"isPartOf\":{\"@id\":\"https:\/\/tlk.ee\/en\/#website\"},\"primaryImageOfPage\":{\"@id\":\"https:\/\/tlk.ee\/en\/Webstore\/glock-43x-a-cut-aimpoint-combo-coa\/#primaryimage\"},\"image\":{\"@id\":\"https:\/\/tlk.ee\/en\/Webstore\/glock-43x-a-cut-aimpoint-combo-coa\/#primaryimage\"},\"thumbnailUrl\":\"https:\/\/tlk.ee\/wp-content\/uploads\/2025\/03\/Glock-43x-A-cut-Combo-aimpoint-COA.jpg\",\"datePublished\":\"2025-03-27T15:38:52+00:00\",\"dateModified\":\"2025-06-28T12:09:06+00:00\",\"breadcrumb\":{\"@id\":\"https:\/\/tlk.ee\/en\/Webstore\/glock-43x-a-cut-aimpoint-combo-coa\/#breadcrumb\"},\"inLanguage\":\"en-US\",\"potentialAction\":[{\"@type\":\"ReadAction\",\"target\":[\"https:\/\/tlk.ee\/en\/Webstore\/glock-43x-a-cut-aimpoint-combo-coa\/\"]}]},{\"@type\":\"ImageObject\",\"inLanguage\":\"en-US\",\"@id\":\"https:\/\/tlk.ee\/en\/Webstore\/glock-43x-a-cut-aimpoint-combo-coa\/#primaryimage\",\"url\":\"https:\/\/tlk.ee\/wp-content\/uploads\/2025\/03\/Glock-43x-A-cut-Combo-aimpoint-COA.jpg\",\"contentUrl\":\"https:\/\/tlk.ee\/wp-content\/uploads\/2025\/03\/Glock-43x-A-cut-Combo-aimpoint-COA.jpg\",\"width\":1200,\"height\":902},{\"@type\":\"BreadcrumbList\",\"@id\":\"https:\/\/tlk.ee\/en\/Webstore\/glock-43x-a-cut-aimpoint-combo-coa\/#breadcrumb\",\"itemListElement\":[{\"@type\":\"ListItem\",\"position\":1,\"name\":\"Home\",\"item\":\"https:\/\/tlk.ee\/en\/\"},{\"@type\":\"ListItem\",\"position\":2,\"name\":\"E-shop\",\"item\":\"https:\/\/tlk.ee\/e-pood\/\"},{\"@type\":\"ListItem\",\"position\":3,\"name\":\"Glock 43x A-CUT Aimpoint Combo COA\"}]},{\"@type\":\"WebSite\",\"@id\":\"https:\/\/tlk.ee\/en\/#website\",\"url\":\"https:\/\/tlk.ee\/en\/\",\"name\":\"Taktikalise Laskmise Keskus\",\"description\":\"Parima varustusega lasketiir Euroopas\",\"publisher\":{\"@id\":\"https:\/\/tlk.ee\/en\/#organization\"},\"alternateName\":\"TLK - lasketiir\",\"potentialAction\":[{\"@type\":\"SearchAction\",\"target\":{\"@type\":\"EntryPoint\",\"urlTemplate\":\"https:\/\/tlk.ee\/en\/?s={search_term_string}\"},\"query-input\":{\"@type\":\"PropertyValueSpecification\",\"valueRequired\":true,\"valueName\":\"search_term_string\"}}],\"inLanguage\":\"en-US\"},{\"@type\":\"Organization\",\"@id\":\"https:\/\/tlk.ee\/en\/#organization\",\"name\":\"Taktikalise Laskmise Keskus\",\"url\":\"https:\/\/tlk.ee\/en\/\",\"logo\":{\"@type\":\"ImageObject\",\"inLanguage\":\"en-US\",\"@id\":\"https:\/\/tlk.ee\/en\/#\/schema\/logo\/image\/\",\"url\":\"https:\/\/tlk.ee\/wp-content\/uploads\/2024\/08\/logo-wide-TLK-EE.png\",\"contentUrl\":\"https:\/\/tlk.ee\/wp-content\/uploads\/2024\/08\/logo-wide-TLK-EE.png\",\"width\":800,\"height\":400,\"caption\":\"Taktikalise Laskmise Keskus\"},\"image\":{\"@id\":\"https:\/\/tlk.ee\/en\/#\/schema\/logo\/image\/\"},\"sameAs\":[\"https:\/\/www.facebook.com\/Taktikaliselaskmisekeskus\"]}]}<\/script>\n<!-- \/ Yoast SEO plugin. -->","yoast_head_json":{"title":"Glock 43x A-CUT Aimpoint Combo COA - Taktikalise Laskmise Keskus","robots":{"index":"index","follow":"follow","max-snippet":"max-snippet:-1","max-image-preview":"max-image-preview:large","max-video-preview":"max-video-preview:-1"},"canonical":"https:\/\/tlk.ee\/en\/Webstore\/glock-43x-a-cut-aimpoint-combo-coa\/","og_locale":"en_US","og_type":"article","og_title":"Glock 43x A-CUT Aimpoint Combo COA - Taktikalise Laskmise Keskus","og_description":"J\u00f5ustruktuuride liikmetele, t\u00f6\u00f6tajatele (PPA, Kaitsev\u00e4gi, Kaitseliit ja P\u00e4\u00e4steamet) ja relvaloakoolituse osalejatele kehtib 15% soodustus tavahinnast.  !!!V\u00f5imalik ka tellida Tartu esindusse!!!","og_url":"https:\/\/tlk.ee\/en\/Webstore\/glock-43x-a-cut-aimpoint-combo-coa\/","og_site_name":"Taktikalise Laskmise Keskus","article_publisher":"https:\/\/www.facebook.com\/Taktikaliselaskmisekeskus","article_modified_time":"2025-06-28T12:09:06+00:00","og_image":[{"width":1200,"height":902,"url":"https:\/\/tlk.ee\/wp-content\/uploads\/2025\/03\/Glock-43x-A-cut-Combo-aimpoint-COA.jpg","type":"image\/jpeg"}],"twitter_card":"summary_large_image","twitter_misc":{"Est. reading time":"3 minutes"},"schema":{"@context":"https:\/\/schema.org","@graph":[{"@type":"WebPage","@id":"https:\/\/tlk.ee\/en\/Webstore\/glock-43x-a-cut-aimpoint-combo-coa\/","url":"https:\/\/tlk.ee\/en\/Webstore\/glock-43x-a-cut-aimpoint-combo-coa\/","name":"Glock 43x A-CUT Aimpoint Combo COA - Taktikalise Laskmise Keskus","isPartOf":{"@id":"https:\/\/tlk.ee\/en\/#website"},"primaryImageOfPage":{"@id":"https:\/\/tlk.ee\/en\/Webstore\/glock-43x-a-cut-aimpoint-combo-coa\/#primaryimage"},"image":{"@id":"https:\/\/tlk.ee\/en\/Webstore\/glock-43x-a-cut-aimpoint-combo-coa\/#primaryimage"},"thumbnailUrl":"https:\/\/tlk.ee\/wp-content\/uploads\/2025\/03\/Glock-43x-A-cut-Combo-aimpoint-COA.jpg","datePublished":"2025-03-27T15:38:52+00:00","dateModified":"2025-06-28T12:09:06+00:00","breadcrumb":{"@id":"https:\/\/tlk.ee\/en\/Webstore\/glock-43x-a-cut-aimpoint-combo-coa\/#breadcrumb"},"inLanguage":"en-US","potentialAction":[{"@type":"ReadAction","target":["https:\/\/tlk.ee\/en\/Webstore\/glock-43x-a-cut-aimpoint-combo-coa\/"]}]},{"@type":"ImageObject","inLanguage":"en-US","@id":"https:\/\/tlk.ee\/en\/Webstore\/glock-43x-a-cut-aimpoint-combo-coa\/#primaryimage","url":"https:\/\/tlk.ee\/wp-content\/uploads\/2025\/03\/Glock-43x-A-cut-Combo-aimpoint-COA.jpg","contentUrl":"https:\/\/tlk.ee\/wp-content\/uploads\/2025\/03\/Glock-43x-A-cut-Combo-aimpoint-COA.jpg","width":1200,"height":902},{"@type":"BreadcrumbList","@id":"https:\/\/tlk.ee\/en\/Webstore\/glock-43x-a-cut-aimpoint-combo-coa\/#breadcrumb","itemListElement":[{"@type":"ListItem","position":1,"name":"Home","item":"https:\/\/tlk.ee\/en\/"},{"@type":"ListItem","position":2,"name":"E-shop","item":"https:\/\/tlk.ee\/e-pood\/"},{"@type":"ListItem","position":3,"name":"Glock 43x A-CUT Aimpoint Combo COA"}]},{"@type":"WebSite","@id":"https:\/\/tlk.ee\/en\/#website","url":"https:\/\/tlk.ee\/en\/","name":"Taktikalise Laskmise Keskus","description":"Parima varustusega lasketiir Euroopas","publisher":{"@id":"https:\/\/tlk.ee\/en\/#organization"},"alternateName":"TLK - lasketiir","potentialAction":[{"@type":"SearchAction","target":{"@type":"EntryPoint","urlTemplate":"https:\/\/tlk.ee\/en\/?s={search_term_string}"},"query-input":{"@type":"PropertyValueSpecification","valueRequired":true,"valueName":"search_term_string"}}],"inLanguage":"en-US"},{"@type":"Organization","@id":"https:\/\/tlk.ee\/en\/#organization","name":"Taktikalise Laskmise Keskus","url":"https:\/\/tlk.ee\/en\/","logo":{"@type":"ImageObject","inLanguage":"en-US","@id":"https:\/\/tlk.ee\/en\/#\/schema\/logo\/image\/","url":"https:\/\/tlk.ee\/wp-content\/uploads\/2024\/08\/logo-wide-TLK-EE.png","contentUrl":"https:\/\/tlk.ee\/wp-content\/uploads\/2024\/08\/logo-wide-TLK-EE.png","width":800,"height":400,"caption":"Taktikalise Laskmise Keskus"},"image":{"@id":"https:\/\/tlk.ee\/en\/#\/schema\/logo\/image\/"},"sameAs":["https:\/\/www.facebook.com\/Taktikaliselaskmisekeskus"]}]}},"_links":{"self":[{"href":"https:\/\/tlk.ee\/en\/wp-json\/wp\/v2\/product\/32367","targetHints":{"allow":["GET"]}}],"collection":[{"href":"https:\/\/tlk.ee\/en\/wp-json\/wp\/v2\/product"}],"about":[{"href":"https:\/\/tlk.ee\/en\/wp-json\/wp\/v2\/types\/product"}],"replies":[{"embeddable":true,"href":"https:\/\/tlk.ee\/en\/wp-json\/wp\/v2\/comments?post=32367"}],"wp:featuredmedia":[{"embeddable":true,"href":"https:\/\/tlk.ee\/en\/wp-json\/wp\/v2\/media\/32374"}],"wp:attachment":[{"href":"https:\/\/tlk.ee\/en\/wp-json\/wp\/v2\/media?parent=32367"}],"wp:term":[{"taxonomy":"product_brand","embeddable":true,"href":"https:\/\/tlk.ee\/en\/wp-json\/wp\/v2\/product_brand?post=32367"},{"taxonomy":"product_cat","embeddable":true,"href":"https:\/\/tlk.ee\/en\/wp-json\/wp\/v2\/product_cat?post=32367"},{"taxonomy":"product_tag","embeddable":true,"href":"https:\/\/tlk.ee\/en\/wp-json\/wp\/v2\/product_tag?post=32367"}],"curies":[{"name":"wp","href":"https:\/\/api.w.org\/{rel}","templated":true}]}}