{"id":27950,"date":"2024-07-26T08:50:16","date_gmt":"2024-07-26T08:50:16","guid":{"rendered":"https:\/\/tlk.ee\/?post_type=product&#038;p=27950"},"modified":"2026-02-04T09:17:47","modified_gmt":"2026-02-04T09:17:47","slug":"g-code-universal-kabuur-small-medium-frame","status":"publish","type":"product","link":"https:\/\/tlk.ee\/en\/webstore\/g-code-universal-kabuur-small-medium-frame\/","title":{"rendered":"G-Code Glocki kabuur Small-Medium Frame"},"content":{"rendered":"<p>Plastikust universaalne kabuur. V\u00f5ib kasutada parema, vasaku, sise ja v\u00e4likabuuriks.<\/p>\n<p>Sobib h\u00e4sti MOS versioonile.<\/p>\n<p><strong>Sobivus:<\/strong><\/p>\n<p><strong>Glock<\/strong>\u00a0<strong>17,\u00a0<\/strong><strong>Glock<\/strong>\u00a0<strong>17L<\/strong>,\u00a0<strong>Glock<\/strong>\u00a0<strong>19<\/strong>,\u00a0<strong>Glock 19x,Glock 22, Glock 23, Glock 24, Glock 26, Glock 27, Glock 31, Glock 32, Glock 33, Glock 34, Glock 35, Glock 37, Glock 38, Glock 39, Glock 41, Glock 42, Glock 43, Glock 43x, Glock 44, Glock 45, Glock 47, Glock 48.<\/strong><\/p>\n<p><strong>Sig Sauer P365, Sig Sauer P365X, Sig Sauer P365 XL, Sig Sauer X-Macro, Sig Sauer 1911 Tacops, Sig Sauer 1911 Ultra, Sig Sauer 1911 Carry.<\/strong><\/p>\n","protected":false},"excerpt":{"rendered":"<p>Plastikust universaalne kabuur. V\u00f5ib kasutada parema, vasaku, sise ja v\u00e4likabuuriks. Sobib h\u00e4sti MOS versioonile. Sobivus: Glock\u00a017,\u00a0Glock\u00a017L,\u00a0Glock\u00a019,\u00a0Glock 19x,Glock 22, Glock 23, Glock 24, Glock 26, Glock 27, Glock 31, Glock 32, Glock 33, Glock 34, Glock 35, Glock 37, Glock 38, Glock 39, Glock 41, Glock 42, Glock 43, Glock 43x, [&hellip;]<\/p>\n","protected":false},"featured_media":27960,"comment_status":"open","ping_status":"closed","template":"","meta":[],"product_brand":[],"product_cat":[26],"product_tag":[],"class_list":{"0":"post-27950","1":"product","2":"type-product","3":"status-publish","4":"has-post-thumbnail","6":"product_cat-kabuurid","7":"pa_mudel-glock-le","8":"pa_tootja-g-code","10":"first","11":"outofstock","12":"taxable","13":"shipping-taxable","14":"purchasable","15":"product-type-simple"},"yoast_head":"<!-- This site is optimized with the Yoast SEO plugin v27.4 - https:\/\/yoast.com\/product\/yoast-seo-wordpress\/ -->\n<title>G-Code Glocki kabuur Small-Medium Frame - Taktikalise Laskmise Keskus<\/title>\n<meta name=\"robots\" content=\"index, follow, max-snippet:-1, max-image-preview:large, max-video-preview:-1\" \/>\n<link rel=\"canonical\" href=\"https:\/\/tlk.ee\/en\/webstore\/g-code-universal-kabuur-small-medium-frame\/\" \/>\n<meta property=\"og:locale\" content=\"en_US\" \/>\n<meta property=\"og:type\" content=\"article\" \/>\n<meta property=\"og:title\" content=\"G-Code Glocki kabuur Small-Medium Frame - Taktikalise Laskmise Keskus\" \/>\n<meta property=\"og:description\" content=\"Plastikust universaalne kabuur. V\u00f5ib kasutada parema, vasaku, sise ja v\u00e4likabuuriks. Sobib h\u00e4sti MOS versioonile. Sobivus: Glock\u00a017,\u00a0Glock\u00a017L,\u00a0Glock\u00a019,\u00a0Glock 19x,Glock 22, Glock 23, Glock 24, Glock 26, Glock 27, Glock 31, Glock 32, Glock 33, Glock 34, Glock 35, Glock 37, Glock 38, Glock 39, Glock 41, Glock 42, Glock 43, Glock 43x, [&hellip;]\" \/>\n<meta property=\"og:url\" content=\"https:\/\/tlk.ee\/en\/webstore\/g-code-universal-kabuur-small-medium-frame\/\" \/>\n<meta property=\"og:site_name\" content=\"Taktikalise Laskmise Keskus\" \/>\n<meta property=\"article:publisher\" content=\"https:\/\/www.facebook.com\/Taktikaliselaskmisekeskus\" \/>\n<meta property=\"article:modified_time\" content=\"2026-02-04T09:17:47+00:00\" \/>\n<meta property=\"og:image\" content=\"https:\/\/tlk.ee\/wp-content\/uploads\/2024\/07\/MAIN-PARDIGM.png\" \/>\n\t<meta property=\"og:image:width\" content=\"2585\" \/>\n\t<meta property=\"og:image:height\" content=\"2400\" \/>\n\t<meta property=\"og:image:type\" content=\"image\/png\" \/>\n<meta name=\"twitter:card\" content=\"summary_large_image\" \/>\n<meta name=\"twitter:label1\" content=\"Est. reading time\" \/>\n\t<meta name=\"twitter:data1\" content=\"1 minute\" \/>\n<script type=\"application\/ld+json\" class=\"yoast-schema-graph\">{\"@context\":\"https:\\\/\\\/schema.org\",\"@graph\":[{\"@type\":\"WebPage\",\"@id\":\"https:\\\/\\\/tlk.ee\\\/en\\\/webstore\\\/g-code-universal-kabuur-small-medium-frame\\\/\",\"url\":\"https:\\\/\\\/tlk.ee\\\/en\\\/webstore\\\/g-code-universal-kabuur-small-medium-frame\\\/\",\"name\":\"G-Code Glocki kabuur Small-Medium Frame - Taktikalise Laskmise Keskus\",\"isPartOf\":{\"@id\":\"https:\\\/\\\/tlk.ee\\\/en\\\/#website\"},\"primaryImageOfPage\":{\"@id\":\"https:\\\/\\\/tlk.ee\\\/en\\\/webstore\\\/g-code-universal-kabuur-small-medium-frame\\\/#primaryimage\"},\"image\":{\"@id\":\"https:\\\/\\\/tlk.ee\\\/en\\\/webstore\\\/g-code-universal-kabuur-small-medium-frame\\\/#primaryimage\"},\"thumbnailUrl\":\"https:\\\/\\\/tlk.ee\\\/wp-content\\\/uploads\\\/2024\\\/07\\\/MAIN-PARDIGM.png\",\"datePublished\":\"2024-07-26T08:50:16+00:00\",\"dateModified\":\"2026-02-04T09:17:47+00:00\",\"breadcrumb\":{\"@id\":\"https:\\\/\\\/tlk.ee\\\/en\\\/webstore\\\/g-code-universal-kabuur-small-medium-frame\\\/#breadcrumb\"},\"inLanguage\":\"en-US\",\"potentialAction\":[{\"@type\":\"ReadAction\",\"target\":[\"https:\\\/\\\/tlk.ee\\\/en\\\/webstore\\\/g-code-universal-kabuur-small-medium-frame\\\/\"]}]},{\"@type\":\"ImageObject\",\"inLanguage\":\"en-US\",\"@id\":\"https:\\\/\\\/tlk.ee\\\/en\\\/webstore\\\/g-code-universal-kabuur-small-medium-frame\\\/#primaryimage\",\"url\":\"https:\\\/\\\/tlk.ee\\\/wp-content\\\/uploads\\\/2024\\\/07\\\/MAIN-PARDIGM.png\",\"contentUrl\":\"https:\\\/\\\/tlk.ee\\\/wp-content\\\/uploads\\\/2024\\\/07\\\/MAIN-PARDIGM.png\",\"width\":2585,\"height\":2400},{\"@type\":\"BreadcrumbList\",\"@id\":\"https:\\\/\\\/tlk.ee\\\/en\\\/webstore\\\/g-code-universal-kabuur-small-medium-frame\\\/#breadcrumb\",\"itemListElement\":[{\"@type\":\"ListItem\",\"position\":1,\"name\":\"Home\",\"item\":\"https:\\\/\\\/tlk.ee\\\/en\\\/\"},{\"@type\":\"ListItem\",\"position\":2,\"name\":\"E-shop\",\"item\":\"https:\\\/\\\/tlk.ee\\\/e-pood\\\/\"},{\"@type\":\"ListItem\",\"position\":3,\"name\":\"G-Code Glocki kabuur Small-Medium Frame\"}]},{\"@type\":\"WebSite\",\"@id\":\"https:\\\/\\\/tlk.ee\\\/en\\\/#website\",\"url\":\"https:\\\/\\\/tlk.ee\\\/en\\\/\",\"name\":\"Taktikalise Laskmise Keskus\",\"description\":\"Parima varustusega lasketiir Euroopas\",\"publisher\":{\"@id\":\"https:\\\/\\\/tlk.ee\\\/en\\\/#organization\"},\"alternateName\":\"TLK - lasketiir\",\"potentialAction\":[{\"@type\":\"SearchAction\",\"target\":{\"@type\":\"EntryPoint\",\"urlTemplate\":\"https:\\\/\\\/tlk.ee\\\/en\\\/?s={search_term_string}\"},\"query-input\":{\"@type\":\"PropertyValueSpecification\",\"valueRequired\":true,\"valueName\":\"search_term_string\"}}],\"inLanguage\":\"en-US\"},{\"@type\":\"Organization\",\"@id\":\"https:\\\/\\\/tlk.ee\\\/en\\\/#organization\",\"name\":\"Taktikalise Laskmise Keskus\",\"url\":\"https:\\\/\\\/tlk.ee\\\/en\\\/\",\"logo\":{\"@type\":\"ImageObject\",\"inLanguage\":\"en-US\",\"@id\":\"https:\\\/\\\/tlk.ee\\\/en\\\/#\\\/schema\\\/logo\\\/image\\\/\",\"url\":\"https:\\\/\\\/tlk.ee\\\/wp-content\\\/uploads\\\/2024\\\/08\\\/logo-wide-TLK-EE.png\",\"contentUrl\":\"https:\\\/\\\/tlk.ee\\\/wp-content\\\/uploads\\\/2024\\\/08\\\/logo-wide-TLK-EE.png\",\"width\":800,\"height\":400,\"caption\":\"Taktikalise Laskmise Keskus\"},\"image\":{\"@id\":\"https:\\\/\\\/tlk.ee\\\/en\\\/#\\\/schema\\\/logo\\\/image\\\/\"},\"sameAs\":[\"https:\\\/\\\/www.facebook.com\\\/Taktikaliselaskmisekeskus\"]}]}<\/script>\n<!-- \/ Yoast SEO plugin. -->","yoast_head_json":{"title":"G-Code Glocki kabuur Small-Medium Frame - Taktikalise Laskmise Keskus","robots":{"index":"index","follow":"follow","max-snippet":"max-snippet:-1","max-image-preview":"max-image-preview:large","max-video-preview":"max-video-preview:-1"},"canonical":"https:\/\/tlk.ee\/en\/webstore\/g-code-universal-kabuur-small-medium-frame\/","og_locale":"en_US","og_type":"article","og_title":"G-Code Glocki kabuur Small-Medium Frame - Taktikalise Laskmise Keskus","og_description":"Plastikust universaalne kabuur. V\u00f5ib kasutada parema, vasaku, sise ja v\u00e4likabuuriks. Sobib h\u00e4sti MOS versioonile. Sobivus: Glock\u00a017,\u00a0Glock\u00a017L,\u00a0Glock\u00a019,\u00a0Glock 19x,Glock 22, Glock 23, Glock 24, Glock 26, Glock 27, Glock 31, Glock 32, Glock 33, Glock 34, Glock 35, Glock 37, Glock 38, Glock 39, Glock 41, Glock 42, Glock 43, Glock 43x, [&hellip;]","og_url":"https:\/\/tlk.ee\/en\/webstore\/g-code-universal-kabuur-small-medium-frame\/","og_site_name":"Taktikalise Laskmise Keskus","article_publisher":"https:\/\/www.facebook.com\/Taktikaliselaskmisekeskus","article_modified_time":"2026-02-04T09:17:47+00:00","og_image":[{"width":2585,"height":2400,"url":"https:\/\/tlk.ee\/wp-content\/uploads\/2024\/07\/MAIN-PARDIGM.png","type":"image\/png"}],"twitter_card":"summary_large_image","twitter_misc":{"Est. reading time":"1 minute"},"schema":{"@context":"https:\/\/schema.org","@graph":[{"@type":"WebPage","@id":"https:\/\/tlk.ee\/en\/webstore\/g-code-universal-kabuur-small-medium-frame\/","url":"https:\/\/tlk.ee\/en\/webstore\/g-code-universal-kabuur-small-medium-frame\/","name":"G-Code Glocki kabuur Small-Medium Frame - Taktikalise Laskmise Keskus","isPartOf":{"@id":"https:\/\/tlk.ee\/en\/#website"},"primaryImageOfPage":{"@id":"https:\/\/tlk.ee\/en\/webstore\/g-code-universal-kabuur-small-medium-frame\/#primaryimage"},"image":{"@id":"https:\/\/tlk.ee\/en\/webstore\/g-code-universal-kabuur-small-medium-frame\/#primaryimage"},"thumbnailUrl":"https:\/\/tlk.ee\/wp-content\/uploads\/2024\/07\/MAIN-PARDIGM.png","datePublished":"2024-07-26T08:50:16+00:00","dateModified":"2026-02-04T09:17:47+00:00","breadcrumb":{"@id":"https:\/\/tlk.ee\/en\/webstore\/g-code-universal-kabuur-small-medium-frame\/#breadcrumb"},"inLanguage":"en-US","potentialAction":[{"@type":"ReadAction","target":["https:\/\/tlk.ee\/en\/webstore\/g-code-universal-kabuur-small-medium-frame\/"]}]},{"@type":"ImageObject","inLanguage":"en-US","@id":"https:\/\/tlk.ee\/en\/webstore\/g-code-universal-kabuur-small-medium-frame\/#primaryimage","url":"https:\/\/tlk.ee\/wp-content\/uploads\/2024\/07\/MAIN-PARDIGM.png","contentUrl":"https:\/\/tlk.ee\/wp-content\/uploads\/2024\/07\/MAIN-PARDIGM.png","width":2585,"height":2400},{"@type":"BreadcrumbList","@id":"https:\/\/tlk.ee\/en\/webstore\/g-code-universal-kabuur-small-medium-frame\/#breadcrumb","itemListElement":[{"@type":"ListItem","position":1,"name":"Home","item":"https:\/\/tlk.ee\/en\/"},{"@type":"ListItem","position":2,"name":"E-shop","item":"https:\/\/tlk.ee\/e-pood\/"},{"@type":"ListItem","position":3,"name":"G-Code Glocki kabuur Small-Medium Frame"}]},{"@type":"WebSite","@id":"https:\/\/tlk.ee\/en\/#website","url":"https:\/\/tlk.ee\/en\/","name":"Taktikalise Laskmise Keskus","description":"Parima varustusega lasketiir Euroopas","publisher":{"@id":"https:\/\/tlk.ee\/en\/#organization"},"alternateName":"TLK - lasketiir","potentialAction":[{"@type":"SearchAction","target":{"@type":"EntryPoint","urlTemplate":"https:\/\/tlk.ee\/en\/?s={search_term_string}"},"query-input":{"@type":"PropertyValueSpecification","valueRequired":true,"valueName":"search_term_string"}}],"inLanguage":"en-US"},{"@type":"Organization","@id":"https:\/\/tlk.ee\/en\/#organization","name":"Taktikalise Laskmise Keskus","url":"https:\/\/tlk.ee\/en\/","logo":{"@type":"ImageObject","inLanguage":"en-US","@id":"https:\/\/tlk.ee\/en\/#\/schema\/logo\/image\/","url":"https:\/\/tlk.ee\/wp-content\/uploads\/2024\/08\/logo-wide-TLK-EE.png","contentUrl":"https:\/\/tlk.ee\/wp-content\/uploads\/2024\/08\/logo-wide-TLK-EE.png","width":800,"height":400,"caption":"Taktikalise Laskmise Keskus"},"image":{"@id":"https:\/\/tlk.ee\/en\/#\/schema\/logo\/image\/"},"sameAs":["https:\/\/www.facebook.com\/Taktikaliselaskmisekeskus"]}]}},"_links":{"self":[{"href":"https:\/\/tlk.ee\/en\/wp-json\/wp\/v2\/product\/27950","targetHints":{"allow":["GET"]}}],"collection":[{"href":"https:\/\/tlk.ee\/en\/wp-json\/wp\/v2\/product"}],"about":[{"href":"https:\/\/tlk.ee\/en\/wp-json\/wp\/v2\/types\/product"}],"replies":[{"embeddable":true,"href":"https:\/\/tlk.ee\/en\/wp-json\/wp\/v2\/comments?post=27950"}],"wp:featuredmedia":[{"embeddable":true,"href":"https:\/\/tlk.ee\/en\/wp-json\/wp\/v2\/media\/27960"}],"wp:attachment":[{"href":"https:\/\/tlk.ee\/en\/wp-json\/wp\/v2\/media?parent=27950"}],"wp:term":[{"taxonomy":"product_brand","embeddable":true,"href":"https:\/\/tlk.ee\/en\/wp-json\/wp\/v2\/product_brand?post=27950"},{"taxonomy":"product_cat","embeddable":true,"href":"https:\/\/tlk.ee\/en\/wp-json\/wp\/v2\/product_cat?post=27950"},{"taxonomy":"product_tag","embeddable":true,"href":"https:\/\/tlk.ee\/en\/wp-json\/wp\/v2\/product_tag?post=27950"}],"curies":[{"name":"wp","href":"https:\/\/api.w.org\/{rel}","templated":true}]}}